{"id":33361,"date":"2023-12-21T11:26:38","date_gmt":"2023-12-21T10:26:38","guid":{"rendered":"https:\/\/www.mkw-laser.de\/?post_type=product&#038;p=33361"},"modified":"2026-01-11T01:53:33","modified_gmt":"2026-01-11T00:53:33","slug":"ohrakupunktur-fuer-hunde-und-pferde","status":"publish","type":"product","link":"https:\/\/www.mkw-laser.de\/en\/produkt\/ohrakupunktur-fuer-hunde-und-pferde","title":{"rendered":"Ohrakupunktur f\u00fcr Hunde und Pferde"},"content":{"rendered":"<h3 class=\"product-page\">Buch:<\/h3>\n<h3 class=\"product-page\">Ohrakupunktur f\u00fcr Hunde und Pferde<\/h3>\n<div class=\"product-wrap row\">\n<div class=\"product-info col-sm-8 col-md-7 col-md-offset-1\">\n<div class=\"product-tabs row\">\n<div class=\"tabsPages\">\n<div class=\"page info active\">\n<p class=\"p1\"><strong>Die veterin\u00e4re Aurikulotherapie auf Grundlage der transponierten originalen Kartografien von Paul Nogier.<\/strong><\/p>\n<p><strong>Autoren: Claudia Loyall, Anja F\u00fcchtenbusch<\/strong><\/p>\n<p><strong>Verlag: f\u00fcchtenbusch publishung and education<\/strong><\/p>\n<\/div>\n<p class=\"p1\">Aurikulotherapie f\u00fcr Hunde und Pferde<\/p>\n<p class=\"p1\">Nicht nur beim Menschen, sondern auch beim Hund und beim Pferd kann man mit der Ohrakupunktur therapeutisch viel erreichen. Das Ohr ist ein Fraktal des K\u00f6rpers, in dem sich dieser abbildet. Die echte Ohrakupunktur ist die Aurikulotherapie. Sie ist ein eigenst\u00e4ndiger, origin\u00e4rer Therapieansatz und leitet sich nicht von der traditionellen chinesischen Akupunktur ab. Therapeuten k\u00f6nnen die Aurikulotherapie als alleinigen therapeutischen Ansatznutzen oder Augmentation zu anderen Verfahren. Die Aurikulotherapie vertr\u00e4gt sich z.B. sehr gut mit der K\u00f6rperakupunktur, der Photobiomodulations-Therapie, der Osteopathie und auch mit vielen traditionellen veterin\u00e4rtherapeutischen Methoden.<\/p>\n<p class=\"p1\">Wir haben in diesem Buch die wichtigsten Lokalisationen der humanen Aurikulotherapie auf das Hundeohr und das Pferdeohr \u00fcbertragen:<\/p>\n<ul>\n<li class=\"p1\">Strukturen des Bewegungsapparates, die inneren Organe, das Hormonsystem und das Nervensystem<\/li>\n<li class=\"p1\">\u00dcbergeordnete Zonen und Punkte zur systemischen Beeinflussung<\/li>\n<li class=\"p1\">Ohrgelder und ihre Meisterpunkte<\/li>\n<\/ul>\n<p>Dazu beschreiben wir die diagnostischen und therapeutischen Techniken, die uns in der Aurikulotherapie beim Ohr des Hundes und des Pferdes zur Verf\u00fcgung stehen.<\/p>\n<p><a href=\"http:\/\/www.mkw-laser.de\/wp-content\/uploads\/2023\/12\/PREVIEW-Ohrakupunktur-Hunde-und-Pferde.pdf\">Leseprobe, Inhaltsverzeichnis<\/a><\/p>\n<p>132 Seiten, 170 x 240 mm, Softcover<\/p>\n<p>&nbsp;<\/p>\n<\/div>\n<\/div>\n<h3><\/h3>\n<h3 class=\"product-page\">Pocket Guide:<\/h3>\n<h3 class=\"product-page\">Ohrakupunktur f\u00fcr Hunde und Pferde<\/h3>\n<div class=\"product-wrap row\">\n<div class=\"product-info col-sm-8 col-md-7 col-md-offset-1\">\n<div class=\"product-tabs row\">\n<div class=\"tabsPages\">\n<div class=\"page info active\">\n<p class=\"p1\"><strong>Die veterin\u00e4re Aurikulotherapie auf Grundlage der transponierten originalen Kartografien von Paul Nogier.<\/strong><\/p>\n<p><strong>Autoren: Claudia Loyall, Anja F\u00fcchtenbusch<\/strong><\/p>\n<p><strong>Verlag: f\u00fcchtenbusch publishung and education<\/strong><\/p>\n<\/div>\n<p class=\"p1\">Aurikulotherapie f\u00fcr Hunde und Pferde<\/p>\n<p class=\"p1\">Dieser Taschenatlas erg\u00e4nzt unser Buch OHRAKUPUNKTUR F\u00dcR HUNDE UND PFERDE (Claudia Loyall, Anja F\u00fcchtenbusch) und soll der einfachen Orientierung zur Anwendung der Ohrakupunktur am Tier dienen. Die Karten der Ohrakupunktur f\u00fcr Hunde und Pferde im Pocketformat sind so gegliedert, dass Sie auf der linken Seite immer das jeweilige Somatotop des linken Ohrs und auf der rechten Seite das des rechten Ohrs finden. Durch die Spiralbindung m\u00fcssen Sie kein Buch aufschlagen und fixieren, sondern haben die gew\u00fcnschte Orientierungskarte als Einzelkarte oben auf liegen. Das erleichtert die Punktdetektion und Therapie am Tierohr.<\/p>\n<p><a href=\"http:\/\/www.mkw-laser.de\/wp-content\/uploads\/2023\/12\/PREVIEW-Ohrakupunktur-Hunde-und-Pferde-Pocket-Guide.pdf\">Leseprobe, Inhaltsverzeichnis<\/a><\/p>\n<div class=\"page\" title=\"Page 1\">\n<div class=\"layoutArea\">\n<div class=\"column\">\n<p>60 Seiten, DIN A6, Spiralbindung<\/p>\n<\/div>\n<\/div>\n<\/div>\n<\/div>\n<\/div>\n<\/div>\n<\/div>\n<\/div>\n<\/div>\n","protected":false},"excerpt":{"rendered":"<p>Buch: Ohrakupunktur f\u00fcr Hunde und Pferde Die veterin\u00e4re Aurikulotherapie auf Grundlage der transponierten originalen Kartografien von Paul Nogier. Autoren: Claudia Loyall, Anja F\u00fcchtenbusch Verlag: f\u00fcchtenbusch publishung and education Aurikulotherapie f\u00fcr Hunde und Pferde Nicht nur beim Menschen, sondern auch beim Hund und beim Pferd kann man mit der Ohrakupunktur therapeutisch viel erreichen. Das Ohr ist&hellip;<\/p>\n","protected":false},"featured_media":33413,"comment_status":"closed","ping_status":"closed","template":"","meta":{"_links_to":"","_links_to_target":""},"product_brand":[],"product_cat":[58,60],"product_tag":[],"class_list":{"0":"post-33361","1":"product","2":"type-product","3":"status-publish","4":"has-post-thumbnail","6":"product_cat-textbooks","7":"product_cat-veterinary-medcine-lasers","8":"description-off","10":"first","11":"instock","12":"taxable","13":"shipping-taxable","14":"purchasable","15":"product-type-simple"},"_links":{"self":[{"href":"https:\/\/www.mkw-laser.de\/en\/wp-json\/wp\/v2\/product\/33361","targetHints":{"allow":["GET"]}}],"collection":[{"href":"https:\/\/www.mkw-laser.de\/en\/wp-json\/wp\/v2\/product"}],"about":[{"href":"https:\/\/www.mkw-laser.de\/en\/wp-json\/wp\/v2\/types\/product"}],"replies":[{"embeddable":true,"href":"https:\/\/www.mkw-laser.de\/en\/wp-json\/wp\/v2\/comments?post=33361"}],"wp:featuredmedia":[{"embeddable":true,"href":"https:\/\/www.mkw-laser.de\/en\/wp-json\/wp\/v2\/media\/33413"}],"wp:attachment":[{"href":"https:\/\/www.mkw-laser.de\/en\/wp-json\/wp\/v2\/media?parent=33361"}],"wp:term":[{"taxonomy":"product_brand","embeddable":true,"href":"https:\/\/www.mkw-laser.de\/en\/wp-json\/wp\/v2\/product_brand?post=33361"},{"taxonomy":"product_cat","embeddable":true,"href":"https:\/\/www.mkw-laser.de\/en\/wp-json\/wp\/v2\/product_cat?post=33361"},{"taxonomy":"product_tag","embeddable":true,"href":"https:\/\/www.mkw-laser.de\/en\/wp-json\/wp\/v2\/product_tag?post=33361"}],"curies":[{"name":"wp","href":"https:\/\/api.w.org\/{rel}","templated":true}]}}