{"id":6521,"date":"2018-05-09T16:00:47","date_gmt":"2018-05-09T14:00:47","guid":{"rendered":"http:\/\/www.mkw-laser.de\/product\/laserfield-therapy\/"},"modified":"2026-01-11T01:53:35","modified_gmt":"2026-01-11T00:53:35","slug":"laser-feld-therapie","status":"publish","type":"product","link":"https:\/\/www.mkw-laser.de\/en\/produkt\/laser-feld-therapie","title":{"rendered":"Laser Feld Therapie"},"content":{"rendered":"<h3 class=\"product-page\">Pioniertechnik der Laser-Photo-Therapie mit der neuen Generation an Resonanzfrequenzen<\/h3>\n<p class=\"bodytext\">Die Autoren und COLL-Vorstandsmitglieder <strong>Volkmar Kreisel<\/strong> (Humanmedizin),\u00a0<strong>Anja F\u00fcchtenbusch<\/strong> (Diplombiologin) und <strong>Peter Rosin<\/strong> (Veterin\u00e4rmedizin) haben f\u00fcr Sie die neuen Resonanzfrequenzen in ihrem Buch &#8220;<em>Laser Feld Therapie<\/em>&#8221;\u00a0erkl\u00e4rt. Es gibt Hintergrundinformationen zu Geschichte und Entwicklung und nat\u00fcrlich auch eine Erkl\u00e4rung der verwendeten Begriffe. Die Laser-Feld-Therapie arbeitet mit einer vollkommen neuen Generation nat\u00fcrlicher Resonanzfrequenzen und eigenen Anwendungstechniken. Es werden die verschiedenen Sweeps und die neuen Frequenzb\u00e4nder erkl\u00e4rt. Techniken der Diagnose und der Therapie finden ebenso ihren Platz in den Erl\u00e4uterungen wie die Einstellung und Dosierung des Lasers und diverse Tipps von den langj\u00e4hrigen Fachleuten.<\/p>\n<p>&nbsp;<\/p>\n<p class=\"bodytext\"><b>Ein Auszug aus dem Inhaltsverzeichnis:<\/b><\/p>\n<p class=\"bodytext\"><b>Hintergrund:<\/b>\u00a0Ansatz, Energie &amp; Information, Quantenbiologie, nat\u00fcrliche Resonanzen, M\u00f6glichkeiten und Chancen der LFT<\/p>\n<p class=\"bodytext\"><b>Resonanzprofile:<\/b>\u00a0Universale Sweeps, Brainwaves, Solfeggio-Frequenzen, Cranio-Sakraler Puls, ontogenetischen Frequenzen (Nogier), Organfrequenzen<\/p>\n<p class=\"bodytext\"><b>Anwendung:<\/b>\u00a0Laser, Einstellungen und Dosierung, Techniken der Diagnose, Techniken der Therapie, Hinweise und Tipps, Kurzprotokolle und B\u00e4nder<\/p>\n<p class=\"bodytext\"><b>Complements:<\/b>\u00a0(Frequenzkreis\/\u00dcbersicht, B\u00e4nder, Studie zum Alpha-Sweep, richtig dosieren, Kontraindikationen und Nebenwirkungen, Arbeits- und Patientenschutz, Laserglossar, Research Team, Literaturhinweise, Lieferanten-Auswahl zu Low Level Laser Systemen)<\/p>\n<p>&nbsp;<\/p>\n<p>&nbsp;<\/p>\n<p class=\"bodytext\"><strong>Die Autoren:<\/strong> Die Autoren leiten gemeinsam das COLLL (College of Laser Photo Therapy)<\/p>\n<div class=\"product-actions row\">\n<p class=\"bodytext\"><b>Anja F\u00fcchtenbusch<\/b><\/p>\n<ul>\n<li>Dipl. Biologin, Postgraduate in Photobiologie, Spezialistin f\u00fcr Photobiologie, Lasermedizin, Laserakupunktur und Laser-Feld-Therapie<\/li>\n<li>Inhaberin F\u00fcchtenbusch Verlag f\u00fcr Photobiologie und Lasermedizin<\/li>\n<li>Vorstandsmitglied des COLLL<\/li>\n<li>Mitglied der WALT (World Association for Laser Therapy)<\/li>\n<li>Viele Ver\u00f6ffentlichungen zum Thema Laser-Photo-Therapie in der Human- und Veterin\u00e4rmedizin<\/li>\n<li>Dozentin f\u00fcr Laser Photo-Therapie in der Human- und Veterin\u00e4rmedizin<\/li>\n<li>Leiterin des COLLL-Forschungsteams f\u00fcr Laser-Photo-Therapie<\/li>\n<\/ul>\n<p>&nbsp;<\/p>\n<p class=\"bodytext\"><b>Volkmar Kreisel<\/b><\/p>\n<ul>\n<li>Leitender Arzt der Praxis f\u00fcr Integrative Medizin (Facharzt f\u00fcr An\u00e4sthesiologie, Zusatzbezeichnung Akupunktur)<\/li>\n<li>Gesch\u00e4ftsf\u00fchrer und Leiter der LZS \u00c4sthetik GmbH &amp; Co.KG (Laserzentrum Stuttgart)<\/li>\n<li>Vizepr\u00e4sident der ISLA (International Society for Medical Laser Applications)<\/li>\n<li>Vorstandsmitglied des COLLL<\/li>\n<li>Wissenschaftlicher Beirat und Ausbildungsbevollm\u00e4chtigter Grade IV bei INAURIS (Internationales Netzwerk f\u00fcr kontrollierte Implantat-Akupunktur)<\/li>\n<li>Dozent an der Donau-Universit\u00e4t Krems, \u00d6sterreich<\/li>\n<li>Vorstandsmitglied der ASLAT (American Society for Laser Acupuncture Therapy)<\/li>\n<\/ul>\n<p>&nbsp;<\/p>\n<p class=\"bodytext\"><b>Peter Rosin<\/b><\/p>\n<ul>\n<li>Tierarzt und Heilpraktiker seit 1990 mit Spezialisierung in Lasertherapie (inkl. Laser-Feld-Therapie und Laserakupunktur), Goldakupunktur, bildgebender Diagnostik u. a. m.<\/li>\n<li>Gesch\u00e4ftsf\u00fchrer Rosin Tiergesundheit mit verschiedenen Spezialpraxen (Standorte u. a. Berlin Charlottenburg, Falkensee und K\u00f6ln)<\/li>\n<li>Vorstandsmitglied des COLLL<\/li>\n<li>Dozent f\u00fcr Lasertherapie, Veterin\u00e4r-Akupunktur, bildgebende Diagnostik (DVT) u. a. m.<\/li>\n<li>Ver\u00f6ffentlichungen u. a. Lasertherapie und Akupunktur beim Pferd, Lasertherapie und Akupunktur bei Hund und Katze, viele Fachartikel<\/li>\n<li>Inhaber von Rosin Medical Seminars (Vetmed Seminare)<\/li>\n<li>Kooperationen mit der University of Pennsylvania (USA), der University of Bern (SU), der University of Li\u00e8ge (BEL), der University of Gent (BEL) und der University of Leipzig (GER)<\/li>\n<\/ul>\n<div class=\"product-actions row\"><\/div>\n<\/div>\n","protected":false},"excerpt":{"rendered":"<p>Pioniertechnik der Laser-Photo-Therapie mit der neuen Generation an Resonanzfrequenzen Die Autoren und COLL-Vorstandsmitglieder Volkmar Kreisel (Humanmedizin),\u00a0Anja F\u00fcchtenbusch (Diplombiologin) und Peter Rosin (Veterin\u00e4rmedizin) haben f\u00fcr Sie die neuen Resonanzfrequenzen in ihrem Buch &#8220;Laser Feld Therapie&#8221;\u00a0erkl\u00e4rt. Es gibt Hintergrundinformationen zu Geschichte und Entwicklung und nat\u00fcrlich auch eine Erkl\u00e4rung der verwendeten Begriffe. Die Laser-Feld-Therapie arbeitet mit einer vollkommen&hellip;<\/p>\n","protected":false},"featured_media":5442,"comment_status":"closed","ping_status":"closed","template":"","meta":{"_links_to":"","_links_to_target":""},"product_brand":[],"product_cat":[58,59,60],"product_tag":[],"class_list":{"0":"post-6521","1":"product","2":"type-product","3":"status-publish","4":"has-post-thumbnail","6":"product_cat-textbooks","7":"product_cat-human-medicine-lasers","8":"product_cat-veterinary-medcine-lasers","9":"description-off","11":"first","12":"instock","13":"taxable","14":"shipping-taxable","15":"purchasable","16":"product-type-simple"},"_links":{"self":[{"href":"https:\/\/www.mkw-laser.de\/en\/wp-json\/wp\/v2\/product\/6521","targetHints":{"allow":["GET"]}}],"collection":[{"href":"https:\/\/www.mkw-laser.de\/en\/wp-json\/wp\/v2\/product"}],"about":[{"href":"https:\/\/www.mkw-laser.de\/en\/wp-json\/wp\/v2\/types\/product"}],"replies":[{"embeddable":true,"href":"https:\/\/www.mkw-laser.de\/en\/wp-json\/wp\/v2\/comments?post=6521"}],"wp:featuredmedia":[{"embeddable":true,"href":"https:\/\/www.mkw-laser.de\/en\/wp-json\/wp\/v2\/media\/5442"}],"wp:attachment":[{"href":"https:\/\/www.mkw-laser.de\/en\/wp-json\/wp\/v2\/media?parent=6521"}],"wp:term":[{"taxonomy":"product_brand","embeddable":true,"href":"https:\/\/www.mkw-laser.de\/en\/wp-json\/wp\/v2\/product_brand?post=6521"},{"taxonomy":"product_cat","embeddable":true,"href":"https:\/\/www.mkw-laser.de\/en\/wp-json\/wp\/v2\/product_cat?post=6521"},{"taxonomy":"product_tag","embeddable":true,"href":"https:\/\/www.mkw-laser.de\/en\/wp-json\/wp\/v2\/product_tag?post=6521"}],"curies":[{"name":"wp","href":"https:\/\/api.w.org\/{rel}","templated":true}]}}