{"id":6523,"date":"2018-03-23T10:41:14","date_gmt":"2018-03-23T09:41:14","guid":{"rendered":"http:\/\/www.mkw-laser.de\/product\/lasertherapy-for-humans\/"},"modified":"2026-01-11T01:53:32","modified_gmt":"2026-01-11T00:53:32","slug":"behandlungsprogramme-in-der-humanmedizin","status":"publish","type":"product","link":"https:\/\/www.mkw-laser.de\/en\/produkt\/behandlungsprogramme-in-der-humanmedizin","title":{"rendered":"Lasertherapie und Laserpunktur"},"content":{"rendered":"<h3>Behandlungsprogramme in der Humanmedizin<\/h3>\n<p><strong>von Anja F\u00fcchtenbusch und Dr. med. Wolfgang Bringmann<\/strong><\/p>\n<p><strong>Lasertherapie und Laserpunktur<\/strong> \u2013 das Anwenderhandbuch mit 200 Kurzanleitungen f\u00fcr die h\u00e4ufigsten Indikationen und mit 40 ausf\u00fchrlichen Therapieanleitungen f\u00fcr besonders wichtige Indikationen.<\/p>\n<p>&#8220;Mit diesem Buch orientieren Sie sich schnell \u00fcber das Einsatzspektrum der Low-Level-Lasertherapie (LLLT) und finden einen unkomplizierten, direkten Einstieg in die Anwendung.<\/p>\n<p>\u00dcber 200 Kurzanleitungen f\u00fcr die h\u00e4ufigsten Indikationen der Fachbereiche Traumatologie, Orthop\u00e4die, Neurologie, Innere Medizin, HNO und Dermatologie. \u00dcber 40 ausf\u00fchrliche Behandlungsanleitungen f\u00fcr wichtige Indikationen. Optionale <strong>Erg\u00e4nzungsprogramme<\/strong> zur Akupunktur, Ohrakupunktur und zur Behandlung mit Trigger- und Tender-Points u.a. Schwerpunkt <strong>Orthop\u00e4di<\/strong>e und <strong>Physiotherapie<\/strong>.<\/p>\n<p>Die Therapieanleitungen basieren auf Empfehlungen von Dr. med. habil. Wolfgang Bringmann, Autor des Fachbuches \u201eLow-Level-Lasertherapie \u2013 Licht kann heilen\u201c, auf Anwenderstudien von \u00c4rzten, Kliniken und Physiotherapeuten und auf der Auswertung neuester, in der internationalen Fachliteratur dokumentierter Forschungsergebnisse.&#8221;<\/p>\n","protected":false},"excerpt":{"rendered":"<p>Behandlungsprogramme in der Humanmedizin von Anja F\u00fcchtenbusch und Dr. med. Wolfgang Bringmann Lasertherapie und Laserpunktur \u2013 das Anwenderhandbuch mit 200 Kurzanleitungen f\u00fcr die h\u00e4ufigsten Indikationen und mit 40 ausf\u00fchrlichen Therapieanleitungen f\u00fcr besonders wichtige Indikationen. &#8220;Mit diesem Buch orientieren Sie sich schnell \u00fcber das Einsatzspektrum der Low-Level-Lasertherapie (LLLT) und finden einen unkomplizierten, direkten Einstieg in die&hellip;<\/p>\n","protected":false},"featured_media":17604,"comment_status":"closed","ping_status":"closed","template":"","meta":{"_links_to":"","_links_to_target":""},"product_brand":[],"product_cat":[58,59],"product_tag":[],"class_list":{"0":"post-6523","1":"product","2":"type-product","3":"status-publish","4":"has-post-thumbnail","6":"product_cat-textbooks","7":"product_cat-human-medicine-lasers","8":"description-off","10":"first","11":"instock","12":"taxable","13":"shipping-taxable","14":"purchasable","15":"product-type-simple"},"_links":{"self":[{"href":"https:\/\/www.mkw-laser.de\/en\/wp-json\/wp\/v2\/product\/6523","targetHints":{"allow":["GET"]}}],"collection":[{"href":"https:\/\/www.mkw-laser.de\/en\/wp-json\/wp\/v2\/product"}],"about":[{"href":"https:\/\/www.mkw-laser.de\/en\/wp-json\/wp\/v2\/types\/product"}],"replies":[{"embeddable":true,"href":"https:\/\/www.mkw-laser.de\/en\/wp-json\/wp\/v2\/comments?post=6523"}],"wp:featuredmedia":[{"embeddable":true,"href":"https:\/\/www.mkw-laser.de\/en\/wp-json\/wp\/v2\/media\/17604"}],"wp:attachment":[{"href":"https:\/\/www.mkw-laser.de\/en\/wp-json\/wp\/v2\/media?parent=6523"}],"wp:term":[{"taxonomy":"product_brand","embeddable":true,"href":"https:\/\/www.mkw-laser.de\/en\/wp-json\/wp\/v2\/product_brand?post=6523"},{"taxonomy":"product_cat","embeddable":true,"href":"https:\/\/www.mkw-laser.de\/en\/wp-json\/wp\/v2\/product_cat?post=6523"},{"taxonomy":"product_tag","embeddable":true,"href":"https:\/\/www.mkw-laser.de\/en\/wp-json\/wp\/v2\/product_tag?post=6523"}],"curies":[{"name":"wp","href":"https:\/\/api.w.org\/{rel}","templated":true}]}}