{"id":1750,"date":"2018-06-21T09:18:31","date_gmt":"2018-06-21T07:18:31","guid":{"rendered":"http:\/\/www.mkw-laser.de\/productos\/"},"modified":"2018-09-20T09:42:27","modified_gmt":"2018-09-20T07:42:27","slug":"productos","status":"publish","type":"page","link":"https:\/\/www.mkw-laser.de\/es\/productos","title":{"rendered":"Productos"},"content":{"rendered":"<div class=\"wpb-content-wrapper\"><p>[vc_row][vc_column][vc_empty_space][\/vc_column][\/vc_row][vc_row][vc_column][vc_column_text css=&#8221;.vc_custom_1523025401214{margin-bottom: 10px !important;padding-bottom: 0px !important;}&#8221;]<\/p>\n<h1 style=\"text-align: center;\">Sistemas de l\u00e1ser para la medicina Humana y Veterinaria<\/h1>\n<p>[\/vc_column_text][vc_row_inner][vc_column_inner][vc_column_text]<\/p>\n<p style=\"text-align: center;\">Los sistemas l\u00e1ser de MKW se emplean tanto en la medicina humana como tambi\u00e9n en la medicina veterinaria.<br \/>\nPara ambos campos de aplicaci\u00f3n existen los productos l\u00e1ser adecuados.<\/p>\n<p>[\/vc_column_text][\/vc_column_inner][\/vc_row_inner][\/vc_column][\/vc_row][vc_row type=&#8221;vc_default&#8221; css=&#8221;.vc_custom_1523534956176{background-image: url(http:\/\/www.mkw-laser.de\/wp-content\/uploads\/2018\/04\/Gruppe-173.png?id=1109) !important;background-position: center !important;background-repeat: no-repeat !important;background-size: cover !important;}&#8221;][vc_column el_class=&#8221;bg-einsatzbereich&#8221;][vc_row_inner][vc_column_inner][vc_column_text]<\/p>\n<h2 style=\"text-align: center;\">por favor, elige su campo de aplicaci\u00f3n<\/h2>\n<p>[\/vc_column_text][\/vc_column_inner][\/vc_row_inner][vc_row_inner][vc_column_inner width=&#8221;1\/2&#8243;]<div class=\"ubtn-img-container  vc_custom_1537429345367\"><img decoding=\"async\" src=\"https:\/\/www.mkw-laser.de\/wp-content\/uploads\/2018\/09\/PowerTwin21_Human_Kachel-1.jpg\" alt=\"null\"\/><div class=\"ubtn-ctn-center \"><a class=\"ubtn-link ult-adjust-bottom-margin ubtn-center ubtn-custom \" href=\"\/es\/productos\/medicina-humana\/\" ><button type=\"button\" id=\"ubtn-4533\"  class=\"ubtn ult-adjust-bottom-margin ult-responsive ubtn-custom ubtn-no-hover-bg  none  ubtn-center   tooltip-69df41c47e776\"  data-hover=\"#ffffff\" data-border-color=\"\" data-bg=\"\" data-hover-bg=\"#00957e\" data-border-hover=\"\" data-shadow-hover=\"\" data-shadow-click=\"none\" data-shadow=\"\" data-shd-shadow=\"\"  data-ultimate-target='#ubtn-4533'  data-responsive-json-new='{\"font-size\":\"desktop:26px;\",\"line-height\":\"desktop:35px;\"}'  style=\"font-weight:bold;width:315px;min-height:315px;padding:px 58px;border:none;color: #00957e;\"><span class=\"ubtn-hover\" style=\"background-color:#00957e\"><\/span><span class=\"ubtn-data ubtn-text \" >MEDICINA HUMANA<\/span><\/button><\/a><\/div><\/div>[\/vc_column_inner][vc_column_inner width=&#8221;1\/2&#8243;]<div class=\"ubtn-img-container  vc_custom_1532418313871\"><img decoding=\"async\" src=\"https:\/\/www.mkw-laser.de\/wp-content\/uploads\/2018\/07\/Veterin\u00e4rmedizin_Beitragsbild_Hund.jpg\" alt=\"null\"\/><div class=\"ubtn-ctn-center \"><a class=\"ubtn-link ult-adjust-bottom-margin ubtn-center ubtn-custom \" href=\"\/es\/productos\/medicina-veterinaria\/\" ><button type=\"button\" id=\"ubtn-4741\"  class=\"ubtn ult-adjust-bottom-margin ult-responsive ubtn-custom ubtn-no-hover-bg  none  ubtn-center   tooltip-69df41c47ea4d\"  data-hover=\"#ffffff\" data-border-color=\"\" data-bg=\"\" data-hover-bg=\"#00957e\" data-border-hover=\"\" data-shadow-hover=\"\" data-shadow-click=\"none\" data-shadow=\"\" data-shd-shadow=\"\"  data-ultimate-target='#ubtn-4741'  data-responsive-json-new='{\"font-size\":\"desktop:26px;\",\"line-height\":\"desktop:35px;\"}'  style=\"font-weight:bold;width:315px;min-height:315px;padding:px 58px;border:none;color: #00957e;\"><span class=\"ubtn-hover\" style=\"background-color:#00957e\"><\/span><span class=\"ubtn-data ubtn-text \" >MEDICINA VETERINARIA<\/span><\/button><\/a><\/div><\/div>[\/vc_column_inner][\/vc_row_inner][\/vc_column][\/vc_row]<\/p>\n<\/div>","protected":false},"excerpt":{"rendered":"<p>[vc_row][vc_column][vc_empty_space][\/vc_column][\/vc_row][vc_row][vc_column][vc_column_text css=&#8221;.vc_custom_1523025401214{margin-bottom: 10px !important;padding-bottom: 0px !important;}&#8221;] Sistemas de l\u00e1ser para la medicina Humana y Veterinaria [\/vc_column_text][vc_row_inner][vc_column_inner][vc_column_text] Los sistemas l\u00e1ser de MKW se emplean tanto en la medicina humana como tambi\u00e9n en la medicina veterinaria. Para ambos campos de aplicaci\u00f3n existen los productos l\u00e1ser adecuados. [\/vc_column_text][\/vc_column_inner][\/vc_row_inner][\/vc_column][\/vc_row][vc_row type=&#8221;vc_default&#8221; css=&#8221;.vc_custom_1523534956176{background-image: url(http:\/\/www.mkw-laser.de\/wp-content\/uploads\/2018\/04\/Gruppe-173.png?id=1109) !important;background-position: center !important;background-repeat: no-repeat !important;background-size: cover !important;}&#8221;][vc_column&hellip;<\/p>\n","protected":false},"author":1,"featured_media":0,"parent":0,"menu_order":20,"comment_status":"closed","ping_status":"closed","template":"","meta":{"footnotes":"","_links_to":"","_links_to_target":""},"class_list":["post-1750","page","type-page","status-publish","hentry","description-off"],"_links":{"self":[{"href":"https:\/\/www.mkw-laser.de\/es\/wp-json\/wp\/v2\/pages\/1750","targetHints":{"allow":["GET"]}}],"collection":[{"href":"https:\/\/www.mkw-laser.de\/es\/wp-json\/wp\/v2\/pages"}],"about":[{"href":"https:\/\/www.mkw-laser.de\/es\/wp-json\/wp\/v2\/types\/page"}],"author":[{"embeddable":true,"href":"https:\/\/www.mkw-laser.de\/es\/wp-json\/wp\/v2\/users\/1"}],"replies":[{"embeddable":true,"href":"https:\/\/www.mkw-laser.de\/es\/wp-json\/wp\/v2\/comments?post=1750"}],"version-history":[{"count":0,"href":"https:\/\/www.mkw-laser.de\/es\/wp-json\/wp\/v2\/pages\/1750\/revisions"}],"wp:attachment":[{"href":"https:\/\/www.mkw-laser.de\/es\/wp-json\/wp\/v2\/media?parent=1750"}],"curies":[{"name":"wp","href":"https:\/\/api.w.org\/{rel}","templated":true}]}}