{"id":1762,"date":"2018-06-21T09:20:30","date_gmt":"2018-06-21T07:20:30","guid":{"rendered":"http:\/\/www.mkw-laser.de\/productos\/medicina-humana\/"},"modified":"2024-04-02T12:44:41","modified_gmt":"2024-04-02T10:44:41","slug":"medicina-humana","status":"publish","type":"page","link":"https:\/\/www.mkw-laser.de\/es\/medicina-humana","title":{"rendered":"Medicina Humana"},"content":{"rendered":"<div class=\"wpb-content-wrapper\"><p>[vc_row][vc_column][vc_single_image image=&#8221;30998&#8243; img_size=&#8221;full&#8221; css=&#8221;.vc_custom_1697541730881{margin-top: 0px !important;margin-right: 0px !important;margin-bottom: 30px !important;margin-left: 0px !important;padding-top: 0px !important;padding-right: 0px !important;padding-left: 0px !important;}&#8221;][vc_column_text css=&#8221;.vc_custom_1592247010141{margin-bottom: 10px !important;padding-bottom: 0px !important;}&#8221;]<\/p>\n<h1 style=\"text-align: center;\">Sistemas l\u00e1ser para la medicina humana<\/h1>\n<p>[\/vc_column_text][vc_row_inner][vc_column_inner offset=&#8221;vc_hidden-xs&#8221;][vc_column_text]<\/p>\n<p style=\"text-align: center;\">MKW est\u00e1 especializada en sistemas l\u00e1ser de baja energ\u00eda (l\u00e1seres de bajo nivel) desde 1984.<br \/>\nEn funci\u00f3n de la especialidad y del campo de aplicaci\u00f3n est\u00e1n disponibles diferentes sistemas de l\u00e1ser.<\/p>\n<p style=\"text-align: center;\">M\u00e1s de 30.000 usuarios de las especialidades m\u00e9dicas m\u00e1s diversas \u2013 incluyendo cl\u00ednicas, centros de rehabilitaci\u00f3n as\u00ed como miles<br \/>\nde consultorios m\u00e9dicos \u2013 confirman impresionados los buenos resultados terap\u00e9uticos conseguidos con los sistemas l\u00e1ser de MKW.<\/p>\n<p style=\"text-align: center;\">MKW ha estimulado y facilitado numerosos estudios relativos a las aplicaciones de medicina humana de la terapia l\u00e1ser.<\/p>\n<p style=\"text-align: center;\">Una gran parte de las innovaciones de vanguardia para sistemas l\u00e1ser de baja energ\u00eda proven\u00edan (y provienen) de la Casa MKW.<br \/>\nEl equipo MKW desarrolla asimismo sistemas l\u00e1ser y tecnolog\u00edas para la <strong>terapia l\u00e1ser low-level<\/strong> por encargo ajeno (productos OEM).<\/p>\n<p>[\/vc_column_text][\/vc_column_inner][\/vc_row_inner][\/vc_column][\/vc_row][vc_row][vc_column offset=&#8221;vc_hidden-xs&#8221;][vc_empty_space][\/vc_column][\/vc_row][vc_row][vc_column width=&#8221;1\/2&#8243; offset=&#8221;vc_hidden-xs&#8221;][vc_single_image image=&#8221;34491&#8243; img_size=&#8221;full&#8221; onclick=&#8221;custom_link&#8221; link=&#8221;https:\/\/www.mkw-laser.de\/es\/medicina-humana\/ducha-laser-powertwin21-xp5\/&#8221;][vc_column_text]La nueva ducha l\u00e1ser PowerTwin XP5 ofrece todo lo que la terapia l\u00e1ser moderna requiere: alta densidad l\u00e1ser, adaptador intercambiable, programas preinstalados y gran pantalla de 4 colores.<\/p>\n<p><a href=\"\/?page_id=16943\">M\u00e1s &gt;<\/a>[\/vc_column_text][vc_empty_space height=&#8221;50px&#8221;][\/vc_column][vc_column width=&#8221;1\/2&#8243; offset=&#8221;vc_hidden-xs&#8221;][vc_single_image image=&#8221;34552&#8243; img_size=&#8221;full&#8221; onclick=&#8221;custom_link&#8221; link=&#8221;https:\/\/www.mkw-laser.de\/es\/medicina-humana\/laserpen-la-x-p500\/&#8221;][vc_column_text]El Laserpen LA-X es adecuado para \u00e1reas peque\u00f1as y para la terapia de l\u00e1ser puntual espec\u00edfica, especialmente para el tratamiento de<br \/>\nDolor, gatillo y puntos de acupuntura.<\/p>\n<p><a href=\"\/?page_id=3782\">M\u00e1s &gt;<\/a>[\/vc_column_text][vc_empty_space height=&#8221;50px&#8221;][\/vc_column][\/vc_row][vc_row][vc_column width=&#8221;1\/2&#8243; offset=&#8221;vc_hidden-lg vc_hidden-md vc_hidden-sm&#8221;][vc_single_image image=&#8221;34491&#8243; img_size=&#8221;full&#8221; onclick=&#8221;custom_link&#8221; link=&#8221;https:\/\/www.mkw-laser.de\/es\/medicina-humana\/ducha-laser-powertwin21-xp5\/&#8221;][vc_column_text]<a href=\"\/?page_id=16943\">M\u00e1s &gt;<\/a>[\/vc_column_text][\/vc_column][vc_column width=&#8221;1\/2&#8243; offset=&#8221;vc_hidden-lg vc_hidden-md vc_hidden-sm&#8221;][vc_single_image image=&#8221;34552&#8243; img_size=&#8221;full&#8221; onclick=&#8221;custom_link&#8221; link=&#8221;https:\/\/www.mkw-laser.de\/es\/medicina-humana\/laserpen-la-x-p500\/&#8221;][vc_column_text]<a href=\"\/?page_id=3782\">M\u00e1s &gt;<\/a>[\/vc_column_text][\/vc_column][\/vc_row][vc_row][vc_column width=&#8221;1\/2&#8243; offset=&#8221;vc_hidden-xs&#8221;][vc_single_image image=&#8221;34544&#8243; img_size=&#8221;full&#8221; onclick=&#8221;custom_link&#8221; link=&#8221;https:\/\/www.mkw-laser.de\/es\/medicina-humana\/ducha-laser-powertwin-21\/&#8221;][vc_column_text]La nueva generaci\u00f3n de ducha l\u00e1ser. 21 diodos l\u00e1ser irradian un \u00e1rea de 55 cm\u00b2 con la mayor densidad de l\u00e1ser. Con adaptador intercambiable para un trabajo r\u00e1pido e higi\u00e9nico.<\/p>\n<p><a href=\"\/?page_id=3739\">M\u00e1s &gt;<\/a>[\/vc_column_text][vc_empty_space height=&#8221;50px&#8221;][\/vc_column][\/vc_row][vc_row][vc_column width=&#8221;1\/2&#8243; offset=&#8221;vc_hidden-lg vc_hidden-md vc_hidden-sm&#8221;][vc_single_image image=&#8221;34544&#8243; img_size=&#8221;full&#8221; onclick=&#8221;custom_link&#8221; link=&#8221;https:\/\/www.mkw-laser.de\/es\/medicina-humana\/ducha-laser-powertwin-21\/&#8221;][vc_column_text]<a href=\"\/?page_id=3739\">M\u00e1s &gt;<\/a>[\/vc_column_text][\/vc_column][\/vc_row][vc_row][vc_column][vc_empty_space height=&#8221;30px&#8221;][\/vc_column][\/vc_row][vc_row][vc_column width=&#8221;1\/3&#8243;][\/vc_column][vc_column width=&#8221;1\/3&#8243;][vc_column_text]<a class=\"button angebot\" title=\"Pedier aqu\u00ed una oferta\" href=\"\/?page_id=2595\">Pedier aqu\u00ed una oferta<\/a>[\/vc_column_text][\/vc_column][vc_column width=&#8221;1\/3&#8243;][\/vc_column][\/vc_row]<\/p>\n<\/div>","protected":false},"excerpt":{"rendered":"<p>La nueva generaci\u00f3n de la ducha l\u00e1ser. 21 diodos l\u00e1ser irradian con una densidad l\u00e1ser m\u00e1xima una superficie de 55 cm\u00b2. Con adaptador de cambio para un trabajo r\u00e1pido e higi\u00e9nico.<\/p>\n","protected":false},"author":15,"featured_media":32567,"parent":0,"menu_order":10,"comment_status":"closed","ping_status":"closed","template":"","meta":{"footnotes":"","_links_to":"","_links_to_target":""},"class_list":["post-1762","page","type-page","status-publish","has-post-thumbnail","hentry","description-off"],"_links":{"self":[{"href":"https:\/\/www.mkw-laser.de\/es\/wp-json\/wp\/v2\/pages\/1762","targetHints":{"allow":["GET"]}}],"collection":[{"href":"https:\/\/www.mkw-laser.de\/es\/wp-json\/wp\/v2\/pages"}],"about":[{"href":"https:\/\/www.mkw-laser.de\/es\/wp-json\/wp\/v2\/types\/page"}],"author":[{"embeddable":true,"href":"https:\/\/www.mkw-laser.de\/es\/wp-json\/wp\/v2\/users\/15"}],"replies":[{"embeddable":true,"href":"https:\/\/www.mkw-laser.de\/es\/wp-json\/wp\/v2\/comments?post=1762"}],"version-history":[{"count":0,"href":"https:\/\/www.mkw-laser.de\/es\/wp-json\/wp\/v2\/pages\/1762\/revisions"}],"wp:featuredmedia":[{"embeddable":true,"href":"https:\/\/www.mkw-laser.de\/es\/wp-json\/wp\/v2\/media\/32567"}],"wp:attachment":[{"href":"https:\/\/www.mkw-laser.de\/es\/wp-json\/wp\/v2\/media?parent=1762"}],"curies":[{"name":"wp","href":"https:\/\/api.w.org\/{rel}","templated":true}]}}