{"id":2135,"date":"2018-06-25T09:35:29","date_gmt":"2018-06-25T07:35:29","guid":{"rendered":"http:\/\/www.mkw-laser.de\/ventajas\/"},"modified":"2019-01-28T13:36:45","modified_gmt":"2019-01-28T12:36:45","slug":"ventajas","status":"publish","type":"page","link":"https:\/\/www.mkw-laser.de\/es\/ventajas","title":{"rendered":"Ventajas"},"content":{"rendered":"<div class=\"wpb-content-wrapper\"><p>[vc_row][vc_column][vc_single_image image=&#8221;8755&#8243; img_size=&#8221;full&#8221; css=&#8221;.vc_custom_1548678998786{margin-top: 0px !important;margin-right: 0px !important;margin-bottom: 30px !important;margin-left: 0px !important;padding-top: 0px !important;padding-right: 0px !important;padding-left: 0px !important;}&#8221;][vc_column_text css=&#8221;.vc_custom_1528793327928{margin-bottom: 10px !important;padding-bottom: 0px !important;}&#8221;]<\/p>\n<h1 style=\"text-align: left;\">Ventajas para sus pacientes &#8211; provecho para todos<\/h1>\n<p>[\/vc_column_text][vc_empty_space height=&#8221;35px&#8221;][\/vc_column][\/vc_row][vc_row][vc_column width=&#8221;1\/2&#8243;][vc_column_text]<\/p>\n<p class=\"bodytext\"><span style=\"color: #017765;\"><b>La tendencia<\/b><\/span><br \/>\nA menudo se pregunta por m\u00e9todos terap\u00e9uticos de medicina alternativa<\/p>\n<p class=\"bodytext\"><span style=\"color: #017765;\"><b>F\u00e1cil de emplear<br \/>\n<\/b><\/span>Confort \u00f3ptimo de empleo a trav\u00e9s de un manejo sencillo \u2013 los sistemas l\u00e1ser de MKW tambi\u00e9n pueden ser empleados por personal capacitado<\/p>\n<p class=\"bodytext\"><span style=\"color: #017765;\"><b>Seguro<br \/>\n<\/b><\/span>Tratamientos sencillos y poco complicados<\/p>\n<p class=\"bodytext\"><span style=\"color: #017765;\"><b>Mejora<br \/>\n<\/b><\/span>Ampl\u00edan, sin mayores esfuerzos relativos a estudios e informaci\u00f3n, su \u00e1mbito de tratamiento y su oferta terap\u00e9utica<\/p>\n<p class=\"bodytext\"><span style=\"color: #017765;\"><b>Ahorro de tiempo<br \/>\n<\/b><\/span>Duraciones cortas de tratamientos<\/p>\n<p><span style=\"color: #017765;\"><b>Inofensivo<br \/>\n<\/b><\/span>Exento de dolores, en su mayor parte sin efectos secundarios[\/vc_column_text][\/vc_column][vc_column width=&#8221;1\/2&#8243;][vc_column_text]<\/p>\n<p class=\"bodytext\"><span style=\"color: #017765;\"><b>Imagen p\u00fablica<br \/>\n<\/b><\/span>Moderno e innovador, las terapias con l\u00e1ser se distinguen favorablemente del promedio<\/p>\n<p class=\"bodytext\"><span style=\"color: #017765;\"><b>Tema de discusiones<br \/>\n<\/b><\/span>Frecuentemente se hace publicidad de manera positiva en los medios sobre las terapias con l\u00e1ser<\/p>\n<p class=\"bodytext\"><span style=\"color: #017765;\"><b>Autonom\u00eda<br \/>\n<\/b><\/span>En funci\u00f3n del sistema l\u00e1ser MKW, campo de aplicaci\u00f3n m\u00f3vil ilimitado<\/p>\n<p class=\"bodytext\"><span style=\"color: #017765;\"><b>Rentabilidad<br \/>\n<\/b><\/span>Excelente balance gastos\/provecho en los sistemas l\u00e1ser de MKW<\/p>\n<p class=\"bodytext\"><span style=\"color: #017765;\"><b>Beneficio<br \/>\n<\/b><\/span>Aumento de las ventas del consultorio m\u00e9dico<\/p>\n<p>[\/vc_column_text][\/vc_column][\/vc_row][vc_row][vc_column][vc_empty_space height=&#8221;24px&#8221;][\/vc_column][\/vc_row]<\/p>\n<\/div>","protected":false},"excerpt":{"rendered":"<p>Die neue Generation der Laserdusche. 21 Laserdioden bestrahlen mit h\u00f6chster Laserdichte eine Fl\u00e4che von 55 cm\u00b2. Mit Wechseladapter f\u00fcr schnelles und hygienisches Arbeiten.<\/p>\n","protected":false},"author":6,"featured_media":0,"parent":0,"menu_order":30,"comment_status":"closed","ping_status":"closed","template":"","meta":{"footnotes":"","_links_to":"","_links_to_target":""},"class_list":["post-2135","page","type-page","status-publish","hentry","description-off"],"_links":{"self":[{"href":"https:\/\/www.mkw-laser.de\/es\/wp-json\/wp\/v2\/pages\/2135","targetHints":{"allow":["GET"]}}],"collection":[{"href":"https:\/\/www.mkw-laser.de\/es\/wp-json\/wp\/v2\/pages"}],"about":[{"href":"https:\/\/www.mkw-laser.de\/es\/wp-json\/wp\/v2\/types\/page"}],"author":[{"embeddable":true,"href":"https:\/\/www.mkw-laser.de\/es\/wp-json\/wp\/v2\/users\/6"}],"replies":[{"embeddable":true,"href":"https:\/\/www.mkw-laser.de\/es\/wp-json\/wp\/v2\/comments?post=2135"}],"version-history":[{"count":0,"href":"https:\/\/www.mkw-laser.de\/es\/wp-json\/wp\/v2\/pages\/2135\/revisions"}],"wp:attachment":[{"href":"https:\/\/www.mkw-laser.de\/es\/wp-json\/wp\/v2\/media?parent=2135"}],"curies":[{"name":"wp","href":"https:\/\/api.w.org\/{rel}","templated":true}]}}