{"id":2158,"date":"2018-06-25T09:58:03","date_gmt":"2018-06-25T07:58:03","guid":{"rendered":"http:\/\/www.mkw-laser.de\/pagina-inicial\/"},"modified":"2024-04-02T13:02:30","modified_gmt":"2024-04-02T11:02:30","slug":"pagina-inicial-2-2","status":"publish","type":"page","link":"https:\/\/www.mkw-laser.de\/es","title":{"rendered":"P\u00e1gina inicial"},"content":{"rendered":"<div class=\"wpb-content-wrapper\"><p>[vc_row][vc_column][rev_slider_vc alias=&#8221;startseite_eng-1&#8243;][vc_empty_space height=&#8221;15px&#8221;][\/vc_column][\/vc_row][vc_row][vc_column][vc_column_text css=&#8221;.vc_custom_1529314196014{margin-bottom: 10px !important;padding-bottom: 0px !important;}&#8221;]<\/p>\n<h1 style=\"text-align: center;\">MKW &#8211; exitosa terapia l\u00e1ser para pr\u00e1ctica m\u00e9dica<\/h1>\n<p>[\/vc_column_text][vc_column_text css=&#8221;.vc_custom_1712055741685{margin-bottom: 30px !important;}&#8221;]<\/p>\n<h4 style=\"text-align: center;\">El original &#8211; MKW se ha especializado en la terapia profesional con l\u00e1ser de baja intensidad desde 1984<br \/>\ny es uno de los proveedores l\u00edderes en Europa.<\/h4>\n<p>[\/vc_column_text][\/vc_column][\/vc_row][vc_row][vc_column offset=&#8221;vc_hidden-xs&#8221;][vc_column_text]<\/p>\n<p style=\"text-align: center;\">Refectivamente, MKW ide\u00f3 desarrollos de vanguardia, como por ejemplo <strong>la ducha l\u00e1ser<\/strong>, <strong>el peine l\u00e1ser<\/strong>,<br \/>\n<strong>el l\u00e1ser de punto<\/strong> con sistema l\u00e1ser autom\u00e1tico as\u00ed como <strong>el sistema de acupuntura m\u00faltiple<\/strong>.<\/p>\n<p>[\/vc_column_text][vc_column_text]<\/p>\n<h2 style=\"text-align: center;\">MKW ofrece dispositivos l\u00e1ser de alta calidad<\/h2>\n<p>[\/vc_column_text][vc_column_text el_class=&#8221;li-check&#8221;]<\/p>\n<ul style=\"text-align: center;\">\n<li><a href=\"https:\/\/www.mkw-laser.de\/es\/productos\/\"><strong>L\u00e1ser de superficie<\/strong><\/a> (duchas l\u00e1ser) para el tratamiento de superficies grandes en la medicina humana<\/li>\n<li><a href=\"https:\/\/www.mkw-laser.de\/es\/productos\/\"><strong>Peines l\u00e1ser<\/strong><\/a> para el tratamiento de piel muy velluda y de animales de pelo<\/li>\n<li><a href=\"https:\/\/www.mkw-laser.de\/es\/productos\/\"><strong>L\u00e1ser de punto<\/strong><\/a> (l\u00e1piz l\u00e1ser) para la terapia espec\u00edfica y encauzada, especialmente de puntos de dolor, puntos de disparo y de acupuntura (l\u00e1ser de acupuntura)<\/li>\n<\/ul>\n<p>[\/vc_column_text][vc_empty_space height=&#8221;60px&#8221;][\/vc_column][\/vc_row][vc_row][vc_column el_class=&#8221;bg-einsatzbereich&#8221; css=&#8221;.vc_custom_1697114349359{background-position: center !important;background-repeat: no-repeat !important;background-size: cover !important;}&#8221;][vc_row_inner][vc_column_inner][vc_column_text]<\/p>\n<h2 style=\"text-align: center;\">Por favor, elige su campo de aplicaci\u00f3n<\/h2>\n<p>[\/vc_column_text][\/vc_column_inner][\/vc_row_inner][vc_row_inner][vc_column_inner width=&#8221;1\/2&#8243;][vc_single_image image=&#8221;30882&#8243; img_size=&#8221;full&#8221; alignment=&#8221;center&#8221; onclick=&#8221;custom_link&#8221; link=&#8221;https:\/\/www.mkw-laser.de\/es\/medicina-humana\/&#8221;][\/vc_column_inner][vc_column_inner width=&#8221;1\/2&#8243;][vc_single_image image=&#8221;30888&#8243; img_size=&#8221;full&#8221; onclick=&#8221;custom_link&#8221; link=&#8221;https:\/\/www.mkw-laser.de\/es\/medicina-veterinaria\/&#8221;][\/vc_column_inner][\/vc_row_inner][\/vc_column][\/vc_row][vc_row][vc_column][vc_empty_space height=&#8221;60px&#8221;][vc_column_text]<\/p>\n<h2 style=\"text-align: center;\">Mas informacion para Low Level Laser<\/h2>\n<p>[\/vc_column_text][vc_column_text]<\/p>\n<p style=\"text-align: center;\"><strong>LLLT\u00a0<\/strong>es un m\u00e9todo de tratamiento m\u00e9dico complementario para apoyar los procesos de regeneraci\u00f3n fisiol\u00f3gica del propio cuerpo.<\/p>\n<p>[\/vc_column_text][vc_tta_accordion color=&#8221;green&#8221; active_section=&#8221;-1&#8243; collapsible_all=&#8221;true&#8221;][vc_tta_section title=&#8221;M\u00e1s informacion&#8221; tab_id=&#8221;1522226124550-caca9a50-2076&#8243;][vc_column_text]Las primeras aplicaciones m\u00e9dicas de la tecnolog\u00eda l\u00e1ser se llevaron a cabo pocos a\u00f1os despu\u00e9s del desarrollo del l\u00e1ser en 1960. El h\u00fangaro Endre Mester, un pionero en medicina l\u00e1ser, investig\u00f3 en 1963 el efecto de la radiaci\u00f3n l\u00e1ser de baja energ\u00eda en la mejora de la epitelizaci\u00f3n de heridas mal cicatrizadas. Sus resultados fueron publicados a partir de 1967. Estos estudios son las primeras publicaciones sobre Low Level Laser Therapy \/ Low Level Laser Therapy (LLLT). La terapia con l\u00e1ser de baja intensidad utiliza dispositivos l\u00e1ser que funcionan con diodos l\u00e1ser de baja energ\u00eda (nivel bajo). Estos tipos de l\u00e1ser generalmente funcionan de forma at\u00e9rmica. El efecto es fotoqu\u00edmico (bioestimulante). A diferencia de los l\u00e1seres quir\u00fargicos, que tienen una alta potencia (en el rango de vatios) y provocan un efecto t\u00e9rmico en el tejido.<\/p>\n<p>La terapia con l\u00e1ser de baja intensidad\/LLLT es un m\u00e9todo terap\u00e9utico de la medicina experimentada en la historia natural, que no es uno de los m\u00e9todos generalmente aceptados de la medicina convencional en la Rep\u00fablica Federal de Alemania. Sin embargo, la terapia con l\u00e1ser blando ha demostrado su eficacia con muchos representantes de m\u00e9todos alternativos de tratamiento m\u00e9dico un nombre para s\u00ed mismo. MKW es un fabricante de dispositivos LLLT y ofrece varios dispositivos de terapia de l\u00e1ser bajo para la medicina humana y veterinaria, adaptados a sus \u00e1reas individuales de aplicaci\u00f3n (por ejemplo, la acupuntura l\u00e1ser).<\/p>\n<p>Para preguntas sobre l\u00e1seres de bajo nivel\/l\u00e1seres blandos con respecto a dispositivos l\u00e1ser o precios, costos de entrega, terapia l\u00e1ser, etc. , por favor no dude en contactarnos.[\/vc_column_text][\/vc_tta_section][\/vc_tta_accordion][\/vc_column][\/vc_row][vc_row][vc_column][vc_empty_space height=&#8221;50px&#8221;][\/vc_column][\/vc_row][vc_row][vc_column][vc_column_text]<\/p>\n<p style=\"text-align: center;\"><a class=\"button angebot\" title=\"Die MKW Story\" href=\"https:\/\/www.mkw-laser.de\/es\/la-historia-de-mkw\/\">La historia de MKW<\/a><\/p>\n<p>[\/vc_column_text][\/vc_column][\/vc_row]<\/p>\n<\/div>","protected":false},"excerpt":{"rendered":"<p>[vc_row][vc_column][rev_slider_vc alias=&#8221;startseite_eng-1&#8243;][vc_empty_space height=&#8221;15px&#8221;][\/vc_column][\/vc_row][vc_row][vc_column][vc_column_text css=&#8221;.vc_custom_1529314196014{margin-bottom: 10px !important;padding-bottom: 0px !important;}&#8221;] MKW &#8211; exitosa terapia l\u00e1ser para pr\u00e1ctica m\u00e9dica [\/vc_column_text][vc_column_text css=&#8221;.vc_custom_1712055741685{margin-bottom: 30px !important;}&#8221;] El original &#8211; MKW se ha especializado en la terapia profesional con l\u00e1ser de baja intensidad desde 1984 y es uno de los proveedores l\u00edderes en Europa. [\/vc_column_text][\/vc_column][\/vc_row][vc_row][vc_column offset=&#8221;vc_hidden-xs&#8221;][vc_column_text] Refectivamente, MKW ide\u00f3 desarrollos de vanguardia,&hellip;<\/p>\n","protected":false},"author":1,"featured_media":0,"parent":0,"menu_order":10,"comment_status":"closed","ping_status":"closed","template":"","meta":{"footnotes":"","_links_to":"","_links_to_target":""},"class_list":["post-2158","page","type-page","status-publish","hentry","description-off"],"_links":{"self":[{"href":"https:\/\/www.mkw-laser.de\/es\/wp-json\/wp\/v2\/pages\/2158","targetHints":{"allow":["GET"]}}],"collection":[{"href":"https:\/\/www.mkw-laser.de\/es\/wp-json\/wp\/v2\/pages"}],"about":[{"href":"https:\/\/www.mkw-laser.de\/es\/wp-json\/wp\/v2\/types\/page"}],"author":[{"embeddable":true,"href":"https:\/\/www.mkw-laser.de\/es\/wp-json\/wp\/v2\/users\/1"}],"replies":[{"embeddable":true,"href":"https:\/\/www.mkw-laser.de\/es\/wp-json\/wp\/v2\/comments?post=2158"}],"version-history":[{"count":0,"href":"https:\/\/www.mkw-laser.de\/es\/wp-json\/wp\/v2\/pages\/2158\/revisions"}],"wp:attachment":[{"href":"https:\/\/www.mkw-laser.de\/es\/wp-json\/wp\/v2\/media?parent=2158"}],"curies":[{"name":"wp","href":"https:\/\/api.w.org\/{rel}","templated":true}]}}