{"id":2177,"date":"2018-06-25T10:07:51","date_gmt":"2018-06-25T08:07:51","guid":{"rendered":"http:\/\/www.mkw-laser.de\/la-historia-de-mkw\/"},"modified":"2023-08-10T14:34:27","modified_gmt":"2023-08-10T12:34:27","slug":"la-historia-de-mkw","status":"publish","type":"page","link":"https:\/\/www.mkw-laser.de\/es\/la-historia-de-mkw","title":{"rendered":"La historia de MKW"},"content":{"rendered":"<div class=\"wpb-content-wrapper\"><p>[vc_row][vc_column][vc_single_image image=&#8221;25747&#8243; img_size=&#8221;full&#8221; css=&#8221;.vc_custom_1691670744421{margin-top: 0px !important;margin-right: 0px !important;margin-bottom: 30px !important;margin-left: 0px !important;padding-top: 0px !important;padding-right: 0px !important;padding-left: 0px !important;}&#8221;][vc_column_text css=&#8221;.vc_custom_1528711770948{margin-bottom: 10px !important;padding-bottom: 0px !important;}&#8221;]<\/p>\n<h1 style=\"text-align: left;\">C\u00f3mo empez\u00f3 todo \u2013 La historia de MKW<\/h1>\n<p>[\/vc_column_text][vc_empty_space height=&#8221;48px&#8221;][\/vc_column][\/vc_row][vc_row][vc_column width=&#8221;1\/3&#8243;][vc_single_image image=&#8221;1815&#8243; img_size=&#8221;full&#8221;][vc_column_text]Mathias Mink \/ Uwe Kirchenbauer (1984)[\/vc_column_text][\/vc_column][vc_column width=&#8221;1\/3&#8243;][vc_single_image image=&#8221;1818&#8243; img_size=&#8221;full&#8221;][vc_column_text]Uwe Kirchenbauer \/ Mathias Mink (2014)[\/vc_column_text][\/vc_column][vc_column width=&#8221;1\/3&#8243;][\/vc_column][\/vc_row][vc_row][vc_column][vc_empty_space height=&#8221;64px&#8221;][\/vc_column][\/vc_row][vc_row][vc_column width=&#8221;3\/4&#8243;][vc_column_text]<\/p>\n<h4><strong><span style=\"color: #017765;\">La d\u00e9cada de 1980<\/span><\/strong><\/h4>\n<p>MKW fue fundada en <strong>1984<\/strong> por Mathias <strong>M<\/strong>ink, Uwe <strong>K<\/strong>irchenbauer y Gerda <strong>W<\/strong>alker como empresa de ventas de equipos m\u00e9dicos y t\u00e9cnicos.<\/p>\n<p><strong>1984-1986<\/strong> Distribuci\u00f3n de dispositivos m\u00e9dicos, especialmente el dispositivo de terapia para la columna vertebral &#8220;Schwing-Extensor&#8221; en Alemania.<\/p>\n<p>En <strong>1986<\/strong> MKW se familiariz\u00f3 con <strong>la terapia l\u00e1ser<\/strong> a trav\u00e9s de un cliente de Schwingextensor y a\u00f1adi\u00f3 un producto l\u00e1ser a su programa de ventas.<\/p>\n<p><strong>1987<\/strong> Especializaci\u00f3n en sistemas de terapia l\u00e1ser de baja energ\u00eda. <strong>El primer sistema l\u00e1ser de MKW<\/strong> &#8211; en aquel entonces todav\u00eda un simple l\u00e1ser de punto &#8211; fue fabricado e introducido con \u00e9xito como parte de un contrato de producci\u00f3n. Ampliaci\u00f3n del l\u00e1ser puntual mediante una funci\u00f3n de b\u00fasqueda de puntos con l\u00e1ser autom\u00e1tico.<\/p>\n<p>En <strong>1988<\/strong> MKW desarroll\u00f3 <strong>una ducha l\u00e1ser<\/strong> para el tratamiento de grandes superficies. A partir de 1989 se fabric\u00f3 en serie con una l\u00ednea propia.<\/p>\n<p>En <strong>1989<\/strong> Mathias Mink y Uwe Kirchenbauer adquirieron las acciones de Gerda Walker.[\/vc_column_text][vc_empty_space height=&#8221;24px&#8221;][\/vc_column][vc_column width=&#8221;1\/4&#8243;][vc_single_image image=&#8221;1776&#8243; img_size=&#8221;full&#8221; alignment=&#8221;right&#8221;][vc_single_image image=&#8221;1770&#8243; img_size=&#8221;full&#8221; alignment=&#8221;right&#8221;][vc_single_image image=&#8221;1773&#8243; img_size=&#8221;full&#8221; alignment=&#8221;right&#8221;][\/vc_column][\/vc_row][vc_row][vc_column][vc_separator color=&#8221;custom&#8221; accent_color=&#8221;#00957e&#8221; css=&#8221;.vc_custom_1529568589535{margin-top: 60px !important;margin-bottom: 60px !important;}&#8221;][\/vc_column][\/vc_row][vc_row][vc_column width=&#8221;3\/4&#8243;][vc_column_text]<\/p>\n<h4><span style=\"color: #017765;\"><b>La d\u00e9cade de 1990<\/b><\/span><\/h4>\n<p>En <strong>1991<\/strong> se registr\u00f3 el primer modelo de utilidad en la Oficina de Patentes de Munich con <strong>el peine l\u00e1ser MKW<\/strong>.<\/p>\n<p>En <strong>1992<\/strong> le sigui\u00f3 <strong>el MKW Multi Acupuncture System<\/strong>, un sistema \u00fanico en el mundo para el tratamiento simult\u00e1neo de varios puntos de acupuntura con l\u00e1ser.<\/p>\n<p><strong>1993<\/strong> Se funda la primera sucursal en Hannover.<\/p>\n<p>En <strong>1994<\/strong> se ampli\u00f3 la producci\u00f3n con una segunda planta de producci\u00f3n.<\/p>\n<p>En <strong>1998<\/strong> MKW desarroll\u00f3 <strong>el sistema l\u00e1ser a pilas LA-X<\/strong> con funci\u00f3n de b\u00fasqueda de puntos integrada, medici\u00f3n autom\u00e1tica por l\u00e1ser de la conductancia digital de la piel y gu\u00edas de luz intercambiables y recibi\u00f3 un modelo de utilidad de la oficina de patentes de Munich. El lanzamiento al mercado tuvo lugar en 1999.<\/p>\n<p>En <strong>1999<\/strong> se public\u00f3 el libro de referencia &#8220;Laser Therapy &#8211; Light Can Heal&#8221;. Casi todos los estudios presentados en este libro fueron realizados con el sistema l\u00e1ser MKW.[\/vc_column_text][vc_empty_space height=&#8221;24px&#8221;][\/vc_column][vc_column width=&#8221;1\/4&#8243;][vc_single_image image=&#8221;1788&#8243; img_size=&#8221;full&#8221; alignment=&#8221;right&#8221;][vc_single_image image=&#8221;1785&#8243; img_size=&#8221;full&#8221; alignment=&#8221;right&#8221;][vc_single_image image=&#8221;1782&#8243; img_size=&#8221;full&#8221; alignment=&#8221;right&#8221;][\/vc_column][\/vc_row][vc_row][vc_column][vc_separator color=&#8221;custom&#8221; accent_color=&#8221;#00957e&#8221; css=&#8221;.vc_custom_1529568619854{margin-top: 60px !important;margin-bottom: 60px !important;}&#8221;][\/vc_column][\/vc_row][vc_row][vc_column width=&#8221;3\/4&#8243;][vc_column_text]<\/p>\n<h4><span style=\"color: #017765;\"><b>La d\u00e9cada de 2000<\/b><\/span><\/h4>\n<p>En el a\u00f1o <strong>2001<\/strong> MKW present\u00f3 <strong>el primer peine l\u00e1ser para ducha\/laser<\/strong> en versi\u00f3n de red. Desarrollo de la central el\u00e9ctrica para <strong>el sistema LA-X<\/strong> y acumulador para <strong>ducha l\u00e1ser\/peine l\u00e1ser<\/strong>.<\/p>\n<p>En <strong>2004<\/strong> el libro &#8220;Lasertherapie und Laserpunktur &#8211; Behandlungspl\u00e4ne. Todos los programas de tratamiento presentados se basan en aplicaciones con sistemas l\u00e1ser MKW. Hasta ahora se han impreso 3 ediciones con m\u00e1s de 4000 ejemplares. El libro ha sido traducido al ingl\u00e9s y al espa\u00f1ol.<\/p>\n<p><strong>2005<\/strong> MKW ampli\u00f3 su red. Gracias a una asociaci\u00f3n exclusiva con los especialistas en software de Livetec, la capacidad de desarrollo se increment\u00f3 significativamente. La producci\u00f3n de todos los productos de MKW tuvo lugar en L\u00f6rrach. Los primeros productos l\u00e1ser se fabricaron sobre una base OEM.<\/p>\n<p>En <strong>2008<\/strong> los libros &#8220;Laserterapia y Laserpuntura en Caballos&#8221; y &#8220;Laserterapia y Laserpuntcure en Perros y Gatos. Ambos libros tambi\u00e9n est\u00e1n disponibles en una versi\u00f3n en ingl\u00e9s. Todos los programas de tratamiento se basan en aplicaciones con sistemas l\u00e1ser MKW.<\/p>\n<p>En <strong>2009<\/strong>, MKW present\u00f3 una primicia mundial en la feria m\u00e9dica m\u00e1s grande del mundo: <strong>La ducha l\u00e1ser PowerTwin 21<\/strong>, una ducha l\u00e1ser con 21 diodos l\u00e1ser que se puede convertir en un peine l\u00e1ser en cuesti\u00f3n de segundos. Las aplicaciones de l\u00e1ser de gran superficie se pueden realizar ahora con una alta densidad de l\u00e1ser de forma que se ahorra tiempo.[\/vc_column_text][vc_empty_space height=&#8221;24px&#8221;][\/vc_column][vc_column width=&#8221;1\/4&#8243;][vc_single_image image=&#8221;1791&#8243; img_size=&#8221;full&#8221; alignment=&#8221;right&#8221;][vc_single_image image=&#8221;1794&#8243; img_size=&#8221;full&#8221; alignment=&#8221;right&#8221;][vc_single_image image=&#8221;1797&#8243; img_size=&#8221;full&#8221; alignment=&#8221;right&#8221;][vc_single_image image=&#8221;1800&#8243; img_size=&#8221;full&#8221; alignment=&#8221;right&#8221;][\/vc_column][\/vc_row][vc_row][vc_column][vc_separator color=&#8221;custom&#8221; accent_color=&#8221;#00957e&#8221; css=&#8221;.vc_custom_1529568629776{margin-top: 60px !important;margin-bottom: 60px !important;}&#8221;][\/vc_column][\/vc_row][vc_row][vc_column width=&#8221;3\/4&#8243;][vc_column_text]<\/p>\n<h4><span style=\"color: #017765;\"><b>El 2010<\/b><\/span><\/h4>\n<p>En <strong>2011<\/strong> MKW present\u00f3 el relanzamiento del <strong>LaserPen\u00a0LA-X<\/strong>. Con el <strong>Laserpen LA-X P200<\/strong>, se ha creado la referencia t\u00e9cnica definitiva tras el exitoso lanzamiento al mercado del proceso de usuario hace m\u00e1s de una d\u00e9cada. MKW desarrolla los dispositivos l\u00e1ser LASERNEEDLE y LUCI. Ambos dispositivos se comercializan en todo el mundo.<\/p>\n<p>En <strong>2012<\/strong> se public\u00f3 el libro &#8220;Praxisbuch Laserakupunktur&#8221; en alem\u00e1n e ingl\u00e9s. Los programas de aplicaci\u00f3n presentados se refieren principalmente a tratamientos con sistemas l\u00e1ser MKW.<\/p>\n<p>En <strong>2013<\/strong>, el primer dispositivo l\u00e1ser desarrollado por MKW fue aprobado en los Estados Unidos. Otros dispositivos l\u00e1ser est\u00e1n todav\u00eda en proceso de aprobaci\u00f3n. En China, la aprobaci\u00f3n est\u00e1 a punto de concluir. MKW est\u00e1 ahora tambi\u00e9n representada en la regi\u00f3n \u00e1rabe con dos grandes organizaciones comerciales.<\/p>\n<p><strong>2014<\/strong> MKW trabaja en Alemania con m\u00e1s de 10 representantes de ventas y exporta <strong>sistemas l\u00e1ser de bajo nivel<\/strong> a todo el mundo. Los estudios e informes de campo de institutos de renombre, as\u00ed como innumerables informes de campo, demuestran los resultados terap\u00e9uticos que pueden lograrse con el <strong>sistema l\u00e1ser MKW<\/strong>. Cerca de 40. 000 <strong>sistemas l\u00e1ser de MKW<\/strong> est\u00e1n en uso en todo el mundo. Esto convierte a MKW en uno de los proveedores l\u00edderes del mundo despu\u00e9s de 30 a\u00f1os.<\/p>\n<p><strong>2015<\/strong> Con <strong>la ducha l\u00e1ser PowerTwin21+<\/strong> y <strong>el Laserpen LA-X P500<\/strong>, MKW present\u00f3 un nuevo desarrollo de sus exitosos modelos l\u00e1ser. En el nuevo libro &#8220;Low Level Laser Therapy &#8211; Basics and Practice of Modern Photomedicine&#8221;, se presentan las terapias con <strong>el sistema l\u00e1ser MKW<\/strong>. La red de ventas se ampl\u00eda continuamente. MKW Lasersytsem ahora tambi\u00e9n est\u00e1 representada en Corea e Ir\u00e1n. La aprobaci\u00f3n en Canad\u00e1 est\u00e1 a punto de finalizar.[\/vc_column_text][vc_empty_space height=&#8221;24px&#8221;][\/vc_column][vc_column width=&#8221;1\/4&#8243;][vc_single_image image=&#8221;1806&#8243; img_size=&#8221;full&#8221; alignment=&#8221;right&#8221;][vc_single_image image=&#8221;1803&#8243; img_size=&#8221;full&#8221; alignment=&#8221;right&#8221;][vc_single_image image=&#8221;1809&#8243; img_size=&#8221;full&#8221; alignment=&#8221;right&#8221;][vc_single_image image=&#8221;1812&#8243; img_size=&#8221;full&#8221; alignment=&#8221;right&#8221;][\/vc_column][\/vc_row]<\/p>\n<\/div>","protected":false},"excerpt":{"rendered":"<p>[vc_row][vc_column][vc_single_image image=&#8221;25747&#8243; img_size=&#8221;full&#8221; css=&#8221;.vc_custom_1691670744421{margin-top: 0px !important;margin-right: 0px !important;margin-bottom: 30px !important;margin-left: 0px !important;padding-top: 0px !important;padding-right: 0px !important;padding-left: 0px !important;}&#8221;][vc_column_text css=&#8221;.vc_custom_1528711770948{margin-bottom: 10px !important;padding-bottom: 0px !important;}&#8221;] C\u00f3mo empez\u00f3 todo \u2013 La historia de MKW [\/vc_column_text][vc_empty_space height=&#8221;48px&#8221;][\/vc_column][\/vc_row][vc_row][vc_column width=&#8221;1\/3&#8243;][vc_single_image image=&#8221;1815&#8243; img_size=&#8221;full&#8221;][vc_column_text]Mathias Mink \/ Uwe Kirchenbauer (1984)[\/vc_column_text][\/vc_column][vc_column width=&#8221;1\/3&#8243;][vc_single_image image=&#8221;1818&#8243; img_size=&#8221;full&#8221;][vc_column_text]Uwe Kirchenbauer \/ Mathias Mink (2014)[\/vc_column_text][\/vc_column][vc_column width=&#8221;1\/3&#8243;][\/vc_column][\/vc_row][vc_row][vc_column][vc_empty_space height=&#8221;64px&#8221;][\/vc_column][\/vc_row][vc_row][vc_column width=&#8221;3\/4&#8243;][vc_column_text] La d\u00e9cada de&hellip;<\/p>\n","protected":false},"author":10,"featured_media":536,"parent":0,"menu_order":20,"comment_status":"closed","ping_status":"closed","template":"","meta":{"footnotes":"","_links_to":"","_links_to_target":""},"class_list":["post-2177","page","type-page","status-publish","has-post-thumbnail","hentry","description-off"],"_links":{"self":[{"href":"https:\/\/www.mkw-laser.de\/es\/wp-json\/wp\/v2\/pages\/2177","targetHints":{"allow":["GET"]}}],"collection":[{"href":"https:\/\/www.mkw-laser.de\/es\/wp-json\/wp\/v2\/pages"}],"about":[{"href":"https:\/\/www.mkw-laser.de\/es\/wp-json\/wp\/v2\/types\/page"}],"author":[{"embeddable":true,"href":"https:\/\/www.mkw-laser.de\/es\/wp-json\/wp\/v2\/users\/10"}],"replies":[{"embeddable":true,"href":"https:\/\/www.mkw-laser.de\/es\/wp-json\/wp\/v2\/comments?post=2177"}],"version-history":[{"count":0,"href":"https:\/\/www.mkw-laser.de\/es\/wp-json\/wp\/v2\/pages\/2177\/revisions"}],"wp:featuredmedia":[{"embeddable":true,"href":"https:\/\/www.mkw-laser.de\/es\/wp-json\/wp\/v2\/media\/536"}],"wp:attachment":[{"href":"https:\/\/www.mkw-laser.de\/es\/wp-json\/wp\/v2\/media?parent=2177"}],"curies":[{"name":"wp","href":"https:\/\/api.w.org\/{rel}","templated":true}]}}