{"id":3137,"date":"2018-07-02T11:02:22","date_gmt":"2018-07-02T09:02:22","guid":{"rendered":"http:\/\/www.mkw-laser.de\/pie-de-imprenta\/"},"modified":"2020-05-05T10:14:49","modified_gmt":"2020-05-05T08:14:49","slug":"aviso-legal","status":"publish","type":"page","link":"https:\/\/www.mkw-laser.de\/es\/aviso-legal","title":{"rendered":"Aviso Legal"},"content":{"rendered":"<div class=\"wpb-content-wrapper\"><p>[vc_row][vc_column][vc_column_text el_class=&#8221;li-strich&#8221;]<strong>MKW Lasersystem GmbH<br \/>\n<\/strong>Landstra\u00dfe 67<br \/>\n76547 Sinzheim\/Baden-Baden\/Alemania<br \/>\nTelef\u00f3no: +49 7221-98 83 91<br \/>\nFax: +49 7221 98 83 93<br \/>\nE-Mail: <a href=\"mailto:mkw@mkw-laser.de\">mkw@mkw-laser.de<\/a><\/p>\n<p>&nbsp;<\/p>\n<p>Registro:<br \/>\nAmtsgericht Mannheim, HRB 210841<br \/>\nUSt.-Id.-Nr. DE 143463811<\/p>\n<p>&nbsp;<\/p>\n<p>CEO:<br \/>\nSocio gerente:\u00a0Uwe Kirchenbauer<\/p>\n<p>&nbsp;<\/p>\n<p><strong>Nota sobre protecci\u00f3n de datos<\/strong><\/p>\n<p class=\"bodytext\">Nuestra pol\u00edtica de privacidad se puede encontrar en la\u00a0<a href=\"\/?page_id=5020\">Declaraci\u00f3n De Privacidad.<\/a><\/p>\n<p>&nbsp;<\/p>\n<p>&nbsp;<\/p>\n<h3>Pol\u00edtica de cancelaci\u00f3n para los consumidores<\/h3>\n<p>&nbsp;<\/p>\n<p><strong>Los consumidores<\/strong> son todas personas f\u00edsicas que concluyen una transacci\u00f3n legal para fines que no pueden atribuirse a su actividad profesional comercial ni a la independiente (\u00a7 13 BGB)<\/p>\n<p>&nbsp;<\/p>\n<p><strong>Retirada<\/strong><\/p>\n<p>Tiene derecho a rescindir este contrato dentro de los catorce d\u00edas sin dar ninguna raz\u00f3n.<\/p>\n<p>El per\u00edodo de revocaci\u00f3n es catorce d\u00edas desde el d\u00eda,<\/p>\n<ul>\n<li>cuando las mercanc\u00edas han tomado posesi\u00f3n de usted o un tercero por \u00e9l indicado que, aparte del transportista o, en los casos en que ha pedido una o m\u00e1s mercanc\u00edas en un solo pedido y \u00e9stos ser\u00e1n entregados de manera uniforme o estar<\/li>\n<li>cuando usted o un representante de su tercera parte, que no sea el portador y los productos finales ha tomado posesi\u00f3n o tiene, si se ha pedido m\u00e1s mercanc\u00edas en un \u00fanico pedido que se suministran por separado<\/li>\n<li>cuando usted o un representante de su tercera parte, que no sea el portador y la \u00faltima cuota o la \u00faltima pieza de haber tomado posesi\u00f3n de, o tiene, si ha pedido un producto que se entrega en m\u00faltiples componentes o piezas<\/li>\n<\/ul>\n<p>Para ejercer su derecho, usted tiene que (Sistema L\u00e1ser MKW GmbH, la carretera 67, 76547 Sinzheim, Tel\u00e9fono: 07221 988391 Fax: 07221 988393, correo electr\u00f3nico:<a href=\"mailto:mkw@mkw-laser.de\"><strong> mkw@mkw-laser.de<\/strong><\/a>) por medio de una declaraci\u00f3n clara (por ejemplo, con carta enviada por correo postal, fax o correo electr\u00f3nico) sobre su decisi\u00f3n de cancelar este contrato. Puede usar el formulario de retiro de modelo adjunto, que no es obligatorio.<\/p>\n<p>Para mantener el per\u00edodo de cancelaci\u00f3n, es suficiente que env\u00ede la notificaci\u00f3n del ejercicio del derecho de desistimiento antes de que expire el per\u00edodo de desistimiento.<\/p>\n<p>&nbsp;<\/p>\n<p><b>Consecuencias de la cancelaci\u00f3n<\/b><\/p>\n<p>Si se retira de este contrato, hemos puesto todos los pagos que hemos recibido de usted, incluidos los gastos de entrega (a excepci\u00f3n de los costes adicionales derivados del hecho de que usted ha elegido un m\u00e9todo diferente de la entrega de lo que ofrecemos, Standard barata tienen) inmediatamente y pagar a m\u00e1s tardar dentro de los catorce d\u00edas a partir de la fecha en que se recibi\u00f3 la notificaci\u00f3n sobre la cancelaci\u00f3n de este contrato con nosotros. Para este reembolso, utilizamos los mismos medios de pago que utiliz\u00f3 en la transacci\u00f3n original, a menos que se acuerde lo contrario con usted; En ning\u00fan caso se le cobrar\u00e1 por estas tarifas de reembolso.<\/p>\n<p>Podemos rechazar el reembolso hasta que hayamos recibido los bienes o hasta que hayas comprobado que has devuelto los bienes, lo que ocurra primero.<\/p>\n<p>Debe devolvernos la mercanc\u00eda de inmediato y, en cualquier caso, a m\u00e1s tardar catorce d\u00edas a partir de la fecha en que nos comunique la cancelaci\u00f3n de este contrato. La fecha l\u00edmite se cumple si env\u00eda la mercanc\u00eda antes de la fecha l\u00edmite de catorce d\u00edas.<\/p>\n<p>Nosotros asumimos el costo de devolver los productos.<\/p>\n<p>Solo debe pagar por una posible p\u00e9rdida en el valor de los bienes, si esta p\u00e9rdida de valor se debe a un manejo que no es necesario para el examen de la naturaleza, caracter\u00edsticas y funcionamiento de los bienes.<\/p>\n<p>&nbsp;<\/p>\n<p><strong>Razones de exclusi\u00f3n o extinci\u00f3n<\/strong><\/p>\n<p>El derecho de desistimiento no existe con los contratos<\/p>\n<ul>\n<li>para el suministro de bienes que no son prefabricados y para la fabricaci\u00f3n de los cuales es autorizada una selecci\u00f3n o provisi\u00f3n individual por el consumidor o que est\u00e1n claramente adaptados a las necesidades personales del consumidor<\/li>\n<li>para entregar productos que pueden deteriorarse r\u00e1pidamente o cuya fecha de vencimiento se exceder\u00e1 r\u00e1pidamente<\/li>\n<li>el suministro de bebidas alcoh\u00f3licas, el precio ha sido acordado en el contrato, pero puede ser entregado antes de 30 d\u00edas despu\u00e9s de la conclusi\u00f3n del contrato depende del valor actual de las fluctuaciones en el mercado en el que el control del empresario<\/li>\n<li>para la entrega de peri\u00f3dicos, publicaciones peri\u00f3dicas o revistas, con excepci\u00f3n de los contratos de suscripci\u00f3n.<\/li>\n<\/ul>\n<p>&nbsp;<\/p>\n<p>El derecho de revocaci\u00f3n vence temprano en los contratos<\/p>\n<ul>\n<li>para la entrega de productos sellados que no son aptos para el retorno por razones de salud o higiene si su sello se ha eliminado despu\u00e9s de la entrega<\/li>\n<li>para la entrega de bienes, si, por su naturaleza, se mezclan inseparablemente con otros productos despu\u00e9s de la entrega<\/li>\n<li>para la entrega de grabaciones de sonido o video o software de computadora en un paquete sellado, cuando el sello se ha eliminado despu\u00e9s de la entrega.<\/li>\n<\/ul>\n<p>[\/vc_column_text][\/vc_column][\/vc_row][vc_row][vc_column][vc_separator color=&#8221;custom&#8221; accent_color=&#8221;#00957e&#8221;][\/vc_column][\/vc_row][vc_row][vc_column][vc_column_text el_class=&#8221;li-check&#8221;]<\/p>\n<h2>Modelo de formulario de desistimiento<\/h2>\n<p>Si desea cancelar el contrato, complete este formulario y env\u00edenoslo.<\/p>\n<p>&nbsp;<\/p>\n<p><strong>Direcci\u00f3n:<\/strong><\/p>\n<p><strong>MKW Lasersystem GmbH<\/strong><br \/>\nLandstra\u00dfe 67<br \/>\n76547 Sinzheim\/Baden-Baden\/Alemania<br \/>\nTelef\u00f3no: +49 7221-98 83 91<br \/>\nFax: +49 7221 98 83 93<br \/>\nE-Mail:\u00a0<a href=\"mailto:mkw@mkw-laser.de\">mkw@mkw-laser.de<\/a><\/p>\n<p>&nbsp;<\/p>\n<p><strong>Contenido:<\/strong><\/p>\n<p>Yo \/ nosotros (*) revoco el contrato celebrado por m\u00ed \/ nosotros (*) para la compra de los siguientes productos (*) \/<br \/>\nla provisi\u00f3n del siguiente servicio (*)<\/p>\n<ul>\n<li>Nombre del consumidor (s)<\/li>\n<li>Direcci\u00f3n del consumidor (s)<\/li>\n<li>Pedido en (*) \/ recibido en (*)<\/li>\n<li>Firma del consumidor (*) (solo cuando se notifica en papel)<\/li>\n<li>Fecha<\/li>\n<\/ul>\n<p>(*) eliminar seg\u00fan corresponda[\/vc_column_text][\/vc_column][\/vc_row]<\/p>\n<\/div>","protected":false},"excerpt":{"rendered":"<p>[vc_row][vc_column][vc_column_text el_class=&#8221;li-strich&#8221;]MKW Lasersystem GmbH Landstra\u00dfe 67 76547 Sinzheim\/Baden-Baden\/Alemania Telef\u00f3no: +49 7221-98 83 91 Fax: +49 7221 98 83 93 E-Mail: mkw@mkw-laser.de &nbsp; Registro: Amtsgericht Mannheim, HRB 210841 USt.-Id.-Nr. DE 143463811 &nbsp; CEO: Socio gerente:\u00a0Uwe Kirchenbauer &nbsp; Nota sobre protecci\u00f3n de datos Nuestra pol\u00edtica de privacidad se puede encontrar en la\u00a0Declaraci\u00f3n De Privacidad. &nbsp; &nbsp; Pol\u00edtica&hellip;<\/p>\n","protected":false},"author":1,"featured_media":0,"parent":0,"menu_order":1000,"comment_status":"closed","ping_status":"closed","template":"","meta":{"footnotes":"","_links_to":"","_links_to_target":""},"class_list":["post-3137","page","type-page","status-publish","hentry","description-off"],"_links":{"self":[{"href":"https:\/\/www.mkw-laser.de\/es\/wp-json\/wp\/v2\/pages\/3137","targetHints":{"allow":["GET"]}}],"collection":[{"href":"https:\/\/www.mkw-laser.de\/es\/wp-json\/wp\/v2\/pages"}],"about":[{"href":"https:\/\/www.mkw-laser.de\/es\/wp-json\/wp\/v2\/types\/page"}],"author":[{"embeddable":true,"href":"https:\/\/www.mkw-laser.de\/es\/wp-json\/wp\/v2\/users\/1"}],"replies":[{"embeddable":true,"href":"https:\/\/www.mkw-laser.de\/es\/wp-json\/wp\/v2\/comments?post=3137"}],"version-history":[{"count":0,"href":"https:\/\/www.mkw-laser.de\/es\/wp-json\/wp\/v2\/pages\/3137\/revisions"}],"wp:attachment":[{"href":"https:\/\/www.mkw-laser.de\/es\/wp-json\/wp\/v2\/media?parent=3137"}],"curies":[{"name":"wp","href":"https:\/\/api.w.org\/{rel}","templated":true}]}}