{"id":3606,"date":"2018-07-16T11:31:58","date_gmt":"2018-07-16T09:31:58","guid":{"rendered":"http:\/\/www.mkw-laser.de\/?page_id=3606"},"modified":"2020-06-15T20:28:13","modified_gmt":"2020-06-15T18:28:13","slug":"ducha-laser-powertwin-21-plus","status":"publish","type":"page","link":"https:\/\/www.mkw-laser.de\/es\/medicina-humana\/ducha-laser-powertwin-21-plus","title":{"rendered":"Ducha l\u00e1ser PowerTwin 21+"},"content":{"rendered":"<div class=\"wpb-content-wrapper\"><p>[vc_row][vc_column][vc_single_image image=&#8221;4898&#8243; img_size=&#8221;full&#8221; css=&#8221;.vc_custom_1592245687965{margin-top: 0px !important;margin-right: 0px !important;margin-bottom: 30px !important;margin-left: 0px !important;padding-top: 0px !important;padding-right: 0px !important;padding-left: 0px !important;}&#8221;][vc_empty_space height=&#8221;35px&#8221;][vc_row_inner css=&#8221;.vc_custom_1523533034292{margin-bottom: 0px !important;padding-bottom: 0px !important;}&#8221;][vc_column_inner width=&#8221;1\/3&#8243; css=&#8221;.vc_custom_1523445157664{padding-top: 5px !important;}&#8221;][vc_single_image image=&#8221;5952&#8243; img_size=&#8221;full&#8221; style=&#8221;vc_box_border&#8221; onclick=&#8221;zoom&#8221;][vc_media_grid element_width=&#8221;3&#8243; gap=&#8221;15&#8243; grid_id=&#8221;vc_gid:1592245649069-5a42fb9d-c3ff-4&#8243; include=&#8221;4057,3629,3632,5805&#8243;][\/vc_column_inner][vc_column_inner width=&#8221;2\/3&#8243; css=&#8221;.vc_custom_1540802886158{padding-left: 56px !important;}&#8221;][vc_column_text el_class=&#8221;li-check&#8221;]<\/p>\n<h3>DUCHA L\u00c1SER POWERTWIN 21+<\/h3>\n<p><span style=\"color: #808080;\">Tambi\u00e9n ideal para aplicaciones especiales<\/span><\/p>\n<p>&nbsp;<\/p>\n<ul>\n<li>Doble potencia de l\u00e1ser en la misma superficie de tama\u00f1o<\/li>\n<li>21 potentes diodos l\u00e1ser: 100 mW \/ diodo l\u00e1ser<\/li>\n<li>La densidad de l\u00e1ser m\u00e1s alta en el \u00e1rea de tratamiento de 55 cm\u00b2<\/li>\n<li>Par\u00e1metros de l\u00e1ser ajustables individualmente<\/li>\n<li>Serie de frecuencia preprogramada<\/li>\n<li>Bandas de frecuencia Autorun<\/li>\n<li>Visualizaci\u00f3n de la configuraci\u00f3n seleccionada en la pantalla a color<\/li>\n<li>Adaptador para trabajo higi\u00e9nico y r\u00e1pido<\/li>\n<li>Se puede convertir en un peine l\u00e1ser haciendo clic<\/li>\n<\/ul>\n<p>&nbsp;<\/p>\n<p>Diferentes adaptadores intercambiables y un software de precisi\u00f3n hacen diferentes posibles<br \/>\nLos tratamientos con l\u00e1ser. Ahora tambi\u00e9n con FI Autorun para la mejor facilidad de uso posible.[\/vc_column_text][\/vc_column_inner][\/vc_row_inner][vc_empty_space height=&#8221;35px&#8221;][vc_row_inner css=&#8221;.vc_custom_1523533034292{margin-bottom: 0px !important;padding-bottom: 0px !important;}&#8221;][vc_column_inner width=&#8221;1\/2&#8243; css=&#8221;.vc_custom_1523445157664{padding-top: 5px !important;}&#8221;][vc_raw_html]PGlmcmFtZSBzcmM9Imh0dHBzOi8vcGxheWVyLnZpbWVvLmNvbS92aWRlby8zNzU0MTc1NDY\/YXV0b3BsYXk9MSZhbXA7bG9vcD0xJmFtcDthdXRvcGF1c2U9MCIgd2lkdGg9IjY0MCIgaGVpZ2h0PSIzNjAiIGZyYW1lYm9yZGVyPSIwIiBhbGxvd2Z1bGxzY3JlZW49ImFsbG93ZnVsbHNjcmVlbiI+PC9pZnJhbWU+[\/vc_raw_html][\/vc_column_inner][vc_column_inner width=&#8221;1\/2&#8243;][\/vc_column_inner][\/vc_row_inner][vc_separator color=&#8221;custom&#8221; accent_color=&#8221;rgba(0,149,126,0.5)&#8221; css=&#8221;.vc_custom_1523533006806{margin-top: 50px !important;margin-bottom: 60px !important;padding-top: 0px !important;padding-bottom: 0px !important;}&#8221;][vc_column_text]<\/p>\n<h2 style=\"text-align: left;\">UNA NUEVA ERA<\/h2>\n<p>[\/vc_column_text][vc_row_inner][vc_column_inner width=&#8221;7\/12&#8243;][vc_column_text]<\/p>\n<h4 class=\"bodytext\">La nueva ducha l\u00e1ser PowerTwin 21+ dobla su capacidad l\u00e1ser a 2.100mV <b><br \/>\n<\/b><\/h4>\n<p class=\"bodytext\">As\u00ed, este modelo l\u00e1ser alcanza una de las mejores capacidades bajo los sistemas l\u00e1ser de baja energ\u00eda, con una superficie constante de 55cm\u00b2.<\/p>\n<p class=\"bodytext\">Ad\u00e9mas, la caja de la <strong>ducha l\u00e1ser PowerTwin 21+<\/strong> ha sido dise\u00f1ado de nueva fac\u00f3n:<br \/>\nLa refrigeraci\u00f3n de los diodos de alto rendimiento mediante ventiladores y aletas de refrigeraci\u00f3n permiten un tratamiento eficaz.<\/p>\n<p class=\"bodytext\">La duraci\u00f3n de la terapia se puede as\u00ed acortar claramente y la luz l\u00e1ser se puede penetrar m\u00e1s profundamente en el tejido tratado!<\/p>\n<p>[\/vc_column_text][vc_single_image image=&#8221;3554&#8243; img_size=&#8221;full&#8221; alignment=&#8221;center&#8221; style=&#8221;vc_box_border&#8221; css=&#8221;.vc_custom_1530783346840{margin-top: 0px !important;margin-right: 0px !important;margin-bottom: 30px !important;margin-left: 0px !important;padding-top: 0px !important;padding-right: 0px !important;padding-left: 0px !important;}&#8221;][\/vc_column_inner][vc_column_inner width=&#8221;5\/12&#8243;][vc_single_image image=&#8221;4063&#8243; img_size=&#8221;full&#8221; onclick=&#8221;zoom&#8221;][\/vc_column_inner][\/vc_row_inner][vc_empty_space][vc_column_text css=&#8221;.vc_custom_1544534915862{border-top-width: 3px !important;border-right-width: 3px !important;border-bottom-width: 3px !important;border-left-width: 3px !important;padding-top: 8px !important;padding-right: 8px !important;padding-bottom: 8px !important;padding-left: 8px !important;border-left-color: rgba(0,149,126,0.5) !important;border-left-style: solid !important;border-right-color: rgba(0,149,126,0.5) !important;border-right-style: solid !important;border-top-color: rgba(0,149,126,0.5) !important;border-top-style: solid !important;border-bottom-color: rgba(0,149,126,0.5) !important;border-bottom-style: solid !important;border-radius: 3px !important;}&#8221;]<\/p>\n<h2 style=\"text-align: left;\">EL CLOU<\/h2>\n<p>Con un simple clic, la ducha l\u00e1ser se puede convertir en un peine l\u00e1ser en pocos segundos y sin p\u00e9rdidas en la l\u00ednea de suministro. De esta manera, incluso la piel muy peluda se puede tratar sin ning\u00fan problema.[\/vc_column_text][vc_empty_space][\/vc_column][\/vc_row][vc_row][vc_column][vc_tta_accordion color=&#8221;green&#8221; c_icon=&#8221;chevron&#8221; active_section=&#8221;-1&#8243; collapsible_all=&#8221;true&#8221;][vc_tta_section title=&#8221;Ideal para aplicaciones especiales&#8221; tab_id=&#8221;1536155877856-77b1b9cd-cdd8&#8243;][vc_column_text]Para aplicaciones especiales puede ajustarse la <strong>ducha de l\u00e1ser PowerTwin 21+<\/strong> en forma individual. La dosis de tratamiento, el modo de servicio as\u00ed como la duraci\u00f3n de la terapia se indican en el display crom\u00e1tico. Aparte del modo de servicio CW (raya permanente) y el probado espectro de frecuencias m\u00faltiples, se encuentran preajustados programas de frecuencia adicionales (como por ejemplo frecuencias Nogier, Bahr, Chakra y de Reininger). Otras frecuencias pueden elegirse libremente, siendo programas en 10 posiciones de memoria.<\/p>\n<p>&nbsp;<\/p>\n<h4>Existen dos versiones de la ducha l\u00e1ser PowerTwin:<\/h4>\n<p>\u2013 \u00a0 \u00a0 PowerTwin 21 capacidad total de los diodos 1.050 mV ( 21 x 50 mV )<br \/>\n\u2013 \u00a0 \u00a0 PowerTwin 21+ capacidad total de los diodos 2.100 mV ( 21 x 100 mV )[\/vc_column_text][\/vc_tta_section][\/vc_tta_accordion][vc_tta_accordion color=&#8221;green&#8221; c_icon=&#8221;chevron&#8221; active_section=&#8221;-1&#8243; collapsible_all=&#8221;true&#8221;][vc_tta_section title=&#8221;Descripti\u00f3n del aparato&#8221; tab_id=&#8221;1536155800666-9510d675-246f&#8221;][vc_column_text el_class=&#8221;li-check&#8221;]<\/p>\n<h4>Ducha L\u00e1ser PowerTwin 21+<\/h4>\n<ul>\n<li>21 diodos l\u00e1ser irradian una superficie de 55 cm 2 con alta densidad l\u00e1ser<\/li>\n<li>Movilidad ilimitada a trav\u00e9s de conexi\u00f3n directa a la red (100 V &#8211; 240 V ~)<\/li>\n<li>Cuatro diodos rojos limitan el \u00e1rea de tratamiento<\/li>\n<li>Potencia de diodo total 1.050 mW (21 x 50 mW) &#8211; 785 nm o 2.100 mW (21 x 100 mW) &#8211; 808 nm<\/li>\n<li>Par\u00e1metros de l\u00e1ser ajustables<\/li>\n<li>Adaptador con vidrio protector integrado<\/li>\n<li>Frecuencias CW, multifrecuencia, Nogier, Bahr, Reininger<\/li>\n<li>Frecuencias libremente seleccionables<\/li>\n<li>Pantalla a color<\/li>\n<li>Puede ser readaptado por ducha l\u00e1ser en peine l\u00e1ser<\/li>\n<li>Central el\u00e9ctrica opcional para funcionamiento fuera de la red<\/li>\n<\/ul>\n<p>[\/vc_column_text][\/vc_tta_section][\/vc_tta_accordion][vc_tta_accordion color=&#8221;green&#8221; c_icon=&#8221;chevron&#8221; active_section=&#8221;-1&#8243; collapsible_all=&#8221;true&#8221;][vc_tta_section title=&#8221;Hoja de producto&#8221; tab_id=&#8221;1536155944262-ff7adce4-0812&#8243;][vc_column_text]<a href=\"https:\/\/www.mkw-laser.de\/wp-content\/uploads\/2018\/09\/RZ_Flyer_PowerTwin_21plus_2017_mkw_human_engl.pdf\" target=\"_blank\" rel=\"noopener noreferrer\">Ver hoja de producto<\/a><\/p>\n<p>[\/vc_column_text][\/vc_tta_section][\/vc_tta_accordion][vc_empty_space height=&#8221;64px&#8221;][\/vc_column][\/vc_row][vc_row][vc_column width=&#8221;1\/4&#8243;][\/vc_column][vc_column width=&#8221;1\/2&#8243;][vc_column_text]<\/p>\n<p style=\"text-align: center;\"><a class=\"button angebot\" title=\"Pedier aqu\u00ed una oferta\" href=\"https:\/\/www.mkw-laser.de\/es\/?page_id=8034\">Pedier aqu\u00ed una oferta<\/a><\/p>\n<p>[\/vc_column_text][\/vc_column][vc_column width=&#8221;1\/4&#8243;][\/vc_column][\/vc_row]<\/p>\n<\/div>","protected":false},"excerpt":{"rendered":"<p>La nueva generaci\u00f3n de la ducha l\u00e1ser. 21 diodos l\u00e1ser irradian con una densidad l\u00e1ser m\u00e1xima una superficie de 55 cm\u00b2. Con adaptador de cambio para un trabajo r\u00e1pido e higi\u00e9nico.<\/p>\n","protected":false},"author":15,"featured_media":536,"parent":1762,"menu_order":11,"comment_status":"closed","ping_status":"closed","template":"","meta":{"footnotes":"","_links_to":"","_links_to_target":""},"class_list":["post-3606","page","type-page","status-publish","has-post-thumbnail","hentry","description-off"],"_links":{"self":[{"href":"https:\/\/www.mkw-laser.de\/es\/wp-json\/wp\/v2\/pages\/3606","targetHints":{"allow":["GET"]}}],"collection":[{"href":"https:\/\/www.mkw-laser.de\/es\/wp-json\/wp\/v2\/pages"}],"about":[{"href":"https:\/\/www.mkw-laser.de\/es\/wp-json\/wp\/v2\/types\/page"}],"author":[{"embeddable":true,"href":"https:\/\/www.mkw-laser.de\/es\/wp-json\/wp\/v2\/users\/15"}],"replies":[{"embeddable":true,"href":"https:\/\/www.mkw-laser.de\/es\/wp-json\/wp\/v2\/comments?post=3606"}],"version-history":[{"count":0,"href":"https:\/\/www.mkw-laser.de\/es\/wp-json\/wp\/v2\/pages\/3606\/revisions"}],"up":[{"embeddable":true,"href":"https:\/\/www.mkw-laser.de\/es\/wp-json\/wp\/v2\/pages\/1762"}],"wp:featuredmedia":[{"embeddable":true,"href":"https:\/\/www.mkw-laser.de\/es\/wp-json\/wp\/v2\/media\/536"}],"wp:attachment":[{"href":"https:\/\/www.mkw-laser.de\/es\/wp-json\/wp\/v2\/media?parent=3606"}],"curies":[{"name":"wp","href":"https:\/\/api.w.org\/{rel}","templated":true}]}}