{"id":3739,"date":"2018-07-16T11:31:25","date_gmt":"2018-07-16T09:31:25","guid":{"rendered":"http:\/\/www.mkw-laser.de\/?page_id=3739"},"modified":"2025-12-19T09:28:01","modified_gmt":"2025-12-19T08:28:01","slug":"ducha-laser-powertwin-21","status":"publish","type":"page","link":"https:\/\/www.mkw-laser.de\/es\/medicina-humana\/ducha-laser-powertwin-21","title":{"rendered":"Ducha l\u00e1ser PowerTwin 21"},"content":{"rendered":"<div class=\"wpb-content-wrapper\"><p>[vc_row][vc_column][vc_single_image image=&#8221;34629&#8243; img_size=&#8221;full&#8221; css=&#8221;.vc_custom_1766132874368{margin-top: 0px !important;margin-right: 0px !important;margin-bottom: 30px !important;margin-left: 0px !important;padding-top: 0px !important;padding-right: 0px !important;padding-left: 0px !important;}&#8221;][vc_empty_space height=&#8221;25px&#8221;][vc_column_text]<\/p>\n<h2 style=\"text-align: left;\">Ducha l\u00e1ser PowerTwin 21<\/h2>\n<h4 class=\"bodytext\">El modo m\u00e1s innovador\u00a0de curar con luz<\/h4>\n<p>Ideal para la terapia l\u00e1ser de gran superficie[\/vc_column_text][vc_row_inner css=&#8221;.vc_custom_1523533034292{margin-bottom: 0px !important;padding-bottom: 0px !important;}&#8221;][vc_column_inner width=&#8221;1\/3&#8243; css=&#8221;.vc_custom_1712742687627{padding-top: 5px !important;}&#8221; offset=&#8221;vc_hidden-xs&#8221;][vc_single_image image=&#8221;3626&#8243; img_size=&#8221;full&#8221; style=&#8221;vc_box_border&#8221; onclick=&#8221;zoom&#8221;][vc_media_grid element_width=&#8221;3&#8243; gap=&#8221;15&#8243; grid_id=&#8221;vc_gid:1766132836757-fa3db9d4-a96c-10&#8243; include=&#8221;3623,5805,3629,3632&#8243;][\/vc_column_inner][vc_column_inner width=&#8221;2\/3&#8243; css=&#8221;.vc_custom_1712742699126{margin-left: 40px !important;}&#8221; offset=&#8221;vc_hidden-xs&#8221;][vc_column_text el_class=&#8221;li-check&#8221;]<\/p>\n<ul>\n<li>21 potentes diodos l\u00e1ser<\/li>\n<li>Alta densidad l\u00e1ser en \u00e1rea de tratamiento de 55 cm\u00b2<\/li>\n<li>Par\u00e1metros l\u00e1ser ajustables individualmente (potencia, programa, tiempo de terapia\/dosis)<br \/>\nPar\u00e1metros ajustables directamente en el aparato (manejo con una sola mano)<\/li>\n<li>9 series de frecuencias (Nogier, Bahr, Reininger, entre otras) preprogramadas<\/li>\n<li>13\u00a0bandas de FI\u00a0y 5 barridos en ejecuci\u00f3n autom\u00e1tica<\/li>\n<li>Visualizaci\u00f3n de la configuraci\u00f3n seleccionada en la pantalla a color<\/li>\n<li>Adaptador para trabajo higi\u00e9nico y r\u00e1pido<\/li>\n<li>Se puede convertir en un peine l\u00e1ser haciendo clic<\/li>\n<\/ul>\n<p>&nbsp;<\/p>\n<p>Un filtro de vidrio especial integrado en un adaptador intercambiable protege el<br \/>\nDiodos l\u00e1ser y contin\u00faa permitiendo un trabajo r\u00e1pido, higi\u00e9nico y seguro.[\/vc_column_text][\/vc_column_inner][\/vc_row_inner][vc_row_inner css=&#8221;.vc_custom_1523533034292{margin-bottom: 0px !important;padding-bottom: 0px !important;}&#8221;][vc_column_inner width=&#8221;1\/3&#8243; css=&#8221;.vc_custom_1712742721023{padding-top: 5px !important;}&#8221; offset=&#8221;vc_hidden-lg vc_hidden-md vc_hidden-sm&#8221;][vc_single_image image=&#8221;3626&#8243; img_size=&#8221;full&#8221; style=&#8221;vc_box_border&#8221; onclick=&#8221;zoom&#8221;][\/vc_column_inner][vc_column_inner width=&#8221;2\/3&#8243; offset=&#8221;vc_hidden-lg vc_hidden-md vc_hidden-sm&#8221;][vc_column_text el_class=&#8221;li-check&#8221;]<\/p>\n<ul>\n<li>21 potentes diodos l\u00e1ser<\/li>\n<li>Alta densidad l\u00e1ser en \u00e1rea de tratamiento de 55 cm\u00b2<\/li>\n<li>Par\u00e1metros l\u00e1ser ajustables individualmente (potencia, programa, tiempo de terapia\/dosis)<br \/>\nPar\u00e1metros ajustables directamente en el aparato (manejo con una sola mano)<\/li>\n<li>9 series de frecuencias (Nogier, Bahr, Reininger, entre otras) preprogramadas<\/li>\n<li>13\u00a0bandas de FI\u00a0y 5 barridos en ejecuci\u00f3n autom\u00e1tica<\/li>\n<li>Visualizaci\u00f3n de la configuraci\u00f3n seleccionada en la pantalla a color<\/li>\n<li>Adaptador para trabajo higi\u00e9nico y r\u00e1pido<\/li>\n<li>Se puede convertir en un peine l\u00e1ser haciendo clic<\/li>\n<\/ul>\n<p>&nbsp;<\/p>\n<p>Un filtro de vidrio especial integrado en un adaptador intercambiable protege el<br \/>\nDiodos l\u00e1ser y contin\u00faa permitiendo un trabajo r\u00e1pido, higi\u00e9nico y seguro.[\/vc_column_text][\/vc_column_inner][\/vc_row_inner][vc_row_inner css=&#8221;.vc_custom_1523533034292{margin-bottom: 0px !important;padding-bottom: 0px !important;}&#8221;][vc_column_inner width=&#8221;7\/12&#8243; css=&#8221;.vc_custom_1712743937828{padding-top: 5px !important;}&#8221; offset=&#8221;vc_hidden-xs&#8221;][vc_column_text]<\/p>\n<h2 style=\"text-align: left;\">VIDEO DE PRODUCTO<\/h2>\n<p>[\/vc_column_text][vc_video link=&#8221;https:\/\/vimeo.com\/512474956\/612d3406f1&#8243; css=&#8221;.vc_custom_1712744006552{margin-left: -20px !important;}&#8221;][\/vc_column_inner][vc_column_inner width=&#8221;5\/12&#8243; offset=&#8221;vc_hidden-lg vc_hidden-md vc_hidden-sm vc_hidden-xs&#8221;][vc_raw_html]JTNDaWZyYW1lJTIwc3JjJTNEJTIyaHR0cHMlM0ElMkYlMkZwbGF5ZXIudmltZW8uY29tJTJGdmlkZW8lMkY1MTI0NzQ5NTYlM0ZkbnQlM0QxJTIyJTIwd2lkdGglM0QlMjI2NDAlMjIlMjBoZWlnaHQlM0QlMjIzODQlMjIlMjBmcmFtZWJvcmRlciUzRCUyMjAlMjIlMjBhbGxvdyUzRCUyMmF1dG9wbGF5JTNCJTIwZnVsbHNjcmVlbiUzQiUyMHBpY3R1cmUtaW4tcGljdHVyZSUyMiUyMGFsbG93ZnVsbHNjcmVlbiUzRSUzQyUyRmlmcmFtZSUzRQ==[\/vc_raw_html][\/vc_column_inner][\/vc_row_inner][vc_row_inner css=&#8221;.vc_custom_1523533034292{margin-bottom: 0px !important;padding-bottom: 0px !important;}&#8221;][vc_column_inner width=&#8221;7\/12&#8243; css=&#8221;.vc_custom_1712743976822{padding-top: 5px !important;}&#8221; offset=&#8221;vc_hidden-lg vc_hidden-md vc_hidden-sm&#8221;][vc_column_text]<\/p>\n<h2 style=\"text-align: left;\">VIDEO DE PRODUCTO<\/h2>\n<p>[\/vc_column_text][vc_video link=&#8221;https:\/\/vimeo.com\/512474956\/612d3406f1&#8243; css=&#8221;.vc_custom_1712744031414{margin-left: -15px !important;}&#8221;][\/vc_column_inner][vc_column_inner width=&#8221;5\/12&#8243; offset=&#8221;vc_hidden-lg vc_hidden-md vc_hidden-sm vc_hidden-xs&#8221;][vc_raw_html]JTNDaWZyYW1lJTIwc3JjJTNEJTIyaHR0cHMlM0ElMkYlMkZwbGF5ZXIudmltZW8uY29tJTJGdmlkZW8lMkY1MTI0NzQ5NTYlM0ZkbnQlM0QxJTIyJTIwd2lkdGglM0QlMjI2NDAlMjIlMjBoZWlnaHQlM0QlMjIzODQlMjIlMjBmcmFtZWJvcmRlciUzRCUyMjAlMjIlMjBhbGxvdyUzRCUyMmF1dG9wbGF5JTNCJTIwZnVsbHNjcmVlbiUzQiUyMHBpY3R1cmUtaW4tcGljdHVyZSUyMiUyMGFsbG93ZnVsbHNjcmVlbiUzRSUzQyUyRmlmcmFtZSUzRQ==[\/vc_raw_html][\/vc_column_inner][\/vc_row_inner][vc_separator color=&#8221;custom&#8221; css=&#8221;.vc_custom_1523533006806{margin-top: 50px !important;margin-bottom: 60px !important;padding-top: 0px !important;padding-bottom: 0px !important;}&#8221; accent_color=&#8221;rgba(0,149,126,0.5)&#8221;][vc_column_text]<\/p>\n<h2 style=\"text-align: left;\">M\u00c1S LASER- M\u00c1S RENDIMIENTO &#8211; M\u00c1S \u00c1REA<\/h2>\n<p>[\/vc_column_text][vc_row_inner][vc_column_inner width=&#8221;7\/12&#8243;][vc_column_text]Muchas aplicaciones requieren una aplicaci\u00f3n de luz l\u00e1ser en \u00e1reas extensas. Este es un problema para los l\u00e1seres de punto cl\u00e1sicos y solo se puede hacer con gran esfuerzo, si es que lo hace.<\/p>\n<p>Ya en 1988, MKW desarroll\u00f3 la primera ducha l\u00e1ser del mundo para tratar grandes \u00e1reas. Esta metodolog\u00eda de tratamiento se ha desarrollado continuamente y encuentra su culminaci\u00f3n en la <strong>ducha l\u00e1ser PowerTwin 21<\/strong>.[\/vc_column_text][vc_single_image image=&#8221;3554&#8243; img_size=&#8221;full&#8221; alignment=&#8221;center&#8221; style=&#8221;vc_box_border&#8221; css=&#8221;.vc_custom_1530783346840{margin-top: 0px !important;margin-right: 0px !important;margin-bottom: 30px !important;margin-left: 0px !important;padding-top: 0px !important;padding-right: 0px !important;padding-left: 0px !important;}&#8221;][\/vc_column_inner][vc_column_inner width=&#8221;5\/12&#8243; offset=&#8221;vc_hidden-xs&#8221;][vc_single_image image=&#8221;3661&#8243; img_size=&#8221;full&#8221;][\/vc_column_inner][\/vc_row_inner][vc_empty_space][vc_column_text css=&#8221;.vc_custom_1544534737161{border-top-width: 3px !important;border-right-width: 3px !important;border-bottom-width: 3px !important;border-left-width: 3px !important;padding-top: 8px !important;padding-right: 8px !important;padding-bottom: 8px !important;padding-left: 8px !important;border-left-color: rgba(0,149,126,0.5) !important;border-left-style: solid !important;border-right-color: rgba(0,149,126,0.5) !important;border-right-style: solid !important;border-top-color: rgba(0,149,126,0.5) !important;border-top-style: solid !important;border-bottom-color: rgba(0,149,126,0.5) !important;border-bottom-style: solid !important;border-radius: 3px !important;}&#8221;]<\/p>\n<h2 style=\"text-align: left;\">EL CLOU<\/h2>\n<p>Con un simple clic, la ducha l\u00e1ser se puede convertir en un peine l\u00e1ser en pocos segundos y sin p\u00e9rdidas en la l\u00ednea de suministro. De esta manera, incluso la piel muy peluda se puede tratar sin ning\u00fan problema.[\/vc_column_text][vc_empty_space][\/vc_column][\/vc_row][vc_row][vc_column][vc_tta_accordion color=&#8221;green&#8221; c_icon=&#8221;chevron&#8221; active_section=&#8221;-1&#8243; collapsible_all=&#8221;true&#8221;][vc_tta_section title=&#8221;Ideal para aplicaciones especiales&#8221; tab_id=&#8221;1536153989223-a04bf755-9c2a&#8221;][vc_column_text]Para aplicaciones especiales puede ajustarse la\u00a0<strong>ducha de l\u00e1ser PowerTwin 21<\/strong>\u00a0en forma individual. La dosis de tratamiento, el modo de servicio as\u00ed como la duraci\u00f3n de la terapia se indican en el display crom\u00e1tico. Aparte del modo de servicio CW (raya permanente) y el probado espectro de frecuencias m\u00faltiples, se encuentran preajustados programas de frecuencia adicionales (como por ejemplo frecuencias Nogier, Bahr, Chakra y de Reininger). Otras frecuencias pueden elegirse libremente, siendo programas en 10 posiciones de memoria.<\/p>\n<p>&nbsp;<\/p>\n<h4>Existen dos versiones de la ducha l\u00e1ser PowerTwin:<\/h4>\n<p>\u2013 \u00a0 \u00a0 <a href=\"\/?page_id=16943\">PowerTwin21 XP5<\/a> capacidad total de los diodos 2.100 mV (21 x 100 mV)<br \/>\n\u2013 \u00a0 \u00a0 PowerTwin 21 capacidad total de los diodos 1.050 mV (21 x 50 mV)[\/vc_column_text][\/vc_tta_section][\/vc_tta_accordion][vc_tta_accordion color=&#8221;green&#8221; c_icon=&#8221;chevron&#8221; active_section=&#8221;-1&#8243; collapsible_all=&#8221;true&#8221;][vc_tta_section title=&#8221;Descripci\u00f3n del aparato&#8221; tab_id=&#8221;1536153197918-781aa00b-3498&#8243;][vc_column_text el_class=&#8221;li-check&#8221;]<\/p>\n<h4>Ducha l\u00e1ser PowerTwin 21<\/h4>\n<ul>\n<li>21 diodos l\u00e1ser irradian una superficie de 55 cm 2 con alta densidad l\u00e1ser<\/li>\n<li>Movilidad ilimitada a trav\u00e9s de conexi\u00f3n directa a la red (100 V &#8211; 240 V ~)<\/li>\n<li>Cuatro diodos rojos limitan el \u00e1rea de tratamiento<\/li>\n<li>Potencia de diodo total 1.050 mW (21 x 50 mW) &#8211; 785 nm o 2.100 mW (21 x 100 mW) &#8211; 808 nm<\/li>\n<li>Par\u00e1metros de l\u00e1ser ajustables<\/li>\n<li>Adaptador con vidrio protector integrado<\/li>\n<li>Frecuencias CW, multifrecuencia, Nogier, Bahr, Reininger<\/li>\n<li>Frecuencias libremente seleccionables<\/li>\n<li>Pantalla a color<\/li>\n<li>Puede ser readaptado por ducha l\u00e1ser en peine l\u00e1ser<\/li>\n<li>Central el\u00e9ctrica opcional para funcionamiento fuera de la red<\/li>\n<\/ul>\n<p>[\/vc_column_text][\/vc_tta_section][\/vc_tta_accordion][\/vc_column][\/vc_row][vc_row][vc_column][vc_empty_space height=&#8221;64px&#8221;][\/vc_column][\/vc_row][vc_row][vc_column width=&#8221;1\/4&#8243;][\/vc_column][vc_column width=&#8221;1\/2&#8243;][vc_column_text]<\/p>\n<p style=\"text-align: center;\"><a class=\"button angebot\" title=\"Pedier aqu\u00ed una oferta\" href=\"\/?page_id=2595\">Pedier aqu\u00ed una oferta<\/a><\/p>\n<p>[\/vc_column_text][\/vc_column][vc_column width=&#8221;1\/4&#8243;][\/vc_column][\/vc_row]<\/p>\n<\/div>","protected":false},"excerpt":{"rendered":"<p>La nueva generaci\u00f3n de la ducha l\u00e1ser. 21 diodos l\u00e1ser irradian con una densidad l\u00e1ser m\u00e1xima una superficie de 55 cm\u00b2. Con adaptador de cambio para un trabajo r\u00e1pido e higi\u00e9nico.<\/p>\n","protected":false},"author":15,"featured_media":3626,"parent":1762,"menu_order":11,"comment_status":"closed","ping_status":"closed","template":"","meta":{"footnotes":"","_links_to":"","_links_to_target":""},"class_list":["post-3739","page","type-page","status-publish","has-post-thumbnail","hentry","description-off"],"_links":{"self":[{"href":"https:\/\/www.mkw-laser.de\/es\/wp-json\/wp\/v2\/pages\/3739","targetHints":{"allow":["GET"]}}],"collection":[{"href":"https:\/\/www.mkw-laser.de\/es\/wp-json\/wp\/v2\/pages"}],"about":[{"href":"https:\/\/www.mkw-laser.de\/es\/wp-json\/wp\/v2\/types\/page"}],"author":[{"embeddable":true,"href":"https:\/\/www.mkw-laser.de\/es\/wp-json\/wp\/v2\/users\/15"}],"replies":[{"embeddable":true,"href":"https:\/\/www.mkw-laser.de\/es\/wp-json\/wp\/v2\/comments?post=3739"}],"version-history":[{"count":6,"href":"https:\/\/www.mkw-laser.de\/es\/wp-json\/wp\/v2\/pages\/3739\/revisions"}],"predecessor-version":[{"id":46177,"href":"https:\/\/www.mkw-laser.de\/es\/wp-json\/wp\/v2\/pages\/3739\/revisions\/46177"}],"up":[{"embeddable":true,"href":"https:\/\/www.mkw-laser.de\/es\/wp-json\/wp\/v2\/pages\/1762"}],"wp:featuredmedia":[{"embeddable":true,"href":"https:\/\/www.mkw-laser.de\/es\/wp-json\/wp\/v2\/media\/3626"}],"wp:attachment":[{"href":"https:\/\/www.mkw-laser.de\/es\/wp-json\/wp\/v2\/media?parent=3739"}],"curies":[{"name":"wp","href":"https:\/\/api.w.org\/{rel}","templated":true}]}}