{"id":3782,"date":"2018-07-16T11:06:37","date_gmt":"2018-07-16T09:06:37","guid":{"rendered":"http:\/\/www.mkw-laser.de\/?page_id=3782"},"modified":"2024-04-11T09:52:43","modified_gmt":"2024-04-11T07:52:43","slug":"laserpen-la-x-p500","status":"publish","type":"page","link":"https:\/\/www.mkw-laser.de\/es\/medicina-humana\/laserpen-la-x-p500","title":{"rendered":"Laserpen LA-X P500"},"content":{"rendered":"<div class=\"wpb-content-wrapper\"><p>[vc_row][vc_column][vc_single_image image=&#8221;34625&#8243; img_size=&#8221;full&#8221; css=&#8221;.vc_custom_1711024269276{margin-top: 0px !important;margin-right: 0px !important;margin-bottom: 30px !important;margin-left: 0px !important;padding-top: 0px !important;padding-right: 0px !important;padding-left: 0px !important;}&#8221;][vc_empty_space height=&#8221;25px&#8221;][vc_column_text]<\/p>\n<h2 style=\"text-align: left;\">Laserpen LA-X P500<\/h2>\n<h4 class=\"bodytext\">Terapia puntual con l\u00e1ser para todas las exigencias<\/h4>\n<p>Ideal para \u00e1reas peque\u00f1as[\/vc_column_text][vc_row_inner css=&#8221;.vc_custom_1523533034292{margin-bottom: 0px !important;padding-bottom: 0px !important;}&#8221;][vc_column_inner width=&#8221;1\/3&#8243; css=&#8221;.vc_custom_1712821662674{padding-top: 5px !important;}&#8221; offset=&#8221;vc_hidden-xs&#8221;][vc_single_image image=&#8221;4156&#8243; img_size=&#8221;full&#8221; style=&#8221;vc_box_border&#8221; onclick=&#8221;zoom&#8221;][vc_media_grid element_width=&#8221;3&#8243; gap=&#8221;15&#8243; grid_id=&#8221;vc_gid:1712820931787-bb09d2e8-128f-5&#8243; include=&#8221;3975,3799,3796,3793&#8243;][\/vc_column_inner][vc_column_inner width=&#8221;2\/3&#8243; css=&#8221;.vc_custom_1712821650844{margin-left: 40px !important;}&#8221; offset=&#8221;vc_hidden-xs&#8221;][vc_column_text el_class=&#8221;li-check&#8221;]<\/p>\n<ul>\n<li>808 nm \u2013 500 mW (ajustable de 50 mW \u2013 500 mW en pasos de 50 mW)<\/li>\n<li>Gu\u00edas de luz intercambiables para diferentes aplicaciones<\/li>\n<li>Con lente gran angular<\/li>\n<li>Potencia, modo, tiempo de terapia\/dosis ajustables<\/li>\n<li>Series de frecuencias preprogramadas (p. ej. Nogier, Bahr, Reininger)<\/li>\n<li>Con paquete de software 5.X (ejecuci\u00f3n autom\u00e1tica de <a href=\"\/?page_id=5962\" target=\"_blank\" rel=\"noopener\">bandas FI<\/a> y barridos)<\/li>\n<li>Libre selecci\u00f3n de frecuencias &#8211; 20 posiciones de memoria adicionales<\/li>\n<li>Bater\u00edas recargables NIMH reemplazables con estaci\u00f3n de carga<\/li>\n<\/ul>\n<p>&nbsp;<\/p>\n<p class=\"p1\"><span class=\"s1\">Con los <b>Laserpen LA-X P-Series<\/b>, la \u00faltima referencia t\u00e9cnica se ha creado despu\u00e9s del exitoso lanzamiento del proceso de usuario hace m\u00e1s de una d\u00e9cada.<\/span><\/p>\n<p class=\"p1\"><span class=\"s1\">Desde el ajuste de los par\u00e1metros del l\u00e1ser a trav\u00e9s de programas de frecuencia fija y frecuencias libremente ajustables hasta la b\u00fasqueda de punto de acupuntura de alta resoluci\u00f3n a trav\u00e9s del dispositivo, el terapeuta recibe literalmente un espectro \u00f3ptimo de terapia l\u00e1ser moderna.<\/span><\/p>\n<p>[\/vc_column_text][\/vc_column_inner][\/vc_row_inner][vc_row_inner css=&#8221;.vc_custom_1523533034292{margin-bottom: 0px !important;padding-bottom: 0px !important;}&#8221;][vc_column_inner width=&#8221;1\/3&#8243; css=&#8221;.vc_custom_1712821733200{padding-top: 5px !important;}&#8221; offset=&#8221;vc_hidden-lg vc_hidden-md vc_hidden-sm&#8221;][vc_single_image image=&#8221;4156&#8243; img_size=&#8221;full&#8221; style=&#8221;vc_box_border&#8221; onclick=&#8221;zoom&#8221;][\/vc_column_inner][vc_column_inner width=&#8221;2\/3&#8243; offset=&#8221;vc_hidden-lg vc_hidden-md vc_hidden-sm&#8221;][vc_column_text el_class=&#8221;li-check&#8221;]<\/p>\n<ul>\n<li>808 nm \u2013 500 mW (ajustable de 50 mW \u2013 500 mW en pasos de 50 mW)<\/li>\n<li>Gu\u00edas de luz intercambiables para diferentes aplicaciones<\/li>\n<li>Con lente gran angular<\/li>\n<li>Potencia, modo, tiempo de terapia\/dosis ajustables<\/li>\n<li>Series de frecuencias preprogramadas (p. ej. Nogier, Bahr, Reininger)<\/li>\n<li>Con paquete de software 5.X (ejecuci\u00f3n autom\u00e1tica de <a href=\"\/?page_id=5962\" target=\"_blank\" rel=\"noopener\">bandas FI<\/a> y barridos)<\/li>\n<li>Libre selecci\u00f3n de frecuencias &#8211; 20 posiciones de memoria adicionales<\/li>\n<li>Bater\u00edas recargables NIMH reemplazables con estaci\u00f3n de carga<\/li>\n<\/ul>\n<p>&nbsp;<\/p>\n<p class=\"p1\"><span class=\"s1\">Con los <b>Laserpen LA-X P-Series<\/b>, la \u00faltima referencia t\u00e9cnica se ha creado despu\u00e9s del exitoso lanzamiento del proceso de usuario hace m\u00e1s de una d\u00e9cada.<\/span><\/p>\n<p class=\"p1\"><span class=\"s1\">Desde el ajuste de los par\u00e1metros del l\u00e1ser a trav\u00e9s de programas de frecuencia fija y frecuencias libremente ajustables hasta la b\u00fasqueda de punto de acupuntura de alta resoluci\u00f3n a trav\u00e9s del dispositivo, el terapeuta recibe literalmente un espectro \u00f3ptimo de terapia l\u00e1ser moderna.<\/span><\/p>\n<p>[\/vc_column_text][\/vc_column_inner][\/vc_row_inner][vc_row_inner css=&#8221;.vc_custom_1523533034292{margin-bottom: 0px !important;padding-bottom: 0px !important;}&#8221;][vc_column_inner width=&#8221;7\/12&#8243; css=&#8221;.vc_custom_1712821851784{padding-top: 5px !important;}&#8221; offset=&#8221;vc_hidden-xs&#8221;][vc_column_text]<\/p>\n<h2 style=\"text-align: left;\"><span class=\"s1\"><b>VIDEO SOBRE EL PRODUCTO<\/b><\/span><\/h2>\n<p>[\/vc_column_text][vc_raw_html]JTNDaWZyYW1lJTIwc3JjJTNEJTIyaHR0cHMlM0ElMkYlMkZwbGF5ZXIudmltZW8uY29tJTJGdmlkZW8lMkY1MjA4NDc3NzglMjIlMjB3aWR0aCUzRCUyMjY0MCUyMiUyMGhlaWdodCUzRCUyMjM2MCUyMiUyMGZyYW1lYm9yZGVyJTNEJTIyMCUyMiUyMGFsbG93JTNEJTIyYXV0b3BsYXklM0IlMjBmdWxsc2NyZWVuJTNCJTIwcGljdHVyZS1pbi1waWN0dXJlJTIyJTIwYWxsb3dmdWxsc2NyZWVuJTNFJTNDJTJGaWZyYW1lJTNF[\/vc_raw_html][\/vc_column_inner][vc_column_inner width=&#8221;5\/12&#8243;][\/vc_column_inner][\/vc_row_inner][vc_row_inner css=&#8221;.vc_custom_1523533034292{margin-bottom: 0px !important;padding-bottom: 0px !important;}&#8221;][vc_column_inner width=&#8221;7\/12&#8243; css=&#8221;.vc_custom_1712821866881{padding-top: 5px !important;}&#8221; offset=&#8221;vc_hidden-lg vc_hidden-md vc_hidden-sm&#8221;][vc_column_text]<\/p>\n<h2 style=\"text-align: left;\"><span class=\"s1\"><b>VIDEO SOBRE EL PRODUCTO<\/b><\/span><\/h2>\n<p>[\/vc_column_text][vc_raw_html]JTNDaWZyYW1lJTIwc3JjJTNEJTIyaHR0cHMlM0ElMkYlMkZwbGF5ZXIudmltZW8uY29tJTJGdmlkZW8lMkY1MjA4NDc3NzglMjIlMjB3aWR0aCUzRCUyMjY0MCUyMiUyMGhlaWdodCUzRCUyMjIwMCUyMiUyMGZyYW1lYm9yZGVyJTNEJTIyMCUyMiUyMGFsbG93JTNEJTIyYXV0b3BsYXklM0IlMjBmdWxsc2NyZWVuJTNCJTIwcGljdHVyZS1pbi1waWN0dXJlJTIyJTIwYWxsb3dmdWxsc2NyZWVuJTNFJTNDJTJGaWZyYW1lJTNF[\/vc_raw_html][\/vc_column_inner][vc_column_inner width=&#8221;5\/12&#8243;][\/vc_column_inner][\/vc_row_inner][\/vc_column][\/vc_row][vc_row][vc_column offset=&#8221;vc_hidden-xs&#8221;][vc_separator color=&#8221;custom&#8221; accent_color=&#8221;rgba(0,149,126,0.5)&#8221; css=&#8221;.vc_custom_1523533006806{margin-top: 50px !important;margin-bottom: 60px !important;padding-top: 0px !important;padding-bottom: 0px !important;}&#8221;][\/vc_column][\/vc_row][vc_row][vc_column][vc_column_text]<\/p>\n<h2 style=\"text-align: left;\"><span class=\"s1\"><b>TERAPIA L\u00c1SER PUNTUAL &#8211; MANEJO F\u00c1CIL<\/b><\/span><\/h2>\n<p>[\/vc_column_text][\/vc_column][\/vc_row][vc_row][vc_column width=&#8221;7\/12&#8243; offset=&#8221;vc_hidden-xs&#8221;][vc_column_text el_class=&#8221;li-strich&#8221;]<\/p>\n<p class=\"p1\"><span class=\"s1\">El <b>Laserpen LA-X P500<\/b>\u00a0es adecuado para \u00e1reas peque\u00f1as y la terapia puntual de l\u00e1ser puntual, especialmente para el tratamiento del dolor, el desencadenante y los puntos de acupuntura.<\/span><\/p>\n<p>&nbsp;<\/p>\n<p>[\/vc_column_text][vc_empty_space height=&#8221;70px&#8221;][vc_tta_accordion color=&#8221;green&#8221; c_icon=&#8221;chevron&#8221; active_section=&#8221;-1&#8243; collapsible_all=&#8221;true&#8221;][vc_tta_section title=&#8221;Descripci\u00f3n del aparato&#8221; tab_id=&#8221;1536155272171-58af2c67-5924&#8243;][vc_column_text el_class=&#8221;li-check&#8221;]<\/p>\n<h4>LASERPEN LA-X P500<\/h4>\n<ul>\n<li class=\"li1\"><span class=\"s1\">808 nm &#8211; 500 mW (otras potencias y longitudes de onda bajo pedido)<\/span><\/li>\n<li class=\"li1\"><span class=\"s1\">Par\u00e1metros de l\u00e1ser ajustables<\/span><\/li>\n<li class=\"li1\"><span class=\"s1\">Modos de funcionamiento: CW, multifrecuencia, todas las series de frecuencias comunes preprogramadas<\/span><\/li>\n<li class=\"li1\"><span class=\"s1\">Frecuencias libremente programables 0.1 a 10.000 Hz &#8211; 20 ubicaciones de memoria<\/span><\/li>\n<li class=\"li1\"><span class=\"s1\">Ajuste del tiempo de terapia o dosis<\/span><\/li>\n<li class=\"li1\"><span class=\"s1\">C\u00e1lculo autom\u00e1tico del tiempo de terapia a la dosis preestablecida<\/span><\/li>\n<li class=\"li1\"><span class=\"s1\">Sonido cada 20 segundos, as\u00ed como sonido de 3 veces al apagar (la se\u00f1al de sonido tambi\u00e9n se puede apagar)<\/span><\/li>\n<li class=\"li1\"><span class=\"s1\">Gu\u00eda de usuario simple para configurar \/ recuperar los par\u00e1metros<\/span><\/li>\n<li class=\"li1\"><span class=\"s1\">Visualizaci\u00f3n de valores mediante visualizaci\u00f3n gr\u00e1fica<\/span><\/li>\n<li class=\"li1\"><span class=\"s1\">Funci\u00f3n de memoria de los \u00faltimos valores almacenados<\/span><\/li>\n<li class=\"li1\"><span class=\"s1\">B\u00fasqueda de puntos de alta resoluci\u00f3n 0 &#8211; 100% con pantalla \u00f3ptica y ac\u00fastica<\/span><\/li>\n<li class=\"li1\"><span class=\"s1\">Activaci\u00f3n manual y autom\u00e1tica de la terapia con l\u00e1ser<\/span><\/li>\n<li class=\"li1\"><span class=\"s1\">Pantalla gr\u00e1fica iluminada para mostrar todos los par\u00e1metros del l\u00e1ser<\/span><\/li>\n<li class=\"li1\"><span class=\"s1\">Apagado autom\u00e1tico cuando no est\u00e9 en uso<\/span><\/li>\n<li class=\"li1\"><span class=\"s1\">Protecci\u00f3n de encendido (pin de seguridad)<\/span><\/li>\n<li class=\"li1\"><span class=\"s1\">Cabezal especial para gu\u00edas de luz intercambiables<\/span><\/li>\n<li class=\"li1\"><span class=\"s1\">Carcasa moldeada por inyecci\u00f3n con dise\u00f1o ergon\u00f3mico<\/span><\/li>\n<li class=\"li1\"><span class=\"s1\">Bater\u00edas reemplazables NIMH con estaci\u00f3n de carga<\/span><\/li>\n<li class=\"li1\"><span class=\"s1\">Peso 200 g &#8211; dimensiones 210 x 35 x 32 mm<\/span><\/li>\n<li><\/li>\n<\/ul>\n<p>[\/vc_column_text][\/vc_tta_section][\/vc_tta_accordion][\/vc_column][vc_column width=&#8221;5\/12&#8243; offset=&#8221;vc_hidden-xs&#8221;][vc_single_image image=&#8221;18249&#8243; img_size=&#8221;full&#8221;][\/vc_column][\/vc_row][vc_row][vc_column width=&#8221;7\/12&#8243; offset=&#8221;vc_hidden-lg vc_hidden-md vc_hidden-sm&#8221;][vc_column_text el_class=&#8221;li-strich&#8221;]<\/p>\n<p class=\"p1\"><span class=\"s1\">El <b>Laserpen LA-X P500<\/b> es adecuado para \u00e1reas peque\u00f1as y la terapia puntual de l\u00e1ser puntual, especialmente para el tratamiento del dolor, el desencadenante y los puntos de acupuntura.<\/span><\/p>\n<p>[\/vc_column_text][vc_tta_accordion color=&#8221;green&#8221; c_icon=&#8221;chevron&#8221; active_section=&#8221;-1&#8243; collapsible_all=&#8221;true&#8221;][vc_tta_section title=&#8221;Descripci\u00f3n del aparato&#8221; tab_id=&#8221;1712820825596-3fa6c9b9-23e2&#8243;][vc_column_text el_class=&#8221;li-check&#8221;]<\/p>\n<h4>LASERPEN LA-X P500<\/h4>\n<ul>\n<li class=\"li1\"><span class=\"s1\">808 nm &#8211; 500 mW (otras potencias y longitudes de onda bajo pedido)<\/span><\/li>\n<li class=\"li1\"><span class=\"s1\">Par\u00e1metros de l\u00e1ser ajustables<\/span><\/li>\n<li class=\"li1\"><span class=\"s1\">Modos de funcionamiento: CW, multifrecuencia, todas las series de frecuencias comunes preprogramadas<\/span><\/li>\n<li class=\"li1\"><span class=\"s1\">Frecuencias libremente programables 0.1 a 10.000 Hz &#8211; 20 ubicaciones de memoria<\/span><\/li>\n<li class=\"li1\"><span class=\"s1\">Ajuste del tiempo de terapia o dosis<\/span><\/li>\n<li class=\"li1\"><span class=\"s1\">C\u00e1lculo autom\u00e1tico del tiempo de terapia a la dosis preestablecida<\/span><\/li>\n<li class=\"li1\"><span class=\"s1\">Sonido cada 20 segundos, as\u00ed como sonido de 3 veces al apagar (la se\u00f1al de sonido tambi\u00e9n se puede apagar)<\/span><\/li>\n<li class=\"li1\"><span class=\"s1\">Gu\u00eda de usuario simple para configurar \/ recuperar los par\u00e1metros<\/span><\/li>\n<li class=\"li1\"><span class=\"s1\">Visualizaci\u00f3n de valores mediante visualizaci\u00f3n gr\u00e1fica<\/span><\/li>\n<li class=\"li1\"><span class=\"s1\">Funci\u00f3n de memoria de los \u00faltimos valores almacenados<\/span><\/li>\n<li class=\"li1\"><span class=\"s1\">B\u00fasqueda de puntos de alta resoluci\u00f3n 0 &#8211; 100% con pantalla \u00f3ptica y ac\u00fastica<\/span><\/li>\n<li class=\"li1\"><span class=\"s1\">Activaci\u00f3n manual y autom\u00e1tica de la terapia con l\u00e1ser<\/span><\/li>\n<li class=\"li1\"><span class=\"s1\">Pantalla gr\u00e1fica iluminada para mostrar todos los par\u00e1metros del l\u00e1ser<\/span><\/li>\n<li class=\"li1\"><span class=\"s1\">Apagado autom\u00e1tico cuando no est\u00e9 en uso<\/span><\/li>\n<li class=\"li1\"><span class=\"s1\">Protecci\u00f3n de encendido (pin de seguridad)<\/span><\/li>\n<li class=\"li1\"><span class=\"s1\">Cabezal especial para gu\u00edas de luz intercambiables<\/span><\/li>\n<li class=\"li1\"><span class=\"s1\">Carcasa moldeada por inyecci\u00f3n con dise\u00f1o ergon\u00f3mico<\/span><\/li>\n<li class=\"li1\"><span class=\"s1\">Bater\u00edas reemplazables NIMH con estaci\u00f3n de carga<\/span><\/li>\n<li class=\"li1\"><span class=\"s1\">Peso 200 g &#8211; dimensiones 210 x 35 x 32 mm<\/span><\/li>\n<li><\/li>\n<\/ul>\n<p>[\/vc_column_text][\/vc_tta_section][\/vc_tta_accordion][\/vc_column][vc_column width=&#8221;5\/12&#8243; offset=&#8221;vc_hidden-lg vc_hidden-md vc_hidden-sm&#8221;][vc_single_image image=&#8221;18249&#8243; img_size=&#8221;full&#8221;][\/vc_column][\/vc_row][vc_row][vc_column offset=&#8221;vc_hidden-xs&#8221;][vc_empty_space height=&#8221;64px&#8221;][\/vc_column][\/vc_row][vc_row][vc_column width=&#8221;1\/4&#8243;][\/vc_column][vc_column width=&#8221;1\/2&#8243;][vc_column_text]<\/p>\n<p style=\"text-align: center;\"><a class=\"button angebot\" title=\"Pedier aqu\u00ed una oferta\" href=\"\/?page_id=2595\">Pedier aqu\u00ed una oferta<\/a><\/p>\n<p>[\/vc_column_text][\/vc_column][vc_column width=&#8221;1\/4&#8243;][\/vc_column][\/vc_row]<\/p>\n<\/div>","protected":false},"excerpt":{"rendered":"<p>La nueva generaci\u00f3n de la ducha l\u00e1ser. 21 diodos l\u00e1ser irradian con una densidad l\u00e1ser m\u00e1xima una superficie de 55 cm\u00b2. Con adaptador de cambio para un trabajo r\u00e1pido e higi\u00e9nico.<\/p>\n","protected":false},"author":15,"featured_media":4156,"parent":1762,"menu_order":111,"comment_status":"closed","ping_status":"closed","template":"","meta":{"footnotes":"","_links_to":"","_links_to_target":""},"class_list":["post-3782","page","type-page","status-publish","has-post-thumbnail","hentry","description-off"],"_links":{"self":[{"href":"https:\/\/www.mkw-laser.de\/es\/wp-json\/wp\/v2\/pages\/3782","targetHints":{"allow":["GET"]}}],"collection":[{"href":"https:\/\/www.mkw-laser.de\/es\/wp-json\/wp\/v2\/pages"}],"about":[{"href":"https:\/\/www.mkw-laser.de\/es\/wp-json\/wp\/v2\/types\/page"}],"author":[{"embeddable":true,"href":"https:\/\/www.mkw-laser.de\/es\/wp-json\/wp\/v2\/users\/15"}],"replies":[{"embeddable":true,"href":"https:\/\/www.mkw-laser.de\/es\/wp-json\/wp\/v2\/comments?post=3782"}],"version-history":[{"count":0,"href":"https:\/\/www.mkw-laser.de\/es\/wp-json\/wp\/v2\/pages\/3782\/revisions"}],"up":[{"embeddable":true,"href":"https:\/\/www.mkw-laser.de\/es\/wp-json\/wp\/v2\/pages\/1762"}],"wp:featuredmedia":[{"embeddable":true,"href":"https:\/\/www.mkw-laser.de\/es\/wp-json\/wp\/v2\/media\/4156"}],"wp:attachment":[{"href":"https:\/\/www.mkw-laser.de\/es\/wp-json\/wp\/v2\/media?parent=3782"}],"curies":[{"name":"wp","href":"https:\/\/api.w.org\/{rel}","templated":true}]}}