{"id":3812,"date":"2018-07-16T12:01:13","date_gmt":"2018-07-16T10:01:13","guid":{"rendered":"http:\/\/www.mkw-laser.de\/?page_id=3812"},"modified":"2024-04-10T14:22:00","modified_gmt":"2024-04-10T12:22:00","slug":"ducha-laser-powertwin-21-2","status":"publish","type":"page","link":"https:\/\/www.mkw-laser.de\/es\/medicina-veterinaria\/ducha-laser-powertwin-21-2","title":{"rendered":"Ducha l\u00e1ser PowerTwin 21"},"content":{"rendered":"<div class=\"wpb-content-wrapper\"><p>[vc_row][vc_column][vc_single_image image=&#8221;34629&#8243; img_size=&#8221;full&#8221; css=&#8221;.vc_custom_1711019660118{margin-top: 0px !important;margin-right: 0px !important;margin-bottom: 30px !important;margin-left: 0px !important;padding-top: 0px !important;padding-right: 0px !important;padding-left: 0px !important;}&#8221;][vc_empty_space height=&#8221;25px&#8221;][vc_column_text]<\/p>\n<h2 style=\"text-align: left;\">Ducha l\u00e1ser PowerTwin 21<\/h2>\n<h4 class=\"bodytext\">El modo m\u00e1s innovador\u00a0de curar con luz<\/h4>\n<p>Ideal para la terapia l\u00e1ser de gran superficie[\/vc_column_text][vc_row_inner css=&#8221;.vc_custom_1523533034292{margin-bottom: 0px !important;padding-bottom: 0px !important;}&#8221;][vc_column_inner width=&#8221;1\/3&#8243; css=&#8221;.vc_custom_1712748838759{padding-top: 5px !important;}&#8221; offset=&#8221;vc_hidden-xs&#8221;][vc_single_image image=&#8221;3816&#8243; img_size=&#8221;full&#8221; style=&#8221;vc_box_border&#8221; onclick=&#8221;zoom&#8221;][vc_media_grid element_width=&#8221;3&#8243; gap=&#8221;15&#8243; grid_id=&#8221;vc_gid:1712751667669-934d3a3e-eacb-5&#8243; include=&#8221;3819,3629,3632,5805&#8243;][\/vc_column_inner][vc_column_inner width=&#8221;2\/3&#8243; css=&#8221;.vc_custom_1712748829161{margin-left: 40px !important;}&#8221; offset=&#8221;vc_hidden-xs&#8221;][vc_column_text el_class=&#8221;li-check&#8221;]<\/p>\n<ul>\n<li>21 potentes diodos l\u00e1ser<\/li>\n<li>Alta densidad l\u00e1ser en el \u00e1rea de tratamiento de 55 cm2<\/li>\n<li>Par\u00e1metros l\u00e1ser ajustables individualmente (potencia, programa, tiempo de terapia\/dosis)<br \/>\nPar\u00e1metros ajustables directamente en el aparato (manejo con una sola mano)<\/li>\n<li>9 series de frecuencias (Nogier, Bahr, Reininger, entre otras) preprogramadas<\/li>\n<li>13\u00a0bandas de FI\u00a0y 5 barridos en ejecuci\u00f3n autom\u00e1tica<\/li>\n<li>Serie de frecuencia (incluido Nogier, Bahr, Reininger) preprogramada<\/li>\n<li>Selecci\u00f3n de frecuencia libre: 20 ranuras de memoria adicionales<\/li>\n<li>Adaptador para diferentes tipos de cabello<\/li>\n<li>Se puede convertir en un peine l\u00e1ser haciendo clic<\/li>\n<\/ul>\n<p>[\/vc_column_text][vc_column_text el_class=&#8221;li-check&#8221;]<\/p>\n<h4>Existen dos versiones de la ducha l\u00e1ser PowerTwin:<\/h4>\n<p>\u2013 \u00a0 \u00a0 <a href=\"\/?page_id=16231\">PowerTwin XP5<\/a> capacidad total de los diodos 2.100 mV (21 x 100 mV)<br \/>\n\u2013 \u00a0 \u00a0 PowerTwin 21 capacidad total de los diodos 1.050 mV (21 x 50 mV)[\/vc_column_text][vc_empty_space][\/vc_column_inner][\/vc_row_inner][vc_row_inner css=&#8221;.vc_custom_1523533034292{margin-bottom: 0px !important;padding-bottom: 0px !important;}&#8221;][vc_column_inner width=&#8221;1\/3&#8243; css=&#8221;.vc_custom_1712748857558{padding-top: 5px !important;}&#8221; offset=&#8221;vc_hidden-lg vc_hidden-md vc_hidden-sm&#8221;][vc_single_image image=&#8221;3816&#8243; img_size=&#8221;full&#8221; style=&#8221;vc_box_border&#8221; onclick=&#8221;zoom&#8221;][\/vc_column_inner][vc_column_inner width=&#8221;2\/3&#8243; offset=&#8221;vc_hidden-lg vc_hidden-sm&#8221;][vc_column_text el_class=&#8221;li-check&#8221;]<\/p>\n<ul>\n<li>21 potentes diodos l\u00e1ser<\/li>\n<li>Alta densidad l\u00e1ser en el \u00e1rea de tratamiento de 55 cm2<\/li>\n<li>Par\u00e1metros l\u00e1ser ajustables individualmente (potencia, programa, tiempo de terapia\/dosis)<br \/>\nPar\u00e1metros ajustables directamente en el aparato (manejo con una sola mano)<\/li>\n<li>9 series de frecuencias (Nogier, Bahr, Reininger, entre otras) preprogramadas<\/li>\n<li>13\u00a0bandas de FI\u00a0y 5 barridos en ejecuci\u00f3n autom\u00e1tica<\/li>\n<li>Serie de frecuencia (incluido Nogier, Bahr, Reininger) preprogramada<\/li>\n<li>Selecci\u00f3n de frecuencia libre: 20 ranuras de memoria adicionales<\/li>\n<li>Adaptador para diferentes tipos de cabello<\/li>\n<li>Se puede convertir en un peine l\u00e1ser haciendo clic<\/li>\n<\/ul>\n<p>[\/vc_column_text][vc_column_text el_class=&#8221;li-check&#8221;]<\/p>\n<h4>Existen dos versiones de la ducha l\u00e1ser PowerTwin:<\/h4>\n<p>\u2013 \u00a0 \u00a0 <a href=\"\/?page_id=16231\">PowerTwin XP5<\/a> capacidad total de los diodos 2.100 mV (21 x 100 mV)<br \/>\n\u2013 \u00a0 \u00a0 PowerTwin 21 capacidad total de los diodos 1.050 mV (21 x 50 mV)[\/vc_column_text][\/vc_column_inner][\/vc_row_inner][vc_row_inner css=&#8221;.vc_custom_1523533034292{margin-bottom: 0px !important;padding-bottom: 0px !important;}&#8221;][vc_column_inner css=&#8221;.vc_custom_1712749131425{padding-top: 5px !important;}&#8221; offset=&#8221;vc_hidden-xs&#8221;][vc_empty_space height=&#8221;25px&#8221;][\/vc_column_inner][\/vc_row_inner][vc_row_inner css=&#8221;.vc_custom_1523533034292{margin-bottom: 0px !important;padding-bottom: 0px !important;}&#8221;][vc_column_inner width=&#8221;7\/12&#8243; css=&#8221;.vc_custom_1523445157664{padding-top: 5px !important;}&#8221;][vc_column_text]<\/p>\n<h2 style=\"text-align: left;\">VIDEO DE PRODUCTO<\/h2>\n<p>[\/vc_column_text][\/vc_column_inner][vc_column_inner width=&#8221;5\/12&#8243;][vc_column_text]<\/p>\n<h2 style=\"text-align: left;\"><span style=\"color: #ffffff;\">_<\/span><\/h2>\n<p>[\/vc_column_text][\/vc_column_inner][\/vc_row_inner][vc_row_inner css=&#8221;.vc_custom_1523533034292{margin-bottom: 0px !important;padding-bottom: 0px !important;}&#8221;][vc_column_inner width=&#8221;1\/2&#8243; offset=&#8221;vc_hidden-xs&#8221;][vc_raw_html]JTNDaWZyYW1lJTIwc3JjJTNEJTIyaHR0cHMlM0ElMkYlMkZwbGF5ZXIudmltZW8uY29tJTJGdmlkZW8lMkY4NDY4ODQ5NTQlM0ZoJTNEOGQzMjM5N2E1MiUyMiUyMHdpZHRoJTNEJTIyNjQwJTIyJTIwaGVpZ2h0JTNEJTIyMzYwJTIyJTIwZnJhbWVib3JkZXIlM0QlMjIwJTIyJTIwYWxsb3clM0QlMjJhdXRvcGxheSUzQiUyMGZ1bGxzY3JlZW4lM0IlMjBwaWN0dXJlLWluLXBpY3R1cmUlMjIlMjBhbGxvd2Z1bGxzY3JlZW4lM0UlM0MlMkZpZnJhbWUlM0U=[\/vc_raw_html][vc_column_text css=&#8221;.vc_custom_1712750086040{margin-top: -65px !important;}&#8221;]Todo lo que debe saber sobre la ducha l\u00e1ser PowerTwin[\/vc_column_text][\/vc_column_inner][vc_column_inner width=&#8221;1\/2&#8243; offset=&#8221;vc_hidden-xs&#8221;][vc_raw_html]JTNDaWZyYW1lJTIwc3JjJTNEJTIyaHR0cHMlM0ElMkYlMkZwbGF5ZXIudmltZW8uY29tJTJGdmlkZW8lMkY4Mzc1NjYwNTElM0ZoJTNENjhjYjA1N2FhYyUyMiUyMHdpZHRoJTNEJTIyNjQwJTIyJTIwaGVpZ2h0JTNEJTIyMzYwJTIyJTIwZnJhbWVib3JkZXIlM0QlMjIwJTIyJTIwYWxsb3clM0QlMjJhdXRvcGxheSUzQiUyMGZ1bGxzY3JlZW4lM0IlMjBwaWN0dXJlLWluLXBpY3R1cmUlMjIlMjBhbGxvd2Z1bGxzY3JlZW4lM0UlM0MlMkZpZnJhbWUlM0U=[\/vc_raw_html][vc_column_text css=&#8221;.vc_custom_1712750125836{margin-top: -65px !important;}&#8221;]Por qu\u00e9 se necesita un peine l\u00e1ser en veterinaria[\/vc_column_text][\/vc_column_inner][\/vc_row_inner][vc_row_inner bwd_tbc4vd_show_weekday=&#8221;&#8221; css=&#8221;.vc_custom_1712750787224{margin-top: -110px !important;margin-bottom: 0px !important;padding-bottom: 0px !important;}&#8221;][vc_column_inner width=&#8221;1\/2&#8243; offset=&#8221;vc_hidden-lg vc_hidden-md vc_hidden-sm&#8221;][vc_raw_html]JTNDaWZyYW1lJTIwc3JjJTNEJTIyaHR0cHMlM0ElMkYlMkZwbGF5ZXIudmltZW8uY29tJTJGdmlkZW8lMkY4NDY4ODQ5NTQlM0ZoJTNEOGQzMjM5N2E1MiUyMiUyMHdpZHRoJTNEJTIyNjQwJTIyJTIwaGVpZ2h0JTNEJTIyMjYwJTIyJTIwZnJhbWVib3JkZXIlM0QlMjIwJTIyJTIwYWxsb3clM0QlMjJhdXRvcGxheSUzQiUyMGZ1bGxzY3JlZW4lM0IlMjBwaWN0dXJlLWluLXBpY3R1cmUlMjIlMjBhbGxvd2Z1bGxzY3JlZW4lM0UlM0MlMkZpZnJhbWUlM0U=[\/vc_raw_html][vc_column_text css=&#8221;.vc_custom_1712750086040{margin-top: -65px !important;}&#8221;]Todo lo que debe saber sobre la ducha l\u00e1ser PowerTwin[\/vc_column_text][\/vc_column_inner][vc_column_inner width=&#8221;1\/2&#8243; offset=&#8221;vc_hidden-lg vc_hidden-md vc_hidden-sm&#8221;][vc_raw_html]JTNDaWZyYW1lJTIwc3JjJTNEJTIyaHR0cHMlM0ElMkYlMkZwbGF5ZXIudmltZW8uY29tJTJGdmlkZW8lMkY4Mzc1NjYwNTElM0ZoJTNENjhjYjA1N2FhYyUyMiUyMHdpZHRoJTNEJTIyNjQwJTIyJTIwaGVpZ2h0JTNEJTIyMjYwJTIyJTIwZnJhbWVib3JkZXIlM0QlMjIwJTIyJTIwYWxsb3clM0QlMjJhdXRvcGxheSUzQiUyMGZ1bGxzY3JlZW4lM0IlMjBwaWN0dXJlLWluLXBpY3R1cmUlMjIlMjBhbGxvd2Z1bGxzY3JlZW4lM0UlM0MlMkZpZnJhbWUlM0U=[\/vc_raw_html][vc_column_text css=&#8221;.vc_custom_1712750125836{margin-top: -65px !important;}&#8221;]Por qu\u00e9 se necesita un peine l\u00e1ser en veterinaria[\/vc_column_text][\/vc_column_inner][\/vc_row_inner][vc_row_inner css=&#8221;.vc_custom_1523533034292{margin-bottom: 0px !important;padding-bottom: 0px !important;}&#8221;][vc_column_inner css=&#8221;.vc_custom_1712749131425{padding-top: 5px !important;}&#8221; offset=&#8221;vc_hidden-xs&#8221;][vc_empty_space height=&#8221;1px&#8221;][\/vc_column_inner][\/vc_row_inner][vc_separator color=&#8221;custom&#8221; accent_color=&#8221;rgba(0,149,126,0.5)&#8221; css=&#8221;.vc_custom_1523533006806{margin-top: 50px !important;margin-bottom: 60px !important;padding-top: 0px !important;padding-bottom: 0px !important;}&#8221;][vc_column_text]<\/p>\n<h2 style=\"text-align: left;\">L\u00c1SER DONDE OTROS NO VENGAN<\/h2>\n<p>[\/vc_column_text][vc_row_inner][vc_column_inner width=&#8221;7\/12&#8243; offset=&#8221;vc_hidden-xs&#8221;][vc_column_text]<br \/>\nEl cabello refleja la radiaci\u00f3n, un problema dif\u00edcil de superar para los sistemas l\u00e1ser convencionales.<\/p>\n<p>MKW domina esta barrera de forma innovadora mediante el uso de gu\u00edas de luz superiores. Por lo tanto, la luz l\u00e1ser se transporta a trav\u00e9s de la piel directamente a la piel y sin p\u00e9rdida significativa de luz.<\/p>\n<p>Especialmente con el tratamiento de piel larga y densa con un peine l\u00e1ser es esencial. Solo de esta forma se garantiza que la luz l\u00e1ser pueda ser absorbida por las c\u00e9lulas de la piel con alta densidad l\u00e1ser. No es necesario afeitar el \u00e1rea a tratar.<\/p>\n<p>Ya en 1991, MKW desarroll\u00f3 el primer peine l\u00e1ser para el tratamiento de grandes \u00e1reas en medicina veterinaria.<br \/>\n[\/vc_column_text][vc_empty_space height=&#8221;18px&#8221;][vc_raw_html]JTNDaWZyYW1lJTIwc3JjJTNEJTIyaHR0cHMlM0ElMkYlMkZwbGF5ZXIudmltZW8uY29tJTJGdmlkZW8lMkY1MTI1MDM4NzglMjIlMjB3aWR0aCUzRCUyMjY0MCUyMiUyMGhlaWdodCUzRCUyMjI0NCUyMiUyMGZyYW1lYm9yZGVyJTNEJTIyMCUyMiUyMGFsbG93JTNEJTIyYXV0b3BsYXklM0IlMjBmdWxsc2NyZWVuJTNCJTIwcGljdHVyZS1pbi1waWN0dXJlJTIyJTIwYWxsb3dmdWxsc2NyZWVuJTNFJTNDJTJGaWZyYW1lJTNF[\/vc_raw_html][vc_column_text css=&#8221;.vc_custom_1712751149987{margin-top: -20px !important;}&#8221;]C\u00f3mo funciona la ducha l\u00e1ser MKW[\/vc_column_text][\/vc_column_inner][vc_column_inner width=&#8221;5\/12&#8243; offset=&#8221;vc_hidden-xs&#8221;][vc_single_image image=&#8221;28144&#8243; img_size=&#8221;full&#8221;][vc_single_image image=&#8221;28147&#8243; img_size=&#8221;full&#8221;][\/vc_column_inner][\/vc_row_inner][vc_row_inner][vc_column_inner width=&#8221;7\/12&#8243; offset=&#8221;vc_hidden-lg vc_hidden-md vc_hidden-sm&#8221;][vc_column_text]<br \/>\nEl cabello refleja la radiaci\u00f3n, un problema dif\u00edcil de superar para los sistemas l\u00e1ser convencionales.<\/p>\n<p>MKW domina esta barrera de forma innovadora mediante el uso de gu\u00edas de luz superiores. Por lo tanto, la luz l\u00e1ser se transporta a trav\u00e9s de la piel directamente a la piel y sin p\u00e9rdida significativa de luz.<\/p>\n<p>Especialmente con el tratamiento de piel larga y densa con un peine l\u00e1ser es esencial. Solo de esta forma se garantiza que la luz l\u00e1ser pueda ser absorbida por las c\u00e9lulas de la piel con alta densidad l\u00e1ser. No es necesario afeitar el \u00e1rea a tratar.<\/p>\n<p>Ya en 1991, MKW desarroll\u00f3 el primer peine l\u00e1ser para el tratamiento de grandes \u00e1reas en medicina veterinaria.<br \/>\n[\/vc_column_text][vc_raw_html]JTNDaWZyYW1lJTIwc3JjJTNEJTIyaHR0cHMlM0ElMkYlMkZwbGF5ZXIudmltZW8uY29tJTJGdmlkZW8lMkY1MTI1MDM4NzglMjIlMjB3aWR0aCUzRCUyMjY0MCUyMiUyMGhlaWdodCUzRCUyMjIwNCUyMiUyMGZyYW1lYm9yZGVyJTNEJTIyMCUyMiUyMGFsbG93JTNEJTIyYXV0b3BsYXklM0IlMjBmdWxsc2NyZWVuJTNCJTIwcGljdHVyZS1pbi1waWN0dXJlJTIyJTIwYWxsb3dmdWxsc2NyZWVuJTNFJTNDJTJGaWZyYW1lJTNF[\/vc_raw_html][vc_column_text css=&#8221;.vc_custom_1712751480214{margin-top: -50px !important;}&#8221;]C\u00f3mo funciona la ducha l\u00e1ser MKW[\/vc_column_text][\/vc_column_inner][vc_column_inner width=&#8221;5\/12&#8243; offset=&#8221;vc_hidden-lg vc_hidden-md vc_hidden-sm&#8221;][vc_single_image image=&#8221;28144&#8243; img_size=&#8221;full&#8221;][\/vc_column_inner][\/vc_row_inner][vc_empty_space height=&#8221;15px&#8221;][vc_separator color=&#8221;custom&#8221; accent_color=&#8221;rgba(0,149,126,0.5)&#8221; css=&#8221;.vc_custom_1523533006806{margin-top: 50px !important;margin-bottom: 60px !important;padding-top: 0px !important;padding-bottom: 0px !important;}&#8221;][vc_column_text]<\/p>\n<h2 style=\"text-align: left;\">BIEN ANIMAL &#8211; IDEAL PARA TODOS LOS ANIMALES DE PELO<\/h2>\n<p>[\/vc_column_text][vc_row_inner][vc_column_inner width=&#8221;7\/12&#8243;][vc_column_text]La ducha l\u00e1ser PowerTwin 21 se puede convertir en un peine l\u00e1ser en cuesti\u00f3n de segundos. Adaptador de punto adicional para tratamientos puntuales con l\u00e1ser (punci\u00f3n con l\u00e1ser).<\/p>\n<p>Ya sea piel lisa, pelaje corto o largo: con la <strong>ducha l\u00e1ser PowerTwin 21<\/strong> tiene muchas opciones de tratamiento. Ideal para terapia de campo l\u00e1ser o terapia de frecuencia l\u00e1ser.<\/p>\n<p>Para uso fuera de la red, un potente PowerBank est\u00e1 disponible.[\/vc_column_text][vc_single_image image=&#8221;3554&#8243; img_size=&#8221;full&#8221; alignment=&#8221;center&#8221; style=&#8221;vc_box_border&#8221; css=&#8221;.vc_custom_1530783346840{margin-top: 0px !important;margin-right: 0px !important;margin-bottom: 30px !important;margin-left: 0px !important;padding-top: 0px !important;padding-right: 0px !important;padding-left: 0px !important;}&#8221;][\/vc_column_inner][vc_column_inner width=&#8221;5\/12&#8243;][vc_single_image image=&#8221;4093&#8243; img_size=&#8221;full&#8221;][\/vc_column_inner][\/vc_row_inner][vc_empty_space][\/vc_column][\/vc_row][vc_row][vc_column][vc_tta_accordion color=&#8221;green&#8221; c_icon=&#8221;chevron&#8221; active_section=&#8221;-1&#8243; collapsible_all=&#8221;true&#8221;][vc_tta_section title=&#8221;Ideal para aplicaciones especiales&#8221; tab_id=&#8221;1536215414662-ee0bbbb6-b1ef&#8221;][vc_column_text]Para aplicaciones especiales, la <strong>ducha l\u00e1ser PowerTwin 21<\/strong> se puede ajustar individualmente. Dosis de tratamiento, modo y<br \/>\nEl tiempo de terapia se muestra en la pantalla a color. Adem\u00e1s del modo de operaci\u00f3n CW (onda continua) y el espectro de frecuencias m\u00faltiples probado son<br \/>\nSe preconfiguran programas de frecuencia adicionales (como Nogier, Bahr, Chakra y Reininger). Otras frecuencias pueden ser gratuitas<br \/>\ny programado para 20 ubicaciones de memoria. Ideal para terapia de campo l\u00e1ser o terapia de frecuencia l\u00e1ser.<\/p>\n<p>&nbsp;<\/p>\n<div class=\"wpb_text_column wpb_content_element \">\n<div class=\"wpb_wrapper\">\n<h4>Existen dos versiones de la ducha l\u00e1ser PowerTwin:<\/h4>\n<p>\u2013 \u00a0 \u00a0 PowerTwin 21 capacidad total de los diodos 1.050 mV ( 21 x 50 mV )<br \/>\n\u2013 \u00a0 \u00a0 <a href=\"\/?page_id=16231\">PowerTwin21 XP5<\/a> capacidad total de los diodos 2.100 mV ( 21 x 100 mV )<\/p>\n<\/div>\n<\/div>\n<p>[\/vc_column_text][\/vc_tta_section][\/vc_tta_accordion][vc_tta_accordion color=&#8221;green&#8221; c_icon=&#8221;chevron&#8221; active_section=&#8221;-1&#8243; collapsible_all=&#8221;true&#8221;][vc_tta_section title=&#8221;Descripci\u00f3n del aparato&#8221; tab_id=&#8221;1536215472041-d432dd51-f3fb&#8221;][vc_column_text el_class=&#8221;li-check&#8221;]<\/p>\n<h4>Ducha L\u00e1ser PowerTwin21<\/h4>\n<ul>\n<li>21 diodos l\u00e1ser irradian una superficie de 55 cm 2 con alta densidad l\u00e1ser<\/li>\n<li>Movilidad ilimitada a trav\u00e9s de conexi\u00f3n directa a la red (100 V &#8211; 240 V ~)<\/li>\n<li>Cuatro diodos rojos limitan el \u00e1rea de tratamiento<\/li>\n<li>Potencia de diodo total 1.050 mW (21 x 50 mW) &#8211; 785 nm o 2.100 mW (21 x 100 mW) &#8211; 808 nm<\/li>\n<li>Par\u00e1metros de l\u00e1ser ajustables<\/li>\n<li>Adaptador con vidrio protector integrado<\/li>\n<li>Frecuencias CW, multifrecuencia, Nogier, Bahr, Reininger<\/li>\n<li>Frecuencias libremente seleccionables<\/li>\n<li>Pantalla a color<\/li>\n<li>Puede ser readaptado por ducha l\u00e1ser en peine l\u00e1ser<\/li>\n<li>Central el\u00e9ctrica opcional para funcionamiento fuera de la red<\/li>\n<\/ul>\n<p>[\/vc_column_text][\/vc_tta_section][\/vc_tta_accordion][\/vc_column][\/vc_row][vc_row][vc_column][vc_empty_space height=&#8221;64px&#8221;][\/vc_column][\/vc_row][vc_row][vc_column width=&#8221;1\/4&#8243;][\/vc_column][vc_column width=&#8221;1\/2&#8243;][vc_column_text]<\/p>\n<p style=\"text-align: center;\"><a class=\"button angebot\" title=\"Pedier aqu\u00ed una oferta\" href=\"\/?page_id=2595\">Pedier aqu\u00ed una oferta<\/a><\/p>\n<p>[\/vc_column_text][\/vc_column][vc_column width=&#8221;1\/4&#8243;][\/vc_column][\/vc_row]<\/p>\n<\/div>","protected":false},"excerpt":{"rendered":"<p>La nueva generaci\u00f3n de la ducha l\u00e1ser. 21 diodos l\u00e1ser irradian con una densidad l\u00e1ser m\u00e1xima una superficie de 55 cm\u00b2. Con adaptador de cambio para un trabajo r\u00e1pido e higi\u00e9nico.<\/p>\n","protected":false},"author":15,"featured_media":3816,"parent":2196,"menu_order":14,"comment_status":"closed","ping_status":"closed","template":"","meta":{"footnotes":"","_links_to":"","_links_to_target":""},"class_list":["post-3812","page","type-page","status-publish","has-post-thumbnail","hentry","description-off"],"_links":{"self":[{"href":"https:\/\/www.mkw-laser.de\/es\/wp-json\/wp\/v2\/pages\/3812","targetHints":{"allow":["GET"]}}],"collection":[{"href":"https:\/\/www.mkw-laser.de\/es\/wp-json\/wp\/v2\/pages"}],"about":[{"href":"https:\/\/www.mkw-laser.de\/es\/wp-json\/wp\/v2\/types\/page"}],"author":[{"embeddable":true,"href":"https:\/\/www.mkw-laser.de\/es\/wp-json\/wp\/v2\/users\/15"}],"replies":[{"embeddable":true,"href":"https:\/\/www.mkw-laser.de\/es\/wp-json\/wp\/v2\/comments?post=3812"}],"version-history":[{"count":0,"href":"https:\/\/www.mkw-laser.de\/es\/wp-json\/wp\/v2\/pages\/3812\/revisions"}],"up":[{"embeddable":true,"href":"https:\/\/www.mkw-laser.de\/es\/wp-json\/wp\/v2\/pages\/2196"}],"wp:featuredmedia":[{"embeddable":true,"href":"https:\/\/www.mkw-laser.de\/es\/wp-json\/wp\/v2\/media\/3816"}],"wp:attachment":[{"href":"https:\/\/www.mkw-laser.de\/es\/wp-json\/wp\/v2\/media?parent=3812"}],"curies":[{"name":"wp","href":"https:\/\/api.w.org\/{rel}","templated":true}]}}