{"id":4044,"date":"2018-07-16T12:03:35","date_gmt":"2018-07-16T10:03:35","guid":{"rendered":"http:\/\/www.mkw-laser.de\/?page_id=4044"},"modified":"2024-04-11T10:18:59","modified_gmt":"2024-04-11T08:18:59","slug":"laserpen-la-x-p500","status":"publish","type":"page","link":"https:\/\/www.mkw-laser.de\/es\/medicina-veterinaria\/laserpen-la-x-p500","title":{"rendered":"Laserpen La-X P500"},"content":{"rendered":"<div class=\"wpb-content-wrapper\"><p>[vc_row][vc_column][vc_single_image image=&#8221;34625&#8243; img_size=&#8221;full&#8221; css=&#8221;.vc_custom_1711024472267{margin-top: 0px !important;margin-right: 0px !important;margin-bottom: 30px !important;margin-left: 0px !important;padding-top: 0px !important;padding-right: 0px !important;padding-left: 0px !important;}&#8221;][vc_empty_space height=&#8221;25px&#8221;][vc_column_text]<\/p>\n<h2 style=\"text-align: left;\">Laserpen LA-X P500<\/h2>\n<h4 class=\"bodytext\">Terapia puntual con l\u00e1ser para todas las exigencias<\/h4>\n<p>Ideal para \u00e1reas peque\u00f1as[\/vc_column_text][vc_row_inner css=&#8221;.vc_custom_1523533034292{margin-bottom: 0px !important;padding-bottom: 0px !important;}&#8221;][vc_column_inner width=&#8221;1\/3&#8243; css=&#8221;.vc_custom_1712823079395{padding-top: 5px !important;}&#8221; offset=&#8221;vc_hidden-xs&#8221;][vc_single_image image=&#8221;3840&#8243; img_size=&#8221;full&#8221; style=&#8221;vc_box_border&#8221; onclick=&#8221;zoom&#8221;][vc_media_grid element_width=&#8221;3&#8243; gap=&#8221;15&#8243; grid_id=&#8221;vc_gid:1712823502204-0ec56f2f-3bef-6&#8243; include=&#8221;3975,3799,3796,3793&#8243;][\/vc_column_inner][vc_column_inner width=&#8221;2\/3&#8243; css=&#8221;.vc_custom_1712823065264{margin-left: 40px !important;}&#8221; offset=&#8221;vc_hidden-xs&#8221;][vc_column_text el_class=&#8221;li-check&#8221;]<\/p>\n<ul>\n<li>808 nm \u2013 500 mW (ajustable de 50 mW \u2013 500 mW en pasos de 50 mW)<\/li>\n<li>Gu\u00edas de luz intercambiables para diferentes aplicaciones<\/li>\n<li>Con lente gran angular<\/li>\n<li>Potencia, modo, tiempo de terapia\/dosis ajustables<\/li>\n<li>Series de frecuencias preprogramadas (p. ej. Nogier, Bahr, Reininger)<\/li>\n<li>Con paquete de software 5.X (ejecuci\u00f3n autom\u00e1tica de <a href=\"\/?page_id=5962\" target=\"_blank\" rel=\"noopener\">bandas FI<\/a> y barridos)<\/li>\n<li>Libre selecci\u00f3n de frecuencias &#8211; 20 posiciones de memoria adicionales<\/li>\n<li>Bater\u00edas recargables NIMH reemplazables con estaci\u00f3n de carga<\/li>\n<\/ul>\n<p>&nbsp;<\/p>\n<p class=\"p1\"><span class=\"s1\">Con los <b>Laserpen LA-X P-Series<\/b>, la \u00faltima referencia t\u00e9cnica se ha creado despu\u00e9s del exitoso lanzamiento del proceso de usuario hace m\u00e1s de una d\u00e9cada.<\/span><\/p>\n<p class=\"p1\"><span class=\"s1\">Desde el ajuste de los par\u00e1metros del l\u00e1ser a trav\u00e9s de programas de frecuencia fija y frecuencias libremente ajustables hasta la b\u00fasqueda de punto de acupuntura de alta resoluci\u00f3n a trav\u00e9s del dispositivo, el terapeuta recibe literalmente un espectro \u00f3ptimo de terapia l\u00e1ser moderna.<\/span><\/p>\n<p>[\/vc_column_text][\/vc_column_inner][\/vc_row_inner][vc_row_inner css=&#8221;.vc_custom_1523533034292{margin-bottom: 0px !important;padding-bottom: 0px !important;}&#8221;][vc_column_inner width=&#8221;1\/3&#8243; css=&#8221;.vc_custom_1712823093793{padding-top: 5px !important;}&#8221; offset=&#8221;vc_hidden-lg vc_hidden-md vc_hidden-sm&#8221;][vc_single_image image=&#8221;3840&#8243; img_size=&#8221;full&#8221; style=&#8221;vc_box_border&#8221; onclick=&#8221;zoom&#8221;][\/vc_column_inner][vc_column_inner width=&#8221;2\/3&#8243; offset=&#8221;vc_hidden-lg vc_hidden-md vc_hidden-sm&#8221;][vc_column_text el_class=&#8221;li-check&#8221;]<\/p>\n<ul>\n<li>808 nm \u2013 500 mW (ajustable de 50 mW \u2013 500 mW en pasos de 50 mW)<\/li>\n<li>Gu\u00edas de luz intercambiables para diferentes aplicaciones<\/li>\n<li>Con lente gran angular<\/li>\n<li>Potencia, modo, tiempo de terapia\/dosis ajustables<\/li>\n<li>Series de frecuencias preprogramadas (p. ej. Nogier, Bahr, Reininger)<\/li>\n<li>Con paquete de software 5.X (ejecuci\u00f3n autom\u00e1tica de <a href=\"\/?page_id=5962\" target=\"_blank\" rel=\"noopener\">bandas FI<\/a> y barridos)<\/li>\n<li>Libre selecci\u00f3n de frecuencias &#8211; 20 posiciones de memoria adicionales<\/li>\n<li>Bater\u00edas recargables NIMH reemplazables con estaci\u00f3n de carga<\/li>\n<\/ul>\n<p>&nbsp;<\/p>\n<p class=\"p1\"><span class=\"s1\">Con los <b>Laserpen LA-X P-Series<\/b>, la \u00faltima referencia t\u00e9cnica se ha creado despu\u00e9s del exitoso lanzamiento del proceso de usuario hace m\u00e1s de una d\u00e9cada.<\/span><\/p>\n<p class=\"p1\"><span class=\"s1\">Desde el ajuste de los par\u00e1metros del l\u00e1ser a trav\u00e9s de programas de frecuencia fija y frecuencias libremente ajustables hasta la b\u00fasqueda de punto de acupuntura de alta resoluci\u00f3n a trav\u00e9s del dispositivo, el terapeuta recibe literalmente un espectro \u00f3ptimo de terapia l\u00e1ser moderna.<\/span><\/p>\n<p>[\/vc_column_text][\/vc_column_inner][\/vc_row_inner][vc_row_inner css=&#8221;.vc_custom_1523533034292{margin-bottom: 0px !important;padding-bottom: 0px !important;}&#8221;][vc_column_inner width=&#8221;7\/12&#8243; css=&#8221;.vc_custom_1712823227676{padding-top: 5px !important;}&#8221; offset=&#8221;vc_hidden-xs&#8221;][vc_column_text]<\/p>\n<h2 style=\"text-align: left;\">VIDEO DE PRODUCTO<\/h2>\n<p>[\/vc_column_text][vc_raw_html]JTNDaWZyYW1lJTIwc3JjJTNEJTIyaHR0cHMlM0ElMkYlMkZwbGF5ZXIudmltZW8uY29tJTJGdmlkZW8lMkY1MjA4NTEyNjUlMjIlMjB3aWR0aCUzRCUyMjY0MCUyMiUyMGhlaWdodCUzRCUyMjM2MCUyMiUyMGZyYW1lYm9yZGVyJTNEJTIyMCUyMiUyMGFsbG93JTNEJTIyYXV0b3BsYXklM0IlMjBmdWxsc2NyZWVuJTNCJTIwcGljdHVyZS1pbi1waWN0dXJlJTIyJTIwYWxsb3dmdWxsc2NyZWVuJTNFJTNDJTJGaWZyYW1lJTNF[\/vc_raw_html][\/vc_column_inner][vc_column_inner width=&#8221;5\/12&#8243;][\/vc_column_inner][\/vc_row_inner][vc_row_inner css=&#8221;.vc_custom_1523533034292{margin-bottom: 0px !important;padding-bottom: 0px !important;}&#8221;][vc_column_inner width=&#8221;7\/12&#8243; css=&#8221;.vc_custom_1712823240241{padding-top: 5px !important;}&#8221; offset=&#8221;vc_hidden-lg vc_hidden-md vc_hidden-sm&#8221;][vc_column_text]<\/p>\n<h2 style=\"text-align: left;\">VIDEO DE PRODUCTO<\/h2>\n<p>[\/vc_column_text][vc_raw_html]JTNDaWZyYW1lJTIwc3JjJTNEJTIyaHR0cHMlM0ElMkYlMkZwbGF5ZXIudmltZW8uY29tJTJGdmlkZW8lMkY1MjA4NTEyNjUlMjIlMjB3aWR0aCUzRCUyMjY0MCUyMiUyMGhlaWdodCUzRCUyMjIwMCUyMiUyMGZyYW1lYm9yZGVyJTNEJTIyMCUyMiUyMGFsbG93JTNEJTIyYXV0b3BsYXklM0IlMjBmdWxsc2NyZWVuJTNCJTIwcGljdHVyZS1pbi1waWN0dXJlJTIyJTIwYWxsb3dmdWxsc2NyZWVuJTNFJTNDJTJGaWZyYW1lJTNF[\/vc_raw_html][\/vc_column_inner][vc_column_inner width=&#8221;5\/12&#8243;][\/vc_column_inner][\/vc_row_inner][\/vc_column][\/vc_row][vc_row][vc_column offset=&#8221;vc_hidden-xs&#8221;][vc_separator color=&#8221;custom&#8221; accent_color=&#8221;rgba(0,149,126,0.5)&#8221; css=&#8221;.vc_custom_1523533006806{margin-top: 50px !important;margin-bottom: 60px !important;padding-top: 0px !important;padding-bottom: 0px !important;}&#8221;][\/vc_column][\/vc_row][vc_row][vc_column][vc_column_text]<\/p>\n<h2>TERAPIA LAS\u00c9RICA DE PUNTOS \u2013 LIBRE DE DOLORES Y EFICAZ<\/h2>\n<p>[\/vc_column_text][\/vc_column][\/vc_row][vc_row][vc_column width=&#8221;7\/12&#8243; offset=&#8221;vc_hidden-xs&#8221;][vc_column_text el_class=&#8221;li-strich&#8221;]<\/p>\n<p class=\"bodytext\">La acupuntura ayuda tambi\u00e9n a los animales. Esto vale tanto para la acupuntura tradicional como tambi\u00e9n para la variante moderna con luz l\u00e1ser. El m\u00e9todo persiste en principio, si bien se trata s\u00f3lo en forma completamente exenta de dolor.<\/p>\n<p>&nbsp;<\/p>\n<p>[\/vc_column_text][vc_empty_space height=&#8221;70px&#8221;][vc_tta_accordion color=&#8221;green&#8221; c_icon=&#8221;chevron&#8221; active_section=&#8221;-1&#8243; collapsible_all=&#8221;true&#8221;][vc_tta_section title=&#8221;Descripci\u00f3n del aparato&#8221; tab_id=&#8221;1536216340669-da834bf9-71fb&#8221;][vc_column_text el_class=&#8221;li-check&#8221;]<\/p>\n<h4>LASERPEN LA-X P500<\/h4>\n<ul>\n<li>808 nm &#8211; 500 mW (otras potencias y longitudes de onda bajo pedido)<\/li>\n<li>Par\u00e1metros de l\u00e1ser ajustables<\/li>\n<li>Modos de funcionamiento: CW, multifrecuencia, todas las series de frecuencias comunes preprogramadas<\/li>\n<li>Frecuencias libremente programables 0.1 a 10.000 Hz &#8211; 20 ubicaciones de memoria<\/li>\n<li>Ajuste del tiempo de terapia o dosis<\/li>\n<li>C\u00e1lculo autom\u00e1tico del tiempo de terapia a la dosis preestablecida<\/li>\n<li>Sonido cada 20 segundos, as\u00ed como sonido de 3 veces al apagar (la se\u00f1al de sonido tambi\u00e9n se puede apagar)<\/li>\n<li>Gu\u00eda de usuario simple para configurar \/ recuperar los par\u00e1metros<\/li>\n<li>Visualizaci\u00f3n de valores mediante visualizaci\u00f3n gr\u00e1fica<\/li>\n<li>Funci\u00f3n de memoria de los \u00faltimos valores almacenados<\/li>\n<li>B\u00fasqueda de puntos de alta resoluci\u00f3n 0 &#8211; 100% con pantalla \u00f3ptica y ac\u00fastica<\/li>\n<li>Activaci\u00f3n manual y autom\u00e1tica de la terapia con l\u00e1ser<\/li>\n<li>Pantalla gr\u00e1fica iluminada para mostrar todos los par\u00e1metros del l\u00e1ser<\/li>\n<li>Apagado autom\u00e1tico cuando no est\u00e9 en uso<\/li>\n<li>Protecci\u00f3n de encendido (pin de seguridad)<\/li>\n<li>Cabezal especial para gu\u00edas de luz intercambiables<\/li>\n<li>Carcasa moldeada por inyecci\u00f3n con dise\u00f1o ergon\u00f3mico<\/li>\n<li>Bater\u00edas reemplazables NIMH con estaci\u00f3n de carga<\/li>\n<li>Peso 200 g &#8211; dimensiones 210 x 35 x 32 mm<\/li>\n<\/ul>\n<p>[\/vc_column_text][\/vc_tta_section][\/vc_tta_accordion][\/vc_column][vc_column width=&#8221;5\/12&#8243; offset=&#8221;vc_hidden-xs&#8221;][vc_single_image image=&#8221;18249&#8243; img_size=&#8221;full&#8221;][\/vc_column][\/vc_row][vc_row][vc_column width=&#8221;7\/12&#8243; offset=&#8221;vc_hidden-lg vc_hidden-md vc_hidden-sm&#8221;][vc_column_text el_class=&#8221;li-strich&#8221;]<\/p>\n<p class=\"bodytext\">La acupuntura ayuda tambi\u00e9n a los animales. Esto vale tanto para la acupuntura tradicional como tambi\u00e9n para la variante moderna con luz l\u00e1ser. El m\u00e9todo persiste en principio, si bien se trata s\u00f3lo en forma completamente exenta de dolor.<\/p>\n<p>[\/vc_column_text][vc_tta_accordion color=&#8221;green&#8221; c_icon=&#8221;chevron&#8221; active_section=&#8221;-1&#8243; collapsible_all=&#8221;true&#8221;][vc_tta_section title=&#8221;Descripci\u00f3n del aparato&#8221; tab_id=&#8221;1712823266257-f7711a68-7448&#8243;][vc_column_text el_class=&#8221;li-check&#8221;]<\/p>\n<h4>LASERPEN LA-X P500<\/h4>\n<ul>\n<li>808 nm &#8211; 500 mW (otras potencias y longitudes de onda bajo pedido)<\/li>\n<li>Par\u00e1metros de l\u00e1ser ajustables<\/li>\n<li>Modos de funcionamiento: CW, multifrecuencia, todas las series de frecuencias comunes preprogramadas<\/li>\n<li>Frecuencias libremente programables 0.1 a 10.000 Hz &#8211; 20 ubicaciones de memoria<\/li>\n<li>Ajuste del tiempo de terapia o dosis<\/li>\n<li>C\u00e1lculo autom\u00e1tico del tiempo de terapia a la dosis preestablecida<\/li>\n<li>Sonido cada 20 segundos, as\u00ed como sonido de 3 veces al apagar (la se\u00f1al de sonido tambi\u00e9n se puede apagar)<\/li>\n<li>Gu\u00eda de usuario simple para configurar \/ recuperar los par\u00e1metros<\/li>\n<li>Visualizaci\u00f3n de valores mediante visualizaci\u00f3n gr\u00e1fica<\/li>\n<li>Funci\u00f3n de memoria de los \u00faltimos valores almacenados<\/li>\n<li>B\u00fasqueda de puntos de alta resoluci\u00f3n 0 &#8211; 100% con pantalla \u00f3ptica y ac\u00fastica<\/li>\n<li>Activaci\u00f3n manual y autom\u00e1tica de la terapia con l\u00e1ser<\/li>\n<li>Pantalla gr\u00e1fica iluminada para mostrar todos los par\u00e1metros del l\u00e1ser<\/li>\n<li>Apagado autom\u00e1tico cuando no est\u00e9 en uso<\/li>\n<li>Protecci\u00f3n de encendido (pin de seguridad)<\/li>\n<li>Cabezal especial para gu\u00edas de luz intercambiables<\/li>\n<li>Carcasa moldeada por inyecci\u00f3n con dise\u00f1o ergon\u00f3mico<\/li>\n<li>Bater\u00edas reemplazables NIMH con estaci\u00f3n de carga<\/li>\n<li>Peso 200 g &#8211; dimensiones 210 x 35 x 32 mm<\/li>\n<\/ul>\n<p>[\/vc_column_text][\/vc_tta_section][\/vc_tta_accordion][\/vc_column][vc_column width=&#8221;5\/12&#8243; offset=&#8221;vc_hidden-lg vc_hidden-md vc_hidden-sm&#8221;][vc_single_image image=&#8221;18249&#8243; img_size=&#8221;full&#8221;][\/vc_column][\/vc_row][vc_row][vc_column offset=&#8221;vc_hidden-xs&#8221;][vc_empty_space height=&#8221;64px&#8221;][\/vc_column][\/vc_row][vc_row][vc_column width=&#8221;1\/4&#8243;][\/vc_column][vc_column width=&#8221;1\/2&#8243;][vc_column_text]<\/p>\n<p style=\"text-align: center;\"><a class=\"button angebot\" title=\"Pedier aqu\u00ed una oferta\" href=\"\/?page_id=2595\">Pedier aqu\u00ed una oferta<\/a><\/p>\n<p>[\/vc_column_text][\/vc_column][vc_column width=&#8221;1\/4&#8243;][\/vc_column][\/vc_row]<\/p>\n<\/div>","protected":false},"excerpt":{"rendered":"<p>La nueva generaci\u00f3n de la ducha l\u00e1ser. 21 diodos l\u00e1ser irradian con una densidad l\u00e1ser m\u00e1xima una superficie de 55 cm\u00b2. Con adaptador de cambio para un trabajo r\u00e1pido e higi\u00e9nico.<\/p>\n","protected":false},"author":15,"featured_media":3840,"parent":2196,"menu_order":111,"comment_status":"closed","ping_status":"closed","template":"","meta":{"footnotes":"","_links_to":"","_links_to_target":""},"class_list":["post-4044","page","type-page","status-publish","has-post-thumbnail","hentry","description-off"],"_links":{"self":[{"href":"https:\/\/www.mkw-laser.de\/es\/wp-json\/wp\/v2\/pages\/4044","targetHints":{"allow":["GET"]}}],"collection":[{"href":"https:\/\/www.mkw-laser.de\/es\/wp-json\/wp\/v2\/pages"}],"about":[{"href":"https:\/\/www.mkw-laser.de\/es\/wp-json\/wp\/v2\/types\/page"}],"author":[{"embeddable":true,"href":"https:\/\/www.mkw-laser.de\/es\/wp-json\/wp\/v2\/users\/15"}],"replies":[{"embeddable":true,"href":"https:\/\/www.mkw-laser.de\/es\/wp-json\/wp\/v2\/comments?post=4044"}],"version-history":[{"count":0,"href":"https:\/\/www.mkw-laser.de\/es\/wp-json\/wp\/v2\/pages\/4044\/revisions"}],"up":[{"embeddable":true,"href":"https:\/\/www.mkw-laser.de\/es\/wp-json\/wp\/v2\/pages\/2196"}],"wp:featuredmedia":[{"embeddable":true,"href":"https:\/\/www.mkw-laser.de\/es\/wp-json\/wp\/v2\/media\/3840"}],"wp:attachment":[{"href":"https:\/\/www.mkw-laser.de\/es\/wp-json\/wp\/v2\/media?parent=4044"}],"curies":[{"name":"wp","href":"https:\/\/api.w.org\/{rel}","templated":true}]}}