{"id":5962,"date":"2018-09-20T11:05:07","date_gmt":"2018-09-20T09:05:07","guid":{"rendered":"http:\/\/www.mkw-laser.de\/?page_id=5962"},"modified":"2024-08-27T13:20:37","modified_gmt":"2024-08-27T11:20:37","slug":"fi-bandas","status":"publish","type":"page","link":"https:\/\/www.mkw-laser.de\/es\/medicina-humana\/fi-bandas","title":{"rendered":"FI Bands"},"content":{"rendered":"<div class=\"wpb-content-wrapper\"><p>[vc_row][vc_column][vc_empty_space height=&#8221;50px&#8221;][\/vc_column][vc_column][vc_row_inner css=&#8221;.vc_custom_1523533034292{margin-bottom: 0px !important;padding-bottom: 0px !important;}&#8221;][vc_column_inner width=&#8221;2\/3&#8243; css=&#8221;.vc_custom_1523445157664{padding-top: 5px !important;}&#8221;][vc_column_text el_class=&#8221;li-check&#8221;]<\/p>\n<h3>BANDAS FI (INTEGRADAS EN FRECUENCIA)<\/h3>\n<p class=\"bodytext\">En la terapia l\u00e1ser se recomienda emitir luz l\u00e1ser pulsada para el tratamiento de diversas indicaciones. en este contexto se habla de terapia de frecuencia l\u00e1ser o terapia de campo l\u00e1ser. Las series de frecuencias m\u00e1s conocidas son: NOGIER, BAHR, REININGER y SOLFEGGIO. Las series de frecuencias est\u00e1n documentadas tanto en Internet como en la literatura profesional.<\/p>\n<p class=\"bodytext\">Se recomiendan diferentes frecuencias para diferentes indicaciones. Para el tratamiento del dolor, por ejemplo, 36,5 Hz \/ 4672 Hz (NOGIER E \/ NOGIER E&#8217;) &#8211; 599,5 Hz (BAHR 1) &#8211; 3.894 Hz (REININGER) &#8211; 5000 Hz &#8211; 174 Hz (SOLFEGGIO). Para realizar el tratamiento utilizando todas las \u00abfrecuencias del dolor\u00bb, \u00e9stas deben ajustarse o programarse una tras otra. Esto puede ser una tarea complicada y laboriosa y constituye una fuente potencial de errores, ya que las frecuencias pueden introducirse incorrectamente. Adem\u00e1s, la terapia l\u00e1ser siempre se interrumpe mientras dura el siguiente ajuste.<\/p>\n<p>[\/vc_column_text][\/vc_column_inner][vc_column_inner width=&#8221;1\/3&#8243; css=&#8221;.vc_custom_1530802349135{margin-left: 40px !important;}&#8221;][vc_single_image image=&#8221;17007&#8243; img_size=&#8221;medium&#8221; onclick=&#8221;zoom&#8221; css=&#8221;.vc_custom_1724394289685{margin-top: 20px !important;}&#8221;][\/vc_column_inner][\/vc_row_inner][vc_row_inner css=&#8221;.vc_custom_1523533034292{margin-bottom: 0px !important;padding-bottom: 0px !important;}&#8221;][vc_column_inner width=&#8221;1\/2&#8243; css=&#8221;.vc_custom_1523445157664{padding-top: 5px !important;}&#8221;][vc_raw_html]JTNDZGl2JTIwc3R5bGUlM0QlMjJwYWRkaW5nJTNBNTMuMjMlMjUlMjAwJTIwMCUyMDAlM0Jwb3NpdGlvbiUzQXJlbGF0aXZlJTNCJTIyJTNFJTNDaWZyYW1lJTIwc3JjJTNEJTIyaHR0cHMlM0ElMkYlMkZwbGF5ZXIudmltZW8uY29tJTJGdmlkZW8lMkY4MjYxNzY0MDklM0ZoJTNEOTExY2Q5NmYzMCUyNmFtcCUzQmJhZGdlJTNEMCUyNmFtcCUzQmF1dG9wYXVzZSUzRDAlMjZhbXAlM0JwbGF5ZXJfaWQlM0QwJTI2YW1wJTNCYXBwX2lkJTNENTg0NzklMjIlMjBmcmFtZWJvcmRlciUzRCUyMjAlMjIlMjBhbGxvdyUzRCUyMmF1dG9wbGF5JTNCJTIwZnVsbHNjcmVlbiUzQiUyMHBpY3R1cmUtaW4tcGljdHVyZSUyMiUyMGFsbG93ZnVsbHNjcmVlbiUyMHN0eWxlJTNEJTIycG9zaXRpb24lM0FhYnNvbHV0ZSUzQnRvcCUzQTAlM0JsZWZ0JTNBMCUzQndpZHRoJTNBMTAwJTI1JTNCaGVpZ2h0JTNBMTAwJTI1JTNCJTIyJTIwdGl0bGUlM0QlMjJMYXNlciUyMGZyZXF1ZW5jeSUyMHRoZXJhcHklMjIlM0UlM0MlMkZpZnJhbWUlM0UlM0MlMkZkaXYlM0UlM0NzY3JpcHQlMjBzcmMlM0QlMjJodHRwcyUzQSUyRiUyRnBsYXllci52aW1lby5jb20lMkZhcGklMkZwbGF5ZXIuanMlMjIlM0UlM0MlMkZzY3JpcHQlM0U=[\/vc_raw_html][vc_column_text css=&#8221;.vc_custom_1724394482717{margin-top: -15px !important;}&#8221;]Terapia de frecuencia l\u00e1ser[\/vc_column_text][\/vc_column_inner][vc_column_inner width=&#8221;1\/2&#8243; css=&#8221;.vc_custom_1530802349135{margin-left: 40px !important;}&#8221;][vc_raw_html css=&#8221;&#8221;]JTNDZGl2JTIwc3R5bGUlM0QlMjJwYWRkaW5nJTNBNTYuMjUlMjUlMjAwJTIwMCUyMDAlM0Jwb3NpdGlvbiUzQXJlbGF0aXZlJTNCJTIyJTNFJTNDaWZyYW1lJTIwc3JjJTNEJTIyaHR0cHMlM0ElMkYlMkZwbGF5ZXIudmltZW8uY29tJTJGdmlkZW8lMkYxMDAzMTUxNTAyJTNGaCUzRGZhYjhjZTVhN2UlMjZhbXAlM0JiYWRnZSUzRDAlMjZhbXAlM0JhdXRvcGF1c2UlM0QwJTI2YW1wJTNCcGxheWVyX2lkJTNEMCUyNmFtcCUzQmFwcF9pZCUzRDU4NDc5JTIyJTIwZnJhbWVib3JkZXIlM0QlMjIwJTIyJTIwYWxsb3clM0QlMjJhdXRvcGxheSUzQiUyMGZ1bGxzY3JlZW4lM0IlMjBwaWN0dXJlLWluLXBpY3R1cmUlM0IlMjBjbGlwYm9hcmQtd3JpdGUlMjIlMjBzdHlsZSUzRCUyMnBvc2l0aW9uJTNBYWJzb2x1dGUlM0J0b3AlM0EwJTNCbGVmdCUzQTAlM0J3aWR0aCUzQTEwMCUyNSUzQmhlaWdodCUzQTEwMCUyNSUzQiUyMiUyMHRpdGxlJTNEJTIyRkklMjBCYSVDQyU4OG5kZXIlMjIlM0UlM0MlMkZpZnJhbWUlM0UlM0MlMkZkaXYlM0UlM0NzY3JpcHQlMjBzcmMlM0QlMjJodHRwcyUzQSUyRiUyRnBsYXllci52aW1lby5jb20lMkZhcGklMkZwbGF5ZXIuanMlMjIlM0UlM0MlMkZzY3JpcHQlM0U=[\/vc_raw_html][vc_column_text css=&#8221;.vc_custom_1724394470720{margin-top: -15px !important;}&#8221;]Las bandas FI (s\u00f3lo disponibles en alem\u00e1n)[\/vc_column_text][\/vc_column_inner][\/vc_row_inner][vc_empty_space height=&#8221;50&#8243;][vc_row_inner css=&#8221;.vc_custom_1523533034292{margin-bottom: 0px !important;padding-bottom: 0px !important;}&#8221;][vc_column_inner width=&#8221;1\/4&#8243; css=&#8221;.vc_custom_1523445157664{padding-top: 5px !important;}&#8221;][vc_single_image image=&#8221;16963&#8243; img_size=&#8221;full&#8221; style=&#8221;vc_box_border&#8221; onclick=&#8221;zoom&#8221;][vc_single_image image=&#8221;15189&#8243; img_size=&#8221;full&#8221; style=&#8221;vc_box_border&#8221; onclick=&#8221;zoom&#8221;][\/vc_column_inner][vc_column_inner width=&#8221;3\/4&#8243; css=&#8221;.vc_custom_1530802349135{margin-left: 40px !important;}&#8221;][vc_column_text el_class=&#8221;li-check&#8221;]<\/p>\n<p class=\"bodytext\">En una banda FI ya se han ajustado las frecuencias l\u00e1ser recomendadas y se ejecutan autom\u00e1ticamente (AUTORUN &#8211; cambio cada 15 segundos). El programa se repite hasta que se agota el tiempo de terapia \/ la dosis ajustados. La frecuencia correspondiente se muestra siempre en la pantalla.<\/p>\n<p>La selecci\u00f3n de la banda de frecuencia es sencilla y s\u00f3lo lleva unos segundos. La serie de frecuencias fue seleccionada por el College for Low Level Laser Therapy (www.COLLL.org) y probada exhaustivamente por el equipo de investigaci\u00f3n COLLL durante varios meses. La ampliaci\u00f3n del software para la serie de modelos PowerTwin se ha registrado como patente de utilidad en la Oficina Alemana de Patentes.<\/p>\n<p><b>Est\u00e1n disponibles las siguientes bandas de frecuencia:<\/b> <b>Regeneraci\u00f3n, Dolor, Interferencia, Trauma, Centro interno, Desintoxicaci\u00f3n, Infecci\u00f3n, Huesos, Nervio, Transcraneal, Psique\/ANS, Linfa, Puntos gatillo<\/b><\/p>\n<p><b>Ahora nuevo con los tratamientos b\u00e1sicos Vago, C\u00e9lulas Madre, L\u00e1ser Sangre<\/b><\/p>\n<p><b>El software incluye una descripci\u00f3n detallada de las bandas de frecuencia (folleto) con sugerencias para diferentes indicaciones.<\/b>[\/vc_column_text][vc_empty_space height=&#8221;32&#8243;][vc_column_text]<a class=\"button angebot\" title=\"Pedier aqu\u00ed una oferta\" href=\"\/?page_id=2595\">Pedier aqu\u00ed una oferta<\/a>[\/vc_column_text][\/vc_column_inner][\/vc_row_inner][\/vc_column][vc_column][\/vc_column][\/vc_row]<\/p>\n<\/div>","protected":false},"excerpt":{"rendered":"<p>Die neue Generation der Laserdusche. 21 Laserdioden bestrahlen mit h\u00f6chster Laserdichte eine Fl\u00e4che von 55 cm\u00b2. Mit Wechseladapter f\u00fcr schnelles und hygienisches Arbeiten.<\/p>\n","protected":false},"author":15,"featured_media":16963,"parent":1762,"menu_order":11,"comment_status":"closed","ping_status":"closed","template":"","meta":{"footnotes":"","_links_to":"","_links_to_target":""},"class_list":["post-5962","page","type-page","status-publish","has-post-thumbnail","hentry","description-off"],"_links":{"self":[{"href":"https:\/\/www.mkw-laser.de\/es\/wp-json\/wp\/v2\/pages\/5962","targetHints":{"allow":["GET"]}}],"collection":[{"href":"https:\/\/www.mkw-laser.de\/es\/wp-json\/wp\/v2\/pages"}],"about":[{"href":"https:\/\/www.mkw-laser.de\/es\/wp-json\/wp\/v2\/types\/page"}],"author":[{"embeddable":true,"href":"https:\/\/www.mkw-laser.de\/es\/wp-json\/wp\/v2\/users\/15"}],"replies":[{"embeddable":true,"href":"https:\/\/www.mkw-laser.de\/es\/wp-json\/wp\/v2\/comments?post=5962"}],"version-history":[{"count":0,"href":"https:\/\/www.mkw-laser.de\/es\/wp-json\/wp\/v2\/pages\/5962\/revisions"}],"up":[{"embeddable":true,"href":"https:\/\/www.mkw-laser.de\/es\/wp-json\/wp\/v2\/pages\/1762"}],"wp:featuredmedia":[{"embeddable":true,"href":"https:\/\/www.mkw-laser.de\/es\/wp-json\/wp\/v2\/media\/16963"}],"wp:attachment":[{"href":"https:\/\/www.mkw-laser.de\/es\/wp-json\/wp\/v2\/media?parent=5962"}],"curies":[{"name":"wp","href":"https:\/\/api.w.org\/{rel}","templated":true}]}}