{"id":6259,"date":"2018-11-23T10:14:44","date_gmt":"2018-11-23T09:14:44","guid":{"rendered":"http:\/\/www.mkw-laser.de\/?page_id=6259"},"modified":"2024-03-28T14:36:50","modified_gmt":"2024-03-28T13:36:50","slug":"softlaser-2","status":"publish","type":"page","link":"https:\/\/www.mkw-laser.de\/es\/medicina-humana\/softlaser-2","title":{"rendered":"Softlaser"},"content":{"rendered":"<div class=\"wpb-content-wrapper\"><p>[vc_row][vc_column][vc_empty_space height=&#8221;50px&#8221;][\/vc_column][vc_column][vc_row_inner css=&#8221;.vc_custom_1523533034292{margin-bottom: 0px !important;padding-bottom: 0px !important;}&#8221;][vc_column_inner width=&#8221;2\/3&#8243; css=&#8221;.vc_custom_1523445157664{padding-top: 5px !important;}&#8221;][vc_column_text el_class=&#8221;li-check&#8221;]<\/p>\n<h3>L\u00c1SER BLANDO<\/h3>\n<p class=\"bodytext\">Los l\u00e1seres blandos se utilizan en medicina complementaria o regulativa. Los sin\u00f3nimos del t\u00e9rmino son: L\u00e1ser de baja intensidad (LLL), l\u00e1ser de bioestimulaci\u00f3n, biolaser, bioestimulaci\u00f3n l\u00e1ser, biomodulaci\u00f3n l\u00e1ser, l\u00e1ser de luz fr\u00eda o terapia l\u00e1ser fr\u00eda, dispositivos de fototerapia l\u00e1ser o dispositivos de terapia con luz de alta densidad (HDL).<\/p>\n<p class=\"bodytext\">A diferencia de los llamados l\u00e1seres duros, que se utilizan en medicina para la cirug\u00eda de precisi\u00f3n, un l\u00e1ser blando trabaja con una potencia baja y, si se utiliza correctamente, inocua.<\/p>\n<ul>\n<li>Los l\u00e1seres\/biol\u00e1seres de bioestimulaci\u00f3n funcionan con potencias de 50 a 500 mW y normalmente con longitudes de onda en la gama espectral del rojo o el infrarrojo cercano.<\/li>\n<\/ul>\n<p>[\/vc_column_text][\/vc_column_inner][vc_column_inner width=&#8221;1\/3&#8243; css=&#8221;.vc_custom_1530802349135{margin-left: 40px !important;}&#8221;][vc_single_image image=&#8221;34844&#8243; img_size=&#8221;full&#8221; onclick=&#8221;zoom&#8221;][\/vc_column_inner][\/vc_row_inner][vc_empty_space height=&#8221;50px&#8221;][vc_row_inner css=&#8221;.vc_custom_1523533034292{margin-bottom: 0px !important;padding-bottom: 0px !important;}&#8221;][vc_column_inner width=&#8221;1\/4&#8243; css=&#8221;.vc_custom_1523445157664{padding-top: 5px !important;}&#8221;][vc_single_image image=&#8221;4156&#8243; img_size=&#8221;full&#8221; style=&#8221;vc_box_border&#8221; onclick=&#8221;zoom&#8221;][vc_single_image image=&#8221;16963&#8243; img_size=&#8221;full&#8221; style=&#8221;vc_box_border&#8221; onclick=&#8221;zoom&#8221;][\/vc_column_inner][vc_column_inner width=&#8221;3\/4&#8243; css=&#8221;.vc_custom_1530802349135{margin-left: 40px !important;}&#8221;][vc_column_text el_class=&#8221;li-check&#8221;]<\/p>\n<h3 class=\"bodytext\">EXPERIENCIA EN EL CAMPO DE LOS L\u00c1SERES BLANDOS DESDE 1984<\/h3>\n<p class=\"bodytext\">En todo el mundo hay unos 50 fabricantes de l\u00e1seres blandos m\u00e9dicos. Uno de ellos es la empresa MKW Therapie-Systeme GmbH de Baden-Baden, que desde 1984 le asesora de forma \u00f3ptima en la terapia con l\u00e1ser blando.<\/p>\n<p class=\"bodytext\">MKW ofrece l\u00e1seres blandos para la pr\u00e1ctica humana o veterinaria con equipos diferentes y personalizados.<\/p>\n<p class=\"bodytext\">Para la terapia puntual dirigida, especialmente para el tratamiento de puntos de acupuntura, se dispone de un l\u00e1piz l\u00e1ser.<\/p>\n<p>En la <a href=\"\/?page_id=1762\">medicina humana<\/a> se realizan aplicaciones de gran superficie de luz l\u00e1ser mediante una ducha l\u00e1ser.<br \/>\nEn <a href=\"\/?page_id=2196\">medicina veterinaria<\/a>, las zonas extensas se tratan con un <a href=\"\/?page_id=6290\">peine l\u00e1ser<\/a>.[\/vc_column_text][vc_empty_space][vc_column_text]<\/p>\n<p style=\"text-align: left;\"><a class=\"button angebot\" title=\"Pedier aqu\u00ed una oferta\" href=\"\/?page_id=2595\">Pedier aqu\u00ed una oferta<\/a><\/p>\n<p>[\/vc_column_text][\/vc_column_inner][\/vc_row_inner][\/vc_column][vc_column][\/vc_column][\/vc_row]<\/p>\n<\/div>","protected":false},"excerpt":{"rendered":"<p>Die neue Generation der Laserdusche. 21 Laserdioden bestrahlen mit h\u00f6chster Laserdichte eine Fl\u00e4che von 55 cm\u00b2. Mit Wechseladapter f\u00fcr schnelles und hygienisches Arbeiten.<\/p>\n","protected":false},"author":15,"featured_media":536,"parent":1762,"menu_order":11,"comment_status":"closed","ping_status":"closed","template":"","meta":{"footnotes":"","_links_to":"","_links_to_target":""},"class_list":["post-6259","page","type-page","status-publish","has-post-thumbnail","hentry","description-off"],"_links":{"self":[{"href":"https:\/\/www.mkw-laser.de\/es\/wp-json\/wp\/v2\/pages\/6259","targetHints":{"allow":["GET"]}}],"collection":[{"href":"https:\/\/www.mkw-laser.de\/es\/wp-json\/wp\/v2\/pages"}],"about":[{"href":"https:\/\/www.mkw-laser.de\/es\/wp-json\/wp\/v2\/types\/page"}],"author":[{"embeddable":true,"href":"https:\/\/www.mkw-laser.de\/es\/wp-json\/wp\/v2\/users\/15"}],"replies":[{"embeddable":true,"href":"https:\/\/www.mkw-laser.de\/es\/wp-json\/wp\/v2\/comments?post=6259"}],"version-history":[{"count":0,"href":"https:\/\/www.mkw-laser.de\/es\/wp-json\/wp\/v2\/pages\/6259\/revisions"}],"up":[{"embeddable":true,"href":"https:\/\/www.mkw-laser.de\/es\/wp-json\/wp\/v2\/pages\/1762"}],"wp:featuredmedia":[{"embeddable":true,"href":"https:\/\/www.mkw-laser.de\/es\/wp-json\/wp\/v2\/media\/536"}],"wp:attachment":[{"href":"https:\/\/www.mkw-laser.de\/es\/wp-json\/wp\/v2\/media?parent=6259"}],"curies":[{"name":"wp","href":"https:\/\/api.w.org\/{rel}","templated":true}]}}