{"id":6276,"date":"2018-11-23T10:16:32","date_gmt":"2018-11-23T09:16:32","guid":{"rendered":"http:\/\/www.mkw-laser.de\/?page_id=6276"},"modified":"2024-04-03T11:12:58","modified_gmt":"2024-04-03T09:12:58","slug":"low-level-laser-therapie","status":"publish","type":"page","link":"https:\/\/www.mkw-laser.de\/es\/medicina-humana\/low-level-laser-therapie","title":{"rendered":"Low Level Laser Therapie"},"content":{"rendered":"<div class=\"wpb-content-wrapper\"><p>[vc_row][vc_column][vc_empty_space height=&#8221;50px&#8221;][\/vc_column][vc_column][vc_row_inner css=&#8221;.vc_custom_1523533034292{margin-bottom: 0px !important;padding-bottom: 0px !important;}&#8221;][vc_column_inner width=&#8221;2\/3&#8243; css=&#8221;.vc_custom_1523445157664{padding-top: 5px !important;}&#8221;][vc_column_text el_class=&#8221;li-check&#8221;]<\/p>\n<h3>DISPOSITIVOS DE TERAPIA L\u00c1SER MKW PARA<br \/>\nTERAPIA L\u00c1SER DE BAJA INTENSIDAD<\/h3>\n<p class=\"bodytext\">La terapia l\u00e1ser es un m\u00e9todo de tratamiento m\u00e9dico complementario para apoyar los procesos de regeneraci\u00f3n fisiol\u00f3gica propios del organismo. El t\u00e9rmino internacionalmente utilizado y m\u00e1s preciso es terapia l\u00e1ser de baja intensidad (TLBI). Los aparatos de terapia l\u00e1ser MKW son l\u00e1seres de bajo nivel, es decir, de baja energ\u00eda. A diferencia de los l\u00e1seres quir\u00fargicos, \u00e9stos funcionan a bajos niveles de potencia.<\/p>\n<p class=\"bodytext\">Existen estudios sobre el modo de acci\u00f3n de la terapia l\u00e1ser de baja intensidad desde principios de los a\u00f1os ochenta. Existe una amplia bibliograf\u00eda especializada sobre la terapia con l\u00e1ser de baja intensidad. Investigadores de todo el mundo estudian el fen\u00f3meno de la luz l\u00e1ser y la <a href=\"\/?page_id=6343\">acupuntura l\u00e1ser<\/a>. La WALT (World assocciation laser therapy) organiza congresos sobre l\u00e1ser cada dos a\u00f1os. En ellos se presentan los resultados de las \u00faltimas investigaciones. No obstante, la terapia con l\u00e1ser de baja intensidad sigue siendo objeto de debate y se considera controvertida.<\/p>\n<ul>\n<li>La terapia l\u00e1ser de baja intensidad es un m\u00e9todo terap\u00e9utico del campo de la medicina natural, que no es un m\u00e9todo generalmente reconocido de la medicina convencional en Alemania. No obstante, la terapia con l\u00e1ser de baja intensidad se ha hecho un nombre entre muchos representantes de los m\u00e9todos curativos de la medicina alternativa.<\/li>\n<\/ul>\n<p>[\/vc_column_text][\/vc_column_inner][vc_column_inner width=&#8221;1\/3&#8243; css=&#8221;.vc_custom_1530802349135{margin-left: 40px !important;}&#8221;][vc_single_image image=&#8221;34844&#8243; img_size=&#8221;full&#8221; onclick=&#8221;zoom&#8221;][\/vc_column_inner][\/vc_row_inner][vc_empty_space height=&#8221;50px&#8221;][vc_row_inner css=&#8221;.vc_custom_1523533034292{margin-bottom: 0px !important;padding-bottom: 0px !important;}&#8221;][vc_column_inner width=&#8221;1\/4&#8243; css=&#8221;.vc_custom_1523445157664{padding-top: 5px !important;}&#8221;][vc_single_image image=&#8221;4156&#8243; img_size=&#8221;full&#8221; style=&#8221;vc_box_border&#8221; onclick=&#8221;zoom&#8221;][vc_single_image image=&#8221;16963&#8243; img_size=&#8221;full&#8221; style=&#8221;vc_box_border&#8221; onclick=&#8221;zoom&#8221;][\/vc_column_inner][vc_column_inner width=&#8221;3\/4&#8243; css=&#8221;.vc_custom_1530802349135{margin-left: 40px !important;}&#8221;][vc_column_text el_class=&#8221;li-check&#8221;]<\/p>\n<h3>LA TERAPIA L\u00c1SER DE BAJA INTENSIDAD PUEDE REALIZARSE ESENCIALMENTE CON LOS SIGUIENTES APARATOS DE TERAPIA L\u00c1SER:<\/h3>\n<ul>\n<li>L\u00e1pices l\u00e1ser o l\u00e1seres puntuales para una terapia l\u00e1ser puntual dirigida. En particular, la luz l\u00e1ser tambi\u00e9n puede estimular los puntos de acupuntura cuando se aplica de forma selectiva.<\/li>\n<li>Las duchas l\u00e1ser son ideales para tratar grandes superficies con luz l\u00e1ser. Varios diodos l\u00e1ser trabajando simult\u00e1neamente pueden cubrir \u00e1reas de piel de hasta 50 cm\u00b2 con una alta densidad de l\u00e1ser ahorrando tiempo.<\/li>\n<li>En la <em>terapia l\u00e1ser,<\/em>por ejemplo, se utilizan <a href=\"\/?page_id=6332\">l\u00e1seres de \u00e1rea<\/a> con una potencia de 50 a 500 mW. Las longitudes de onda utilizadas suelen estar en la gama espectral del rojo o del infrarrojo cercano.<\/li>\n<li>La empresa MKW Therapie-Systeme GmbH de Baden-Baden est\u00e1 especializada desde 1984 en la terapia l\u00e1ser de baja energ\u00eda, por lo que puede asesorarle de la mejor manera posible.<\/li>\n<li>En MKW, puede obtener diversos dispositivos de terapia l\u00e1ser para medicina humana y veterinaria que se adaptan a sus \u00e1mbitos de aplicaci\u00f3n individuales.<\/li>\n<\/ul>\n<p>[\/vc_column_text][vc_empty_space][vc_column_text]<\/p>\n<p style=\"text-align: left;\"><a class=\"button angebot\" title=\"Pedier aqu\u00ed una oferta\" href=\"\/?page_id=2595\">Pedier aqu\u00ed una oferta<\/a><\/p>\n<p>[\/vc_column_text][\/vc_column_inner][\/vc_row_inner][\/vc_column][vc_column][\/vc_column][\/vc_row]<\/p>\n<\/div>","protected":false},"excerpt":{"rendered":"<p>Die neue Generation der Laserdusche. 21 Laserdioden bestrahlen mit h\u00f6chster Laserdichte eine Fl\u00e4che von 55 cm\u00b2. Mit Wechseladapter f\u00fcr schnelles und hygienisches Arbeiten.<\/p>\n","protected":false},"author":15,"featured_media":536,"parent":1762,"menu_order":11,"comment_status":"closed","ping_status":"closed","template":"","meta":{"footnotes":"","_links_to":"","_links_to_target":""},"class_list":["post-6276","page","type-page","status-publish","has-post-thumbnail","hentry","description-off"],"_links":{"self":[{"href":"https:\/\/www.mkw-laser.de\/es\/wp-json\/wp\/v2\/pages\/6276","targetHints":{"allow":["GET"]}}],"collection":[{"href":"https:\/\/www.mkw-laser.de\/es\/wp-json\/wp\/v2\/pages"}],"about":[{"href":"https:\/\/www.mkw-laser.de\/es\/wp-json\/wp\/v2\/types\/page"}],"author":[{"embeddable":true,"href":"https:\/\/www.mkw-laser.de\/es\/wp-json\/wp\/v2\/users\/15"}],"replies":[{"embeddable":true,"href":"https:\/\/www.mkw-laser.de\/es\/wp-json\/wp\/v2\/comments?post=6276"}],"version-history":[{"count":0,"href":"https:\/\/www.mkw-laser.de\/es\/wp-json\/wp\/v2\/pages\/6276\/revisions"}],"up":[{"embeddable":true,"href":"https:\/\/www.mkw-laser.de\/es\/wp-json\/wp\/v2\/pages\/1762"}],"wp:featuredmedia":[{"embeddable":true,"href":"https:\/\/www.mkw-laser.de\/es\/wp-json\/wp\/v2\/media\/536"}],"wp:attachment":[{"href":"https:\/\/www.mkw-laser.de\/es\/wp-json\/wp\/v2\/media?parent=6276"}],"curies":[{"name":"wp","href":"https:\/\/api.w.org\/{rel}","templated":true}]}}