{"id":6282,"date":"2018-11-23T10:21:50","date_gmt":"2018-11-23T09:21:50","guid":{"rendered":"http:\/\/www.mkw-laser.de\/?page_id=6282"},"modified":"2024-03-28T14:58:13","modified_gmt":"2024-03-28T13:58:13","slug":"laserpen","status":"publish","type":"page","link":"https:\/\/www.mkw-laser.de\/es\/medicina-humana\/laserpen","title":{"rendered":"Laserpen"},"content":{"rendered":"<div class=\"wpb-content-wrapper\"><p>[vc_row][vc_column][vc_empty_space height=&#8221;50px&#8221;][\/vc_column][vc_column][vc_row_inner css=&#8221;.vc_custom_1523533034292{margin-bottom: 0px !important;padding-bottom: 0px !important;}&#8221;][vc_column_inner width=&#8221;2\/3&#8243; css=&#8221;.vc_custom_1523445157664{padding-top: 5px !important;}&#8221;][vc_column_text el_class=&#8221;li-check&#8221;]<\/p>\n<h3>LASERPEN, L\u00c1SER PUNTUAL<\/h3>\n<p class=\"bodytext\">El l\u00e1piz l\u00e1ser (tambi\u00e9n llamado a menudo l\u00e1ser puntual) es un l\u00e1ser terap\u00e9utico a pilas controlado por microprocesador para el tratamiento de zonas peque\u00f1as y para la terapia puntual dirigida, especialmente para estimular el dolor y los puntos gatillo.<\/p>\n<p class=\"bodytext\">El l\u00e1piz l\u00e1ser tambi\u00e9n se puede utilizar como sustituto de la aguja en la acupuntura seg\u00fan las reglas terap\u00e9uticas probadas de la MTC (Medicina Tradicional China). Como l\u00e1ser de MTC o l\u00e1ser de acupuntura, ofrece ventajas y efectos positivos en comparaci\u00f3n con el uso de agujas.<\/p>\n<ul>\n<li>Los bol\u00edgrafos l\u00e1ser se utilizan en la medicina complementaria humana y veterinaria.<\/li>\n<\/ul>\n<p>[\/vc_column_text][\/vc_column_inner][vc_column_inner width=&#8221;1\/3&#8243; css=&#8221;.vc_custom_1530802349135{margin-left: 40px !important;}&#8221;][vc_single_image image=&#8221;34853&#8243; img_size=&#8221;full&#8221; onclick=&#8221;zoom&#8221;][\/vc_column_inner][\/vc_row_inner][vc_empty_space height=&#8221;50px&#8221;][vc_row_inner css=&#8221;.vc_custom_1523533034292{margin-bottom: 0px !important;padding-bottom: 0px !important;}&#8221;][vc_column_inner width=&#8221;1\/4&#8243; css=&#8221;.vc_custom_1523445157664{padding-top: 5px !important;}&#8221;][vc_single_image image=&#8221;4156&#8243; img_size=&#8221;full&#8221; style=&#8221;vc_box_border&#8221; onclick=&#8221;zoom&#8221;][vc_single_image image=&#8221;30075&#8243; img_size=&#8221;full&#8221; style=&#8221;vc_box_border&#8221; onclick=&#8221;zoom&#8221;][\/vc_column_inner][vc_column_inner width=&#8221;3\/4&#8243; css=&#8221;.vc_custom_1530802349135{margin-left: 40px !important;}&#8221;][vc_column_text el_class=&#8221;li-check&#8221;]<\/p>\n<h3>LASERPEN LA-X<\/h3>\n<div id=\"c1300\" class=\"csc-default csc-space-before-20\">\n<div class=\"csc-textpic csc-textpic-intext-left\">\n<div class=\"csc-textpic-text\">\n<p>El especialista en l\u00e1ser MKW Therapiesysteme desarroll\u00f3 ya en 1999 un dispositivo l\u00e1ser a pilas, el l\u00e1piz l\u00e1ser LA-X. Aunque en aquella \u00e9poca los l\u00e1seres de baja intensidad apenas se utilizaban en la medicina veterinaria, ahora son casi m\u00e1s conocidos y est\u00e1n m\u00e1s extendidos que en la medicina humana.<\/p>\n<p>Los tratamientos de acupuntura para animales, en particular, son m\u00e1s f\u00e1ciles de realizar con bol\u00edgrafos l\u00e1ser y l\u00e1seres puntuales, ya que el tratamiento resulta m\u00e1s c\u00f3modo para el animal.<\/p>\n<p>Con el l\u00e1ser de punta &#8220;Laserpen LA-X&#8221; se ha creado la referencia t\u00e9cnica definitiva tras el exitoso lanzamiento al mercado del procedimiento de usuario hace m\u00e1s de una d\u00e9cada: un l\u00e1ser de punta para las m\u00e1s altas exigencias. Muchas funciones adicionales, una gran pantalla en color, una funcionalidad mejorada en la terapia diaria y un alto nivel de facilidad de uso hablan en favor de este l\u00e1ser.<\/p><\/div>\n<\/div>\n<\/div>\n<p>[\/vc_column_text][vc_column_text el_class=&#8221;li-check&#8221;]EL LASERPEN LA-X OFRECE, ENTRE OTRAS COSAS:<\/p>\n<ul>\n<li>Ajuste de la potencia l\u00e1ser en 10 pasos hasta una potencia l\u00e1ser m\u00e1xima de 200 mW\/500mW<\/li>\n<li>Programas de frecuencia preprogramados, como las frecuencias Nogier, Bahr y Reininger<\/li>\n<li>Frecuencias libremente seleccionables y ajustables<\/li>\n<li>Funci\u00f3n de b\u00fasqueda autom\u00e1tica para localizar puntos de acupuntura<\/li>\n<li>Manejo c\u00f3modo, uso flexible del l\u00e1ser de puntos<\/li>\n<\/ul>\n<p>[\/vc_column_text][vc_empty_space][vc_column_text]<\/p>\n<p style=\"text-align: left;\"><a class=\"button angebot\" title=\"Pedier aqu\u00ed una oferta\" href=\"\/?page_id=2595\">Pedier aqu\u00ed una oferta<\/a><\/p>\n<p>[\/vc_column_text][\/vc_column_inner][\/vc_row_inner][\/vc_column][vc_column][\/vc_column][\/vc_row][vc_row][vc_column][\/vc_column][\/vc_row]<\/p>\n<\/div>","protected":false},"excerpt":{"rendered":"<p>Die neue Generation der Laserdusche. 21 Laserdioden bestrahlen mit h\u00f6chster Laserdichte eine Fl\u00e4che von 55 cm\u00b2. Mit Wechseladapter f\u00fcr schnelles und hygienisches Arbeiten.<\/p>\n","protected":false},"author":15,"featured_media":34853,"parent":1762,"menu_order":11,"comment_status":"closed","ping_status":"closed","template":"","meta":{"footnotes":"","_links_to":"","_links_to_target":""},"class_list":["post-6282","page","type-page","status-publish","has-post-thumbnail","hentry","description-off"],"_links":{"self":[{"href":"https:\/\/www.mkw-laser.de\/es\/wp-json\/wp\/v2\/pages\/6282","targetHints":{"allow":["GET"]}}],"collection":[{"href":"https:\/\/www.mkw-laser.de\/es\/wp-json\/wp\/v2\/pages"}],"about":[{"href":"https:\/\/www.mkw-laser.de\/es\/wp-json\/wp\/v2\/types\/page"}],"author":[{"embeddable":true,"href":"https:\/\/www.mkw-laser.de\/es\/wp-json\/wp\/v2\/users\/15"}],"replies":[{"embeddable":true,"href":"https:\/\/www.mkw-laser.de\/es\/wp-json\/wp\/v2\/comments?post=6282"}],"version-history":[{"count":0,"href":"https:\/\/www.mkw-laser.de\/es\/wp-json\/wp\/v2\/pages\/6282\/revisions"}],"up":[{"embeddable":true,"href":"https:\/\/www.mkw-laser.de\/es\/wp-json\/wp\/v2\/pages\/1762"}],"wp:featuredmedia":[{"embeddable":true,"href":"https:\/\/www.mkw-laser.de\/es\/wp-json\/wp\/v2\/media\/34853"}],"wp:attachment":[{"href":"https:\/\/www.mkw-laser.de\/es\/wp-json\/wp\/v2\/media?parent=6282"}],"curies":[{"name":"wp","href":"https:\/\/api.w.org\/{rel}","templated":true}]}}