{"id":6290,"date":"2018-11-23T10:26:41","date_gmt":"2018-11-23T09:26:41","guid":{"rendered":"http:\/\/www.mkw-laser.de\/?page_id=6290"},"modified":"2024-03-27T11:40:21","modified_gmt":"2024-03-27T10:40:21","slug":"laserkamm","status":"publish","type":"page","link":"https:\/\/www.mkw-laser.de\/es\/medicina-humana\/laserkamm","title":{"rendered":"Laserkamm"},"content":{"rendered":"<div class=\"wpb-content-wrapper\"><p>[vc_row][vc_column][vc_empty_space height=&#8221;50px&#8221;][\/vc_column][vc_column][vc_row_inner css=&#8221;.vc_custom_1523533034292{margin-bottom: 0px !important;padding-bottom: 0px !important;}&#8221;][vc_column_inner width=&#8221;2\/3&#8243; css=&#8221;.vc_custom_1523445157664{padding-top: 5px !important;}&#8221;][vc_column_text el_class=&#8221;li-check&#8221;]<\/p>\n<h3>PEINE L\u00c1SER<\/h3>\n<div id=\"c1283\" class=\"csc-default\">\n<div class=\"csc-textpic csc-textpic-intext-right\">\n<div class=\"csc-textpic-text\">\n<p>La luz l\u00e1ser s\u00f3lo puede desarrollar su efecto estimulante si las c\u00e9lulas de la piel tambi\u00e9n absorben la luz l\u00e1ser y \u00e9sta puede penetrar en profundidad. Sin embargo, el pelo y el vello reflejan la luz y, por lo tanto, representan una barrera durante el tratamiento con l\u00e1ser.<\/p>\n<p>El peine l\u00e1ser resuelve este problema de forma brillante con la ayuda de las puntas del peine. Estas gu\u00edas de luz especiales permiten que la luz l\u00e1ser penetre en el pelo o el pelaje pr\u00e1cticamente sin p\u00e9rdida de energ\u00eda y pueda desarrollar su efecto estimulante directamente en la piel. El tratamiento con el peine l\u00e1ser es ideal para animales de pelaje largo y espeso.<\/p>\n<p>El primer peine l\u00e1ser del mundo desarrollado por MKW se pudo comprar ya en 1991. En aquel entonces, el modelo estaba destinado inicialmente a aplicaciones cosm\u00e9ticas capilares. Los veterinarios y terapeutas de animales reconocieron r\u00e1pidamente su potencial de uso en medicina veterinaria. El l\u00e1ser veterinario para pelo grueso y pelaje se sigui\u00f3 desarrollando continuamente y se adapt\u00f3 a los requisitos de la medicina veterinaria. El desarrollo culmin\u00f3 en la ducha l\u00e1ser PowerTwin 21, una ducha l\u00e1ser que puede convertirse en peine l\u00e1ser en cuesti\u00f3n de segundos. Esto significa que los animales con pelo largo o corto o piel lisa pueden tratarse con un \u00fanico dispositivo l\u00e1ser.<\/p>\n<\/div>\n<\/div>\n<\/div>\n<p>[\/vc_column_text][vc_raw_html]JTNDaWZyYW1lJTIwc3JjJTNEJTIyaHR0cHMlM0ElMkYlMkZwbGF5ZXIudmltZW8uY29tJTJGdmlkZW8lMkY3MDYxMDM5MzglM0ZoJTNEMzY1YjA0ZDU0NyUyMiUyMHdpZHRoJTNEJTIyNjQwJTIyJTIwaGVpZ2h0JTNEJTIyMzYwJTIyJTIwZnJhbWVib3JkZXIlM0QlMjIwJTIyJTIwYWxsb3clM0QlMjJhdXRvcGxheSUzQiUyMGZ1bGxzY3JlZW4lM0IlMjBwaWN0dXJlLWluLXBpY3R1cmUlMjIlMjBhbGxvd2Z1bGxzY3JlZW4lM0UlM0MlMkZpZnJhbWUlM0U=[\/vc_raw_html][\/vc_column_inner][vc_column_inner width=&#8221;1\/3&#8243; css=&#8221;.vc_custom_1530802349135{margin-left: 40px !important;}&#8221;][vc_empty_space height=&#8221;10px&#8221;][vc_single_image image=&#8221;30526&#8243; img_size=&#8221;full&#8221; onclick=&#8221;zoom&#8221;][vc_empty_space height=&#8221;20px&#8221;][vc_single_image image=&#8221;30523&#8243; img_size=&#8221;full&#8221; onclick=&#8221;zoom&#8221;][\/vc_column_inner][\/vc_row_inner][vc_empty_space height=&#8221;50px&#8221;][vc_row_inner css=&#8221;.vc_custom_1523533034292{margin-bottom: 0px !important;padding-bottom: 0px !important;}&#8221;][vc_column_inner width=&#8221;1\/4&#8243; css=&#8221;.vc_custom_1523445157664{padding-top: 5px !important;}&#8221;][vc_single_image image=&#8221;3819&#8243; img_size=&#8221;full&#8221; style=&#8221;vc_box_border&#8221; onclick=&#8221;zoom&#8221;][\/vc_column_inner][vc_column_inner width=&#8221;3\/4&#8243; css=&#8221;.vc_custom_1530802349135{margin-left: 40px !important;}&#8221;][vc_column_text el_class=&#8221;li-check&#8221;]<\/p>\n<h3>PEINE L\u00c1SER PARA EL TRATAMIENTO DE ANIMALES<br \/>\n(POR EJEMPLO, GATOS, PERROS, CABALLOS)<\/h3>\n<div id=\"c1300\" class=\"csc-default csc-space-before-20\">\n<div class=\"csc-textpic csc-textpic-intext-left\">\n<div class=\"csc-textpic-text\">\n<p class=\"bodytext\">En la actualidad, las consultas y cl\u00ednicas veterinarias utilizan principalmente peines l\u00e1ser para la terapia l\u00e1ser de gran superficie. El tratamiento con un peine l\u00e1ser es tan sencillo como peinar el pelo. El tratamiento es muy agradable para el animal y tambi\u00e9n puede realizarlo el propietario del animal bajo supervisi\u00f3n. Para la acupuntura l\u00e1ser selectiva se dispone de un l\u00e1ser puntual. En MKW puede solicitar y adquirir en l\u00ednea en cualquier momento peines l\u00e1ser para la pr\u00e1ctica humana o veterinaria con equipos diferentes y personalizados. Estaremos encantados de informarle sobre nuestros modelos, precios, gastos de env\u00edo, plazos de entrega, etc.<\/p>\n<\/div>\n<\/div>\n<\/div>\n<p>[\/vc_column_text][vc_empty_space][vc_column_text]<\/p>\n<p style=\"text-align: left;\"><a class=\"button angebot\" title=\"Pedier aqu\u00ed una oferta\" href=\"\/?page_id=2595\">Pedier aqu\u00ed una oferta<\/a><\/p>\n<p>[\/vc_column_text][\/vc_column_inner][\/vc_row_inner][\/vc_column][vc_column][\/vc_column][\/vc_row][vc_row][vc_column][\/vc_column][\/vc_row]<\/p>\n<\/div>","protected":false},"excerpt":{"rendered":"<p>Die neue Generation der Laserdusche. 21 Laserdioden bestrahlen mit h\u00f6chster Laserdichte eine Fl\u00e4che von 55 cm\u00b2. Mit Wechseladapter f\u00fcr schnelles und hygienisches Arbeiten.<\/p>\n","protected":false},"author":15,"featured_media":536,"parent":1762,"menu_order":11,"comment_status":"closed","ping_status":"closed","template":"","meta":{"footnotes":"","_links_to":"","_links_to_target":""},"class_list":["post-6290","page","type-page","status-publish","has-post-thumbnail","hentry","description-off"],"_links":{"self":[{"href":"https:\/\/www.mkw-laser.de\/es\/wp-json\/wp\/v2\/pages\/6290","targetHints":{"allow":["GET"]}}],"collection":[{"href":"https:\/\/www.mkw-laser.de\/es\/wp-json\/wp\/v2\/pages"}],"about":[{"href":"https:\/\/www.mkw-laser.de\/es\/wp-json\/wp\/v2\/types\/page"}],"author":[{"embeddable":true,"href":"https:\/\/www.mkw-laser.de\/es\/wp-json\/wp\/v2\/users\/15"}],"replies":[{"embeddable":true,"href":"https:\/\/www.mkw-laser.de\/es\/wp-json\/wp\/v2\/comments?post=6290"}],"version-history":[{"count":0,"href":"https:\/\/www.mkw-laser.de\/es\/wp-json\/wp\/v2\/pages\/6290\/revisions"}],"up":[{"embeddable":true,"href":"https:\/\/www.mkw-laser.de\/es\/wp-json\/wp\/v2\/pages\/1762"}],"wp:featuredmedia":[{"embeddable":true,"href":"https:\/\/www.mkw-laser.de\/es\/wp-json\/wp\/v2\/media\/536"}],"wp:attachment":[{"href":"https:\/\/www.mkw-laser.de\/es\/wp-json\/wp\/v2\/media?parent=6290"}],"curies":[{"name":"wp","href":"https:\/\/api.w.org\/{rel}","templated":true}]}}