{"id":6301,"date":"2018-11-23T10:26:51","date_gmt":"2018-11-23T09:26:51","guid":{"rendered":"http:\/\/www.mkw-laser.de\/?page_id=6301"},"modified":"2024-03-27T11:53:17","modified_gmt":"2024-03-27T10:53:17","slug":"laserdusche","status":"publish","type":"page","link":"https:\/\/www.mkw-laser.de\/es\/medicina-humana\/laserdusche","title":{"rendered":"Laserdusche"},"content":{"rendered":"<div class=\"wpb-content-wrapper\"><p>[vc_row][vc_column][vc_empty_space height=&#8221;50px&#8221;][\/vc_column][vc_column][vc_row_inner css=&#8221;.vc_custom_1523533034292{margin-bottom: 0px !important;padding-bottom: 0px !important;}&#8221;][vc_column_inner width=&#8221;2\/3&#8243; css=&#8221;.vc_custom_1523445157664{padding-top: 5px !important;}&#8221;][vc_column_text el_class=&#8221;li-check&#8221;]<\/p>\n<h2>DUCHA L\u00c1SER<\/h2>\n<div id=\"c1283\" class=\"csc-default\">\n<div class=\"csc-textpic csc-textpic-intext-right\">\n<div class=\"csc-textpic-text\">\n<p>LAS DUCHAS L\u00c1SER SON L\u00c1SERES DE \u00c1REA PARA EL TRATAMIENTO DE GRANDES ZONAS DE LA PIEL<\/p>\n<p class=\"bodytext\">La terapia l\u00e1ser es el uso de luz l\u00e1ser de baja energ\u00eda con fines terap\u00e9uticos. Para evitar malentendidos -especialmente la confusi\u00f3n con los l\u00e1seres quir\u00fargicos- hoy en d\u00eda se utiliza el t\u00e9rmino terapia l\u00e1ser de baja intensidad (TLBI), que tambi\u00e9n se emplea a nivel internacional.<\/p>\n<p>Con la ayuda de una ducha l\u00e1ser se pueden tratar zonas de tejido especialmente extensas ahorrando tiempo, ya que emite varios rayos l\u00e1ser simult\u00e1neamente y, por tanto, puede tratar zonas m\u00e1s amplias.<\/p>\n<p>El t\u00e9rmino ducha l\u00e1ser fue acu\u00f1ado en 1987 por la empresa MKW por su desarrollo pionero de un sistema l\u00e1ser que, con la ayuda de 9 diodos l\u00e1ser activos simult\u00e1neamente, hizo posible por primera vez el tratamiento de zonas m\u00e1s grandes de tejido con terapia l\u00e1ser. Desde entonces, el t\u00e9rmino &#8220;ducha l\u00e1ser&#8221; se utiliza a menudo para referirse a los dispositivos l\u00e1ser dise\u00f1ados para tratar zonas m\u00e1s extensas. Alternativamente, el t\u00e9rmino tambi\u00e9n se utiliza para los l\u00e1seres de \u00e1rea.<\/p>\n<\/div>\n<\/div>\n<\/div>\n<p>[\/vc_column_text][vc_column_text]<\/p>\n<h3>V\u00cdDEO SOBRE LA DUCHA L\u00c1SER MKW<\/h3>\n<p>[\/vc_column_text][vc_raw_html]JTNDZGl2JTIwc3R5bGUlM0QlMjJwYWRkaW5nJTNBNjAuNDclMjUlMjAwJTIwMCUyMDAlM0Jwb3NpdGlvbiUzQXJlbGF0aXZlJTNCJTIyJTNFJTNDaWZyYW1lJTIwc3JjJTNEJTIyaHR0cHMlM0ElMkYlMkZwbGF5ZXIudmltZW8uY29tJTJGdmlkZW8lMkY4MjYxNzY1MzAlM0ZoJTNEODVjNmIwMDYxNCUyNmFtcCUzQmJhZGdlJTNEMCUyNmFtcCUzQmF1dG9wYXVzZSUzRDAlMjZhbXAlM0JxdWFsaXR5X3NlbGVjdG9yJTNEMSUyNmFtcCUzQnBsYXllcl9pZCUzRDAlMjZhbXAlM0JhcHBfaWQlM0Q1ODQ3OSUyMiUyMGZyYW1lYm9yZGVyJTNEJTIyMCUyMiUyMGFsbG93JTNEJTIyYXV0b3BsYXklM0IlMjBmdWxsc2NyZWVuJTNCJTIwcGljdHVyZS1pbi1waWN0dXJlJTIyJTIwc3R5bGUlM0QlMjJwb3NpdGlvbiUzQWFic29sdXRlJTNCdG9wJTNBMCUzQmxlZnQlM0EwJTNCd2lkdGglM0E3NSUyNSUzQmhlaWdodCUzQTc1JTI1JTNCJTIyJTIwdGl0bGUlM0QlMjJTaG9ydCUyMFByZXNlbnRhdGlvbiUyMiUzRSUzQyUyRmlmcmFtZSUzRSUzQyUyRmRpdiUzRSUzQ3NjcmlwdCUyMHNyYyUzRCUyMmh0dHBzJTNBJTJGJTJGcGxheWVyLnZpbWVvLmNvbSUyRmFwaSUyRnBsYXllci5qcyUyMiUzRSUzQyUyRnNjcmlwdCUzRQ==[\/vc_raw_html][\/vc_column_inner][vc_column_inner width=&#8221;1\/3&#8243; css=&#8221;.vc_custom_1530802349135{margin-left: 40px !important;}&#8221;][vc_single_image image=&#8221;16963&#8243; img_size=&#8221;250&#215;250&#8243; alignment=&#8221;right&#8221; style=&#8221;vc_box_border&#8221; onclick=&#8221;zoom&#8221;][vc_single_image image=&#8221;15189&#8243; img_size=&#8221;250&#215;250&#8243; alignment=&#8221;right&#8221; style=&#8221;vc_box_border&#8221; onclick=&#8221;zoom&#8221;][\/vc_column_inner][\/vc_row_inner][vc_empty_space height=&#8221;50px&#8221;][vc_row_inner css=&#8221;.vc_custom_1523533034292{margin-bottom: 0px !important;padding-bottom: 0px !important;}&#8221;][vc_column_inner width=&#8221;1\/4&#8243; css=&#8221;.vc_custom_1523445157664{padding-top: 5px !important;}&#8221;][vc_single_image image=&#8221;4074&#8243; img_size=&#8221;full&#8221; style=&#8221;vc_box_border&#8221; onclick=&#8221;zoom&#8221;][\/vc_column_inner][vc_column_inner width=&#8221;3\/4&#8243; css=&#8221;.vc_custom_1530802349135{margin-left: 40px !important;}&#8221;][vc_column_text el_class=&#8221;li-check&#8221;]<\/p>\n<div id=\"c1294\" class=\"csc-default\">\n<h3>DUCHAS L\u00c1SER EN MEDICINA<\/h3>\n<p>En la actualidad, los l\u00e1seres de \u00e1rea se utilizan principalmente para la terapia l\u00e1ser de baja intensidad. Con ayuda de los l\u00e1seres de \u00e1rea, la terapia l\u00e1ser puede utilizarse como terapia de estimulaci\u00f3n local directa en muchas especialidades m\u00e9dicas.<\/p>\n<p>Los par\u00e1metros m\u00e1s importantes para la terapia con l\u00e1ser de baja intensidad de gran superficie son<\/p>\n<ul>\n<li>la longitud de onda de la luz l\u00e1ser emitida<\/li>\n<li>la potencia efectiva del dispositivo l\u00e1ser<\/li>\n<li>el tipo de luz l\u00e1ser emitida (onda continua = cw o frecuencia modulada)<\/li>\n<li>el n\u00famero de diodos l\u00e1ser y su disposici\u00f3n<\/li>\n<li>la zona de tratamiento y la densidad del l\u00e1ser<\/li>\n<li>la distancia del l\u00e1ser a la zona de tratamiento<\/li>\n<li>el tiempo de terapia<\/li>\n<\/ul>\n<p class=\"bodytext\">Si estos par\u00e1metros se pueden ajustar libremente en una ducha l\u00e1ser, el terapeuta podr\u00e1 trabajar con mayor precisi\u00f3n y eficacia.<\/p>\n<\/div>\n<div id=\"c1668\" class=\"csc-default\">\n<div class=\"csc-textpic-imagewrap\">\n<p class=\"bodytext\">\n<\/div>\n<\/div>\n<p>[\/vc_column_text][vc_empty_space][vc_column_text el_class=&#8221;li-check&#8221;]<\/p>\n<div id=\"c1294\" class=\"csc-default\">\n<h3>DUCHAS L\u00c1SER MODERNAS<\/h3>\n<p>MKW ofrece duchas l\u00e1ser o <a href=\"\/?page_id=6332\">l\u00e1seres de \u00e1rea<\/a> para consultas m\u00e9dicas humanas o veterinarias con equipos diferentes y personalizados.<\/p>\n<p>MKW tambi\u00e9n fue pionera en el establecimiento de est\u00e1ndares modernos para la \u00faltima generaci\u00f3n de duchas l\u00e1ser profesionales. En la mayor feria m\u00e9dica del mundo, Medica (D\u00fcsseldorf), la empresa present\u00f3 en 2009 otra novedad mundial muy aclamada: la ducha l\u00e1ser PowerTwin. Una disposici\u00f3n optimizada de 21 diodos l\u00e1ser permite un tratamiento casi homog\u00e9neo con luz l\u00e1ser de m\u00e1xima densidad. Los par\u00e1metros del l\u00e1ser se pueden ajustar individualmente y se muestran en la pantalla en color. Un adaptador intercambiable con cristal de filtro especial integrado protege los diodos l\u00e1ser y permite un trabajo r\u00e1pido, higi\u00e9nico y seguro. Adem\u00e1s, esta ducha l\u00e1ser puede convertirse en peine l\u00e1ser en s\u00f3lo unos segundos y sin p\u00e9rdida de alimentaci\u00f3n. Esto significa que incluso la piel muy peluda o los animales con pelo pueden tratarse sin problemas.<\/p>\n<p>Este m\u00e9todo de tratamiento se ha desarrollado continuamente y ahora ha alcanzado su punto \u00e1lgido en la ducha l\u00e1ser PowerTwin XP5. Nunca ha sido tan f\u00e1cil tratar con l\u00e1ser.<\/p>\n<\/div>\n<p>[\/vc_column_text][vc_empty_space][vc_column_text]<\/p>\n<p style=\"text-align: left;\"><a class=\"button angebot\" title=\"Pedier aqu\u00ed una oferta\" href=\"\/?page_id=2595\">Pedier aqu\u00ed una oferta<\/a><\/p>\n<p>[\/vc_column_text][\/vc_column_inner][\/vc_row_inner][\/vc_column][vc_column][\/vc_column][\/vc_row][vc_row][vc_column][\/vc_column][\/vc_row]<\/p>\n<\/div>","protected":false},"excerpt":{"rendered":"<p>Die neue Generation der Laserdusche. 21 Laserdioden bestrahlen mit h\u00f6chster Laserdichte eine Fl\u00e4che von 55 cm\u00b2. Mit Wechseladapter f\u00fcr schnelles und hygienisches Arbeiten.<\/p>\n","protected":false},"author":15,"featured_media":32567,"parent":1762,"menu_order":11,"comment_status":"closed","ping_status":"closed","template":"","meta":{"footnotes":"","_links_to":"","_links_to_target":""},"class_list":["post-6301","page","type-page","status-publish","has-post-thumbnail","hentry","description-off"],"_links":{"self":[{"href":"https:\/\/www.mkw-laser.de\/es\/wp-json\/wp\/v2\/pages\/6301","targetHints":{"allow":["GET"]}}],"collection":[{"href":"https:\/\/www.mkw-laser.de\/es\/wp-json\/wp\/v2\/pages"}],"about":[{"href":"https:\/\/www.mkw-laser.de\/es\/wp-json\/wp\/v2\/types\/page"}],"author":[{"embeddable":true,"href":"https:\/\/www.mkw-laser.de\/es\/wp-json\/wp\/v2\/users\/15"}],"replies":[{"embeddable":true,"href":"https:\/\/www.mkw-laser.de\/es\/wp-json\/wp\/v2\/comments?post=6301"}],"version-history":[{"count":0,"href":"https:\/\/www.mkw-laser.de\/es\/wp-json\/wp\/v2\/pages\/6301\/revisions"}],"up":[{"embeddable":true,"href":"https:\/\/www.mkw-laser.de\/es\/wp-json\/wp\/v2\/pages\/1762"}],"wp:featuredmedia":[{"embeddable":true,"href":"https:\/\/www.mkw-laser.de\/es\/wp-json\/wp\/v2\/media\/32567"}],"wp:attachment":[{"href":"https:\/\/www.mkw-laser.de\/es\/wp-json\/wp\/v2\/media?parent=6301"}],"curies":[{"name":"wp","href":"https:\/\/api.w.org\/{rel}","templated":true}]}}