{"id":6317,"date":"2018-11-23T10:25:43","date_gmt":"2018-11-23T09:25:43","guid":{"rendered":"http:\/\/www.mkw-laser.de\/?page_id=6317"},"modified":"2024-04-03T11:21:03","modified_gmt":"2024-04-03T09:21:03","slug":"akupunkturlaser","status":"publish","type":"page","link":"https:\/\/www.mkw-laser.de\/es\/medicina-humana\/akupunkturlaser","title":{"rendered":"Akupunkturlaser"},"content":{"rendered":"<div class=\"wpb-content-wrapper\"><p>[vc_row][vc_column][vc_empty_space height=&#8221;50px&#8221;][\/vc_column][vc_column][vc_row_inner css=&#8221;.vc_custom_1523533034292{margin-bottom: 0px !important;padding-bottom: 0px !important;}&#8221;][vc_column_inner width=&#8221;2\/3&#8243; css=&#8221;.vc_custom_1523445157664{padding-top: 5px !important;}&#8221;][vc_column_text el_class=&#8221;li-check&#8221;]<\/p>\n<h3>ACUPUNTURA DE ALTA TECNOLOG\u00cdA<\/h3>\n<p class=\"bodytext\">En la <a href=\"\/?page_id=6343\">acupuntura l\u00e1ser<\/a> se combinan el m\u00e9todo curativo probado de la acupuntura y los \u00faltimos avances en fotomedicina para crear una forma de terapia que ha establecido un nuevo est\u00e1ndar que marca tendencia en la medicina occidental y oriental.<\/p>\n<p class=\"bodytext\">El l\u00e1ser TCM sustituye las agujas de acupuntura por rayos l\u00e1ser de baja energ\u00eda. Los principios de la medicina tradicional china y, por tanto, los puntos de acupuntura son los mismos. Sin embargo, la estimulaci\u00f3n mediante rayos l\u00e1ser es un m\u00e9todo de tratamiento \u00fanico, ya que los efectos de la acupuntura y la fotobiomodulaci\u00f3n mediante luz l\u00e1ser fr\u00eda se complementan muy bien.<\/p>\n<p class=\"bodytext\">El l\u00e1ser de acupuntura -tambi\u00e9n conocido como l\u00e1ser de punto o <a href=\"\/?page_id=6282\">laserpen<\/a> &#8211; se ha utilizado para estimular los puntos de acupuntura desde los inicios de la terapia l\u00e1ser de baja energ\u00eda (terapia l\u00e1ser de baja intensidad o LLLT). La estimulaci\u00f3n con un <a href=\"\/?page_id=6326\">l\u00e1ser terap\u00e9utico<\/a> provoca reacciones fisiol\u00f3gicas comparables a los m\u00e9todos de estimulaci\u00f3n convencionales (acupuntura con agujas, electroacupuntura, acupuntura magn\u00e9tica y acupresi\u00f3n, etc.).<\/p>\n<p>[\/vc_column_text][vc_column_text el_class=&#8221;li-check&#8221;]<\/p>\n<h3>VENTAJAS DE LA PUNCI\u00d3N L\u00c1SER<\/h3>\n<ul>\n<li><strong>Tratamiento sin estimulaci\u00f3n con agujas<\/strong><br \/>\nLa estimulaci\u00f3n de los puntos de acupuntura con agujas es desagradable para muchos pacientes. La punci\u00f3n l\u00e1ser es especialmente popular entre los ni\u00f1os, los pacientes ansiosos y los animales.<\/li>\n<\/ul>\n<ul>\n<li><strong>Posibilita procedimientos especiales de acupuntura que no pueden realizarse con agujas<\/strong><br \/>\nLa acupuntura l\u00e1ser permite realizar tratamientos de acupuntura que no pueden realizarse con agujas o que s\u00f3lo pueden realizarse de forma dolorosa para el paciente.<\/li>\n<\/ul>\n<ul>\n<li><strong>Flexibilidad en el tiempo de tratamiento<\/strong><br \/>\nLos tiempos de tratamiento se pueden variar y adaptar a cada situaci\u00f3n, es decir, se pueden acortar considerablemente, por ejemplo.<\/li>\n<\/ul>\n<ul>\n<li><strong>Diagn\u00f3stico preciso, especialmente con la acupuntura auricular<\/strong><br \/>\nLa comprobaci\u00f3n de puntos con un l\u00e1ser de acupuntura es precisa, clara y sencilla. Los puntos de la oreja especialmente relevantes para la terapia pueden localizarse r\u00e1pidamente.<\/li>\n<\/ul>\n<ul>\n<li><strong>Terapia l\u00e1ser con frecuencias<\/strong><br \/>\nHoy en d\u00eda, el l\u00e1ser de baja intensidad es la \u00fanica herramienta que puede utilizarse para aplicar las llamadas frecuencias adem\u00e1s de la acupuntura. Se denominan l\u00e1seres de frecuencia o l\u00e1seres de resonancia.<\/li>\n<\/ul>\n<ul>\n<li><strong>Acupuntura del o\u00eddo<\/strong><br \/>\nEl l\u00e1ser de baja intensidad no s\u00f3lo ha acompa\u00f1ado el desarrollo de la acupuntura auricular moderna desde el principio, sino que en gran medida la ha fundado. Paul Nogier, el fundador de la &#8220;auriculomedicina&#8221; occidental (terapia a trav\u00e9s del pabell\u00f3n auricular), ya utilizaba bol\u00edgrafos l\u00e1ser en los a\u00f1os setenta. Paralelamente al desarrollo de bol\u00edgrafos l\u00e1ser cada vez m\u00e1s modernos, tambi\u00e9n pudo perfeccionar sus hallazgos diagn\u00f3sticos y terap\u00e9uticos.<\/li>\n<\/ul>\n<ul>\n<li><strong>Acupuntura l\u00e1ser en combinaci\u00f3n con otros procedimientos m\u00e9dicos complementarios<\/strong><br \/>\nLos mecanismos de acci\u00f3n de la terapia l\u00e1ser de baja intensidad se complementan bien con los efectos de otros procedimientos m\u00e9dicos reguladores.<\/li>\n<\/ul>\n<p>[\/vc_column_text][\/vc_column_inner][vc_column_inner width=&#8221;1\/3&#8243; css=&#8221;.vc_custom_1530802349135{margin-left: 40px !important;}&#8221;][vc_single_image image=&#8221;4156&#8243; img_size=&#8221;full&#8221; style=&#8221;vc_box_border&#8221; onclick=&#8221;zoom&#8221;][vc_single_image image=&#8221;15189&#8243; img_size=&#8221;full&#8221; style=&#8221;vc_box_border&#8221; onclick=&#8221;zoom&#8221;][\/vc_column_inner][\/vc_row_inner][vc_empty_space height=&#8221;50px&#8221;][\/vc_column][vc_column][vc_row_inner css=&#8221;.vc_custom_1523533034292{margin-bottom: 0px !important;padding-bottom: 0px !important;}&#8221;][vc_column_inner width=&#8221;1\/4&#8243; css=&#8221;.vc_custom_1523445157664{padding-top: 5px !important;}&#8221;][vc_single_image image=&#8221;34853&#8243; img_size=&#8221;full&#8221; style=&#8221;vc_box_border&#8221; onclick=&#8221;zoom&#8221;][\/vc_column_inner][vc_column_inner width=&#8221;3\/4&#8243; css=&#8221;.vc_custom_1530802349135{margin-left: 40px !important;}&#8221;][vc_column_text el_class=&#8221;li-check&#8221;]<\/p>\n<h3>LOS L\u00c1SERES MKW SON MODERNOS L\u00c1SERES DE ACUPUNTURA DE ALTA TECNOLOG\u00cdA<\/h3>\n<p>Los l\u00e1seres de acupuntura MKW de \u00faltima generaci\u00f3n disponen de una amplia y flexible gama de funciones. La potencia del l\u00e1ser se puede seleccionar libremente y los programas de frecuencia, como las frecuencias Nogier, Bahr y Reininger, est\u00e1n preprogramados. Tambi\u00e9n se pueden instalar frecuencias de resonancia especiales adicionales. Con la ayuda de un sistema integrado de b\u00fasqueda de puntos, los puntos de acupuntura pueden localizarse de forma r\u00e1pida y fiable.<\/p>\n<p>MKW Therapiesysteme GmbH est\u00e1 especializada en sistemas l\u00e1ser de baja energ\u00eda (l\u00e1seres de baja intensidad) desde 1984 y ofrece tanto l\u00e1seres de punto (plumas l\u00e1ser) para la acupuntura l\u00e1ser y para la estimulaci\u00f3n de puntos gatillo y puntos dolorosos o zonas peque\u00f1as como l\u00e1seres de \u00e1rea (duchas l\u00e1ser) para el tratamiento de grandes superficies.<\/p>\n<p>Ya en 1999, MKW Therapiesysteme registr\u00f3 el l\u00e1ser de acupuntura LA-X con sistema integrado de b\u00fasqueda de puntos y automatizaci\u00f3n l\u00e1ser en la Oficina de Patentes de M\u00fanich para obtener un modelo de utilidad.<\/p>\n<p>Tras el exitoso lanzamiento al mercado del procedimiento de usuario hace m\u00e1s de una d\u00e9cada, en 2011 le sigui\u00f3 la pluma l\u00e1ser LA-X P200, que representa la \u00faltima generaci\u00f3n de l\u00e1seres de acupuntura de alta tecnolog\u00eda de MKW.<\/p>\n<p>MKW ofrece l\u00e1seres de acupuntura para la pr\u00e1ctica humana o veterinaria y con equipos diferentes y personalizados.[\/vc_column_text][vc_empty_space][vc_column_text]<\/p>\n<p style=\"text-align: left;\"><a class=\"button angebot\" title=\"Pedier aqu\u00ed una oferta\" href=\"\/?page_id=2595\">Pedier aqu\u00ed una oferta<\/a><\/p>\n<p>[\/vc_column_text][\/vc_column_inner][\/vc_row_inner][\/vc_column][\/vc_row]<\/p>\n<\/div>","protected":false},"excerpt":{"rendered":"<p>Die neue Generation der Laserdusche. 21 Laserdioden bestrahlen mit h\u00f6chster Laserdichte eine Fl\u00e4che von 55 cm\u00b2. Mit Wechseladapter f\u00fcr schnelles und hygienisches Arbeiten.<\/p>\n","protected":false},"author":15,"featured_media":536,"parent":1762,"menu_order":11,"comment_status":"closed","ping_status":"closed","template":"","meta":{"footnotes":"","_links_to":"","_links_to_target":""},"class_list":["post-6317","page","type-page","status-publish","has-post-thumbnail","hentry","description-off"],"_links":{"self":[{"href":"https:\/\/www.mkw-laser.de\/es\/wp-json\/wp\/v2\/pages\/6317","targetHints":{"allow":["GET"]}}],"collection":[{"href":"https:\/\/www.mkw-laser.de\/es\/wp-json\/wp\/v2\/pages"}],"about":[{"href":"https:\/\/www.mkw-laser.de\/es\/wp-json\/wp\/v2\/types\/page"}],"author":[{"embeddable":true,"href":"https:\/\/www.mkw-laser.de\/es\/wp-json\/wp\/v2\/users\/15"}],"replies":[{"embeddable":true,"href":"https:\/\/www.mkw-laser.de\/es\/wp-json\/wp\/v2\/comments?post=6317"}],"version-history":[{"count":0,"href":"https:\/\/www.mkw-laser.de\/es\/wp-json\/wp\/v2\/pages\/6317\/revisions"}],"up":[{"embeddable":true,"href":"https:\/\/www.mkw-laser.de\/es\/wp-json\/wp\/v2\/pages\/1762"}],"wp:featuredmedia":[{"embeddable":true,"href":"https:\/\/www.mkw-laser.de\/es\/wp-json\/wp\/v2\/media\/536"}],"wp:attachment":[{"href":"https:\/\/www.mkw-laser.de\/es\/wp-json\/wp\/v2\/media?parent=6317"}],"curies":[{"name":"wp","href":"https:\/\/api.w.org\/{rel}","templated":true}]}}