{"id":6326,"date":"2018-11-23T10:25:55","date_gmt":"2018-11-23T09:25:55","guid":{"rendered":"http:\/\/www.mkw-laser.de\/?page_id=6326"},"modified":"2024-04-03T11:05:05","modified_gmt":"2024-04-03T09:05:05","slug":"therapielaser","status":"publish","type":"page","link":"https:\/\/www.mkw-laser.de\/es\/medicina-humana\/therapielaser","title":{"rendered":"Therapielaser"},"content":{"rendered":"<div class=\"wpb-content-wrapper\"><p>[vc_row][vc_column][vc_empty_space height=&#8221;50px&#8221;][\/vc_column][vc_column][vc_row_inner css=&#8221;.vc_custom_1523533034292{margin-bottom: 0px !important;padding-bottom: 0px !important;}&#8221;][vc_column_inner width=&#8221;2\/3&#8243; css=&#8221;.vc_custom_1523445157664{padding-top: 5px !important;}&#8221;][vc_column_text el_class=&#8221;li-check&#8221;]<\/p>\n<div id=\"c1676\" class=\"csc-default\">\n<div class=\"csc-textpic csc-textpic-intext-right\">\n<div class=\"csc-textpic-text\">\n<h3>L\u00c1SER TERAP\u00c9UTICO<\/h3>\n<p>A diferencia de los l\u00e1seres duros o de potencia, que se utilizan con fines quir\u00fargicos, los l\u00e1seres terap\u00e9uticos son de baja energ\u00eda o &#8220;fr\u00edos&#8221;. Se utilizan para la terapia l\u00e1ser de baja intensidad, una forma moderna de fototerapia de alta tecnolog\u00eda.<\/p>\n<p>Los <strong>l\u00e1seres terap\u00e9uticos<\/strong> se utilizan para la fotobioestimulaci\u00f3n, es decir, la estimulaci\u00f3n de los procesos propios del organismo. Los sin\u00f3nimos son l\u00e1ser de bioestimulaci\u00f3n, <a href=\"\/?page_id=6259\">l\u00e1ser blando<\/a>, l\u00e1ser de luz fr\u00eda. En la literatura cient\u00edfica, el t\u00e9rmino l\u00e1ser de baja intensidad es el m\u00e1s utilizado.<\/p>\n<\/div>\n<\/div>\n<\/div>\n<div id=\"c1677\" class=\"csc-default\">\n<div class=\"csc-textpic csc-textpic-intext-left\">\n<div class=\"csc-textpic-imagewrap\"><\/div>\n<\/div>\n<\/div>\n<p>[\/vc_column_text][\/vc_column_inner][vc_column_inner width=&#8221;1\/3&#8243; css=&#8221;.vc_custom_1530802349135{margin-left: 40px !important;}&#8221;][vc_single_image image=&#8221;5952&#8243; img_size=&#8221;full&#8221; style=&#8221;vc_box_border&#8221; onclick=&#8221;zoom&#8221;][\/vc_column_inner][\/vc_row_inner][vc_empty_space height=&#8221;50px&#8221;][\/vc_column][vc_column][vc_row_inner css=&#8221;.vc_custom_1523533034292{margin-bottom: 0px !important;padding-bottom: 0px !important;}&#8221;][vc_column_inner width=&#8221;1\/4&#8243; css=&#8221;.vc_custom_1523445157664{padding-top: 5px !important;}&#8221;][vc_single_image image=&#8221;4074&#8243; img_size=&#8221;full&#8221; style=&#8221;vc_box_border&#8221; onclick=&#8221;zoom&#8221;][\/vc_column_inner][vc_column_inner width=&#8221;3\/4&#8243; css=&#8221;.vc_custom_1530802349135{margin-left: 40px !important;}&#8221;][vc_column_text el_class=&#8221;li-check&#8221;]<\/p>\n<h3>USO EN MEDICINA HUMANA Y VETERINARIA<\/h3>\n<p>Los l\u00e1seres terap\u00e9uticos se utilizan en la medicina complementaria <a href=\"\/?page_id=1762\">humana<\/a> y <a href=\"\/?page_id=2196\">veterinaria<\/a>. Seg\u00fan el tipo de aplicaci\u00f3n, se distingue entre l\u00e1seres de punto (zonas peque\u00f1as, puntos gatillo, de dolor y de acupuntura, etc.), l\u00e1seres de \u00e1rea o duchas l\u00e1ser (zonas grandes), peines l\u00e1ser (para pelaje grueso o zonas de piel muy peludas) y l\u00e1seres especiales con gu\u00edas de luz intercambiables.<\/p>\n<p>MKW Therapie-Systeme GmbH ofrece una amplia cartera de l\u00e1seres para una gran variedad de aplicaciones y con equipos diferenciados y personalizados para cada terapeuta. Los l\u00e1seres terap\u00e9uticos de MKW son productos m\u00e9dicos y est\u00e1n certificados en consecuencia.<\/p>\n<p>Perm\u00edtanos asesorarle sobre su nuevo l\u00e1ser terap\u00e9utico y benef\u00edciese de la experiencia que hemos adquirido desde 1984 como empresa especializada exclusivamente en l\u00e1seres terap\u00e9uticos.[\/vc_column_text][vc_empty_space][vc_column_text]<\/p>\n<p style=\"text-align: left;\"><a class=\"button angebot\" title=\"Pedier aqu\u00ed una oferta\" href=\"\/?page_id=2595\">Pedier aqu\u00ed una oferta<\/a><\/p>\n<p>[\/vc_column_text][\/vc_column_inner][\/vc_row_inner][\/vc_column][\/vc_row]<\/p>\n<\/div>","protected":false},"excerpt":{"rendered":"<p>Die neue Generation der Laserdusche. 21 Laserdioden bestrahlen mit h\u00f6chster Laserdichte eine Fl\u00e4che von 55 cm\u00b2. Mit Wechseladapter f\u00fcr schnelles und hygienisches Arbeiten.<\/p>\n","protected":false},"author":15,"featured_media":536,"parent":1762,"menu_order":11,"comment_status":"closed","ping_status":"closed","template":"","meta":{"footnotes":"","_links_to":"","_links_to_target":""},"class_list":["post-6326","page","type-page","status-publish","has-post-thumbnail","hentry","description-off"],"_links":{"self":[{"href":"https:\/\/www.mkw-laser.de\/es\/wp-json\/wp\/v2\/pages\/6326","targetHints":{"allow":["GET"]}}],"collection":[{"href":"https:\/\/www.mkw-laser.de\/es\/wp-json\/wp\/v2\/pages"}],"about":[{"href":"https:\/\/www.mkw-laser.de\/es\/wp-json\/wp\/v2\/types\/page"}],"author":[{"embeddable":true,"href":"https:\/\/www.mkw-laser.de\/es\/wp-json\/wp\/v2\/users\/15"}],"replies":[{"embeddable":true,"href":"https:\/\/www.mkw-laser.de\/es\/wp-json\/wp\/v2\/comments?post=6326"}],"version-history":[{"count":0,"href":"https:\/\/www.mkw-laser.de\/es\/wp-json\/wp\/v2\/pages\/6326\/revisions"}],"up":[{"embeddable":true,"href":"https:\/\/www.mkw-laser.de\/es\/wp-json\/wp\/v2\/pages\/1762"}],"wp:featuredmedia":[{"embeddable":true,"href":"https:\/\/www.mkw-laser.de\/es\/wp-json\/wp\/v2\/media\/536"}],"wp:attachment":[{"href":"https:\/\/www.mkw-laser.de\/es\/wp-json\/wp\/v2\/media?parent=6326"}],"curies":[{"name":"wp","href":"https:\/\/api.w.org\/{rel}","templated":true}]}}