{"id":6332,"date":"2018-11-23T11:02:24","date_gmt":"2018-11-23T10:02:24","guid":{"rendered":"http:\/\/www.mkw-laser.de\/?page_id=6332"},"modified":"2024-03-27T13:43:01","modified_gmt":"2024-03-27T12:43:01","slug":"flaechenlaser","status":"publish","type":"page","link":"https:\/\/www.mkw-laser.de\/es\/medicina-humana\/flaechenlaser","title":{"rendered":"Fl\u00e4chenlaser"},"content":{"rendered":"<div class=\"wpb-content-wrapper\"><p>[vc_row][vc_column][vc_empty_space height=&#8221;50px&#8221;][\/vc_column][vc_column][vc_row_inner css=&#8221;.vc_custom_1523533034292{margin-bottom: 0px !important;padding-bottom: 0px !important;}&#8221;][vc_column_inner width=&#8221;2\/3&#8243; css=&#8221;.vc_custom_1523445157664{padding-top: 5px !important;}&#8221;][vc_column_text el_class=&#8221;li-check&#8221;]<\/p>\n<div id=\"c1676\" class=\"csc-default\">\n<div class=\"csc-textpic csc-textpic-intext-right\">\n<div class=\"csc-textpic-text\">\n<h3>L\u00c1SER DE\u00a0\u00c1REA<\/h3>\n<p class=\"bodytext\">Los l\u00e1seres de \u00e1rea o duchas l\u00e1ser se utilizan cuando se requiere una terapia l\u00e1ser de gran superficie. Las duchas l\u00e1ser MKW se han desarrollado especialmente para aplicaciones de gran superficie:<\/p>\n<p>&nbsp;<\/p>\n<ul>\n<li>La nueva <a href=\"\/?page_id=16231\">ducha l\u00e1ser PowerTwin XP5<\/a> ofrece todo lo necesario para la terapia l\u00e1ser moderna. Alta densidad de l\u00e1ser, adaptadores intercambiables, programas preinstalados, una gran pantalla de 4 colores y, por \u00faltimo pero no menos importante, una interfaz Bluetooth para la comunicaci\u00f3n inal\u00e1mbrica con el software de tratamiento &#8220;MKW LASER PRAXIS&#8221;.<\/li>\n<li>La <a href=\"\/?page_id=32876\">ducha l\u00e1ser PowerTwin 21<\/a> utiliza 21 diodos l\u00e1ser para irradiar una superficie de 55 cm\u00b2. Con adaptador intercambiable para un trabajo r\u00e1pido e higi\u00e9nico.<\/li>\n<\/ul>\n<p>&nbsp;<\/p>\n<p class=\"bodytext\">El <strong>l\u00e1ser de \u00e1rea<\/strong> se utiliza en medicina complementaria para lesiones, inflamaciones, enfermedades de la piel, cambios degenerativos del sistema musculoesquel\u00e9tico y dolor. El l\u00e1ser de \u00e1rea se utiliza mejor con contacto directo con la piel.<\/p>\n<\/div>\n<\/div>\n<\/div>\n<div id=\"c1677\" class=\"csc-default\">\n<div class=\"csc-textpic csc-textpic-intext-left\">\n<div class=\"csc-textpic-imagewrap\"><\/div>\n<\/div>\n<\/div>\n<p>[\/vc_column_text][\/vc_column_inner][vc_column_inner width=&#8221;1\/3&#8243; css=&#8221;.vc_custom_1530802349135{margin-left: 40px !important;}&#8221;][vc_single_image image=&#8221;16963&#8243; img_size=&#8221;medium&#8221; style=&#8221;vc_box_border&#8221; onclick=&#8221;zoom&#8221;][vc_single_image image=&#8221;15189&#8243; img_size=&#8221;medium&#8221; style=&#8221;vc_box_border&#8221; onclick=&#8221;zoom&#8221;][\/vc_column_inner][\/vc_row_inner][vc_empty_space height=&#8221;50px&#8221;][\/vc_column][vc_column][vc_row_inner css=&#8221;.vc_custom_1523533034292{margin-bottom: 0px !important;padding-bottom: 0px !important;}&#8221;][vc_column_inner width=&#8221;1\/4&#8243; css=&#8221;.vc_custom_1523445157664{padding-top: 5px !important;}&#8221;][vc_single_image image=&#8221;4074&#8243; img_size=&#8221;full&#8221; style=&#8221;vc_box_border&#8221; onclick=&#8221;zoom&#8221;][\/vc_column_inner][vc_column_inner width=&#8221;3\/4&#8243; css=&#8221;.vc_custom_1530802349135{margin-left: 40px !important;}&#8221;][vc_column_text el_class=&#8221;li-check&#8221;]<\/p>\n<h3>L\u00c1SERES DE \u00c1REA MODERNOS<\/h3>\n<p>Todos los l\u00e1seres de \u00e1rea MKW son aparatos compactos, ligeros y port\u00e1tiles que pueden utilizarse de forma sencilla, flexible y pr\u00e1cticamente sin p\u00e9rdida de energ\u00eda en todas las partes del cuerpo. Adem\u00e1s, las duchas l\u00e1ser MKW tambi\u00e9n pueden fijarse mediante un tr\u00edpode.<\/p>\n<p>Los l\u00e1seres de \u00e1rea MKW preferidos en medicina veterinaria disponen de puntas de peine acopladas con gu\u00edas de luz (<a href=\"\/?page_id=6290\">peine l\u00e1ser<\/a>), que minimizan la p\u00e9rdida de radiaci\u00f3n (reflexi\u00f3n y absorci\u00f3n) causada por el pelo y el pelaje denso.<\/p>\n<ul>\n<li>Puede pedir directamente a MKW un <em>l\u00e1ser de \u00e1rea<\/em> moderno en varios tama\u00f1os y con diferentes caracter\u00edsticas adaptadas a su \u00e1mbito de aplicaci\u00f3n. Perm\u00edtanos asesorarle si busca el <a href=\"\/?page_id=6301\">l\u00e1ser de \u00e1rea<\/a> o la ducha l\u00e1ser \u00f3ptimos para una aplicaci\u00f3n en medicina humana o veterinaria y benef\u00edciese de nuestros casi 30 a\u00f1os de experiencia:<\/li>\n<\/ul>\n<p>[\/vc_column_text][vc_empty_space][vc_column_text]<\/p>\n<p style=\"text-align: left;\"><a class=\"button angebot\" title=\"Pedier aqu\u00ed una oferta\" href=\"\/?page_id=2595\">Pedier aqu\u00ed una oferta<\/a><\/p>\n<p>[\/vc_column_text][\/vc_column_inner][\/vc_row_inner][\/vc_column][\/vc_row]<\/p>\n<\/div>","protected":false},"excerpt":{"rendered":"<p>Die neue Generation der Laserdusche. 21 Laserdioden bestrahlen mit h\u00f6chster Laserdichte eine Fl\u00e4che von 55 cm\u00b2. Mit Wechseladapter f\u00fcr schnelles und hygienisches Arbeiten.<\/p>\n","protected":false},"author":15,"featured_media":536,"parent":1762,"menu_order":11,"comment_status":"closed","ping_status":"closed","template":"","meta":{"footnotes":"","_links_to":"","_links_to_target":""},"class_list":["post-6332","page","type-page","status-publish","has-post-thumbnail","hentry","description-off"],"_links":{"self":[{"href":"https:\/\/www.mkw-laser.de\/es\/wp-json\/wp\/v2\/pages\/6332","targetHints":{"allow":["GET"]}}],"collection":[{"href":"https:\/\/www.mkw-laser.de\/es\/wp-json\/wp\/v2\/pages"}],"about":[{"href":"https:\/\/www.mkw-laser.de\/es\/wp-json\/wp\/v2\/types\/page"}],"author":[{"embeddable":true,"href":"https:\/\/www.mkw-laser.de\/es\/wp-json\/wp\/v2\/users\/15"}],"replies":[{"embeddable":true,"href":"https:\/\/www.mkw-laser.de\/es\/wp-json\/wp\/v2\/comments?post=6332"}],"version-history":[{"count":0,"href":"https:\/\/www.mkw-laser.de\/es\/wp-json\/wp\/v2\/pages\/6332\/revisions"}],"up":[{"embeddable":true,"href":"https:\/\/www.mkw-laser.de\/es\/wp-json\/wp\/v2\/pages\/1762"}],"wp:featuredmedia":[{"embeddable":true,"href":"https:\/\/www.mkw-laser.de\/es\/wp-json\/wp\/v2\/media\/536"}],"wp:attachment":[{"href":"https:\/\/www.mkw-laser.de\/es\/wp-json\/wp\/v2\/media?parent=6332"}],"curies":[{"name":"wp","href":"https:\/\/api.w.org\/{rel}","templated":true}]}}