{"id":6343,"date":"2018-11-23T10:26:13","date_gmt":"2018-11-23T09:26:13","guid":{"rendered":"http:\/\/www.mkw-laser.de\/?page_id=6343"},"modified":"2024-04-03T11:25:06","modified_gmt":"2024-04-03T09:25:06","slug":"laserakupunktur","status":"publish","type":"page","link":"https:\/\/www.mkw-laser.de\/es\/medicina-humana\/laserakupunktur","title":{"rendered":"Laserakupunktur"},"content":{"rendered":"<div class=\"wpb-content-wrapper\"><p>[vc_row][vc_column][vc_empty_space height=&#8221;50px&#8221;][\/vc_column][vc_column][vc_row_inner css=&#8221;.vc_custom_1523533034292{margin-bottom: 0px !important;padding-bottom: 0px !important;}&#8221;][vc_column_inner width=&#8221;2\/3&#8243; css=&#8221;.vc_custom_1523445157664{padding-top: 5px !important;}&#8221;][vc_column_text el_class=&#8221;li-check&#8221;]<\/p>\n<div id=\"c1676\" class=\"csc-default\">\n<div class=\"csc-textpic csc-textpic-intext-right\">\n<div class=\"csc-textpic-text\">\n<h3>ACUPUNTURA L\u00c1SER<\/h3>\n<p><strong>ACUPUNTURA DE ALTA TECNOLOG\u00cdA<\/strong><\/p>\n<p>El antiguo m\u00e9todo curativo de la acupuntura y los \u00faltimos avances en fotomedicina se combinan en la acupuntura l\u00e1ser para crear una forma de terapia que ha establecido un nuevo punto de referencia pionero en la medicina occidental y del Lejano Oriente.<\/p>\n<p>El l\u00e1ser TCM sustituye las agujas de acupuntura por rayos l\u00e1ser de baja energ\u00eda. El principio de la medicina tradicional china y, por tanto, los puntos de acupuntura siguen siendo los mismos. Sin embargo, la estimulaci\u00f3n mediante rayos l\u00e1ser es un m\u00e9todo de tratamiento \u00fanico, ya que se pueden combinar muy bien los efectos de la acupuntura y la fotobiomodulaci\u00f3n mediante luz l\u00e1ser fr\u00eda.<\/p>\n<p>La acupuntura con l\u00e1ser mediante bol\u00edgrafos l\u00e1ser -tambi\u00e9n conocidos como l\u00e1seres puntuales- se utiliza desde hace muchos a\u00f1os en la terapia con l\u00e1ser de baja energ\u00eda (terapia con l\u00e1ser de baja intensidad o LLLT) para estimular los puntos de acupuntura. La estimulaci\u00f3n mediante luz l\u00e1ser provoca las correspondientes reacciones fisiol\u00f3gicas, al igual que los m\u00e9todos de estimulaci\u00f3n habituales de acupuntura con agujas, electroacupuntura, acupuntura magn\u00e9tica y acupresi\u00f3n.<\/p>\n<\/div>\n<\/div>\n<\/div>\n<p>[\/vc_column_text][vc_column_text el_class=&#8221;li-check&#8221;]<\/p>\n<div id=\"c1676\" class=\"csc-default\">\n<div class=\"csc-textpic csc-textpic-intext-right\">\n<div class=\"csc-textpic-text\">\n<p><strong>VENTAJAS DE LA ACUPUNTURA L\u00c1SER<\/strong><\/p>\n<ul>\n<li>Procedimiento sin estimulaci\u00f3n con agujas<br \/>\nLa estimulaci\u00f3n de los puntos de acupuntura mediante agujas resulta irritante para muchos pacientes. La acupuntura l\u00e1ser es especialmente favorable para ni\u00f1os, pacientes ansiosos y animales.<\/li>\n<\/ul>\n<ul>\n<li>Permite procedimientos especiales de acupuntura que no pueden realizarse con agujas<br \/>\nEl l\u00e1ser de acupuntura hace posibles tratamientos de acupuntura que no pueden realizarse con agujas o que s\u00f3lo pueden realizarse de forma dolorosa para el paciente.<\/li>\n<\/ul>\n<ul>\n<li>Tiempos de tratamiento flexibles<br \/>\nLos tiempos de tratamiento son variables y pueden adaptarse individualmente a las circunstancias respectivas. Pueden acortarse considerablemente con facilidad.<\/li>\n<\/ul>\n<ul>\n<li>Diagn\u00f3stico preciso &#8211; especialmente para la acupuntura de la oreja<br \/>\nLa comprobaci\u00f3n de puntos con el l\u00e1ser de acupuntura es precisa, clara y sencilla. Los puntos del pabell\u00f3n auricular especialmente relevantes para la terapia pueden localizarse inmediatamente.<\/li>\n<\/ul>\n<ul>\n<li>L\u00e1ser terap\u00e9utico con resonancias<br \/>\nEn la terapia de resonancia se imprime un ritmo (frecuencia) a la radiaci\u00f3n l\u00e1ser. La terapia de resonancia se basa en la suposici\u00f3n de que los fen\u00f3menos de resonancia pueden aumentar la absorci\u00f3n de fotones y potenciar a\u00fan m\u00e1s los efectos fotobioestimuladores de la terapia con l\u00e1ser de baja intensidad. Para esta forma de terapia se suele utilizar el t\u00e9rmino terapia l\u00e1ser de frecuencia modulada. Las series de frecuencias m\u00e1s conocidas son: Frecuencias Nogier, Bahr y Reininger.<\/li>\n<\/ul>\n<ul>\n<li>Acupuntura de la oreja<br \/>\nEl l\u00e1ser de baja intensidad no s\u00f3lo ha acompa\u00f1ado la aparici\u00f3n de la acupuntura moderna de la oreja desde el principio, sino que en parte ha contribuido a ella. Paul Nogier, el fundador de la &#8220;auriculomedicina&#8221; occidental (terapia auricular), utiliz\u00f3 hace m\u00e1s de 40 a\u00f1os las plumas l\u00e1ser. Al mismo tiempo que desarrollaba l\u00e1seres puntuales cada vez m\u00e1s modernos, pudo perfeccionar sus hallazgos diagn\u00f3sticos y terap\u00e9uticos.<\/li>\n<\/ul>\n<ul>\n<li>Acupuntura l\u00e1ser en combinaci\u00f3n con otros procedimientos m\u00e9dicos complementarios<br \/>\nLos efectos de la terapia l\u00e1ser de baja intensidad pueden combinarse bien con los efectos de otros procedimientos m\u00e9dicos reguladores.<\/li>\n<\/ul>\n<\/div>\n<\/div>\n<\/div>\n<p>[\/vc_column_text][\/vc_column_inner][vc_column_inner width=&#8221;1\/3&#8243; css=&#8221;.vc_custom_1530802349135{margin-left: 40px !important;}&#8221;][vc_single_image image=&#8221;34853&#8243; img_size=&#8221;full&#8221; style=&#8221;vc_box_border&#8221; onclick=&#8221;zoom&#8221;][\/vc_column_inner][\/vc_row_inner][vc_empty_space height=&#8221;50px&#8221;][\/vc_column][vc_column][vc_row_inner css=&#8221;.vc_custom_1523533034292{margin-bottom: 0px !important;padding-bottom: 0px !important;}&#8221;][vc_column_inner width=&#8221;1\/4&#8243; css=&#8221;.vc_custom_1523445157664{padding-top: 5px !important;}&#8221;][vc_single_image image=&#8221;4156&#8243; img_size=&#8221;full&#8221; style=&#8221;vc_box_border&#8221; onclick=&#8221;zoom&#8221;][vc_single_image image=&#8221;15189&#8243; img_size=&#8221;full&#8221; style=&#8221;vc_box_border&#8221; onclick=&#8221;zoom&#8221;][\/vc_column_inner][vc_column_inner width=&#8221;3\/4&#8243; css=&#8221;.vc_custom_1530802349135{margin-left: 40px !important;}&#8221;][vc_column_text el_class=&#8221;li-check&#8221;]<\/p>\n<h5>MODERNA ACUPUNTURA L\u00c1SER DE ALTA TECNOLOG\u00cdA DE MKW-LASER<\/h5>\n<p>Los l\u00e1seres de acupuntura MKW de nuevo desarrollo disponen de una amplia y flexible gama de funciones. La potencia del l\u00e1ser se puede ajustar libremente y los programas de frecuencia &#8211; como las frecuencias Nogier, Bahr y Reininger &#8211; est\u00e1n preprogramados. Tambi\u00e9n es posible instalar frecuencias de resonancia especiales adicionales. Con la ayuda de un sistema integrado de b\u00fasqueda de puntos, los puntos de acupuntura pueden localizarse sin esfuerzo y de forma segura.<\/p>\n<p>MKW Therapiesysteme GmbH est\u00e1 especializada en sistemas l\u00e1ser de baja energ\u00eda (l\u00e1seres de baja intensidad) desde 1984 y fabrica plumas l\u00e1ser (l\u00e1seres de punto) para la acupuntura l\u00e1ser y para la estimulaci\u00f3n de puntos dolorosos y desencadenantes o zonas peque\u00f1as, as\u00ed como <a href=\"\/?page_id=6301\">duchas l\u00e1ser<\/a> (l\u00e1seres de \u00e1rea) para el tratamiento de zonas extensas.<\/p>\n<p>Ya en 1999, MKW Therapiesysteme present\u00f3 una solicitud de patente para el l\u00e1ser de acupuntura LA-X con sistema integrado de b\u00fasqueda de puntos y automatizaci\u00f3n l\u00e1ser. Tras el exitoso lanzamiento al mercado del procedimiento hace m\u00e1s de una d\u00e9cada, en 2011 le sigui\u00f3 la pluma l\u00e1ser LA-X P200, que representa el \u00faltimo desarrollo de los l\u00e1seres de acupuntura de alta tecnolog\u00eda de MKW.<\/p>\n<p>MKW desarrolla y produce <a href=\"\/?page_id=6317\">l\u00e1seres de acupuntura<\/a> para acupuntura l\u00e1ser humana y veterinaria con variantes de equipamiento diferentes y personalizadas. \u00bfEst\u00e1 interesado en modernos aparatos de acupuntura l\u00e1ser para uso terap\u00e9utico en la medicina alternativa? Entonces p\u00f3ngase en contacto con nosotros &#8211; estaremos encantados de asesorarle detalladamente y sin compromiso sobre las posibilidades de la terapia l\u00e1ser de baja intensidad con los innovadores aparatos l\u00e1ser de MKW.[\/vc_column_text][vc_empty_space][vc_column_text]<\/p>\n<p style=\"text-align: left;\"><a class=\"button angebot\" title=\"Pedier aqu\u00ed una oferta\" href=\"\/?page_id=2595\">Pedier aqu\u00ed una oferta<\/a><\/p>\n<p>[\/vc_column_text][\/vc_column_inner][\/vc_row_inner][\/vc_column][\/vc_row][vc_row][vc_column][\/vc_column][\/vc_row]<\/p>\n<\/div>","protected":false},"excerpt":{"rendered":"<p>Die neue Generation der Laserdusche. 21 Laserdioden bestrahlen mit h\u00f6chster Laserdichte eine Fl\u00e4che von 55 cm\u00b2. Mit Wechseladapter f\u00fcr schnelles und hygienisches Arbeiten.<\/p>\n","protected":false},"author":15,"featured_media":536,"parent":1762,"menu_order":11,"comment_status":"closed","ping_status":"closed","template":"","meta":{"footnotes":"","_links_to":"","_links_to_target":""},"class_list":["post-6343","page","type-page","status-publish","has-post-thumbnail","hentry","description-off"],"_links":{"self":[{"href":"https:\/\/www.mkw-laser.de\/es\/wp-json\/wp\/v2\/pages\/6343","targetHints":{"allow":["GET"]}}],"collection":[{"href":"https:\/\/www.mkw-laser.de\/es\/wp-json\/wp\/v2\/pages"}],"about":[{"href":"https:\/\/www.mkw-laser.de\/es\/wp-json\/wp\/v2\/types\/page"}],"author":[{"embeddable":true,"href":"https:\/\/www.mkw-laser.de\/es\/wp-json\/wp\/v2\/users\/15"}],"replies":[{"embeddable":true,"href":"https:\/\/www.mkw-laser.de\/es\/wp-json\/wp\/v2\/comments?post=6343"}],"version-history":[{"count":0,"href":"https:\/\/www.mkw-laser.de\/es\/wp-json\/wp\/v2\/pages\/6343\/revisions"}],"up":[{"embeddable":true,"href":"https:\/\/www.mkw-laser.de\/es\/wp-json\/wp\/v2\/pages\/1762"}],"wp:featuredmedia":[{"embeddable":true,"href":"https:\/\/www.mkw-laser.de\/es\/wp-json\/wp\/v2\/media\/536"}],"wp:attachment":[{"href":"https:\/\/www.mkw-laser.de\/es\/wp-json\/wp\/v2\/media?parent=6343"}],"curies":[{"name":"wp","href":"https:\/\/api.w.org\/{rel}","templated":true}]}}