{"id":6349,"date":"2018-11-23T10:26:23","date_gmt":"2018-11-23T09:26:23","guid":{"rendered":"http:\/\/www.mkw-laser.de\/?page_id=6349"},"modified":"2024-03-27T14:40:52","modified_gmt":"2024-03-27T13:40:52","slug":"laser-feld-therapie","status":"publish","type":"page","link":"https:\/\/www.mkw-laser.de\/es\/laser-feld-therapie","title":{"rendered":"Laser-Feld Therapie"},"content":{"rendered":"<div class=\"wpb-content-wrapper\"><p>[vc_row][vc_column][vc_empty_space height=&#8221;50px&#8221;][\/vc_column][vc_column][vc_row_inner css=&#8221;.vc_custom_1523533034292{margin-bottom: 0px !important;padding-bottom: 0px !important;}&#8221;][vc_column_inner width=&#8221;2\/3&#8243; css=&#8221;.vc_custom_1523445157664{padding-top: 5px !important;}&#8221;][vc_column_text el_class=&#8221;li-check&#8221;]<\/p>\n<div id=\"c1676\" class=\"csc-default\">\n<div class=\"csc-textpic csc-textpic-intext-right\">\n<div class=\"csc-textpic-text\">\n<div class=\"csc-header csc-header-n1\">\n<div class=\"csc-textpic-text\">\n<div class=\"csc-header csc-header-n1\">\n<h3 class=\"csc-firstHeader\">TERAPIA DE FRECUENCIA L\u00c1SER \/ TERAPIA DE CAMPO L\u00c1SER<\/h3>\n<\/div>\n<div class=\"csc-textpic csc-textpic-intext-right\">\n<div class=\"csc-textpic-imagewrap\"><\/div>\n<\/div>\n<p>&nbsp;<\/p>\n<p class=\"p1\"><strong>\u00bfQu\u00e9 es la terapia de frecuencia l\u00e1ser?<\/strong><\/p>\n<p class=\"p1\">Desde la aparici\u00f3n de los l\u00e1seres terap\u00e9uticos, tambi\u00e9n se han utilizado para transmitir frecuencias de resonancia. Durante muchas d\u00e9cadas, este enfoque se limit\u00f3 a la auriculoterapia selectiva con unas pocas frecuencias (por ejemplo, las &#8220;frecuencias Nogier&#8221;). Hoy en d\u00eda, las frecuencias l\u00e1ser se utilizan de forma universal:<\/p>\n<ul>\n<li class=\"p1\">Las frecuencias l\u00e1ser se transmiten sobre grandes superficies y directamente sobre el cuerpo (terapia l\u00e1ser asistida por frecuencias), as\u00ed como de forma selectiva (acupuntura y auriculoterapia asistidas por frecuencias, etc.).<\/li>\n<\/ul>\n<ul>\n<li>Los l\u00e1seres de frecuencia modulada permiten el uso vers\u00e1til de frecuencias antiguas y nuevas de or\u00edgenes y or\u00edgenes muy diversos.<\/li>\n<\/ul>\n<p>La transmisi\u00f3n de frecuencias se consigue pulsando la luz l\u00e1ser, por ejemplo, 10 Hz = 10 pulsos l\u00e1ser por segundo.<\/p>\n<\/div>\n<p>Para que las c\u00e9lulas de la piel puedan percibir este impulso, debe garantizarse que la luz l\u00e1ser llegue a las c\u00e9lulas de la piel con una densidad de l\u00e1ser suficiente (requisito b\u00e1sico para la terapia con l\u00e1ser).<\/p>\n<p>&nbsp;<\/p>\n<div class=\"csc-textpic-text\">\n<p class=\"p1\"><strong>Terapia de frecuencia l\u00e1ser &#8211; el original<\/strong><\/p>\n<p class=\"p1\">Las frecuencias terap\u00e9uticamente eficaces son conocidas tanto en la ciencia como en la medicina complementaria. Hoy en d\u00eda se pueden encontrar en Internet listas de frecuencias con miles de entradas.<\/p>\n<p class=\"p1\">El COLLL (Colegio de Fotomedicina <a href=\"http:\/\/www.colll.org\"><span class=\"s1\">www.colll.org<\/span><\/a>) lleva m\u00e1s de 20 a\u00f1os investigando el efecto de las frecuencias utilizando la luz l\u00e1ser como medio de transmisi\u00f3n, es l\u00edder mundial en este campo y ha publicado varios libros especializados sobre el tema.<\/p>\n<p>Su terapia de frecuencias l\u00e1ser funciona con frecuencias universales y espec\u00edficas de eficacia probada. Sus perfiles de efecto, origen y trasfondo est\u00e1n documentados de forma transparente para que cada terapeuta de frecuencias pueda ser independiente.<\/p>\n<p>La terapia de frecuencia l\u00e1ser, de gran eficacia, es apreciada por los usuarios desde hace muchos a\u00f1os. Este m\u00e9todo de tratamiento se utiliza con gran \u00e9xito en miles de consultas humanas y veterinarias.<\/p>\n<ul>\n<li class=\"p1\">La luz l\u00e1ser es la forma ideal de mediaci\u00f3n de resonancia.<\/li>\n<\/ul>\n<ul>\n<li class=\"p1\">Se describen detalladamente los perfiles de efecto de las frecuencias de resonancia universales, naturales y espec\u00edficas m\u00e1s importantes.<\/li>\n<\/ul>\n<ul>\n<li class=\"p1\">Los programas generales y espec\u00edficos de COLLL facilitan al terapeuta la entrada en el fascinante campo de la terapia de frecuencia.<\/li>\n<\/ul>\n<p class=\"p1\">COLLL ofrece cursos regulares y formaci\u00f3n en l\u00ednea sobre la terapia de frecuencia l\u00e1ser.<\/p>\n<p>&nbsp;<\/p>\n<\/div>\n<p class=\"p1\"><b>Esto es esencial\u00a0\u00a0<\/b><\/p>\n<p>Las frecuencias no se mueven en el vac\u00edo. Requieren un medio portador &#8211; en nuestro caso, la luz l\u00e1ser.<\/p>\n<p>Para que una frecuencia sea eficaz, debe llegar al lugar donde debe generar resonancia. Esto incluye tambi\u00e9n las estructuras corporales m\u00e1s profundas. El requisito b\u00e1sico para que la terapia l\u00e1ser sea eficaz es que la luz l\u00e1ser sea absorbida por las c\u00e9lulas de la piel. Cuantas menos capas intermedias (grasa, suciedad, pelo, pelaje, etc.) y m\u00e1s contacto directo con la piel, mejor.<\/p>\n<p>En medicina veterinaria, la p\u00e9rdida de luz se evita con la ayuda de un peine l\u00e1ser. S\u00f3lo as\u00ed se garantiza una terapia de frecuencia \u00f3ptima.<\/p>\n<\/div>\n<\/div>\n<\/div>\n<\/div>\n<p>[\/vc_column_text][\/vc_column_inner][vc_column_inner width=&#8221;1\/3&#8243; css=&#8221;.vc_custom_1530802349135{margin-left: 40px !important;}&#8221;][vc_empty_space height=&#8221;10px&#8221;][vc_single_image image=&#8221;21717&#8243; img_size=&#8221;full&#8221; style=&#8221;vc_box_border&#8221; onclick=&#8221;zoom&#8221;][vc_empty_space height=&#8221;15px&#8221;][vc_raw_html]JTNDZGl2JTIwc3R5bGUlM0QlMjJwYWRkaW5nJTNBNTMuMjMlMjUlMjAwJTIwMCUyMDAlM0Jwb3NpdGlvbiUzQXJlbGF0aXZlJTNCJTIyJTNFJTNDaWZyYW1lJTIwc3JjJTNEJTIyaHR0cHMlM0ElMkYlMkZwbGF5ZXIudmltZW8uY29tJTJGdmlkZW8lMkY4MjYxNzY0MDklM0ZoJTNEOTExY2Q5NmYzMCUyNmFtcCUzQmJhZGdlJTNEMCUyNmFtcCUzQmF1dG9wYXVzZSUzRDAlMjZhbXAlM0JxdWFsaXR5X3NlbGVjdG9yJTNEMSUyNmFtcCUzQnBsYXllcl9pZCUzRDAlMjZhbXAlM0JhcHBfaWQlM0Q1ODQ3OSUyMiUyMGZyYW1lYm9yZGVyJTNEJTIyMCUyMiUyMGFsbG93JTNEJTIyYXV0b3BsYXklM0IlMjBmdWxsc2NyZWVuJTNCJTIwcGljdHVyZS1pbi1waWN0dXJlJTIyJTIwc3R5bGUlM0QlMjJwb3NpdGlvbiUzQWFic29sdXRlJTNCdG9wJTNBMCUzQmxlZnQlM0EwJTNCd2lkdGglM0ExMDAlMjUlM0JoZWlnaHQlM0ExMDAlMjUlM0IlMjIlMjB0aXRsZSUzRCUyMkxhc2VyJTIwZnJlcXVlbmN5JTIwdGhlcmFweSUyMiUzRSUzQyUyRmlmcmFtZSUzRSUzQyUyRmRpdiUzRSUzQ3NjcmlwdCUyMHNyYyUzRCUyMmh0dHBzJTNBJTJGJTJGcGxheWVyLnZpbWVvLmNvbSUyRmFwaSUyRnBsYXllci5qcyUyMiUzRSUzQyUyRnNjcmlwdCUzRQ==[\/vc_raw_html][vc_empty_space height=&#8221;15px&#8221;][vc_single_image image=&#8221;16963&#8243; img_size=&#8221;full&#8221; style=&#8221;vc_box_border&#8221; onclick=&#8221;zoom&#8221;][vc_empty_space height=&#8221;15px&#8221;][vc_single_image image=&#8221;15189&#8243; img_size=&#8221;full&#8221; style=&#8221;vc_box_border&#8221; onclick=&#8221;zoom&#8221;][\/vc_column_inner][\/vc_row_inner][vc_empty_space height=&#8221;50px&#8221;][\/vc_column][vc_column][vc_row_inner css=&#8221;.vc_custom_1523533034292{margin-bottom: 0px !important;padding-bottom: 0px !important;}&#8221;][vc_column_inner width=&#8221;1\/2&#8243; css=&#8221;.vc_custom_1523445157664{padding-top: 5px !important;}&#8221;][vc_column_text el_class=&#8221;li-check&#8221;]<\/p>\n<h3 class=\"bodytext\">Bibliograf\u00eda especializada muy recomendable<\/h3>\n<p>[\/vc_column_text][\/vc_column_inner][vc_column_inner width=&#8221;1\/2&#8243; css=&#8221;.vc_custom_1530802349135{margin-left: 40px !important;}&#8221;][vc_column_text el_class=&#8221;li-check&#8221;]<\/p>\n<h3 class=\"bodytext\">Literatura alemana muy recomendable<\/h3>\n<p>[\/vc_column_text][\/vc_column_inner][\/vc_row_inner][\/vc_column][\/vc_row][vc_row][vc_column width=&#8221;1\/2&#8243;][vc_raw_html]JTNDZGl2JTIwc3R5bGUlM0QlMjJwYWRkaW5nJTNBNTYuMjUlMjUlMjAwJTIwMCUyMDAlM0Jwb3NpdGlvbiUzQXJlbGF0aXZlJTNCJTIyJTNFJTNDaWZyYW1lJTIwc3JjJTNEJTIyaHR0cHMlM0ElMkYlMkZwbGF5ZXIudmltZW8uY29tJTJGdmlkZW8lMkY4Mzc1NjYwNTElM0ZoJTNENjhjYjA1N2FhYyUyNmFtcCUzQmJhZGdlJTNEMCUyNmFtcCUzQmF1dG9wYXVzZSUzRDAlMjZhbXAlM0JxdWFsaXR5X3NlbGVjdG9yJTNEMSUyNmFtcCUzQnBsYXllcl9pZCUzRDAlMjZhbXAlM0JhcHBfaWQlM0Q1ODQ3OSUyMiUyMGZyYW1lYm9yZGVyJTNEJTIyMCUyMiUyMGFsbG93JTNEJTIyYXV0b3BsYXklM0IlMjBmdWxsc2NyZWVuJTNCJTIwcGljdHVyZS1pbi1waWN0dXJlJTIyJTIwc3R5bGUlM0QlMjJwb3NpdGlvbiUzQWFic29sdXRlJTNCdG9wJTNBMCUzQmxlZnQlM0EwJTNCd2lkdGglM0ExMDAlMjUlM0JoZWlnaHQlM0ExMDAlMjUlM0IlMjIlMjB0aXRsZSUzRCUyMkNvbWIlMjBBZGFwdGVyJTIwRmluYWwlMjIlM0UlM0MlMkZpZnJhbWUlM0UlM0MlMkZkaXYlM0UlM0NzY3JpcHQlMjBzcmMlM0QlMjJodHRwcyUzQSUyRiUyRnBsYXllci52aW1lby5jb20lMkZhcGklMkZwbGF5ZXIuanMlMjIlM0UlM0MlMkZzY3JpcHQlM0U=[\/vc_raw_html][\/vc_column][vc_column width=&#8221;1\/4&#8243;][vc_single_image image=&#8221;26324&#8243; img_size=&#8221;full&#8221; style=&#8221;vc_box_border&#8221; onclick=&#8221;zoom&#8221;][vc_column_text]<\/p>\n<p class=\"p1\"><a href=\"\/?p=26331\" target=\"_blank\" rel=\"noopener\"><b>Description<\/b><\/a><\/p>\n<p>[\/vc_column_text][\/vc_column][vc_column width=&#8221;1\/4&#8243;][vc_single_image image=&#8221;8042&#8243; img_size=&#8221;full&#8221; style=&#8221;vc_box_border&#8221; onclick=&#8221;zoom&#8221;][vc_column_text]<a href=\"\/?p=8549\" target=\"_blank\" rel=\"noopener\">Descripci\u00f3n<\/a>[\/vc_column_text][\/vc_column][\/vc_row][vc_row][vc_column][vc_empty_space][vc_column_text]<\/p>\n<p style=\"text-align: left;\"><a class=\"button angebot\" title=\"Pedier aqu\u00ed una oferta\" href=\"\/?page_id=2595\">Pedier aqu\u00ed una oferta<\/a><\/p>\n<p>[\/vc_column_text][\/vc_column][\/vc_row]<\/p>\n<\/div>","protected":false},"excerpt":{"rendered":"<p>Die neue Generation der Laserdusche. 21 Laserdioden bestrahlen mit h\u00f6chster Laserdichte eine Fl\u00e4che von 55 cm\u00b2. Mit Wechseladapter f\u00fcr schnelles und hygienisches Arbeiten.<\/p>\n","protected":false},"author":15,"featured_media":536,"parent":0,"menu_order":11,"comment_status":"closed","ping_status":"closed","template":"","meta":{"footnotes":"","_links_to":"","_links_to_target":""},"class_list":["post-6349","page","type-page","status-publish","has-post-thumbnail","hentry","description-off"],"_links":{"self":[{"href":"https:\/\/www.mkw-laser.de\/es\/wp-json\/wp\/v2\/pages\/6349","targetHints":{"allow":["GET"]}}],"collection":[{"href":"https:\/\/www.mkw-laser.de\/es\/wp-json\/wp\/v2\/pages"}],"about":[{"href":"https:\/\/www.mkw-laser.de\/es\/wp-json\/wp\/v2\/types\/page"}],"author":[{"embeddable":true,"href":"https:\/\/www.mkw-laser.de\/es\/wp-json\/wp\/v2\/users\/15"}],"replies":[{"embeddable":true,"href":"https:\/\/www.mkw-laser.de\/es\/wp-json\/wp\/v2\/comments?post=6349"}],"version-history":[{"count":0,"href":"https:\/\/www.mkw-laser.de\/es\/wp-json\/wp\/v2\/pages\/6349\/revisions"}],"wp:featuredmedia":[{"embeddable":true,"href":"https:\/\/www.mkw-laser.de\/es\/wp-json\/wp\/v2\/media\/536"}],"wp:attachment":[{"href":"https:\/\/www.mkw-laser.de\/es\/wp-json\/wp\/v2\/media?parent=6349"}],"curies":[{"name":"wp","href":"https:\/\/api.w.org\/{rel}","templated":true}]}}