{"id":6354,"date":"2018-09-27T14:44:18","date_gmt":"2018-09-27T12:44:18","guid":{"rendered":"http:\/\/www.mkw-laser.de\/?page_id=6354"},"modified":"2018-11-12T09:44:46","modified_gmt":"2018-11-12T08:44:46","slug":"powerbank-para-el-tratamiento","status":"publish","type":"page","link":"https:\/\/www.mkw-laser.de\/es\/medicina-veterinaria\/powerbank-para-el-tratamiento","title":{"rendered":"Powerbank para el tratamiento independiente de la conexi\u00f3n de corriente"},"content":{"rendered":"<div class=\"wpb-content-wrapper\"><p>[vc_row][vc_column][vc_empty_space height=&#8221;50px&#8221;][\/vc_column][vc_column][vc_row_inner css=&#8221;.vc_custom_1523533034292{margin-bottom: 0px !important;padding-bottom: 0px !important;}&#8221;][vc_column_inner width=&#8221;2\/3&#8243; css=&#8221;.vc_custom_1523445157664{padding-top: 5px !important;}&#8221;][vc_column_text el_class=&#8221;li-check&#8221;]<\/p>\n<div id=\"c1676\" class=\"csc-default\">\n<div class=\"csc-textpic csc-textpic-intext-right\">\n<div class=\"csc-textpic-text\">\n<div class=\"csc-header csc-header-n1\">\n<h3 class=\"csc-firstHeader\">POWERBANK PARA EL TRATAMIENTO INDEPENDIENTE DE LA CONEXI\u00d3N DE CORRIENTE<\/h3>\n<\/div>\n<\/div>\n<p>&nbsp;<\/p>\n<ul>\n<li class=\"bodytext\">23.000 mAh, cargador y cable adaptador PowerTwin 21 incluidos<\/li>\n<li class=\"bodytext\">Tiempo de servicio de la bateria: m\u00e1s de 6 horas en plena carga<\/li>\n<li class=\"bodytext\">Con el PowerBank (salida de 5V), smartphones y tablets se pueden recargar tambi\u00e9n.<\/li>\n<\/ul>\n<p>Para aplicaciones en la cuadra o en la dahesa, pueden recurrir a un bolso especial y robusto.<\/p>\n<\/div>\n<\/div>\n<p>[\/vc_column_text][vc_empty_space][vc_column_text]<\/p>\n<p style=\"text-align: left;\"><a class=\"button angebot\" title=\"Pedier aqu\u00ed una oferta\" href=\"https:\/\/www.mkw-laser.de\/es\/pedir-aqui-una-oferta\/\">Pedier aqu\u00ed una oferta<\/a><\/p>\n<p>[\/vc_column_text][\/vc_column_inner][vc_column_inner width=&#8221;1\/3&#8243; css=&#8221;.vc_custom_1530802349135{margin-left: 40px !important;}&#8221;][vc_single_image image=&#8221;6365&#8243; img_size=&#8221;full&#8221; onclick=&#8221;zoom&#8221;][vc_single_image image=&#8221;6355&#8243; img_size=&#8221;full&#8221; onclick=&#8221;zoom&#8221;][\/vc_column_inner][\/vc_row_inner][vc_empty_space height=&#8221;50px&#8221;][\/vc_column][vc_column][\/vc_column][\/vc_row][vc_row][vc_column][\/vc_column][\/vc_row]<\/p>\n<\/div>","protected":false},"excerpt":{"rendered":"<p>La nueva generaci\u00f3n de la ducha l\u00e1ser. 21 diodos l\u00e1ser irradian con una densidad l\u00e1ser m\u00e1xima una superficie de 55 cm\u00b2. Con adaptador de cambio para un trabajo r\u00e1pido e higi\u00e9nico.<\/p>\n","protected":false},"author":15,"featured_media":536,"parent":2196,"menu_order":11,"comment_status":"closed","ping_status":"closed","template":"","meta":{"footnotes":"","_links_to":"","_links_to_target":""},"class_list":["post-6354","page","type-page","status-publish","has-post-thumbnail","hentry","description-off"],"_links":{"self":[{"href":"https:\/\/www.mkw-laser.de\/es\/wp-json\/wp\/v2\/pages\/6354","targetHints":{"allow":["GET"]}}],"collection":[{"href":"https:\/\/www.mkw-laser.de\/es\/wp-json\/wp\/v2\/pages"}],"about":[{"href":"https:\/\/www.mkw-laser.de\/es\/wp-json\/wp\/v2\/types\/page"}],"author":[{"embeddable":true,"href":"https:\/\/www.mkw-laser.de\/es\/wp-json\/wp\/v2\/users\/15"}],"replies":[{"embeddable":true,"href":"https:\/\/www.mkw-laser.de\/es\/wp-json\/wp\/v2\/comments?post=6354"}],"version-history":[{"count":0,"href":"https:\/\/www.mkw-laser.de\/es\/wp-json\/wp\/v2\/pages\/6354\/revisions"}],"up":[{"embeddable":true,"href":"https:\/\/www.mkw-laser.de\/es\/wp-json\/wp\/v2\/pages\/2196"}],"wp:featuredmedia":[{"embeddable":true,"href":"https:\/\/www.mkw-laser.de\/es\/wp-json\/wp\/v2\/media\/536"}],"wp:attachment":[{"href":"https:\/\/www.mkw-laser.de\/es\/wp-json\/wp\/v2\/media?parent=6354"}],"curies":[{"name":"wp","href":"https:\/\/api.w.org\/{rel}","templated":true}]}}