{"id":6485,"date":"2018-10-25T08:43:20","date_gmt":"2018-10-25T06:43:20","guid":{"rendered":"http:\/\/www.mkw-laser.de\/?page_id=6485"},"modified":"2018-11-02T15:05:05","modified_gmt":"2018-11-02T14:05:05","slug":"revocacion-formulario","status":"publish","type":"page","link":"https:\/\/www.mkw-laser.de\/es\/revocacion-formulario","title":{"rendered":"Revocaci\u00f3n Formulario"},"content":{"rendered":"<div class=\"wpb-content-wrapper\"><p>[vc_row][vc_column][vc_column_text el_class=&#8221;li-check&#8221;]Si desea cancelar el contrato, complete este formulario y env\u00edenoslo.<\/p>\n<p>&nbsp;<\/p>\n<p><strong>Direcci\u00f3n:<\/strong><\/p>\n<p><strong>MKW Lasersystem GmbH<\/strong><br \/>\nLandstra\u00dfe 67<br \/>\n76547 Sinzheim\/Baden-Baden\/Alemania<br \/>\nTelef\u00f3no: +49 7221-98 83 91<br \/>\nFax: +49 7221 98 83 93<br \/>\nE-Mail: <a href=\"mailto:mkw@mkw-laser.de\">mkw@mkw-laser.de<\/a><\/p>\n<p>&nbsp;<\/p>\n<p><strong>Contenido:<\/strong><\/p>\n<p>Yo \/ nosotros (*) revoco el contrato celebrado por m\u00ed \/ nosotros (*) para la compra de los siguientes productos (*) \/<br \/>\nla provisi\u00f3n del siguiente servicio (*)<\/p>\n<ul>\n<li>Nombre del consumidor (s)<\/li>\n<li>Direcci\u00f3n del consumidor (s)<\/li>\n<li>Pedido en (*) \/ recibido en (*)<\/li>\n<li>Firma del consumidor (*) (solo cuando se notifica en papel)<\/li>\n<li>Fecha<\/li>\n<\/ul>\n<p>(*) eliminar seg\u00fan corresponda[\/vc_column_text][\/vc_column][\/vc_row]<\/p>\n<\/div>","protected":false},"excerpt":{"rendered":"<p>[vc_row][vc_column][vc_column_text el_class=&#8221;li-check&#8221;]Si desea cancelar el contrato, complete este formulario y env\u00edenoslo. &nbsp; Direcci\u00f3n: MKW Lasersystem GmbH Landstra\u00dfe 67 76547 Sinzheim\/Baden-Baden\/Alemania Telef\u00f3no: +49 7221-98 83 91 Fax: +49 7221 98 83 93 E-Mail: mkw@mkw-laser.de &nbsp; Contenido: Yo \/ nosotros (*) revoco el contrato celebrado por m\u00ed \/ nosotros (*) para la compra de los siguientes productos&hellip;<\/p>\n","protected":false},"author":12,"featured_media":0,"parent":0,"menu_order":1000,"comment_status":"closed","ping_status":"closed","template":"","meta":{"footnotes":"","_links_to":"","_links_to_target":""},"class_list":["post-6485","page","type-page","status-publish","hentry","description-off"],"_links":{"self":[{"href":"https:\/\/www.mkw-laser.de\/es\/wp-json\/wp\/v2\/pages\/6485","targetHints":{"allow":["GET"]}}],"collection":[{"href":"https:\/\/www.mkw-laser.de\/es\/wp-json\/wp\/v2\/pages"}],"about":[{"href":"https:\/\/www.mkw-laser.de\/es\/wp-json\/wp\/v2\/types\/page"}],"author":[{"embeddable":true,"href":"https:\/\/www.mkw-laser.de\/es\/wp-json\/wp\/v2\/users\/12"}],"replies":[{"embeddable":true,"href":"https:\/\/www.mkw-laser.de\/es\/wp-json\/wp\/v2\/comments?post=6485"}],"version-history":[{"count":0,"href":"https:\/\/www.mkw-laser.de\/es\/wp-json\/wp\/v2\/pages\/6485\/revisions"}],"wp:attachment":[{"href":"https:\/\/www.mkw-laser.de\/es\/wp-json\/wp\/v2\/media?parent=6485"}],"curies":[{"name":"wp","href":"https:\/\/api.w.org\/{rel}","templated":true}]}}