{"id":7454,"date":"2018-11-12T09:26:10","date_gmt":"2018-11-12T08:26:10","guid":{"rendered":"https:\/\/www.mkw-laser.de\/?page_id=7454"},"modified":"2024-04-03T10:07:52","modified_gmt":"2024-04-03T08:07:52","slug":"ducha-laser-para-medicina-humana","status":"publish","type":"page","link":"https:\/\/www.mkw-laser.de\/es\/ducha-laser-para-medicina-humana","title":{"rendered":"Ducha laser para medicina humana"},"content":{"rendered":"<div class=\"wpb-content-wrapper\"><p>[vc_row][vc_column][vc_single_image image=&#8221;30998&#8243; img_size=&#8221;full&#8221; css=&#8221;.vc_custom_1697792547806{margin-top: 0px !important;margin-right: 0px !important;margin-bottom: 30px !important;margin-left: 0px !important;padding-top: 0px !important;padding-right: 0px !important;padding-left: 0px !important;}&#8221;][vc_column_text css=&#8221;.vc_custom_1541751419234{margin-bottom: 10px !important;padding-bottom: 0px !important;}&#8221;]<\/p>\n<h1 style=\"text-align: center;\">Ducha laser para medicina humana<\/h1>\n<p>[\/vc_column_text][vc_row_inner][vc_column_inner offset=&#8221;vc_hidden-xs&#8221;][vc_column_text]<\/p>\n<p style=\"text-align: center;\">MKW est\u00e1 especializada en sistemas l\u00e1ser de baja energ\u00eda (l\u00e1seres de baja intensidad) desde 1984.<br \/>\nDependiendo de la especialidad y del campo de aplicaci\u00f3n se dispone de diferentes sistemas l\u00e1ser.<br \/>\nLa mayor\u00eda de las innovaciones que marcan tendencia en los sistemas l\u00e1ser de baja energ\u00eda proceden (y siguen procediendo) de MKW.<\/p>\n<p style=\"text-align: center;\">El equipo de MKW tambi\u00e9n desarrolla sistemas l\u00e1ser y tecnolog\u00edas para la\u00a0<strong>terapia con l\u00e1ser de baja energ\u00eda<\/strong>\u00a0por encargo de terceros (productos OEM).<\/p>\n<p>[\/vc_column_text][\/vc_column_inner][\/vc_row_inner][\/vc_column][\/vc_row][vc_row][vc_column offset=&#8221;vc_hidden-xs&#8221;][vc_empty_space][\/vc_column][\/vc_row][vc_row][vc_column width=&#8221;1\/2&#8243; offset=&#8221;vc_hidden-xs&#8221;][vc_single_image image=&#8221;34491&#8243; img_size=&#8221;full&#8221; onclick=&#8221;custom_link&#8221; link=&#8221;https:\/\/www.mkw-laser.de\/es\/medicina-humana\/ducha-laser-powertwin21-xp5\/&#8221;]<div class=\"ult-spacer spacer-69dd39ac38445\" data-id=\"69dd39ac38445\" data-height=\"0\" data-height-mobile=\"10\" data-height-tab=\"\" data-height-tab-portrait=\"20\" data-height-mobile-landscape=\"10\" style=\"clear:both;display:block;\"><\/div>[vc_column_text]La nueva ducha l\u00e1ser PowerTwin XP5 ofrece todo lo que la terapia l\u00e1ser moderna requiere: alta densidad l\u00e1ser, adaptador intercambiable, programas preinstalados y gran pantalla de 4 colores.<\/p>\n<p><a href=\"\/?page_id=16943\">M\u00e1s &gt;<\/a>[\/vc_column_text]<div class=\"ult-spacer spacer-69dd39ac3848a\" data-id=\"69dd39ac3848a\" data-height=\"0\" data-height-mobile=\"10\" data-height-tab=\"\" data-height-tab-portrait=\"20\" data-height-mobile-landscape=\"10\" style=\"clear:both;display:block;\"><\/div>[\/vc_column][vc_column width=&#8221;1\/2&#8243; offset=&#8221;vc_hidden-xs&#8221;][vc_single_image image=&#8221;34544&#8243; img_size=&#8221;full&#8221; onclick=&#8221;custom_link&#8221; link=&#8221;https:\/\/www.mkw-laser.de\/es\/medicina-humana\/ducha-laser-powertwin-21\/&#8221;]<div class=\"ult-spacer spacer-69dd39ac384b2\" data-id=\"69dd39ac384b2\" data-height=\"0\" data-height-mobile=\"10\" data-height-tab=\"\" data-height-tab-portrait=\"20\" data-height-mobile-landscape=\"10\" style=\"clear:both;display:block;\"><\/div>[vc_column_text]La nueva generaci\u00f3n de ducha l\u00e1ser. 21 diodos l\u00e1ser irradian un \u00e1rea de 55 cm\u00b2 con la mayor densidad de l\u00e1ser. Con adaptador intercambiable para un trabajo r\u00e1pido e higi\u00e9nico.<\/p>\n<p><a href=\"\/?page_id=3739\">M\u00e1s &gt;<\/a>[\/vc_column_text]<div class=\"ult-spacer spacer-69dd39ac384d2\" data-id=\"69dd39ac384d2\" data-height=\"0\" data-height-mobile=\"10\" data-height-tab=\"\" data-height-tab-portrait=\"20\" data-height-mobile-landscape=\"10\" style=\"clear:both;display:block;\"><\/div>[\/vc_column][\/vc_row][vc_row][vc_column width=&#8221;1\/2&#8243; offset=&#8221;vc_hidden-lg vc_hidden-md vc_hidden-sm&#8221;][vc_empty_space height=&#8221;20px&#8221;][vc_single_image image=&#8221;34491&#8243; img_size=&#8221;full&#8221; onclick=&#8221;custom_link&#8221; link=&#8221;https:\/\/www.mkw-laser.de\/es\/medicina-humana\/ducha-laser-powertwin21-xp5\/&#8221;][vc_column_text]<a href=\"\/?page_id=16943\">M\u00e1s &gt;<\/a>[\/vc_column_text][\/vc_column][vc_column width=&#8221;1\/2&#8243; offset=&#8221;vc_hidden-lg vc_hidden-md vc_hidden-sm&#8221;][vc_single_image image=&#8221;34544&#8243; img_size=&#8221;full&#8221; onclick=&#8221;custom_link&#8221; link=&#8221;https:\/\/www.mkw-laser.de\/es\/medicina-humana\/ducha-laser-powertwin-21\/&#8221;][vc_column_text]<a href=\"\/?page_id=3739\">M\u00e1s &gt;<\/a>[\/vc_column_text][\/vc_column][\/vc_row][vc_row][vc_column offset=&#8221;vc_hidden-xs&#8221;][vc_empty_space height=&#8221;50px&#8221;][\/vc_column][\/vc_row][vc_row][vc_column width=&#8221;1\/3&#8243;][\/vc_column][vc_column width=&#8221;1\/3&#8243;][vc_column_text]<\/p>\n<p style=\"text-align: center;\"><a class=\"button angebot\" title=\"Pedier aqu\u00ed una oferta\" href=\"\/?page_id=2595\">Pedier aqu\u00ed una oferta<\/a><\/p>\n<p>[\/vc_column_text][\/vc_column][vc_column width=&#8221;1\/3&#8243;][\/vc_column][\/vc_row]<\/p>\n<\/div>","protected":false},"excerpt":{"rendered":"<p>La nueva generaci\u00f3n de la ducha l\u00e1ser. 21 diodos l\u00e1ser irradian con una densidad l\u00e1ser m\u00e1xima una superficie de 55 cm\u00b2. Con adaptador de cambio para un trabajo r\u00e1pido e higi\u00e9nico.<\/p>\n","protected":false},"author":13,"featured_media":536,"parent":0,"menu_order":10,"comment_status":"closed","ping_status":"closed","template":"","meta":{"footnotes":"","_links_to":"","_links_to_target":""},"class_list":["post-7454","page","type-page","status-publish","has-post-thumbnail","hentry","description-off"],"_links":{"self":[{"href":"https:\/\/www.mkw-laser.de\/es\/wp-json\/wp\/v2\/pages\/7454","targetHints":{"allow":["GET"]}}],"collection":[{"href":"https:\/\/www.mkw-laser.de\/es\/wp-json\/wp\/v2\/pages"}],"about":[{"href":"https:\/\/www.mkw-laser.de\/es\/wp-json\/wp\/v2\/types\/page"}],"author":[{"embeddable":true,"href":"https:\/\/www.mkw-laser.de\/es\/wp-json\/wp\/v2\/users\/13"}],"replies":[{"embeddable":true,"href":"https:\/\/www.mkw-laser.de\/es\/wp-json\/wp\/v2\/comments?post=7454"}],"version-history":[{"count":0,"href":"https:\/\/www.mkw-laser.de\/es\/wp-json\/wp\/v2\/pages\/7454\/revisions"}],"wp:featuredmedia":[{"embeddable":true,"href":"https:\/\/www.mkw-laser.de\/es\/wp-json\/wp\/v2\/media\/536"}],"wp:attachment":[{"href":"https:\/\/www.mkw-laser.de\/es\/wp-json\/wp\/v2\/media?parent=7454"}],"curies":[{"name":"wp","href":"https:\/\/api.w.org\/{rel}","templated":true}]}}