{"id":7459,"date":"2018-11-22T14:06:01","date_gmt":"2018-11-22T13:06:01","guid":{"rendered":"https:\/\/www.mkw-laser.de\/?page_id=7459"},"modified":"2024-04-03T10:38:29","modified_gmt":"2024-04-03T08:38:29","slug":"ducha-laser-para-medicina-veterinaria","status":"publish","type":"page","link":"https:\/\/www.mkw-laser.de\/es\/ducha-laser-para-medicina-veterinaria","title":{"rendered":"Ducha l\u00e1ser para medicina veterinaria"},"content":{"rendered":"<div class=\"wpb-content-wrapper\"><p>[vc_row][vc_column][vc_single_image image=&#8221;31004&#8243; img_size=&#8221;full&#8221; css=&#8221;.vc_custom_1697793710995{margin-top: 0px !important;margin-right: 0px !important;margin-bottom: 30px !important;margin-left: 0px !important;padding-top: 0px !important;padding-right: 0px !important;padding-left: 0px !important;}&#8221;][vc_column_text css=&#8221;.vc_custom_1542899080186{margin-bottom: 10px !important;padding-bottom: 0px !important;}&#8221;]<\/p>\n<h1 style=\"text-align: center;\">Ducha l\u00e1ser para medicina veterinaria<\/h1>\n<p>[\/vc_column_text][vc_row_inner][vc_column_inner offset=&#8221;vc_hidden-xs&#8221;][vc_column_text]<\/p>\n<p style=\"text-align: center;\">MKW est\u00e1 especializada en sistemas l\u00e1ser de baja energ\u00eda (l\u00e1seres de bajo nivel) desde 1984. M\u00e1s de 30.000 usuarios de las especialidades m\u00e9dicas m\u00e1s diversas \u2013 incluyendo cl\u00ednicas, centros de rehabilitaci\u00f3n as\u00ed como miles de consultorios pr\u00e1cticos de la medicina humana y veterinaria \u2013 corroboran de manera impresionante los buenos resultados terap\u00e9uticos que pueden conseguirse con sistemas l\u00e1ser MKW.\u00a0Ya en 1991, MKW realiz\u00f3 un trabajo pionero, presentando a nivel mundial el primer peine l\u00e1ser del mundo para el tratamiento de grandes superficies de animales de pelo. Este m\u00e9todo de tratamiento fue perfeccionado permanentemente y culmin\u00f3 en el desarrollo de la <strong>ducha l\u00e1ser PowerTwin 21<\/strong>. \u2013 Una ducha l\u00e1ser que puede convertirse en pocos segundos en un peine l\u00e1ser.\u00a0Para peque\u00f1as superficies y para el tratamiento encauzado de puntos \u2013 especialmente para el tratamiento de puntos de dolor, disparo y acupuntura &#8211; puede recurrir al <strong>Laserpen LA-X.\u00a0<\/strong>El equipo MKW desarrolla asimismo por encargo ajeno sistemas de l\u00e1ser y tecnolog\u00edas para la <strong>terapia con low-level-laser<\/strong> (productos OEM).<\/p>\n<p>[\/vc_column_text][\/vc_column_inner][\/vc_row_inner][\/vc_column][\/vc_row][vc_row][vc_column][vc_empty_space][\/vc_column][\/vc_row][vc_row][vc_column width=&#8221;1\/2&#8243; offset=&#8221;vc_hidden-xs&#8221;][vc_single_image image=&#8221;34519&#8243; img_size=&#8221;full&#8221; onclick=&#8221;custom_link&#8221; link=&#8221;https:\/\/www.mkw-laser.de\/es\/medicina-veterinaria\/ducha-laser-powertwin-xp5\/&#8221;][vc_column_text]La nueva ducha l\u00e1ser PowerTwin XP5 ofrece todo lo que la terapia l\u00e1ser moderna requiere: alta densidad l\u00e1ser, adaptador intercambiable\u00a0programas preinstalados, gran pantalla de 4 colores y, por \u00faltimo, pero no menos importante,\u00a0una interfaz Bluetooth para la comunicaci\u00f3n inal\u00e1mbrica con el software de tratamiento MKW LASER PRACTICE<\/p>\n<p><a href=\"\/?page_id=16231\">M\u00e1s &gt;<\/a>[\/vc_column_text][\/vc_column][vc_column width=&#8221;1\/2&#8243; offset=&#8221;vc_hidden-xs&#8221;][vc_single_image image=&#8221;34527&#8243; img_size=&#8221;full&#8221; onclick=&#8221;custom_link&#8221; link=&#8221;https:\/\/www.mkw-laser.de\/es\/medicina-veterinaria\/ducha-laser-powertwin-21-2\/&#8221;][vc_column_text]La ducha l\u00e1ser PowerTwin21 irradia una superficie de 55 cm\u00b2 con 21 diodos l\u00e1ser. Con adaptador intercambiable para un trabajo r\u00e1pido e higi\u00e9nico.<\/p>\n<p><a href=\"\/?page_id=3812\">M\u00e1s &gt;<\/a>[\/vc_column_text][\/vc_column][\/vc_row][vc_row][vc_column width=&#8221;1\/2&#8243; offset=&#8221;vc_hidden-lg vc_hidden-sm&#8221;][vc_single_image image=&#8221;34519&#8243; img_size=&#8221;full&#8221; onclick=&#8221;custom_link&#8221; link=&#8221;https:\/\/www.mkw-laser.de\/es\/medicina-veterinaria\/ducha-laser-powertwin-xp5\/&#8221;][vc_column_text]<a href=\"\/?page_id=16231\">M\u00e1s &gt;<\/a>[\/vc_column_text][\/vc_column][vc_column width=&#8221;1\/2&#8243; offset=&#8221;vc_hidden-lg vc_hidden-md vc_hidden-sm&#8221;][vc_single_image image=&#8221;34527&#8243; img_size=&#8221;full&#8221; onclick=&#8221;custom_link&#8221; link=&#8221;https:\/\/www.mkw-laser.de\/es\/medicina-veterinaria\/ducha-laser-powertwin-21-2\/&#8221;][vc_column_text]<a href=\"\/?page_id=3812\">M\u00e1s &gt;<\/a>[\/vc_column_text][\/vc_column][\/vc_row][vc_row][vc_column offset=&#8221;vc_hidden-xs&#8221;][vc_empty_space height=&#8221;50px&#8221;][\/vc_column][\/vc_row][vc_row][vc_column width=&#8221;1\/3&#8243;][\/vc_column][vc_column width=&#8221;1\/3&#8243;][vc_column_text]<\/p>\n<p style=\"text-align: center;\"><a class=\"button angebot\" title=\"Pedier aqu\u00ed una oferta\" href=\"\/?page_id=2595\">Pedier aqu\u00ed una oferta<\/a><\/p>\n<p>[\/vc_column_text][\/vc_column][vc_column width=&#8221;1\/3&#8243;][\/vc_column][\/vc_row]<\/p>\n<\/div>","protected":false},"excerpt":{"rendered":"<p>La nueva generaci\u00f3n de la ducha l\u00e1ser. 21 diodos l\u00e1ser irradian con una densidad l\u00e1ser m\u00e1xima una superficie de 55 cm\u00b2. Con adaptador de cambio para un trabajo r\u00e1pido e higi\u00e9nico.<\/p>\n","protected":false},"author":13,"featured_media":0,"parent":0,"menu_order":12,"comment_status":"closed","ping_status":"closed","template":"","meta":{"footnotes":"","_links_to":"","_links_to_target":""},"class_list":["post-7459","page","type-page","status-publish","hentry","description-off"],"_links":{"self":[{"href":"https:\/\/www.mkw-laser.de\/es\/wp-json\/wp\/v2\/pages\/7459","targetHints":{"allow":["GET"]}}],"collection":[{"href":"https:\/\/www.mkw-laser.de\/es\/wp-json\/wp\/v2\/pages"}],"about":[{"href":"https:\/\/www.mkw-laser.de\/es\/wp-json\/wp\/v2\/types\/page"}],"author":[{"embeddable":true,"href":"https:\/\/www.mkw-laser.de\/es\/wp-json\/wp\/v2\/users\/13"}],"replies":[{"embeddable":true,"href":"https:\/\/www.mkw-laser.de\/es\/wp-json\/wp\/v2\/comments?post=7459"}],"version-history":[{"count":0,"href":"https:\/\/www.mkw-laser.de\/es\/wp-json\/wp\/v2\/pages\/7459\/revisions"}],"wp:attachment":[{"href":"https:\/\/www.mkw-laser.de\/es\/wp-json\/wp\/v2\/media?parent=7459"}],"curies":[{"name":"wp","href":"https:\/\/api.w.org\/{rel}","templated":true}]}}