{"id":7468,"date":"2018-11-22T13:59:08","date_gmt":"2018-11-22T12:59:08","guid":{"rendered":"https:\/\/www.mkw-laser.de\/?page_id=7468"},"modified":"2024-04-03T10:01:10","modified_gmt":"2024-04-03T08:01:10","slug":"laserpen-para-medicina-humana","status":"publish","type":"page","link":"https:\/\/www.mkw-laser.de\/es\/laserpen-para-medicina-humana","title":{"rendered":"Laserpen para medicina humana"},"content":{"rendered":"<div class=\"wpb-content-wrapper\"><p>[vc_row][vc_column][vc_single_image image=&#8221;31151&#8243; img_size=&#8221;full&#8221; css=&#8221;.vc_custom_1697805475995{margin-top: 0px !important;margin-right: 0px !important;margin-bottom: 30px !important;margin-left: 0px !important;padding-top: 0px !important;padding-right: 0px !important;padding-left: 0px !important;}&#8221;][vc_column_text css=&#8221;.vc_custom_1541752465301{margin-bottom: 10px !important;padding-bottom: 0px !important;}&#8221;]<\/p>\n<h1 style=\"text-align: center;\">Laserpen para medicina humana<\/h1>\n<p>[\/vc_column_text][vc_row_inner][vc_column_inner offset=&#8221;vc_hidden-xs&#8221;][vc_column_text]<\/p>\n<p style=\"text-align: center;\">MKW est\u00e1 especializada en sistemas l\u00e1ser de baja energ\u00eda (l\u00e1seres de baja intensidad) desde 1984.<br \/>\nDependiendo de la especialidad y del campo de aplicaci\u00f3n se dispone de diferentes sistemas l\u00e1ser.<br \/>\nLa mayor\u00eda de las innovaciones que marcan tendencia en los sistemas l\u00e1ser de baja energ\u00eda proceden (y siguen procediendo) de MKW.<\/p>\n<p style=\"text-align: center;\">El equipo de MKW tambi\u00e9n desarrolla sistemas l\u00e1ser y tecnolog\u00edas para la <strong>terapia con l\u00e1ser de baja energ\u00eda<\/strong> por encargo de terceros (productos OEM).<\/p>\n<p>[\/vc_column_text][\/vc_column_inner][\/vc_row_inner][vc_empty_space][\/vc_column][\/vc_row][vc_row][vc_column width=&#8221;1\/4&#8243;][\/vc_column][vc_column width=&#8221;1\/2&#8243;][vc_single_image image=&#8221;34552&#8243; img_size=&#8221;full&#8221; onclick=&#8221;custom_link&#8221; link=&#8221;https:\/\/www.mkw-laser.de\/es\/medicina-humana\/laserpen-la-x-p500\/&#8221;][\/vc_column][vc_column width=&#8221;1\/4&#8243;][\/vc_column][\/vc_row][vc_row][vc_column]<div class=\"ult-spacer spacer-69df2c3d34151\" data-id=\"69df2c3d34151\" data-height=\"0\" data-height-mobile=\"10\" data-height-tab=\"\" data-height-tab-portrait=\"20\" data-height-mobile-landscape=\"10\" style=\"clear:both;display:block;\"><\/div>[vc_column_text]<\/p>\n<p style=\"text-align: center;\">El Laserpen LA-X es adecuado para \u00e1reas peque\u00f1as y para la terapia de l\u00e1ser puntual espec\u00edfica, especialmente para el tratamiento de<br \/>\nDolor, gatillo y puntos de acupuntura.<\/p>\n<p style=\"text-align: center;\"><a href=\"\/?page_id=3782\">Mas &gt;<\/a><\/p>\n<p>[\/vc_column_text][\/vc_column][\/vc_row][vc_row][vc_column][vc_empty_space height=&#8221;50px&#8221;][\/vc_column][\/vc_row][vc_row][vc_column width=&#8221;1\/3&#8243;][\/vc_column][vc_column width=&#8221;1\/3&#8243;][vc_column_text]<\/p>\n<p style=\"text-align: center;\"><a class=\"button angebot\" title=\"Pedier aqu\u00ed una oferta\" href=\"\/?page_id=2595\">Pedir aqu\u00ed una oferta<\/a><\/p>\n<p>[\/vc_column_text][\/vc_column][vc_column width=&#8221;1\/3&#8243;][\/vc_column][\/vc_row]<\/p>\n<\/div>","protected":false},"excerpt":{"rendered":"<p>La nueva generaci\u00f3n de la ducha l\u00e1ser. 21 diodos l\u00e1ser irradian con una densidad l\u00e1ser m\u00e1xima una superficie de 55 cm\u00b2. Con adaptador de cambio para un trabajo r\u00e1pido e higi\u00e9nico.<\/p>\n","protected":false},"author":13,"featured_media":4156,"parent":0,"menu_order":10,"comment_status":"closed","ping_status":"closed","template":"","meta":{"footnotes":"","_links_to":"","_links_to_target":""},"class_list":["post-7468","page","type-page","status-publish","has-post-thumbnail","hentry","description-off"],"_links":{"self":[{"href":"https:\/\/www.mkw-laser.de\/es\/wp-json\/wp\/v2\/pages\/7468","targetHints":{"allow":["GET"]}}],"collection":[{"href":"https:\/\/www.mkw-laser.de\/es\/wp-json\/wp\/v2\/pages"}],"about":[{"href":"https:\/\/www.mkw-laser.de\/es\/wp-json\/wp\/v2\/types\/page"}],"author":[{"embeddable":true,"href":"https:\/\/www.mkw-laser.de\/es\/wp-json\/wp\/v2\/users\/13"}],"replies":[{"embeddable":true,"href":"https:\/\/www.mkw-laser.de\/es\/wp-json\/wp\/v2\/comments?post=7468"}],"version-history":[{"count":0,"href":"https:\/\/www.mkw-laser.de\/es\/wp-json\/wp\/v2\/pages\/7468\/revisions"}],"wp:featuredmedia":[{"embeddable":true,"href":"https:\/\/www.mkw-laser.de\/es\/wp-json\/wp\/v2\/media\/4156"}],"wp:attachment":[{"href":"https:\/\/www.mkw-laser.de\/es\/wp-json\/wp\/v2\/media?parent=7468"}],"curies":[{"name":"wp","href":"https:\/\/api.w.org\/{rel}","templated":true}]}}