{"id":960,"date":"2018-04-10T10:45:03","date_gmt":"2018-04-10T08:45:03","guid":{"rendered":"http:\/\/www.mkw-laser.de\/?page_id=960"},"modified":"2022-05-23T08:06:55","modified_gmt":"2022-05-23T06:06:55","slug":"literatura","status":"publish","type":"page","link":"https:\/\/www.mkw-laser.de\/es\/literatura","title":{"rendered":"Literatura"},"content":{"rendered":"<div class=\"wpb-content-wrapper\"><p>[vc_row][vc_column][vc_single_image image=&#8221;4221&#8243; img_size=&#8221;full&#8221; css=&#8221;.vc_custom_1531477064395{margin-top: 0px !important;margin-right: 0px !important;margin-bottom: 30px !important;margin-left: 0px !important;padding-top: 0px !important;padding-right: 0px !important;padding-left: 0px !important;}&#8221;][vc_column_text css=&#8221;.vc_custom_1530170392089{margin-bottom: 10px !important;padding-bottom: 0px !important;}&#8221;]<\/p>\n<h1 style=\"text-align: left;\">Literatura<\/h1>\n<p>[\/vc_column_text][vc_empty_space height=&#8221;24px&#8221;][vc_column_text]Existe una extensa literatura especializada para aplicaciones tanto de medicina humana como veterinaria.<br \/>\nAqu\u00ed encuentra una relaci\u00f3n de libros recomendados en idioma alem\u00e1n:[\/vc_column_text][vc_empty_space height=&#8221;24px&#8221;][vc_row_inner][vc_column_inner][vc_column_text]<\/p>\n<h2 style=\"text-align: left;\">Medicina humana<\/h2>\n<p>[\/vc_column_text]<div class=\"woocommerce columns-4 \"><div class=\"wf-container dt-products  woo-hover products loading-effect-fade-in description-on-hover cart-btn-on-img wc-img-hover hide-description wc-grid\" data-padding=\"0px\" data-cur-page=\"1\" data-desktop-columns-num=\"4\" data-v-tablet-columns-num=\"2\" data-h-tablet-columns-num=\"3\" data-phone-columns-num=\"1\">\n\n<article class=\"post visible description-off product type-product post-7286 status-publish first instock product_cat-libros product_cat-laserterapia-libro-tecnico has-post-thumbnail taxable shipping-taxable purchasable product-type-simple\">\n\n\t<figure class=\"woocom-project\">\n\t<div class=\"woo-buttons-on-img\">\n\n\t\t<a href=\"https:\/\/www.mkw-laser.de\/es\/produkt\/laserterapia-y-laserpuntura\" class=\"alignnone layzr-bg\"><img loading=\"lazy\" decoding=\"async\" width=\"300\" height=\"300\" src=\"data:image\/svg+xml;charset=utf-8,%3Csvg xmlns%3D&#039;http%3A%2F%2Fwww.w3.org%2F2000%2Fsvg&#039; viewBox%3D&#039;0 0 300 300&#039;%2F%3E\" class=\"attachment-woocommerce_thumbnail size-woocommerce_thumbnail lazy-load preload-me\" alt=\"Laserterapia y Laserpuntura\" data-src=\"https:\/\/www.mkw-laser.de\/wp-content\/uploads\/2018\/04\/Libro-tecnico-en-espagnol_1-300x300.jpg\" data-srcset=\"https:\/\/www.mkw-laser.de\/wp-content\/uploads\/2018\/04\/Libro-tecnico-en-espagnol_1-300x300.jpg 300w, https:\/\/www.mkw-laser.de\/wp-content\/uploads\/2018\/04\/Libro-tecnico-en-espagnol_1-150x150.jpg 150w, https:\/\/www.mkw-laser.de\/wp-content\/uploads\/2018\/04\/Libro-tecnico-en-espagnol_1-768x768.jpg 768w, https:\/\/www.mkw-laser.de\/wp-content\/uploads\/2018\/04\/Libro-tecnico-en-espagnol_1-600x600.jpg 600w, https:\/\/www.mkw-laser.de\/wp-content\/uploads\/2018\/04\/Libro-tecnico-en-espagnol_1-200x200.jpg 200w, https:\/\/www.mkw-laser.de\/wp-content\/uploads\/2018\/04\/Libro-tecnico-en-espagnol_1.jpg 1000w\" \/><img loading=\"lazy\" decoding=\"async\" width=\"300\" height=\"300\" src=\"data:image\/svg+xml;charset=utf-8,%3Csvg xmlns%3D&#039;http%3A%2F%2Fwww.w3.org%2F2000%2Fsvg&#039; viewBox%3D&#039;0 0 300 300&#039;%2F%3E\" class=\"show-on-hover back-image lazy-load preload-me\" alt=\"\" data-src=\"https:\/\/www.mkw-laser.de\/wp-content\/uploads\/2018\/04\/Libro-tecnico-en-espagnol_2-300x300.jpg\" data-srcset=\"https:\/\/www.mkw-laser.de\/wp-content\/uploads\/2018\/04\/Libro-tecnico-en-espagnol_2-300x300.jpg 300w, https:\/\/www.mkw-laser.de\/wp-content\/uploads\/2018\/04\/Libro-tecnico-en-espagnol_2-150x150.jpg 150w, https:\/\/www.mkw-laser.de\/wp-content\/uploads\/2018\/04\/Libro-tecnico-en-espagnol_2-768x768.jpg 768w, https:\/\/www.mkw-laser.de\/wp-content\/uploads\/2018\/04\/Libro-tecnico-en-espagnol_2-600x600.jpg 600w, https:\/\/www.mkw-laser.de\/wp-content\/uploads\/2018\/04\/Libro-tecnico-en-espagnol_2-200x200.jpg 200w, https:\/\/www.mkw-laser.de\/wp-content\/uploads\/2018\/04\/Libro-tecnico-en-espagnol_2.jpg 1000w\" \/><\/a>\n\t<\/div>\n\t<figcaption class=\"woocom-list-content\">\n\n\t\t\n\n\n\n\t<p class=\"wc-gzd-additional-info wc-gzd-additional-info-loop tax-info\">incl. 7% VAT<\/p>\n\n\t<p class=\"wc-gzd-additional-info wc-gzd-additional-info-loop shipping-costs-info\">zzgl. <a href=\"https:\/\/www.mkw-laser.de\/versandarten\" target=\"_blank\">Versandkosten<\/a><\/p>\n\n\n\t<\/figcaption>\n<\/figure>\n\n<\/article>\n\n<\/div><\/div>[vc_empty_space height=&#8221;80px&#8221;][\/vc_column_inner][\/vc_row_inner][\/vc_column][\/vc_row][vc_row][vc_column][vc_empty_space height=&#8221;90px&#8221;][\/vc_column][\/vc_row][vc_row][vc_column width=&#8221;2\/3&#8243;][vc_column_text]<\/p>\n<h4 class=\"bodytext\">Encuentra m\u00e1s literatura secundaria, reportes de experiencias y estudios sobre la terapia con sistemas l\u00e1ser de baja energ\u00eda en el portal &#8220;College for Laser Photomedicine&#8221; <a href=\"https:\/\/www.colll.org\/index.php?spr=en\" target=\"_blank\" rel=\"noopener\">www.colll.org<\/a><\/h4>\n<p>&nbsp;<\/p>\n<p class=\"bodytext\"><strong>Indicaci\u00f3n declarativa:<\/strong><br \/>\nLa terapia con sistemas l\u00e1ser de baja energ\u00eda es un m\u00e9todo de tratamiento de la medicina alternativa naturista que no forma parte de la medicina oficial privona.<\/p>\n<p>[\/vc_column_text][\/vc_column][vc_column width=&#8221;1\/3&#8243;][vc_single_image image=&#8221;21170&#8243; img_size=&#8221;179&#215;55&#8243; onclick=&#8221;custom_link&#8221; img_link_target=&#8221;_blank&#8221; link=&#8221;https:\/\/www.colll.org\/index.php?spr=en&#8221;][\/vc_column][\/vc_row]<\/p>\n<\/div>","protected":false},"excerpt":{"rendered":"<p>Die neue Generation der Laserdusche. 21 Laserdioden bestrahlen mit h\u00f6chster Laserdichte eine Fl\u00e4che von 55 cm\u00b2. Mit Wechseladapter f\u00fcr schnelles und hygienisches Arbeiten.<\/p>\n","protected":false},"author":6,"featured_media":534,"parent":0,"menu_order":50,"comment_status":"closed","ping_status":"closed","template":"","meta":{"footnotes":"","_links_to":"","_links_to_target":""},"class_list":["post-960","page","type-page","status-publish","has-post-thumbnail","hentry","description-off"],"_links":{"self":[{"href":"https:\/\/www.mkw-laser.de\/es\/wp-json\/wp\/v2\/pages\/960","targetHints":{"allow":["GET"]}}],"collection":[{"href":"https:\/\/www.mkw-laser.de\/es\/wp-json\/wp\/v2\/pages"}],"about":[{"href":"https:\/\/www.mkw-laser.de\/es\/wp-json\/wp\/v2\/types\/page"}],"author":[{"embeddable":true,"href":"https:\/\/www.mkw-laser.de\/es\/wp-json\/wp\/v2\/users\/6"}],"replies":[{"embeddable":true,"href":"https:\/\/www.mkw-laser.de\/es\/wp-json\/wp\/v2\/comments?post=960"}],"version-history":[{"count":0,"href":"https:\/\/www.mkw-laser.de\/es\/wp-json\/wp\/v2\/pages\/960\/revisions"}],"wp:featuredmedia":[{"embeddable":true,"href":"https:\/\/www.mkw-laser.de\/es\/wp-json\/wp\/v2\/media\/534"}],"wp:attachment":[{"href":"https:\/\/www.mkw-laser.de\/es\/wp-json\/wp\/v2\/media?parent=960"}],"curies":[{"name":"wp","href":"https:\/\/api.w.org\/{rel}","templated":true}]}}