{"id":32180,"date":"2023-12-04T13:49:59","date_gmt":"2023-12-04T12:49:59","guid":{"rendered":"https:\/\/www.mkw-laser.de\/start\/"},"modified":"2024-04-02T13:03:33","modified_gmt":"2024-04-02T11:03:33","slug":"start","status":"publish","type":"page","link":"https:\/\/www.mkw-laser.de\/fr","title":{"rendered":"Start"},"content":{"rendered":"<div class=\"wpb-content-wrapper\"><p>[vc_row][vc_column][rev_slider_vc alias=&#8221;startseite_fr&#8221;][vc_empty_space height=&#8221;15px&#8221;][\/vc_column][\/vc_row][vc_row][vc_column][vc_column_text css=&#8221;.vc_custom_1702030175521{margin-bottom: 10px !important;padding-bottom: 0px !important;}&#8221;]<\/p>\n<h1 style=\"text-align: center;\">MKW &#8211; Th\u00e9rapie au laser pour les professionnels<br \/>\nen m\u00e9decine humaine et v\u00e9t\u00e9rinaire<\/h1>\n<p>[\/vc_column_text][vc_column_text css=&#8221;.vc_custom_1712055803544{margin-bottom: 30px !important;}&#8221;]<\/p>\n<h4 style=\"text-align: center;\">El original &#8211; MKW se ha especializado en la terapia profesional con l\u00e1ser de baja intensidad desde 1984<br \/>\ny es uno de los proveedores l\u00edderes en Europa.<\/h4>\n<p>[\/vc_column_text][\/vc_column][\/vc_row][vc_row][vc_column offset=&#8221;vc_hidden-xs&#8221;][vc_column_text]<\/p>\n<p style=\"text-align: center;\">Des d\u00e9veloppements novateurs et des appareils laser d\u00e9sormais utilis\u00e9s dans le monde entier, comme <strong>la<\/strong> <strong>douche laser, le peigne laser, le laser ponctuel<\/strong> avec automatisme laser ainsi que <strong>le syst\u00e8me multi-acupuncture<\/strong>, sont issus de la maison MKW et t\u00e9moignent de nos exigences \u00e9lev\u00e9es en mati\u00e8re de qualit\u00e9 des produits et de service.<\/p>\n<p>[\/vc_column_text][vc_column_text]<\/p>\n<h2 style=\"text-align: center;\">MKW propose des appareils laser de haute qualit\u00e9<\/h2>\n<p>[\/vc_column_text][vc_column_text el_class=&#8221;li-check&#8221;]<\/p>\n<ul style=\"text-align: center;\">\n<li><a href=\"\/?page_id=32384\" target=\"_blank\" rel=\"noopener\"><strong>Douche laser<\/strong><\/a> (<a href=\"\/?page_id=32410\" target=\"_blank\" rel=\"noopener\">laser de surface<\/a>) pour le traitement laser de grandes surfaces<\/li>\n<li><a href=\"\/?page_id=32378\" target=\"_blank\" rel=\"noopener\"><strong>Peigne laser<\/strong><\/a> pour le traitement au laser des peaux tr\u00e8s poilues et des animaux \u00e0 fourrure (chiens, chats, chevaux)<\/li>\n<li><a href=\"\/?page_id=32371\" target=\"_blank\" rel=\"noopener\"><strong>Laserpen<\/strong><\/a> (<a href=\"\/?page_id=32371\" target=\"_blank\" rel=\"noopener\">laser ponctuel<\/a>) pour la th\u00e9rapie ponctuelle cibl\u00e9e et l&#8217;acupuncture au laser<\/li>\n<\/ul>\n<p>[\/vc_column_text][vc_empty_space height=&#8221;60px&#8221;][\/vc_column][\/vc_row][vc_row][vc_column el_class=&#8221;bg-einsatzbereich&#8221; css=&#8221;.vc_custom_1694088137789{border-top-width: 0px !important;padding-top: 0px !important;background-position: center !important;background-repeat: no-repeat !important;background-size: cover !important;}&#8221;][vc_row_inner][vc_column_inner][vc_column_text css=&#8221;.vc_custom_1702031387607{margin-top: 0px !important;}&#8221;]<\/p>\n<h2 style=\"text-align: center;\">Veuillez s\u00e9lectionner votre domaine d&#8217;application<\/h2>\n<p>[\/vc_column_text][\/vc_column_inner][\/vc_row_inner][vc_row_inner css=&#8221;.vc_custom_1684490437820{margin-top: 0px !important;}&#8221;][vc_column_inner width=&#8221;1\/2&#8243; css=&#8221;.vc_custom_1712049111471{padding-right: 30px !important;padding-left: 30px !important;}&#8221;][vc_single_image image=&#8221;32452&#8243; img_size=&#8221;full&#8221; alignment=&#8221;center&#8221; onclick=&#8221;custom_link&#8221; link=&#8221;https:\/\/www.mkw-laser.de\/fr\/medecine-humaine\/&#8221;][\/vc_column_inner][vc_column_inner width=&#8221;1\/2&#8243; css=&#8221;.vc_custom_1712049132800{padding-right: 30px !important;padding-left: 30px !important;}&#8221;][vc_single_image image=&#8221;32456&#8243; img_size=&#8221;full&#8221; alignment=&#8221;center&#8221; onclick=&#8221;custom_link&#8221; link=&#8221;https:\/\/www.mkw-laser.de\/fr\/medecine-veterinaire\/&#8221;][\/vc_column_inner][\/vc_row_inner][\/vc_column][\/vc_row][vc_row][vc_column][vc_empty_space height=&#8221;60px&#8221;][vc_row_inner][vc_column_inner width=&#8221;1\/12&#8243;][\/vc_column_inner][vc_column_inner width=&#8221;10\/12&#8243;][vc_column_text]<\/p>\n<h2 style=\"text-align: center;\">Plus d&#8217;informations sur Low Level Laser<\/h2>\n<p>[\/vc_column_text][vc_column_text]<\/p>\n<p style=\"text-align: center;\"><strong>LLLT<\/strong> est une m\u00e9thode de traitement de m\u00e9decine compl\u00e9mentaire visant \u00e0 soutenir les processus physiologiques de r\u00e9g\u00e9n\u00e9ration propres au corps.<\/p>\n<p>[\/vc_column_text][\/vc_column_inner][vc_column_inner width=&#8221;1\/12&#8243;][\/vc_column_inner][\/vc_row_inner][vc_tta_accordion color=&#8221;green&#8221; active_section=&#8221;-1&#8243; collapsible_all=&#8221;true&#8221; css=&#8221;.vc_custom_1694088938677{margin-right: 100px !important;margin-left: 100px !important;}&#8221;][vc_tta_section title=&#8221;PLUS D&#8217;INFORMATIONS&#8221; tab_id=&#8221;1522226124550-caca9a50-2076&#8243;][vc_column_text]Les premi\u00e8res applications m\u00e9dicales de la technologie laser ont \u00e9t\u00e9 r\u00e9alis\u00e9es quelques ann\u00e9es seulement apr\u00e8s le d\u00e9veloppement du laser, en 1960. En 1963, le Hongrois Endre Mester, un pionnier de la m\u00e9decine au laser, a \u00e9tudi\u00e9 l&#8217;effet du rayonnement laser \u00e0 basse \u00e9nergie sur l&#8217;am\u00e9lioration de l&#8217;\u00e9pith\u00e9lialisation des plaies qui gu\u00e9rissent mal. Ses r\u00e9sultats ont \u00e9t\u00e9 publi\u00e9s \u00e0 partir de 1967. Ces \u00e9tudes constituent les premi\u00e8res publications sur la th\u00e9rapie laser de bas niveau \/ Low Level Laser Therapy (LLLT). La th\u00e9rapie laser de bas niveau utilise des appareils laser qui fonctionnent avec des diodes laser de basse \u00e9nergie (Low Level). Ces types de laser fonctionnent g\u00e9n\u00e9ralement de mani\u00e8re athermique. L&#8217;effet est photochimique (biostimulant). Tout le contraire des lasers chirurgicaux, qui sont dot\u00e9s de puissances \u00e9lev\u00e9es (de l&#8217;ordre du watt) et provoquent un effet thermique dans les tissus.<\/p>\n<p>La Low Level Laser Therapy\/LLLT est une m\u00e9thode th\u00e9rapeutique issue de la m\u00e9decine empirique naturelle qui, en R\u00e9publique f\u00e9d\u00e9rale d&#8217;Allemagne, ne fait pas partie des m\u00e9thodes g\u00e9n\u00e9ralement reconnues de la m\u00e9decine conventionnelle. N\u00e9anmoins, la th\u00e9rapie laser de bas niveau par softlaser s&#8217;est fait un nom aupr\u00e8s de nombreux repr\u00e9sentants des m\u00e9thodes de gu\u00e9rison alternatives. MKW fabrique des appareils LLLT et propose diff\u00e9rents appareils de th\u00e9rapie laser \u00e0 faible puissance adapt\u00e9s \u00e0 vos domaines d&#8217;application individuels (par ex. acupuncture au laser) pour la m\u00e9decine humaine et v\u00e9t\u00e9rinaire.<\/p>\n<p>N&#8217;h\u00e9sitez pas \u00e0 nous contacter si vous avez des questions concernant les lasers de bas niveau\/lasers doux, les prix, les frais de livraison, la th\u00e9rapie au laser, etc.[\/vc_column_text][\/vc_tta_section][\/vc_tta_accordion][vc_empty_space height=&#8221;30px&#8221;][\/vc_column][\/vc_row][vc_row][vc_column width=&#8221;1\/2&#8243;][\/vc_column][\/vc_row][vc_row][vc_column][vc_empty_space height=&#8221;50px&#8221;][\/vc_column][\/vc_row][vc_row][vc_column offset=&#8221;vc_hidden-xs&#8221;][vc_column_text el_class=&#8221;angebotbutton&#8221;]<\/p>\n<p style=\"text-align: center;\"><a class=\"button angebot\" title=\"Die MKW Story\" href=\"\/?page_id=32461\" target=\"_blank\" rel=\"noopener\">MKW Story<\/a> \u00a0 \u00a0 <a class=\"button angebot\" title=\"Die MKW Story\" href=\"https:\/\/vimeo.com\/831810688\/5871960ff6\" target=\"_blank\" rel=\"noopener\">History MKW<\/a><\/p>\n<p>[\/vc_column_text][\/vc_column][\/vc_row][vc_row][vc_column offset=&#8221;vc_hidden-lg vc_hidden-md vc_hidden-sm&#8221;][vc_column_text el_class=&#8221;angebotbutton&#8221;]<\/p>\n<p style=\"text-align: center;\"><a class=\"button angebot\" title=\"Die MKW Story\" href=\"\/?page_id=32461\" target=\"_blank\" rel=\"noopener\">MKW Story<\/a><\/p>\n<p style=\"text-align: center;\"><a class=\"button angebot\" title=\"Die MKW Story\" href=\"https:\/\/vimeo.com\/831810688\/5871960ff6\" target=\"_blank\" rel=\"noopener\">History MKW<\/a><\/p>\n<p>[\/vc_column_text][\/vc_column][\/vc_row]<\/p>\n<\/div>","protected":false},"excerpt":{"rendered":"<p>[vc_row][vc_column][rev_slider_vc alias=&#8221;startseite_fr&#8221;][vc_empty_space height=&#8221;15px&#8221;][\/vc_column][\/vc_row][vc_row][vc_column][vc_column_text css=&#8221;.vc_custom_1702030175521{margin-bottom: 10px !important;padding-bottom: 0px !important;}&#8221;] MKW &#8211; Th\u00e9rapie au laser pour les professionnels en m\u00e9decine humaine et v\u00e9t\u00e9rinaire [\/vc_column_text][vc_column_text css=&#8221;.vc_custom_1712055803544{margin-bottom: 30px !important;}&#8221;] El original &#8211; MKW se ha especializado en la terapia profesional con l\u00e1ser de baja intensidad desde 1984 y es uno de los proveedores l\u00edderes en Europa. [\/vc_column_text][\/vc_column][\/vc_row][vc_row][vc_column offset=&#8221;vc_hidden-xs&#8221;][vc_column_text] Des&hellip;<\/p>\n","protected":false},"author":15,"featured_media":0,"parent":0,"menu_order":10,"comment_status":"closed","ping_status":"closed","template":"","meta":{"footnotes":"","_links_to":"","_links_to_target":""},"class_list":["post-32180","page","type-page","status-publish","hentry","description-off"],"_links":{"self":[{"href":"https:\/\/www.mkw-laser.de\/fr\/wp-json\/wp\/v2\/pages\/32180","targetHints":{"allow":["GET"]}}],"collection":[{"href":"https:\/\/www.mkw-laser.de\/fr\/wp-json\/wp\/v2\/pages"}],"about":[{"href":"https:\/\/www.mkw-laser.de\/fr\/wp-json\/wp\/v2\/types\/page"}],"author":[{"embeddable":true,"href":"https:\/\/www.mkw-laser.de\/fr\/wp-json\/wp\/v2\/users\/15"}],"replies":[{"embeddable":true,"href":"https:\/\/www.mkw-laser.de\/fr\/wp-json\/wp\/v2\/comments?post=32180"}],"version-history":[{"count":0,"href":"https:\/\/www.mkw-laser.de\/fr\/wp-json\/wp\/v2\/pages\/32180\/revisions"}],"wp:attachment":[{"href":"https:\/\/www.mkw-laser.de\/fr\/wp-json\/wp\/v2\/media?parent=32180"}],"curies":[{"name":"wp","href":"https:\/\/api.w.org\/{rel}","templated":true}]}}