{"id":32232,"date":"2023-12-05T13:39:58","date_gmt":"2023-12-05T12:39:58","guid":{"rendered":"https:\/\/www.mkw-laser.de\/?page_id=32232"},"modified":"2023-12-06T08:11:52","modified_gmt":"2023-12-06T07:11:52","slug":"mentions-legales","status":"publish","type":"page","link":"https:\/\/www.mkw-laser.de\/fr\/mentions-legales","title":{"rendered":"Mentions l\u00e9gales"},"content":{"rendered":"<p><strong>MKW Lasersystem GmbH<\/strong><\/p>\n<p>Landstra\u00dfe 67<br \/>\n76547 Sinzheim\/Baden-Baden\/Allemagne<br \/>\nT\u00e9l\u00e9phone : +49 7221-98 83 91<br \/>\nT\u00e9l\u00e9copie : +49 7221 98 83 93<br \/>\nCourrier \u00e9lectronique : <a href=\"mailto:mkw@mkw-laser.de\">mkw@mkw-laser.de<\/a><\/p>\n<p>Enregistrement :<br \/>\nTribunal d&#8217;instance de Mannheim, HRB 210841<br \/>\nNum\u00e9ro de TVA DE 143463811<\/p>\n<p>Directeur g\u00e9n\u00e9ral :<br \/>\nUwe Kirchenbauer<\/p>\n<p>&nbsp;<\/p>\n<p><strong>Remarque sur la protection des donn\u00e9es<br \/>\n<\/strong>Vous trouverez notre d\u00e9claration de protection des donn\u00e9es dans la rubrique <a href=\"\/?page_id=32242\" target=\"_blank\" rel=\"noopener\">Protection des donn\u00e9es<\/a>.<\/p>\n<p>&nbsp;<\/p>\n<h3>Droits d&#8217;image<\/h3>\n<p>\u00a9\u00a0pfluegler photo \/ Dogs &#8211; fotolia.com<\/p>\n<p>\u00a9 Rita Kochmarjova \/ fotolia.com<\/p>\n<p>\u00a9 pixabay, pexels, unsplash<\/p>\n<p>\u00a9 Adobe Stock, FARBAI<\/p>\n<p>\u00a9 Adobe Stock, hd3dsh<\/p>\n<p>\u00a9 eigene Erstellung<\/p>\n<p>&nbsp;<\/p>\n<h3>Information sur le droit de r\u00e9tractation pour les consommateurs<\/h3>\n<p><b>Le consommateur<\/b> est toute personne physique qui conclut un acte juridique \u00e0 des fins qui ne peuvent \u00eatre attribu\u00e9es ni \u00e0 son activit\u00e9 commerciale ni \u00e0 son activit\u00e9 professionnelle ind\u00e9pendante ( \u00a7 13 BGB ).<\/p>\n<p>&nbsp;<\/p>\n<p><b>Droit de r\u00e9tractation<br \/>\n<\/b>Vous avez le droit de vous r\u00e9tracter du pr\u00e9sent contrat dans un d\u00e9lai de quatorze jours sans donner de motif.<\/p>\n<p>Le d\u00e9lai de r\u00e9tractation est de quatorze jours \u00e0 compter du jour,<\/p>\n<ul>\n<li>le jour o\u00f9 vous-m\u00eame ou un tiers d\u00e9sign\u00e9 par vous, qui n&#8217;est pas le transporteur, avez pris possession des marchandises, dans la mesure o\u00f9 vous avez command\u00e9 une ou plusieurs marchandises dans le cadre d&#8217;une commande unique et que celles-ci sont livr\u00e9es en une seule fois.<\/li>\n<li>le jour o\u00f9 vous-m\u00eame ou un tiers d\u00e9sign\u00e9 par vous, qui n&#8217;est pas le transporteur, avez pris possession de la derni\u00e8re marchandise, dans la mesure o\u00f9 vous avez command\u00e9 plusieurs marchandises dans le cadre d&#8217;une commande unique et o\u00f9 celles-ci sont livr\u00e9es s\u00e9par\u00e9ment<\/li>\n<li>le jour o\u00f9 vous-m\u00eame ou un tiers autre que le transporteur et d\u00e9sign\u00e9 par vous a pris possession du dernier envoi partiel ou de la derni\u00e8re pi\u00e8ce, dans le cas o\u00f9 vous avez command\u00e9 un bien livr\u00e9 en plusieurs envois partiels ou pi\u00e8ces.<\/li>\n<\/ul>\n<p>Pour exercer votre droit de r\u00e9tractation, vous devez nous informer (MKW Lasersystem GmbH, Landstra\u00dfe 67, 76547 Sinzheim, t\u00e9l\u00e9phone : 07221 988391, fax : 07221 988 393, e-mail : <a href=\"mailto:mkw@mkw-laser.de\"><b>mkw@mkw-laser.de<\/b><\/a>) de votre d\u00e9cision de r\u00e9voquer le pr\u00e9sent contrat au moyen d&#8217;une d\u00e9claration sans \u00e9quivoque (par ex. lettre envoy\u00e9e par la poste, fax ou e-mail). Pour ce faire, vous pouvez utiliser le mod\u00e8le de formulaire de r\u00e9tractation ci-joint, qui n&#8217;est toutefois pas obligatoire<\/p>\n<p>Pour que le d\u00e9lai de r\u00e9tractation soit respect\u00e9, il suffit que vous envoyiez la communication relative \u00e0 l&#8217;exercice du droit de r\u00e9tractation avant l&#8217;expiration du d\u00e9lai de r\u00e9tractation.<\/p>\n<p>&nbsp;<\/p>\n<p><b>Cons\u00e9quences de la r\u00e9tractation<br \/>\n<\/b>tous les paiements re\u00e7us de vous, y compris les frais de livraison (\u00e0 l&#8217;exception des frais suppl\u00e9mentaires d\u00e9coulant du fait que vous avez choisi un mode de livraison autre que le mode moins co\u00fbteux de livraison standard propos\u00e9 par nous), sans retard excessif et au plus tard quatorze jours \u00e0 compter du jour o\u00f9 nous aurons re\u00e7u la communication de votre d\u00e9cision de r\u00e9tractation du pr\u00e9sent contrat. Pour ce remboursement, nous utilisons le m\u00eame moyen de paiement que celui que vous avez utilis\u00e9 pour la transaction initiale, \u00e0 moins qu&#8217;il n&#8217;en ait \u00e9t\u00e9 express\u00e9ment convenu autrement avec vous ; en aucun cas, des frais ne vous seront factur\u00e9s pour ce remboursement.<\/p>\n<p>Nous pouvons refuser le remboursement jusqu&#8217;\u00e0 ce que nous ayons r\u00e9cup\u00e9r\u00e9 les marchandises ou jusqu&#8217;\u00e0 ce que vous ayez fourni la preuve que vous avez renvoy\u00e9 les marchandises, la date retenue \u00e9tant celle du premier de ces faits.<\/p>\n<p>Vous devez nous renvoyer ou nous remettre les biens sans retard excessif et, en tout \u00e9tat de cause, au plus tard quatorze jours \u00e0 compter du jour o\u00f9 vous nous informez de votre d\u00e9cision de r\u00e9tractation du pr\u00e9sent contrat. Le d\u00e9lai est respect\u00e9 si vous renvoyez les marchandises avant l&#8217;expiration du d\u00e9lai de quatorze jours.<\/p>\n<p>Les frais de renvoi des marchandises sont \u00e0 notre charge.<\/p>\n<p>Vous ne devez prendre en charge une \u00e9ventuelle perte de valeur des marchandises que si cette perte de valeur est due \u00e0 une manipulation non n\u00e9cessaire pour v\u00e9rifier la nature, les caract\u00e9ristiques et le fonctionnement des marchandises.<\/p>\n<p>&nbsp;<\/p>\n<p><b>Motifs d&#8217;exclusion ou d&#8217;extinction<\/b><\/p>\n<p>Le droit de r\u00e9tractation n&#8217;existe pas pour les contrats<\/p>\n<ul>\n<li>pour la livraison de marchandises qui ne sont pas pr\u00e9fabriqu\u00e9es et pour la fabrication desquelles le choix ou la d\u00e9termination individuels du consommateur sont d\u00e9terminants ou qui sont clairement adapt\u00e9es aux besoins personnels du consommateur<\/li>\n<li>\u00e0 la livraison de marchandises susceptibles de se d\u00e9t\u00e9riorer rapidement ou dont la date de p\u00e9remption serait rapidement d\u00e9pass\u00e9e<\/li>\n<li>pour la livraison de boissons alcoolis\u00e9es dont le prix a \u00e9t\u00e9 convenu lors de la conclusion du contrat, mais qui peuvent \u00eatre livr\u00e9es au plus t\u00f4t 30 jours apr\u00e8s la conclusion du contrat et dont la valeur actuelle d\u00e9pend de fluctuations sur le march\u00e9 sur lesquelles l&#8217;entrepreneur n&#8217;a aucune influence<\/li>\n<li>pour la livraison de journaux, de p\u00e9riodiques ou de magazines, \u00e0 l&#8217;exception des contrats d&#8217;abonnement.<\/li>\n<\/ul>\n<p>Le droit de r\u00e9tractation expire pr\u00e9matur\u00e9ment pour les contrats<\/p>\n<ul>\n<li>pour la livraison de marchandises scell\u00e9es qui ne peuvent \u00eatre retourn\u00e9es pour des raisons de protection de la sant\u00e9 ou d&#8217;hygi\u00e8ne, si leur sceau a \u00e9t\u00e9 retir\u00e9 apr\u00e8s la livraison<\/li>\n<li>pour la livraison de marchandises si, apr\u00e8s la livraison, elles ont \u00e9t\u00e9 m\u00e9lang\u00e9es de mani\u00e8re ins\u00e9parable avec d&#8217;autres marchandises en raison de leur nature<\/li>\n<li>pour la livraison d&#8217;enregistrements audio ou vid\u00e9o ou de logiciels informatiques dans un emballage scell\u00e9, si le sceau a \u00e9t\u00e9 retir\u00e9 apr\u00e8s la livraison.<\/li>\n<\/ul>\n<p>&nbsp;<\/p>\n<hr \/>\n<h4>Mod\u00e8le de formulaire de r\u00e9tractation<\/h4>\n<p>Si vous souhaitez vous r\u00e9tracter du contrat, veuillez remplir ce formulaire et nous le renvoyer.<\/p>\n<p>&nbsp;<\/p>\n<p><strong>Adresse :<\/strong><\/p>\n<p><strong>MKW Lasersystem GmbH<\/strong><br \/>\nLandstra\u00dfe 67<br \/>\n76547 Sinzheim\/Baden-Baden\/Allemagne<br \/>\nT\u00e9l\u00e9phone : 07221 988391-2<br \/>\nT\u00e9l\u00e9copie : 07221 988393<br \/>\nCourrier \u00e9lectronique: <a href=\"mailto:mkw@mkw-laser.de\">mkw@mkw-laser.de<\/a><\/p>\n<p>&nbsp;<\/p>\n<p><strong>Mod\u00e8le de contenu :<\/strong><\/p>\n<p>Par la pr\u00e9sente, je\/nous (*) r\u00e9voque\/r\u00e9voquons le contrat que j&#8217;ai\/nous avons (*) conclu pour l&#8217;achat des marchandises suivantes (*) \/ pour l&#8217;achat des produits suivants (*) la fourniture du service suivant (*)<\/p>\n<ul>\n<li>Nom du\/des consommateur(s)<\/li>\n<li>Adresse du\/des consommateur(s)<\/li>\n<li>command\u00e9 le (*) \/ re\u00e7u le (*)<\/li>\n<li>Signature du\/des consommateur(s) (*) (uniquement en cas de communication sur papier)<\/li>\n<li>Date<\/li>\n<\/ul>\n<p>(*) Biffer la mention inutile<\/p>\n","protected":false},"excerpt":{"rendered":"<p>MKW Lasersystem GmbH Landstra\u00dfe 67 76547 Sinzheim\/Baden-Baden\/Allemagne T\u00e9l\u00e9phone : +49 7221-98 83 91 T\u00e9l\u00e9copie : +49 7221 98 83 93 Courrier \u00e9lectronique : mkw@mkw-laser.de Enregistrement : Tribunal d&#8217;instance de Mannheim, HRB 210841 Num\u00e9ro de TVA DE 143463811 Directeur g\u00e9n\u00e9ral : Uwe Kirchenbauer &nbsp; Remarque sur la protection des donn\u00e9es Vous trouverez notre d\u00e9claration de protection&hellip;<\/p>\n","protected":false},"author":110,"featured_media":0,"parent":0,"menu_order":1000,"comment_status":"closed","ping_status":"closed","template":"","meta":{"footnotes":"","_links_to":"","_links_to_target":""},"class_list":["post-32232","page","type-page","status-publish","hentry","description-off"],"_links":{"self":[{"href":"https:\/\/www.mkw-laser.de\/fr\/wp-json\/wp\/v2\/pages\/32232","targetHints":{"allow":["GET"]}}],"collection":[{"href":"https:\/\/www.mkw-laser.de\/fr\/wp-json\/wp\/v2\/pages"}],"about":[{"href":"https:\/\/www.mkw-laser.de\/fr\/wp-json\/wp\/v2\/types\/page"}],"author":[{"embeddable":true,"href":"https:\/\/www.mkw-laser.de\/fr\/wp-json\/wp\/v2\/users\/110"}],"replies":[{"embeddable":true,"href":"https:\/\/www.mkw-laser.de\/fr\/wp-json\/wp\/v2\/comments?post=32232"}],"version-history":[{"count":0,"href":"https:\/\/www.mkw-laser.de\/fr\/wp-json\/wp\/v2\/pages\/32232\/revisions"}],"wp:attachment":[{"href":"https:\/\/www.mkw-laser.de\/fr\/wp-json\/wp\/v2\/media?parent=32232"}],"curies":[{"name":"wp","href":"https:\/\/api.w.org\/{rel}","templated":true}]}}