{"id":32348,"date":"2023-12-07T13:30:48","date_gmt":"2023-12-07T12:30:48","guid":{"rendered":"https:\/\/www.mkw-laser.de\/?page_id=32348"},"modified":"2024-04-03T11:19:18","modified_gmt":"2024-04-03T09:19:18","slug":"laser-dacupuncture","status":"publish","type":"page","link":"https:\/\/www.mkw-laser.de\/fr\/medecine-humaine\/laser-dacupuncture","title":{"rendered":"Laser d&#8217;acupuncture"},"content":{"rendered":"<div class=\"wpb-content-wrapper\"><p>[vc_row][vc_column][vc_empty_space height=&#8221;50px&#8221;][\/vc_column][vc_column][vc_row_inner css=&#8221;.vc_custom_1523533034292{margin-bottom: 0px !important;padding-bottom: 0px !important;}&#8221;][vc_column_inner width=&#8221;2\/3&#8243; css=&#8221;.vc_custom_1523445157664{padding-top: 5px !important;}&#8221;][vc_column_text el_class=&#8221;li-check&#8221;]<\/p>\n<h3>ACUPUNCTURE DE HAUTE TECHNOLOGIE<\/h3>\n<p class=\"bodytext\">La m\u00e9thode de gu\u00e9rison \u00e9prouv\u00e9e de l&#8217;acupuncture et les d\u00e9veloppements les plus modernes de la photom\u00e9decine se combinent dans <a href=\"\/?page_id=32416\" target=\"_blank\" rel=\"noopener\">l&#8217;acupuncture au laser<\/a> pour former une forme de th\u00e9rapie qui a \u00e9tabli un nouveau standard novateur dans la m\u00e9decine occidentale et orientale.<\/p>\n<p class=\"bodytext\">Le laser MTC remplace les aiguilles d&#8217;acupuncture par des rayons laser \u00e0 basse \u00e9nergie ! Les principes de la m\u00e9decine traditionnelle chinoise et donc les points d&#8217;acupuncture sont les m\u00eames. Mais la stimulation \u00e0 l&#8217;aide de rayons laser constitue une m\u00e9thode de traitement unique, car les modes d&#8217;action de l&#8217;acupuncture et de la photobiomodulation \u00e0 l&#8217;aide de lumi\u00e8re laser froide se compl\u00e8tent tr\u00e8s bien.<\/p>\n<p class=\"bodytext\">Un laser d&#8217;acupuncture &#8211; \u00e9galement appel\u00e9 laser ponctuel ou <a href=\"\/?page_id=32371\" target=\"_blank\" rel=\"noopener\">laserpen<\/a> &#8211; est utilis\u00e9 depuis les d\u00e9buts de la th\u00e9rapie au laser \u00e0 basse \u00e9nergie (th\u00e9rapie au laser de bas niveau ou LLLT) pour stimuler les points d&#8217;acupuncture. Une stimulation au moyen d&#8217;un <a href=\"\/?page_id=32400\" target=\"_blank\" rel=\"noopener\">laser th\u00e9rapeutique<\/a> entra\u00eene des r\u00e9actions physiologiques comparables \u00e0 celles des m\u00e9thodes de stimulation traditionnelles (acupuncture \u00e0 l&#8217;aiguille, \u00e9lectroacupuncture, acupuncture magn\u00e9tique et acupressure, entre autres).<\/p>\n<p>[\/vc_column_text][vc_column_text el_class=&#8221;li-check&#8221;]<\/p>\n<h3>AVANTAGES DE LA LASERPUNCTURE<\/h3>\n<ul>\n<li><strong>Traitement sans stimulation par piq\u00fbre<\/strong><br \/>\nLa stimulation des points d&#8217;acupuncture \u00e0 l&#8217;aide d&#8217;aiguilles est d\u00e9sagr\u00e9able pour de nombreux patients. La laserpuncture est particuli\u00e8rement appr\u00e9ci\u00e9e chez les enfants, les patients anxieux ou encore les animaux.<\/li>\n<\/ul>\n<ul>\n<li><strong>Permettre des acupunctures sp\u00e9ciales, impossibles \u00e0 r\u00e9aliser avec des aiguilles<\/strong><br \/>\nL&#8217;acupuncture au laser permet de r\u00e9aliser des traitements d&#8217;acupuncture qui ne peuvent pas \u00eatre effectu\u00e9s avec des aiguilles ou seulement de mani\u00e8re douloureuse pour le patient.<\/li>\n<\/ul>\n<ul>\n<li><strong>Flexibilit\u00e9 du temps de traitement<\/strong><br \/>\nLes dur\u00e9es de traitement peuvent varier et \u00eatre adapt\u00e9es \u00e0 la situation, c&#8217;est-\u00e0-dire par exemple aussi \u00eatre nettement raccourcies.<\/li>\n<\/ul>\n<ul>\n<li><strong>Diagnostic pr\u00e9cis &#8211; en particulier pour l&#8217;acupuncture auriculaire<\/strong><br \/>\nLe test des points \u00e0 l&#8217;aide d&#8217;un laser d&#8217;acupuncture est pr\u00e9cis, clair et simple. Les points de l&#8217;oreille particuli\u00e8rement pertinents pour la th\u00e9rapie peuvent \u00eatre localis\u00e9s rapidement.<\/li>\n<\/ul>\n<ul>\n<li><strong>Th\u00e9rapie au laser avec des fr\u00e9quences<\/strong><br \/>\nLe laser de bas niveau est aujourd&#8217;hui le seul outil permettant d&#8217;appliquer des fr\u00e9quences en plus de l&#8217;acupuncture. On les appelle lasers \u00e0 fr\u00e9quences ou lasers \u00e0 r\u00e9sonance.<\/li>\n<\/ul>\n<ul>\n<li><strong>Acupuncture auriculaire<\/strong><br \/>\nD\u00e8s le d\u00e9but, le laser de bas niveau a non seulement accompagn\u00e9 le d\u00e9veloppement de l&#8217;acupuncture auriculaire moderne, mais il en est aussi en grande partie \u00e0 l&#8217;origine. Paul Nogier, le fondateur de l'&#8221;auriculom\u00e9decine&#8221; occidentale (th\u00e9rapie par le pavillon de l&#8217;oreille), utilisait d\u00e9j\u00e0 des stylos laser dans les ann\u00e9es 1970. Parall\u00e8lement au d\u00e9veloppement de stylos laser de plus en plus modernes, il a \u00e9galement pu pr\u00e9ciser de plus en plus ses connaissances en mati\u00e8re de diagnostic et de th\u00e9rapie.<\/li>\n<\/ul>\n<ul>\n<li><strong>L&#8217;acupuncture au laser en combinaison avec d&#8217;autres m\u00e9thodes de m\u00e9decine compl\u00e9mentaire<\/strong><br \/>\nLes m\u00e9canismes d&#8217;action de la <a href=\"\/?page_id=32366\" target=\"_blank\" rel=\"noopener\">th\u00e9rapie laser de bas niveau<\/a> se compl\u00e8tent bien avec les effets d&#8217;autres proc\u00e9d\u00e9s de m\u00e9decine r\u00e9gulatrice.<\/li>\n<\/ul>\n<p>[\/vc_column_text][\/vc_column_inner][vc_column_inner width=&#8221;1\/3&#8243; css=&#8221;.vc_custom_1530802349135{margin-left: 40px !important;}&#8221;][vc_single_image image=&#8221;32805&#8243; img_size=&#8221;full&#8221; style=&#8221;vc_box_border&#8221; onclick=&#8221;zoom&#8221;][vc_single_image image=&#8221;34721&#8243; img_size=&#8221;full&#8221; style=&#8221;vc_box_border&#8221; onclick=&#8221;zoom&#8221;][\/vc_column_inner][\/vc_row_inner][vc_empty_space height=&#8221;50px&#8221;][\/vc_column][vc_column][vc_row_inner css=&#8221;.vc_custom_1523533034292{margin-bottom: 0px !important;padding-bottom: 0px !important;}&#8221;][vc_column_inner width=&#8221;1\/4&#8243; css=&#8221;.vc_custom_1523445157664{padding-top: 5px !important;}&#8221;][vc_single_image image=&#8221;34852&#8243; img_size=&#8221;full&#8221; style=&#8221;vc_box_border&#8221; onclick=&#8221;zoom&#8221;][\/vc_column_inner][vc_column_inner width=&#8221;3\/4&#8243; css=&#8221;.vc_custom_1530802349135{margin-left: 40px !important;}&#8221;][vc_column_text el_class=&#8221;li-check&#8221;]<\/p>\n<h3>LES LASERS MKW SONT DES LASERS D&#8217;ACUPUNCTURE MODERNES ET HIGH-TECH<\/h3>\n<p>Les lasers d&#8217;acupuncture MKW de derni\u00e8re g\u00e9n\u00e9ration disposent d&#8217;un spectre de fonctions large et flexible. La puissance du laser peut \u00eatre s\u00e9lectionn\u00e9e librement et des programmes de fr\u00e9quence &#8211; comme les fr\u00e9quences Nogier, Bahr et Reininger &#8211; sont pr\u00e9programm\u00e9s. En outre, d&#8217;autres fr\u00e9quences de r\u00e9sonance sp\u00e9ciales peuvent \u00eatre install\u00e9es. Un syst\u00e8me de recherche de points int\u00e9gr\u00e9 permet de localiser rapidement et s\u00fbrement les points d&#8217;acupuncture.<\/p>\n<p>La soci\u00e9t\u00e9 MKW Therapiesysteme GmbH est sp\u00e9cialis\u00e9e depuis 1984 dans les syst\u00e8mes laser \u00e0 basse \u00e9nergie (lasers de bas niveau) et propose aussi bien des lasers ponctuels (stylos laser) pour l&#8217;acupuncture au laser et pour la stimulation de points de d\u00e9clenchement et de points douloureux ou de petites surfaces que des lasers de surface (douches laser) pour le traitement de grandes surfaces.<\/p>\n<p>D\u00e8s 1999, MKW Therapiesysteme a d\u00e9pos\u00e9 aupr\u00e8s de l&#8217;office des brevets de Munich une demande de mod\u00e8le d&#8217;utilit\u00e9 pour le laser d&#8217;acupuncture LA-X avec syst\u00e8me de recherche de points int\u00e9gr\u00e9 et automatisme laser.<\/p>\n<p>Apr\u00e8s le lancement r\u00e9ussi du proc\u00e9d\u00e9 d&#8217;application sur le march\u00e9 il y a plus d&#8217;une d\u00e9cennie, le stylo laser LA-X P200 a suivi en 2011, repr\u00e9sentant la derni\u00e8re g\u00e9n\u00e9ration de lasers d&#8217;acupuncture high-tech de la soci\u00e9t\u00e9 MKW.<\/p>\n<p>MKW propose des lasers d&#8217;acupuncture destin\u00e9s \u00e0 la pratique de la m\u00e9decine humaine ou v\u00e9t\u00e9rinaire et dot\u00e9s d&#8217;\u00e9quipements diff\u00e9rents et personnalis\u00e9s.[\/vc_column_text][vc_empty_space][vc_column_text]<\/p>\n<p style=\"text-align: left;\"><a class=\"button angebot\" title=\"Angebot anfordern\" href=\"\/?page_id=32198\">Demander une offre<\/a><\/p>\n<p>[\/vc_column_text][\/vc_column_inner][\/vc_row_inner][\/vc_column][\/vc_row]<\/p>\n<\/div>","protected":false},"excerpt":{"rendered":"<p>Die neue Generation der Laserdusche. 21 Laserdioden bestrahlen mit h\u00f6chster Laserdichte eine Fl\u00e4che von 55 cm\u00b2. Mit Wechseladapter f\u00fcr schnelles und hygienisches Arbeiten.<\/p>\n","protected":false},"author":110,"featured_media":32295,"parent":32514,"menu_order":11,"comment_status":"closed","ping_status":"closed","template":"","meta":{"footnotes":"","_links_to":"","_links_to_target":""},"class_list":["post-32348","page","type-page","status-publish","has-post-thumbnail","hentry","description-off"],"_links":{"self":[{"href":"https:\/\/www.mkw-laser.de\/fr\/wp-json\/wp\/v2\/pages\/32348","targetHints":{"allow":["GET"]}}],"collection":[{"href":"https:\/\/www.mkw-laser.de\/fr\/wp-json\/wp\/v2\/pages"}],"about":[{"href":"https:\/\/www.mkw-laser.de\/fr\/wp-json\/wp\/v2\/types\/page"}],"author":[{"embeddable":true,"href":"https:\/\/www.mkw-laser.de\/fr\/wp-json\/wp\/v2\/users\/110"}],"replies":[{"embeddable":true,"href":"https:\/\/www.mkw-laser.de\/fr\/wp-json\/wp\/v2\/comments?post=32348"}],"version-history":[{"count":0,"href":"https:\/\/www.mkw-laser.de\/fr\/wp-json\/wp\/v2\/pages\/32348\/revisions"}],"up":[{"embeddable":true,"href":"https:\/\/www.mkw-laser.de\/fr\/wp-json\/wp\/v2\/pages\/32514"}],"wp:featuredmedia":[{"embeddable":true,"href":"https:\/\/www.mkw-laser.de\/fr\/wp-json\/wp\/v2\/media\/32295"}],"wp:attachment":[{"href":"https:\/\/www.mkw-laser.de\/fr\/wp-json\/wp\/v2\/media?parent=32348"}],"curies":[{"name":"wp","href":"https:\/\/api.w.org\/{rel}","templated":true}]}}