{"id":32363,"date":"2023-12-07T11:21:42","date_gmt":"2023-12-07T10:21:42","guid":{"rendered":"https:\/\/www.mkw-laser.de\/?page_id=32363"},"modified":"2024-03-28T14:36:12","modified_gmt":"2024-03-28T13:36:12","slug":"laser-doux","status":"publish","type":"page","link":"https:\/\/www.mkw-laser.de\/fr\/medecine-humaine\/laser-doux","title":{"rendered":"Laser Doux"},"content":{"rendered":"<div class=\"wpb-content-wrapper\"><p>[vc_row][vc_column][vc_empty_space height=&#8221;50px&#8221;][\/vc_column][vc_column][vc_row_inner css=&#8221;.vc_custom_1523533034292{margin-bottom: 0px !important;padding-bottom: 0px !important;}&#8221;][vc_column_inner width=&#8221;2\/3&#8243; css=&#8221;.vc_custom_1523445157664{padding-top: 5px !important;}&#8221;][vc_column_text el_class=&#8221;li-check&#8221;]<\/p>\n<p class=\"p1\"><span class=\"s1\"><b>LASER DOUX<\/b><\/span><\/p>\n<p class=\"p2\"><span class=\"s1\">Les lasers doux sont utilis\u00e9s dans la m\u00e9decine compl\u00e9mentaire ou r\u00e9gulatrice. Les synonymes de ce terme sont : Laser de bas niveau (LLL), laser de biostimulation, biolaser, biostimulation laser, biomodulation laser, laser de lumi\u00e8re froide ou th\u00e9rapie au laser froid, appareils de th\u00e9rapie photo-laser<br \/>\nou encore les appareils de th\u00e9rapie \u00e0 lumi\u00e8re haute densit\u00e9 (HDL).<\/span><\/p>\n<p class=\"p2\"><span class=\"s1\">Contrairement aux lasers dits &#8220;durs&#8221;, utilis\u00e9s en m\u00e9decine pour la chirurgie de pr\u00e9cision, un laser doux fonctionne avec des puissances faibles et inoffensives lorsqu&#8217;il est utilis\u00e9 correctement.<\/span><\/p>\n<ul class=\"ul1\">\n<li class=\"li3\"><span class=\"s1\">Les lasers de biostimulation\/biolaser fonctionnent avec des puissances de 50 \u00e0 500 mW et g\u00e9n\u00e9ralement avec des longueurs d&#8217;onde dans le domaine spectral rouge ou proche de l&#8217;infrarouge.<\/span><\/li>\n<\/ul>\n<p>[\/vc_column_text][\/vc_column_inner][vc_column_inner width=&#8221;1\/3&#8243; css=&#8221;.vc_custom_1530802349135{margin-left: 40px !important;}&#8221;][vc_single_image image=&#8221;34846&#8243; img_size=&#8221;full&#8221; onclick=&#8221;zoom&#8221;][\/vc_column_inner][\/vc_row_inner][vc_empty_space height=&#8221;50px&#8221;][vc_row_inner css=&#8221;.vc_custom_1523533034292{margin-bottom: 0px !important;padding-bottom: 0px !important;}&#8221;][vc_column_inner width=&#8221;1\/4&#8243; css=&#8221;.vc_custom_1523445157664{padding-top: 5px !important;}&#8221;][vc_single_image image=&#8221;32805&#8243; img_size=&#8221;full&#8221; style=&#8221;vc_box_border&#8221; onclick=&#8221;zoom&#8221;][vc_single_image image=&#8221;34720&#8243; img_size=&#8221;full&#8221; style=&#8221;vc_box_border&#8221; onclick=&#8221;zoom&#8221;][\/vc_column_inner][vc_column_inner width=&#8221;3\/4&#8243; css=&#8221;.vc_custom_1530802349135{margin-left: 40px !important;}&#8221;][vc_column_text el_class=&#8221;li-check&#8221;]<\/p>\n<p class=\"p1\"><span class=\"s1\"><b>UNE EXP\u00c9RIENCE DANS LE DOMAINE DES LASERS DOUX DEPUIS 1984<\/b><\/span><\/p>\n<p class=\"p2\">Il existe environ 50 fabricants de lasers doux m\u00e9dicaux dans le monde. L&#8217;un d&#8217;entre eux est la soci\u00e9t\u00e9 MKW Therapie-Systeme GmbH de Baden-Baden, qui peut vous conseiller de mani\u00e8re optimale dans le domaine de la th\u00e9rapie au laser doux depuis 1984.<\/p>\n<p class=\"p2\"><span class=\"s1\">MKW propose des lasers doux pour la pratique de la m\u00e9decine humaine ou v\u00e9t\u00e9rinaire avec diff\u00e9rents \u00e9quipements individuels.<\/span><\/p>\n<p class=\"p2\"><span class=\"s1\">Un stylo laser est disponible pour la th\u00e9rapie ponctuelle cibl\u00e9e, notamment pour le traitement des points d&#8217;acupuncture.<\/span><\/p>\n<p class=\"p2\"><span class=\"s1\">En <\/span><a href=\"\/?page_id=32514\" target=\"_blank\" rel=\"noopener\">m\u00e9decine humaine<\/a><span class=\"s1\">, les applications de lumi\u00e8re laser sur de grandes surfaces sont r\u00e9alis\u00e9es \u00e0 l&#8217;aide d&#8217;une douche laser. En <\/span><a href=\"\/?page_id=32655\" target=\"_blank\" rel=\"noopener\">m\u00e9decine v\u00e9t\u00e9rinaire<\/a><span class=\"s1\">, les grandes surfaces sont trait\u00e9es \u00e0 l&#8217;aide d&#8217;un <a href=\"\/?page_id=32307\"><span class=\"s3\">peigne laser<\/span><\/a>.<\/span><\/p>\n<p>[\/vc_column_text][vc_empty_space][vc_column_text]<\/p>\n<p style=\"text-align: left;\"><a class=\"button angebot\" title=\"Angebot anfordern\" href=\"\/?page_id=32198\">Demander une offre<\/a><\/p>\n<p>[\/vc_column_text][\/vc_column_inner][\/vc_row_inner][\/vc_column][vc_column][\/vc_column][\/vc_row]<\/p>\n<\/div>","protected":false},"excerpt":{"rendered":"<p>Die neue Generation der Laserdusche. 21 Laserdioden bestrahlen mit h\u00f6chster Laserdichte eine Fl\u00e4che von 55 cm\u00b2. Mit Wechseladapter f\u00fcr schnelles und hygienisches Arbeiten.<\/p>\n","protected":false},"author":110,"featured_media":32566,"parent":32514,"menu_order":11,"comment_status":"closed","ping_status":"closed","template":"","meta":{"footnotes":"","_links_to":"","_links_to_target":""},"class_list":["post-32363","page","type-page","status-publish","has-post-thumbnail","hentry","description-off"],"_links":{"self":[{"href":"https:\/\/www.mkw-laser.de\/fr\/wp-json\/wp\/v2\/pages\/32363","targetHints":{"allow":["GET"]}}],"collection":[{"href":"https:\/\/www.mkw-laser.de\/fr\/wp-json\/wp\/v2\/pages"}],"about":[{"href":"https:\/\/www.mkw-laser.de\/fr\/wp-json\/wp\/v2\/types\/page"}],"author":[{"embeddable":true,"href":"https:\/\/www.mkw-laser.de\/fr\/wp-json\/wp\/v2\/users\/110"}],"replies":[{"embeddable":true,"href":"https:\/\/www.mkw-laser.de\/fr\/wp-json\/wp\/v2\/comments?post=32363"}],"version-history":[{"count":0,"href":"https:\/\/www.mkw-laser.de\/fr\/wp-json\/wp\/v2\/pages\/32363\/revisions"}],"up":[{"embeddable":true,"href":"https:\/\/www.mkw-laser.de\/fr\/wp-json\/wp\/v2\/pages\/32514"}],"wp:featuredmedia":[{"embeddable":true,"href":"https:\/\/www.mkw-laser.de\/fr\/wp-json\/wp\/v2\/media\/32566"}],"wp:attachment":[{"href":"https:\/\/www.mkw-laser.de\/fr\/wp-json\/wp\/v2\/media?parent=32363"}],"curies":[{"name":"wp","href":"https:\/\/api.w.org\/{rel}","templated":true}]}}