{"id":32366,"date":"2023-12-07T11:36:50","date_gmt":"2023-12-07T10:36:50","guid":{"rendered":"https:\/\/www.mkw-laser.de\/?page_id=32366"},"modified":"2024-04-03T11:12:18","modified_gmt":"2024-04-03T09:12:18","slug":"therapie-laser-de-bas-niveau","status":"publish","type":"page","link":"https:\/\/www.mkw-laser.de\/fr\/medecine-humaine\/therapie-laser-de-bas-niveau","title":{"rendered":"Th\u00e9rapie laser de bas niveau"},"content":{"rendered":"<div class=\"wpb-content-wrapper\"><p>[vc_row][vc_column][vc_empty_space height=&#8221;50px&#8221;][\/vc_column][vc_column][vc_row_inner css=&#8221;.vc_custom_1523533034292{margin-bottom: 0px !important;padding-bottom: 0px !important;}&#8221;][vc_column_inner width=&#8221;2\/3&#8243; css=&#8221;.vc_custom_1523445157664{padding-top: 5px !important;}&#8221;][vc_column_text el_class=&#8221;li-check&#8221;]<\/p>\n<h3>APPAREILS DE TH\u00c9RAPIE LASER MKW POUR TH\u00c9RAPIE LASER DE BAS NIVEAU<\/h3>\n<p class=\"bodytext\">La th\u00e9rapie au laser est une m\u00e9thode de traitement de m\u00e9decine compl\u00e9mentaire visant \u00e0 soutenir les processus physiologiques de r\u00e9g\u00e9n\u00e9ration propres au corps. Le terme international le plus courant et le plus pr\u00e9cis est Low Level Laser Therapy (LLLT). Les appareils de th\u00e9rapie laser MKW sont des lasers de bas niveau, qui sont des lasers \u00e0 faible \u00e9nergie. Contrairement aux lasers chirurgicaux, ils fonctionnent \u00e0 faible puissance.<\/p>\n<p>Des \u00e9tudes sur le mode d&#8217;action de la th\u00e9rapie laser de bas niveau existent d\u00e9j\u00e0 depuis le d\u00e9but des ann\u00e9es 80. Il existe une vaste litt\u00e9rature sp\u00e9cialis\u00e9e sur la th\u00e9rapie laser de bas niveau. Des chercheurs du monde entier se penchent sur le ph\u00e9nom\u00e8ne de la lumi\u00e8re laser et de <a href=\"\/?page_id=32416\" target=\"_blank\" rel=\"noopener\">l&#8217;acupuncture au laser<\/a>. La WALT (World assocciation laser therapy) organise tous les deux ans des congr\u00e8s sur le laser. Les derniers r\u00e9sultats de la recherche y sont pr\u00e9sent\u00e9s. Malgr\u00e9 cela, la th\u00e9rapie laser de bas niveau fait toujours l&#8217;objet de discussions et est consid\u00e9r\u00e9e comme controvers\u00e9e.<\/p>\n<ul>\n<li>La th\u00e9rapie laser de bas niveau est une m\u00e9thode th\u00e9rapeutique issue de la m\u00e9decine empirique naturelle qui ne fait pas partie des m\u00e9thodes g\u00e9n\u00e9ralement reconnues de la m\u00e9decine conventionnelle en Allemagne. N\u00e9anmoins, la th\u00e9rapie laser de bas niveau s&#8217;est fait un nom aupr\u00e8s de nombreux repr\u00e9sentants des m\u00e9thodes de gu\u00e9rison alternatives.<\/li>\n<\/ul>\n<p>[\/vc_column_text][\/vc_column_inner][vc_column_inner width=&#8221;1\/3&#8243; css=&#8221;.vc_custom_1530802349135{margin-left: 40px !important;}&#8221;][vc_single_image image=&#8221;34846&#8243; img_size=&#8221;full&#8221; onclick=&#8221;zoom&#8221;][\/vc_column_inner][\/vc_row_inner][vc_empty_space height=&#8221;50px&#8221;][vc_row_inner css=&#8221;.vc_custom_1523533034292{margin-bottom: 0px !important;padding-bottom: 0px !important;}&#8221;][vc_column_inner width=&#8221;1\/4&#8243; css=&#8221;.vc_custom_1523445157664{padding-top: 5px !important;}&#8221;][vc_single_image image=&#8221;32805&#8243; img_size=&#8221;full&#8221; style=&#8221;vc_box_border&#8221; onclick=&#8221;zoom&#8221;][vc_single_image image=&#8221;34720&#8243; img_size=&#8221;full&#8221; style=&#8221;vc_box_border&#8221; onclick=&#8221;zoom&#8221;][\/vc_column_inner][vc_column_inner width=&#8221;3\/4&#8243; css=&#8221;.vc_custom_1530802349135{margin-left: 40px !important;}&#8221;][vc_column_text el_class=&#8221;li-check&#8221;]<\/p>\n<h3>UNE TH\u00c9RAPIE LASER DE BAS NIVEAU PEUT \u00caTRE R\u00c9ALIS\u00c9E ESSENTIELLEMENT AVEC LES APPAREILS DE TH\u00c9RAPIE LASER SUIVANTS :<\/h3>\n<ul>\n<li>des stylos laser ou des lasers ponctuels pour une th\u00e9rapie laser cibl\u00e9e sur un point pr\u00e9cis. La lumi\u00e8re laser peut notamment \u00eatre appliqu\u00e9e ponctuellement pour stimuler les points d&#8217;acupuncture.<\/li>\n<li>Les douches laser permettent de traiter de mani\u00e8re id\u00e9ale de grandes surfaces avec la lumi\u00e8re laser. Plusieurs diodes laser fonctionnant simultan\u00e9ment peuvent ainsi couvrir des zones cutan\u00e9es allant jusqu&#8217;\u00e0 50 cm\u00b2 avec une densit\u00e9 laser \u00e9lev\u00e9e, ce qui permet de gagner du temps.<\/li>\n<li>Dans la <em>th\u00e9rapie au laser<\/em>, on utilise par exemple des <a href=\"\/?page_id=32410\" target=\"_blank\" rel=\"noopener\">lasers de surface<\/a> d&#8217;une puissance de 50 \u00e0 500 mW. Les longueurs d&#8217;onde utilis\u00e9es se situent g\u00e9n\u00e9ralement dans le domaine spectral rouge ou proche de l&#8217;infrarouge.<\/li>\n<li>La soci\u00e9t\u00e9 MKW Therapie-Systeme GmbH de Baden-Baden est sp\u00e9cialis\u00e9e dans la th\u00e9rapie laser \u00e0 basse \u00e9nergie depuis 1984 et peut donc vous conseiller de mani\u00e8re optimale.<\/li>\n<li>Chez MKW, vous trouverez diff\u00e9rents appareils de th\u00e9rapie laser adapt\u00e9s \u00e0 vos domaines d&#8217;application individuels pour la m\u00e9decine humaine et v\u00e9t\u00e9rinaire.<\/li>\n<\/ul>\n<p>[\/vc_column_text][vc_empty_space][vc_column_text]<\/p>\n<p style=\"text-align: left;\"><a class=\"button angebot\" title=\"Angebot anfordern\" href=\"\/?page_id=32198\">Demander une offre<\/a><\/p>\n<p>[\/vc_column_text][\/vc_column_inner][\/vc_row_inner][\/vc_column][vc_column][\/vc_column][\/vc_row]<\/p>\n<\/div>","protected":false},"excerpt":{"rendered":"<p>Die neue Generation der Laserdusche. 21 Laserdioden bestrahlen mit h\u00f6chster Laserdichte eine Fl\u00e4che von 55 cm\u00b2. Mit Wechseladapter f\u00fcr schnelles und hygienisches Arbeiten.<\/p>\n","protected":false},"author":110,"featured_media":32566,"parent":32514,"menu_order":11,"comment_status":"closed","ping_status":"closed","template":"","meta":{"footnotes":"","_links_to":"","_links_to_target":""},"class_list":["post-32366","page","type-page","status-publish","has-post-thumbnail","hentry","description-off"],"_links":{"self":[{"href":"https:\/\/www.mkw-laser.de\/fr\/wp-json\/wp\/v2\/pages\/32366","targetHints":{"allow":["GET"]}}],"collection":[{"href":"https:\/\/www.mkw-laser.de\/fr\/wp-json\/wp\/v2\/pages"}],"about":[{"href":"https:\/\/www.mkw-laser.de\/fr\/wp-json\/wp\/v2\/types\/page"}],"author":[{"embeddable":true,"href":"https:\/\/www.mkw-laser.de\/fr\/wp-json\/wp\/v2\/users\/110"}],"replies":[{"embeddable":true,"href":"https:\/\/www.mkw-laser.de\/fr\/wp-json\/wp\/v2\/comments?post=32366"}],"version-history":[{"count":0,"href":"https:\/\/www.mkw-laser.de\/fr\/wp-json\/wp\/v2\/pages\/32366\/revisions"}],"up":[{"embeddable":true,"href":"https:\/\/www.mkw-laser.de\/fr\/wp-json\/wp\/v2\/pages\/32514"}],"wp:featuredmedia":[{"embeddable":true,"href":"https:\/\/www.mkw-laser.de\/fr\/wp-json\/wp\/v2\/media\/32566"}],"wp:attachment":[{"href":"https:\/\/www.mkw-laser.de\/fr\/wp-json\/wp\/v2\/media?parent=32366"}],"curies":[{"name":"wp","href":"https:\/\/api.w.org\/{rel}","templated":true}]}}