{"id":32369,"date":"2023-12-11T11:05:08","date_gmt":"2023-12-11T10:05:08","guid":{"rendered":"https:\/\/www.mkw-laser.de\/?page_id=32369"},"modified":"2024-04-03T10:01:09","modified_gmt":"2024-04-03T08:01:09","slug":"laserpen-humanmedizin","status":"publish","type":"page","link":"https:\/\/www.mkw-laser.de\/fr\/laserpen-humanmedizin","title":{"rendered":"Laserpen Humanmedizin"},"content":{"rendered":"<div class=\"wpb-content-wrapper\"><p>[vc_row][vc_column][vc_single_image image=&#8221;32650&#8243; img_size=&#8221;full&#8221; css=&#8221;.vc_custom_1702288951235{margin-top: 0px !important;margin-right: 0px !important;margin-bottom: 30px !important;margin-left: 0px !important;padding-top: 0px !important;padding-right: 0px !important;padding-left: 0px !important;}&#8221;][vc_column_text css=&#8221;.vc_custom_1702288862241{margin-bottom: 10px !important;padding-bottom: 0px !important;}&#8221;]<\/p>\n<h1 style=\"text-align: center;\">Laserpen pour la m\u00e9decine humaine<\/h1>\n<p>[\/vc_column_text][vc_row_inner][vc_column_inner offset=&#8221;vc_hidden-xs&#8221;][vc_column_text]<\/p>\n<div id=\"c2119\" class=\"csc-default\">\n<p style=\"text-align: center;\">Depuis 1984, MKW est consid\u00e9r\u00e9 comme le sp\u00e9cialiste des syst\u00e8mes laser \u00e0 basse \u00e9nergie (Low-Level-Laser).<br \/>\nDiff\u00e9rents syst\u00e8mes laser sont disponibles en fonction de la sp\u00e9cialit\u00e9 et du domaine d&#8217;application.<br \/>\nUne grande partie des innovations en mati\u00e8re de syst\u00e8mes laser \u00e0 basse \u00e9nergie sont venues (et viennent) de la maison MKW.<\/p>\n<p style=\"text-align: center;\">L&#8217;\u00e9quipe MKW d\u00e9veloppe \u00e9galement des syst\u00e8mes laser et des technologies pour la <strong>th\u00e9rapie laser \u00e0 bas niveau<\/strong> pour le compte de tiers (produits OEM).<\/p>\n<\/div>\n<p>[\/vc_column_text][\/vc_column_inner][\/vc_row_inner][vc_empty_space][\/vc_column][\/vc_row][vc_row][vc_column width=&#8221;1\/4&#8243;][\/vc_column][vc_column width=&#8221;1\/2&#8243;][vc_single_image image=&#8221;34554&#8243; img_size=&#8221;full&#8221; onclick=&#8221;custom_link&#8221; link=&#8221;https:\/\/www.mkw-laser.de\/fr\/medecine-humaine\/laserpen-la-x-p500\/&#8221;][\/vc_column][vc_column width=&#8221;1\/4&#8243;][\/vc_column][\/vc_row][vc_row][vc_column][vc_empty_space height=&#8221;10px&#8221;][vc_column_text]<\/p>\n<p style=\"text-align: center;\">Le stylo laser LA-X est adapt\u00e9 aux petites surfaces et \u00e0 la th\u00e9rapie laser ponctuelle cibl\u00e9e \u2013 en particulier pour le traitement des points douloureux, des points de d\u00e9clenchement et des points d&#8217;acupuncture.<\/p>\n<p style=\"text-align: center;\"><a href=\"\/?page_id=3780\">En savoir plus &gt;<\/a><\/p>\n<p>[\/vc_column_text][vc_empty_space height=&#8221;50px&#8221;][\/vc_column][\/vc_row][vc_row][vc_column width=&#8221;1\/3&#8243;][\/vc_column][vc_column width=&#8221;1\/3&#8243;][vc_column_text]<\/p>\n<p style=\"text-align: center;\"><a class=\"button angebot\" title=\"Angebot anfordern\" href=\"\/?page_id=32198\">OFFRE PHARE DU MOIS<\/a><\/p>\n<p>[\/vc_column_text][\/vc_column][vc_column width=&#8221;1\/3&#8243;][\/vc_column][\/vc_row]<\/p>\n<\/div>","protected":false},"excerpt":{"rendered":"<p>Die neue Generation der Laserdusche. 21 Laserdioden bestrahlen mit h\u00f6chster Laserdichte eine Fl\u00e4che von 55 cm\u00b2. Mit Wechseladapter f\u00fcr schnelles und hygienisches Arbeiten.<\/p>\n","protected":false},"author":110,"featured_media":32566,"parent":0,"menu_order":10,"comment_status":"closed","ping_status":"closed","template":"","meta":{"footnotes":"","_links_to":"","_links_to_target":""},"class_list":["post-32369","page","type-page","status-publish","has-post-thumbnail","hentry","description-off"],"_links":{"self":[{"href":"https:\/\/www.mkw-laser.de\/fr\/wp-json\/wp\/v2\/pages\/32369","targetHints":{"allow":["GET"]}}],"collection":[{"href":"https:\/\/www.mkw-laser.de\/fr\/wp-json\/wp\/v2\/pages"}],"about":[{"href":"https:\/\/www.mkw-laser.de\/fr\/wp-json\/wp\/v2\/types\/page"}],"author":[{"embeddable":true,"href":"https:\/\/www.mkw-laser.de\/fr\/wp-json\/wp\/v2\/users\/110"}],"replies":[{"embeddable":true,"href":"https:\/\/www.mkw-laser.de\/fr\/wp-json\/wp\/v2\/comments?post=32369"}],"version-history":[{"count":0,"href":"https:\/\/www.mkw-laser.de\/fr\/wp-json\/wp\/v2\/pages\/32369\/revisions"}],"wp:featuredmedia":[{"embeddable":true,"href":"https:\/\/www.mkw-laser.de\/fr\/wp-json\/wp\/v2\/media\/32566"}],"wp:attachment":[{"href":"https:\/\/www.mkw-laser.de\/fr\/wp-json\/wp\/v2\/media?parent=32369"}],"curies":[{"name":"wp","href":"https:\/\/api.w.org\/{rel}","templated":true}]}}