{"id":32371,"date":"2023-12-07T11:53:37","date_gmt":"2023-12-07T10:53:37","guid":{"rendered":"https:\/\/www.mkw-laser.de\/?page_id=32371"},"modified":"2024-03-28T14:56:51","modified_gmt":"2024-03-28T13:56:51","slug":"laserpen","status":"publish","type":"page","link":"https:\/\/www.mkw-laser.de\/fr\/medecine-humaine\/laserpen","title":{"rendered":"Laserpen"},"content":{"rendered":"<div class=\"wpb-content-wrapper\"><p>[vc_row][vc_column][vc_empty_space height=&#8221;50px&#8221;][\/vc_column][vc_column][vc_row_inner css=&#8221;.vc_custom_1523533034292{margin-bottom: 0px !important;padding-bottom: 0px !important;}&#8221;][vc_column_inner width=&#8221;2\/3&#8243; css=&#8221;.vc_custom_1523445157664{padding-top: 5px !important;}&#8221;][vc_column_text el_class=&#8221;li-check&#8221;]<\/p>\n<h3>LASERPEN, LASER \u00c0 POINT<\/h3>\n<p style=\"font-weight: 400;\">Les laserpen sont utilis\u00e9s dans la m\u00e9decine compl\u00e9mentaire humaine et v\u00e9t\u00e9rinaire.<\/p>\n<p style=\"font-weight: 400;\">Le laserpen (souvent appel\u00e9 laser ponctuel) est un laser th\u00e9rapeutique aliment\u00e9 par batterie et command\u00e9 par microprocesseur pour le traitement de petites surfaces et pour une th\u00e9rapie ponctuelle cibl\u00e9e &#8211; en particulier pour la stimulation des points douloureux et des points de d\u00e9clenchement.<\/p>\n<p style=\"font-weight: 400;\">Le laserpen peut \u00e9galement \u00eatre utilis\u00e9 comme substitut de l&#8217;aiguille dans l&#8217;acupuncture selon les r\u00e8gles th\u00e9rapeutiques \u00e9prouv\u00e9es de la MTC (m\u00e9decine traditionnelle chinoise). En tant que laser MTC ou laser d&#8217;acupuncture, il offre des avantages et des effets positifs par rapport \u00e0 l&#8217;utilisation d&#8217;aiguilles.<\/p>\n<p>[\/vc_column_text][\/vc_column_inner][vc_column_inner width=&#8221;1\/3&#8243; css=&#8221;.vc_custom_1530802349135{margin-left: 40px !important;}&#8221;][vc_single_image image=&#8221;34852&#8243; img_size=&#8221;full&#8221; onclick=&#8221;zoom&#8221;][\/vc_column_inner][\/vc_row_inner][vc_empty_space height=&#8221;50px&#8221;][vc_row_inner css=&#8221;.vc_custom_1523533034292{margin-bottom: 0px !important;padding-bottom: 0px !important;}&#8221;][vc_column_inner width=&#8221;1\/4&#8243; css=&#8221;.vc_custom_1523445157664{padding-top: 5px !important;}&#8221;][vc_single_image image=&#8221;32805&#8243; img_size=&#8221;full&#8221; style=&#8221;vc_box_border&#8221; onclick=&#8221;zoom&#8221;][vc_single_image image=&#8221;32373&#8243; img_size=&#8221;full&#8221; style=&#8221;vc_box_border&#8221; onclick=&#8221;zoom&#8221;][\/vc_column_inner][vc_column_inner width=&#8221;3\/4&#8243; css=&#8221;.vc_custom_1530802349135{margin-left: 40px !important;}&#8221;][vc_column_text el_class=&#8221;li-check&#8221;]<\/p>\n<h3>LASERPEN LA-X<\/h3>\n<div id=\"c1300\" class=\"csc-default csc-space-before-20\">\n<div class=\"csc-textpic csc-textpic-intext-left\">\n<div class=\"csc-textpic-text\">\n<p class=\"bodytext\">D\u00e8s 1999, le sp\u00e9cialiste du laser MKW Therapiesysteme a d\u00e9velopp\u00e9 un appareil laser fonctionnant sur batterie, le Laserpen LA-X. Alors qu&#8217;\u00e0 l&#8217;\u00e9poque, les lasers de bas niveau n&#8217;\u00e9taient que rarement utilis\u00e9s en m\u00e9decine v\u00e9t\u00e9rinaire, ils y sont aujourd&#8217;hui presque plus connus et plus r\u00e9pandus qu&#8217;en m\u00e9decine humaine.<\/p>\n<p class=\"bodytext\">Les traitements d&#8217;acupuncture chez les animaux, en particulier, sont plus faciles \u00e0 r\u00e9aliser avec des stylos laser, des lasers \u00e0 points, car le traitement est agr\u00e9able pour l&#8217;animal.<\/p>\n<p class=\"bodytext\">Avec le laser \u00e0 point &#8220;Laserpen LA-X P500&#8221;, apr\u00e8s le lancement r\u00e9ussi du proc\u00e9d\u00e9 d&#8217;application sur le march\u00e9 il y a plus de deux d\u00e9cennies, la r\u00e9f\u00e9rence technique ultime a maintenant \u00e9t\u00e9 cr\u00e9\u00e9e : un laser \u00e0 point pour les plus hautes exigences. De nombreuses fonctions suppl\u00e9mentaires, un grand \u00e9cran couleur, une fonctionnalit\u00e9 am\u00e9lior\u00e9e dans le quotidien th\u00e9rapeutique ainsi qu&#8217;une grande facilit\u00e9 d&#8217;utilisation parlent en faveur de ce laser..<\/p>\n<\/div>\n<\/div>\n<\/div>\n<p>[\/vc_column_text][vc_column_text el_class=&#8221;li-check&#8221;]LE LASERPEN LA-X P500 OFFRE ENTRE AUTRES :<\/p>\n<ul>\n<li style=\"font-weight: 400;\">possibilit\u00e9 de r\u00e9gler la puissance du laser en 10 \u00e9tapes jusqu&#8217;\u00e0 une puissance laser maximale de 500mW<\/li>\n<li style=\"font-weight: 400;\">diff\u00e9rents guides de lumi\u00e8re et lentille grand angle<\/li>\n<li style=\"font-weight: 400;\">programmes de fr\u00e9quence pr\u00e9programm\u00e9s comme par ex. les fr\u00e9quences Nogier, Bahr, Reininger et Solfeggio, les balayages et les bandes FI<\/li>\n<li style=\"font-weight: 400;\">Fr\u00e9quences librement s\u00e9lectionnables et 20 emplacements de m\u00e9moire<\/li>\n<li style=\"font-weight: 400;\">Calculateur temps de th\u00e9rapie \/ dose<\/li>\n<li style=\"font-weight: 400;\">Recherche automatique pour la localisation des points d&#8217;acupuncture<\/li>\n<li style=\"font-weight: 400;\">Manipulation agr\u00e9able, utilisation flexible du laser ponctuel<\/li>\n<li style=\"font-weight: 400;\">Chargeur<\/li>\n<\/ul>\n<p>[\/vc_column_text][vc_empty_space][vc_column_text]<\/p>\n<p style=\"text-align: left;\"><a class=\"button angebot\" title=\"Angebot anfordern\" href=\"\/?page_id=32198\">Demander une offre<\/a><\/p>\n<p>[\/vc_column_text][\/vc_column_inner][\/vc_row_inner][\/vc_column][vc_column][\/vc_column][\/vc_row][vc_row][vc_column][\/vc_column][\/vc_row]<\/p>\n<\/div>","protected":false},"excerpt":{"rendered":"<p>Die neue Generation der Laserdusche. 21 Laserdioden bestrahlen mit h\u00f6chster Laserdichte eine Fl\u00e4che von 55 cm\u00b2. Mit Wechseladapter f\u00fcr schnelles und hygienisches Arbeiten.<\/p>\n","protected":false},"author":110,"featured_media":32566,"parent":32514,"menu_order":11,"comment_status":"closed","ping_status":"closed","template":"","meta":{"footnotes":"","_links_to":"","_links_to_target":""},"class_list":["post-32371","page","type-page","status-publish","has-post-thumbnail","hentry","description-off"],"_links":{"self":[{"href":"https:\/\/www.mkw-laser.de\/fr\/wp-json\/wp\/v2\/pages\/32371","targetHints":{"allow":["GET"]}}],"collection":[{"href":"https:\/\/www.mkw-laser.de\/fr\/wp-json\/wp\/v2\/pages"}],"about":[{"href":"https:\/\/www.mkw-laser.de\/fr\/wp-json\/wp\/v2\/types\/page"}],"author":[{"embeddable":true,"href":"https:\/\/www.mkw-laser.de\/fr\/wp-json\/wp\/v2\/users\/110"}],"replies":[{"embeddable":true,"href":"https:\/\/www.mkw-laser.de\/fr\/wp-json\/wp\/v2\/comments?post=32371"}],"version-history":[{"count":0,"href":"https:\/\/www.mkw-laser.de\/fr\/wp-json\/wp\/v2\/pages\/32371\/revisions"}],"up":[{"embeddable":true,"href":"https:\/\/www.mkw-laser.de\/fr\/wp-json\/wp\/v2\/pages\/32514"}],"wp:featuredmedia":[{"embeddable":true,"href":"https:\/\/www.mkw-laser.de\/fr\/wp-json\/wp\/v2\/media\/32566"}],"wp:attachment":[{"href":"https:\/\/www.mkw-laser.de\/fr\/wp-json\/wp\/v2\/media?parent=32371"}],"curies":[{"name":"wp","href":"https:\/\/api.w.org\/{rel}","templated":true}]}}