{"id":32378,"date":"2023-12-07T12:07:32","date_gmt":"2023-12-07T11:07:32","guid":{"rendered":"https:\/\/www.mkw-laser.de\/?page_id=32378"},"modified":"2023-12-08T15:18:52","modified_gmt":"2023-12-08T14:18:52","slug":"peigne-laser","status":"publish","type":"page","link":"https:\/\/www.mkw-laser.de\/fr\/medecine-humaine\/peigne-laser","title":{"rendered":"Peigne Laser"},"content":{"rendered":"<div class=\"wpb-content-wrapper\"><p>[vc_row][vc_column][vc_empty_space height=&#8221;50px&#8221;][\/vc_column][vc_column][vc_row_inner css=&#8221;.vc_custom_1523533034292{margin-bottom: 0px !important;padding-bottom: 0px !important;}&#8221;][vc_column_inner width=&#8221;3\/4&#8243; css=&#8221;.vc_custom_1523445157664{padding-top: 5px !important;}&#8221;][vc_column_text el_class=&#8221;li-check&#8221;]<\/p>\n<h3>PEIGNE LASER<\/h3>\n<div id=\"c1283\" class=\"csc-default\">\n<div class=\"csc-textpic csc-textpic-intext-right\">\n<div class=\"csc-textpic-text\">\n<p>La lumi\u00e8re laser ne peut d\u00e9ployer son effet stimulant que si elle est \u00e9galement absorb\u00e9e par les cellules de la peau et peut p\u00e9n\u00e9trer en profondeur. Or, les poils et la fourrure refl\u00e8tent la lumi\u00e8re et constituent donc une barri\u00e8re lors d&#8217;un traitement au laser.<\/p>\n<p>Le peigne laser r\u00e9sout ce probl\u00e8me de mani\u00e8re brillante \u00e0 l&#8217;aide de pointes de peigne plac\u00e9es devant. Gr\u00e2ce \u00e0 ces guides de lumi\u00e8re sp\u00e9ciaux, la lumi\u00e8re laser traverse le poil ou la fourrure pratiquement sans perte d&#8217;\u00e9nergie et peut d\u00e9ployer son effet stimulant directement dans la peau. Le traitement au peigne laser est particuli\u00e8rement indispensable pour les animaux au pelage long et \u00e9pais.<\/p>\n<p>D\u00e8s 1991, il \u00e9tait possible d&#8217;acheter le premier peigne laser au monde, d\u00e9velopp\u00e9 par MKW. Le mod\u00e8le de l&#8217;\u00e9poque \u00e9tait initialement destin\u00e9 \u00e0 des applications cosm\u00e9tiques capillaires. Rapidement, les v\u00e9t\u00e9rinaires et les th\u00e9rapeutes animaliers ont reconnu le potentiel d&#8217;utilisation en m\u00e9decine v\u00e9t\u00e9rinaire. Le laser v\u00e9t\u00e9rinaire pour pelage long et dense a \u00e9t\u00e9 continuellement d\u00e9velopp\u00e9 et adapt\u00e9 aux exigences de la m\u00e9decine v\u00e9t\u00e9rinaire. Le d\u00e9veloppement a atteint son point culminant provisoire avec la douche laser PowerTwin 21, une douche laser qui peut \u00eatre transform\u00e9e en peigne laser en quelques secondes. Ainsi, les animaux \u00e0 poil long ou court ou \u00e0 peau lisse peuvent \u00eatre trait\u00e9s avec un seul appareil laser.<\/p>\n<\/div>\n<\/div>\n<\/div>\n<p>[\/vc_column_text][\/vc_column_inner][vc_column_inner width=&#8221;1\/4&#8243;][vc_empty_space height=&#8221;10px&#8221;][vc_single_image image=&#8221;30524&#8243; img_size=&#8221;full&#8221; onclick=&#8221;zoom&#8221;][vc_empty_space height=&#8221;20px&#8221;][vc_single_image image=&#8221;30521&#8243; img_size=&#8221;full&#8221; onclick=&#8221;zoom&#8221;][\/vc_column_inner][\/vc_row_inner][vc_row_inner css=&#8221;.vc_custom_1523533034292{margin-bottom: 0px !important;padding-bottom: 0px !important;}&#8221;][vc_column_inner width=&#8221;1\/2&#8243; css=&#8221;.vc_custom_1523445157664{padding-top: 5px !important;}&#8221;][vc_raw_html]JTNDaWZyYW1lJTIwc3JjJTNEJTIyaHR0cHMlM0ElMkYlMkZwbGF5ZXIudmltZW8uY29tJTJGdmlkZW8lMkY3MDYxMDM5MzglM0ZoJTNEMzY1YjA0ZDU0NyUyMiUyMHdpZHRoJTNEJTIyNjQwJTIyJTIwaGVpZ2h0JTNEJTIyMzYwJTIyJTIwZnJhbWVib3JkZXIlM0QlMjIwJTIyJTIwYWxsb3clM0QlMjJhdXRvcGxheSUzQiUyMGZ1bGxzY3JlZW4lM0IlMjBwaWN0dXJlLWluLXBpY3R1cmUlMjIlMjBhbGxvd2Z1bGxzY3JlZW4lM0UlM0MlMkZpZnJhbWUlM0U=[\/vc_raw_html][\/vc_column_inner][vc_column_inner width=&#8221;1\/2&#8243;][vc_empty_space height=&#8221;26px&#8221;][\/vc_column_inner][\/vc_row_inner][vc_row_inner css=&#8221;.vc_custom_1523533034292{margin-bottom: 0px !important;padding-bottom: 0px !important;}&#8221;][vc_column_inner width=&#8221;1\/4&#8243; css=&#8221;.vc_custom_1523445157664{padding-top: 5px !important;}&#8221;][vc_single_image image=&#8221;3817&#8243; img_size=&#8221;full&#8221; style=&#8221;vc_box_border&#8221; onclick=&#8221;zoom&#8221;][\/vc_column_inner][vc_column_inner width=&#8221;3\/4&#8243; css=&#8221;.vc_custom_1530802349135{margin-left: 40px !important;}&#8221;][vc_column_text el_class=&#8221;li-check&#8221;]<\/p>\n<h3>PEIGNE LASER POUR LE TRAITEMENT DES ANIMAUX<br \/>\n(P. EX. CHATS, CHIENS, CHEVAUX)<\/h3>\n<div id=\"c1300\" class=\"csc-default csc-space-before-20\">\n<div class=\"csc-textpic csc-textpic-intext-left\">\n<div class=\"csc-textpic-text\">\n<p class=\"bodytext\">Aujourd&#8217;hui, dans les cabinets et cliniques v\u00e9t\u00e9rinaires, les th\u00e9rapies laser \u00e0 grande \u00e9chelle sont principalement r\u00e9alis\u00e9es \u00e0 l&#8217;aide de peignes laser. Un traitement avec un peigne laser est aussi simple que de se peigner les cheveux. Le traitement est tr\u00e8s agr\u00e9able pour l&#8217;animal. Pour une acupuncture laser cibl\u00e9e, un laser ponctuel est disponible. Chez MKW, vous pouvez \u00e0 tout moment demander et acheter en ligne des peignes laser pour la pratique de la m\u00e9decine humaine ou v\u00e9t\u00e9rinaire ainsi qu&#8217;avec des \u00e9quipements diff\u00e9rents et individuels. Nous nous ferons un plaisir de vous informer sur nos mod\u00e8les, prix, frais d&#8217;exp\u00e9dition, d\u00e9lais de livraison, etc.<\/p>\n<\/div>\n<\/div>\n<\/div>\n<p>[\/vc_column_text][vc_empty_space][vc_column_text]<\/p>\n<p style=\"text-align: left;\"><a class=\"button angebot\" title=\"Angebot anfordern\" href=\"\/?page_id=32198\">Demander une offre<\/a><\/p>\n<p>[\/vc_column_text][\/vc_column_inner][\/vc_row_inner][\/vc_column][vc_column][\/vc_column][\/vc_row][vc_row][vc_column][\/vc_column][\/vc_row]<\/p>\n<\/div>","protected":false},"excerpt":{"rendered":"<p>Die neue Generation der Laserdusche. 21 Laserdioden bestrahlen mit h\u00f6chster Laserdichte eine Fl\u00e4che von 55 cm\u00b2. Mit Wechseladapter f\u00fcr schnelles und hygienisches Arbeiten.<\/p>\n","protected":false},"author":110,"featured_media":32566,"parent":32514,"menu_order":11,"comment_status":"closed","ping_status":"closed","template":"","meta":{"footnotes":"","_links_to":"","_links_to_target":""},"class_list":["post-32378","page","type-page","status-publish","has-post-thumbnail","hentry","description-off"],"_links":{"self":[{"href":"https:\/\/www.mkw-laser.de\/fr\/wp-json\/wp\/v2\/pages\/32378","targetHints":{"allow":["GET"]}}],"collection":[{"href":"https:\/\/www.mkw-laser.de\/fr\/wp-json\/wp\/v2\/pages"}],"about":[{"href":"https:\/\/www.mkw-laser.de\/fr\/wp-json\/wp\/v2\/types\/page"}],"author":[{"embeddable":true,"href":"https:\/\/www.mkw-laser.de\/fr\/wp-json\/wp\/v2\/users\/110"}],"replies":[{"embeddable":true,"href":"https:\/\/www.mkw-laser.de\/fr\/wp-json\/wp\/v2\/comments?post=32378"}],"version-history":[{"count":0,"href":"https:\/\/www.mkw-laser.de\/fr\/wp-json\/wp\/v2\/pages\/32378\/revisions"}],"up":[{"embeddable":true,"href":"https:\/\/www.mkw-laser.de\/fr\/wp-json\/wp\/v2\/pages\/32514"}],"wp:featuredmedia":[{"embeddable":true,"href":"https:\/\/www.mkw-laser.de\/fr\/wp-json\/wp\/v2\/media\/32566"}],"wp:attachment":[{"href":"https:\/\/www.mkw-laser.de\/fr\/wp-json\/wp\/v2\/media?parent=32378"}],"curies":[{"name":"wp","href":"https:\/\/api.w.org\/{rel}","templated":true}]}}