{"id":32384,"date":"2023-12-07T12:20:13","date_gmt":"2023-12-07T11:20:13","guid":{"rendered":"https:\/\/www.mkw-laser.de\/?page_id=32384"},"modified":"2023-12-08T15:26:14","modified_gmt":"2023-12-08T14:26:14","slug":"douche-laser","status":"publish","type":"page","link":"https:\/\/www.mkw-laser.de\/fr\/medecine-humaine\/douche-laser","title":{"rendered":"Douche laser"},"content":{"rendered":"<div class=\"wpb-content-wrapper\"><p>[vc_row][vc_column][vc_empty_space height=&#8221;50px&#8221;][\/vc_column][vc_column][vc_row_inner css=&#8221;.vc_custom_1523533034292{margin-bottom: 0px !important;padding-bottom: 0px !important;}&#8221;][vc_column_inner width=&#8221;3\/4&#8243; css=&#8221;.vc_custom_1523445157664{padding-top: 5px !important;}&#8221;][vc_column_text el_class=&#8221;li-check&#8221;]<\/p>\n<h2>DOUCHE LASER<\/h2>\n<div id=\"c1283\" class=\"csc-default\">\n<div class=\"csc-textpic csc-textpic-intext-right\">\n<div class=\"csc-textpic-text\">\n<p>LES DOUCHES LASER SONT DES LASERS DE SURFACE POUR LE TRAITEMENT DE GRANDES ZONES DE LA PEAU<\/p>\n<p>Par th\u00e9rapie au laser, on entend l&#8217;utilisation de la lumi\u00e8re laser \u00e0 basse \u00e9nergie \u00e0 des fins th\u00e9rapeutiques. Afin d&#8217;\u00e9viter tout malentendu, notamment une confusion avec les lasers chirurgicaux, on utilise aujourd&#8217;hui le terme de th\u00e9rapie laser de bas niveau (LLLT), \u00e9galement utilis\u00e9 au niveau international.<\/p>\n<p>Une douche laser permet de traiter de grandes surfaces de tissus en gagnant du temps, car elle \u00e9met simultan\u00e9ment plusieurs faisceaux laser et peut ainsi couvrir des zones plus \u00e9tendues.<\/p>\n<p>Le terme &#8220;douche laser&#8221; a \u00e9t\u00e9 cr\u00e9\u00e9 en 1987 par la soci\u00e9t\u00e9 MKW pour son d\u00e9veloppement pionnier d&#8217;un syst\u00e8me laser qui, \u00e0 l&#8217;aide de 9 diodes laser actives simultan\u00e9ment, permettait pour la premi\u00e8re fois de traiter par laser de grandes zones de tissus. Depuis, le terme de douche laser est souvent utilis\u00e9 de mani\u00e8re g\u00e9n\u00e9rale pour d\u00e9signer les appareils laser con\u00e7us pour le traitement de grandes surfaces. On parle \u00e9galement de lasers de surface.<\/p>\n<\/div>\n<\/div>\n<\/div>\n<p>[\/vc_column_text][vc_column_text]<\/p>\n<h3>VID\u00c9O SUR LA DOUCHE LASER MKW POWERTWIN XP5<\/h3>\n<p>[\/vc_column_text][vc_raw_html]JTNDZGl2JTIwc3R5bGUlM0QlMjJwYWRkaW5nJTNBNjAuNDclMjUlMjAwJTIwMCUyMDAlM0Jwb3NpdGlvbiUzQXJlbGF0aXZlJTNCJTIyJTNFJTNDaWZyYW1lJTIwc3JjJTNEJTIyaHR0cHMlM0ElMkYlMkZwbGF5ZXIudmltZW8uY29tJTJGdmlkZW8lMkY4MjYxNzY1MzAlM0ZoJTNEODVjNmIwMDYxNCUyNmFtcCUzQmJhZGdlJTNEMCUyNmFtcCUzQmF1dG9wYXVzZSUzRDAlMjZhbXAlM0JxdWFsaXR5X3NlbGVjdG9yJTNEMSUyNmFtcCUzQnBsYXllcl9pZCUzRDAlMjZhbXAlM0JhcHBfaWQlM0Q1ODQ3OSUyMiUyMGZyYW1lYm9yZGVyJTNEJTIyMCUyMiUyMGFsbG93JTNEJTIyYXV0b3BsYXklM0IlMjBmdWxsc2NyZWVuJTNCJTIwcGljdHVyZS1pbi1waWN0dXJlJTIyJTIwc3R5bGUlM0QlMjJwb3NpdGlvbiUzQWFic29sdXRlJTNCdG9wJTNBMCUzQmxlZnQlM0EwJTNCd2lkdGglM0E3NSUyNSUzQmhlaWdodCUzQTc1JTI1JTNCJTIyJTIwdGl0bGUlM0QlMjJTaG9ydCUyMFByZXNlbnRhdGlvbiUyMiUzRSUzQyUyRmlmcmFtZSUzRSUzQyUyRmRpdiUzRSUzQ3NjcmlwdCUyMHNyYyUzRCUyMmh0dHBzJTNBJTJGJTJGcGxheWVyLnZpbWVvLmNvbSUyRmFwaSUyRnBsYXllci5qcyUyMiUzRSUzQyUyRnNjcmlwdCUzRQ==[\/vc_raw_html][\/vc_column_inner][vc_column_inner width=&#8221;1\/4&#8243; css=&#8221;.vc_custom_1530802349135{margin-left: 40px !important;}&#8221;][vc_single_image image=&#8221;16961&#8243; img_size=&#8221;250&#215;250&#8243; alignment=&#8221;right&#8221; style=&#8221;vc_box_border&#8221; onclick=&#8221;zoom&#8221;][vc_single_image image=&#8221;15187&#8243; img_size=&#8221;250&#215;250&#8243; alignment=&#8221;right&#8221; style=&#8221;vc_box_border&#8221; onclick=&#8221;zoom&#8221;][\/vc_column_inner][\/vc_row_inner][vc_empty_space height=&#8221;50px&#8221;][vc_row_inner css=&#8221;.vc_custom_1523533034292{margin-bottom: 0px !important;padding-bottom: 0px !important;}&#8221;][vc_column_inner width=&#8221;1\/4&#8243; css=&#8221;.vc_custom_1523445157664{padding-top: 5px !important;}&#8221;][vc_single_image image=&#8221;4072&#8243; img_size=&#8221;full&#8221; style=&#8221;vc_box_border&#8221; onclick=&#8221;zoom&#8221;][\/vc_column_inner][vc_column_inner width=&#8221;3\/4&#8243; css=&#8221;.vc_custom_1530802349135{margin-left: 40px !important;}&#8221;][vc_column_text el_class=&#8221;li-check&#8221;]<\/p>\n<div id=\"c1294\" class=\"csc-default\">\n<h3>DOUCHES LASER EN M\u00c9DECINE<\/h3>\n<p>Aujourd&#8217;hui, les lasers \u00e0 large surface sont principalement utilis\u00e9s pour la th\u00e9rapie laser de bas niveau. Gr\u00e2ce aux lasers \u00e0 large surface, la th\u00e9rapie laser peut \u00eatre utilis\u00e9e comme th\u00e9rapie de stimulation directe et locale dans de nombreuses disciplines m\u00e9dicales.<\/p>\n<p>Les param\u00e8tres les plus importants pour la th\u00e9rapie laser de bas niveau \u00e0 large surface sont les suivants:<\/p>\n<ul>\n<li>la longueur d&#8217;onde de la lumi\u00e8re laser \u00e9mise<\/li>\n<li>la puissance laser effective de l&#8217;appareil<\/li>\n<li>le type de lumi\u00e8re laser \u00e9mise (onde continue [cw] ou modul\u00e9e en fr\u00e9quence)<\/li>\n<li>le nombre de diodes laser et leur disposition<\/li>\n<li>la zone de traitement et la densit\u00e9 du laser<\/li>\n<li>la distance entre l&#8217;unit\u00e9 laser et la zone de traitement<\/li>\n<li>la dur\u00e9e du traitement<\/li>\n<\/ul>\n<p>Lorsque ces param\u00e8tres peuvent \u00eatre r\u00e9gl\u00e9s \u00e0 volont\u00e9 dans une douche laser, le th\u00e9rapeute peut travailler avec plus de pr\u00e9cision et d&#8217;efficacit\u00e9.<\/p>\n<\/div>\n<p>[\/vc_column_text][vc_empty_space][vc_column_text el_class=&#8221;li-check&#8221;]<\/p>\n<div id=\"c1294\" class=\"csc-default\">\n<h3>DOUCHES LASER MODERNES<\/h3>\n<p>MKW propose des douches laser ou des <a href=\"\/?page_id=32410\" target=\"_blank\" rel=\"noopener\">lasers de surface<\/a> pour les cabinets de m\u00e9decine humaine ou v\u00e9t\u00e9rinaire avec diff\u00e9rents \u00e9quipements individuels.<\/p>\n<p>L&#8217;entreprise MKW a \u00e9galement ouvert la voie en mati\u00e8re de normes modernes pour les douches laser professionnelles de derni\u00e8re g\u00e9n\u00e9ration. Lors du plus grand salon m\u00e9dical du monde, Medica (D\u00fcsseldorf), elle a pr\u00e9sent\u00e9 en 2009 une autre nouveaut\u00e9 mondiale tr\u00e8s remarqu\u00e9e : la douche laser PowerTwin. Une disposition optimale de 21 diodes laser permet, avec une densit\u00e9 laser maximale, un traitement presque homog\u00e8ne par la lumi\u00e8re laser. Les param\u00e8tres du laser peuvent \u00eatre r\u00e9gl\u00e9s individuellement et sont affich\u00e9s sur l&#8217;\u00e9cran couleur. Un adaptateur interchangeable avec verre filtrant sp\u00e9cial int\u00e9gr\u00e9 prot\u00e8ge les diodes laser et permet un travail rapide, hygi\u00e9nique et s\u00fbr. En outre, cette douche laser peut \u00eatre transform\u00e9e en peigne laser en quelques secondes et sans perte de c\u00e2ble d&#8217;alimentation. Ainsi, m\u00eame les peaux tr\u00e8s poilues ou les animaux \u00e0 fourrure peuvent \u00eatre trait\u00e9s sans probl\u00e8me.<\/p>\n<p>Cette m\u00e9thode de traitement a \u00e9t\u00e9 perfectionn\u00e9e en permanence et trouve son apog\u00e9e provisoire dans la douche laser PowerTwin XP5. Jamais le traitement au laser n&#8217;a \u00e9t\u00e9 aussi simple.<\/p>\n<\/div>\n<p>[\/vc_column_text][vc_empty_space][vc_column_text]<\/p>\n<p style=\"text-align: left;\"><a class=\"button angebot\" title=\"Angebot anfordern\" href=\"\/?page_id=32198\">Demander une offre<\/a><\/p>\n<p>[\/vc_column_text][\/vc_column_inner][\/vc_row_inner][\/vc_column][vc_column][\/vc_column][\/vc_row][vc_row][vc_column][\/vc_column][\/vc_row]<\/p>\n<\/div>","protected":false},"excerpt":{"rendered":"<p>Die neue Generation der Laserdusche. 21 Laserdioden bestrahlen mit h\u00f6chster Laserdichte eine Fl\u00e4che von 55 cm\u00b2. Mit Wechseladapter f\u00fcr schnelles und hygienisches Arbeiten.<\/p>\n","protected":false},"author":110,"featured_media":32566,"parent":32514,"menu_order":11,"comment_status":"closed","ping_status":"closed","template":"","meta":{"footnotes":"","_links_to":"","_links_to_target":""},"class_list":["post-32384","page","type-page","status-publish","has-post-thumbnail","hentry","description-off"],"_links":{"self":[{"href":"https:\/\/www.mkw-laser.de\/fr\/wp-json\/wp\/v2\/pages\/32384","targetHints":{"allow":["GET"]}}],"collection":[{"href":"https:\/\/www.mkw-laser.de\/fr\/wp-json\/wp\/v2\/pages"}],"about":[{"href":"https:\/\/www.mkw-laser.de\/fr\/wp-json\/wp\/v2\/types\/page"}],"author":[{"embeddable":true,"href":"https:\/\/www.mkw-laser.de\/fr\/wp-json\/wp\/v2\/users\/110"}],"replies":[{"embeddable":true,"href":"https:\/\/www.mkw-laser.de\/fr\/wp-json\/wp\/v2\/comments?post=32384"}],"version-history":[{"count":0,"href":"https:\/\/www.mkw-laser.de\/fr\/wp-json\/wp\/v2\/pages\/32384\/revisions"}],"up":[{"embeddable":true,"href":"https:\/\/www.mkw-laser.de\/fr\/wp-json\/wp\/v2\/pages\/32514"}],"wp:featuredmedia":[{"embeddable":true,"href":"https:\/\/www.mkw-laser.de\/fr\/wp-json\/wp\/v2\/media\/32566"}],"wp:attachment":[{"href":"https:\/\/www.mkw-laser.de\/fr\/wp-json\/wp\/v2\/media?parent=32384"}],"curies":[{"name":"wp","href":"https:\/\/api.w.org\/{rel}","templated":true}]}}