{"id":32400,"date":"2023-12-07T13:44:38","date_gmt":"2023-12-07T12:44:38","guid":{"rendered":"https:\/\/www.mkw-laser.de\/?page_id=32400"},"modified":"2024-04-03T11:04:16","modified_gmt":"2024-04-03T09:04:16","slug":"laser-de-therapie","status":"publish","type":"page","link":"https:\/\/www.mkw-laser.de\/fr\/medecine-humaine\/laser-de-therapie","title":{"rendered":"Laser de th\u00e9rapie"},"content":{"rendered":"<div class=\"wpb-content-wrapper\"><p>[vc_row][vc_column][vc_empty_space height=&#8221;50px&#8221;][\/vc_column][vc_column][vc_row_inner css=&#8221;.vc_custom_1523533034292{margin-bottom: 0px !important;padding-bottom: 0px !important;}&#8221;][vc_column_inner width=&#8221;2\/3&#8243; css=&#8221;.vc_custom_1523445157664{padding-top: 5px !important;}&#8221;][vc_column_text el_class=&#8221;li-check&#8221;]<\/p>\n<div id=\"c1676\" class=\"csc-default\">\n<div class=\"csc-textpic csc-textpic-intext-right\">\n<div class=\"csc-textpic-text\">\n<h3>LASER TH\u00c9RAPEUTIQUE<\/h3>\n<p>Contrairement aux lasers durs ou aux lasers puissants utilis\u00e9s \u00e0 des fins chirurgicales, les lasers th\u00e9rapeutiques sont de faible \u00e9nergie ou &#8220;froids&#8221;. Ils sont utilis\u00e9s pour la th\u00e9rapie laser de bas niveau, une forme moderne de phototh\u00e9rapie high-tech.<\/p>\n<p>Les <strong>lasers th\u00e9rapeutiques<\/strong> servent \u00e0 la photobiostimulation, c&#8217;est-\u00e0-dire \u00e0 la stimulation de processus propres au corps. Les synonymes sont les lasers de biostimulation, les <a href=\"\/?page_id=32363\" target=\"_blank\" rel=\"noopener\">lasers doux<\/a>, les lasers \u00e0 lumi\u00e8re froide. Dans la litt\u00e9rature scientifique sp\u00e9cialis\u00e9e, le terme Low Level Laser est le plus courant.<\/p>\n<\/div>\n<\/div>\n<\/div>\n<div id=\"c1677\" class=\"csc-default\">\n<div class=\"csc-textpic csc-textpic-intext-left\">\n<div class=\"csc-textpic-imagewrap\"><\/div>\n<\/div>\n<\/div>\n<p>[\/vc_column_text][\/vc_column_inner][vc_column_inner width=&#8221;1\/3&#8243; css=&#8221;.vc_custom_1530802349135{margin-left: 40px !important;}&#8221;][vc_single_image image=&#8221;32193&#8243; img_size=&#8221;full&#8221; style=&#8221;vc_box_border&#8221; onclick=&#8221;zoom&#8221;][\/vc_column_inner][\/vc_row_inner][vc_empty_space height=&#8221;50px&#8221;][\/vc_column][vc_column][vc_row_inner css=&#8221;.vc_custom_1523533034292{margin-bottom: 0px !important;padding-bottom: 0px !important;}&#8221;][vc_column_inner width=&#8221;1\/4&#8243; css=&#8221;.vc_custom_1523445157664{padding-top: 5px !important;}&#8221;][vc_single_image image=&#8221;32880&#8243; img_size=&#8221;full&#8221; style=&#8221;vc_box_border&#8221; onclick=&#8221;zoom&#8221;][\/vc_column_inner][vc_column_inner width=&#8221;3\/4&#8243; css=&#8221;.vc_custom_1530802349135{margin-left: 40px !important;}&#8221;][vc_column_text el_class=&#8221;li-check&#8221;]<\/p>\n<h3>UTILISATION EN M\u00c9DECINE HUMAINE ET V\u00c9T\u00c9RINAIRE<\/h3>\n<p>Les lasers th\u00e9rapeutiques sont utilis\u00e9s en m\u00e9decine compl\u00e9mentaire en <a href=\"\/?page_id=32514\" target=\"_blank\" rel=\"noopener\">m\u00e9decine humaine<\/a> et <a href=\"\/?page_id=32655\" target=\"_blank\" rel=\"noopener\">v\u00e9t\u00e9rinaire<\/a>. Selon leur forme d&#8217;utilisation, on distingue les lasers ponctuels (petites surfaces, points de d\u00e9clenchement, de douleur et d&#8217;acupuncture, entre autres), les lasers de surface ou les douches laser (grandes surfaces), les peignes laser (en cas de pelage dense ou de zones de peau tr\u00e8s poilues) et les lasers sp\u00e9ciaux \u00e0 fibres optiques interchangeables.<\/p>\n<p>La soci\u00e9t\u00e9 MKW Therapie-Systeme GmbH propose un large portefeuille de lasers pour les domaines d&#8217;application les plus divers et avec un \u00e9quipement diff\u00e9renci\u00e9, adapt\u00e9 au spectre d&#8217;utilisation individuel du th\u00e9rapeute. Les lasers de th\u00e9rapie de la soci\u00e9t\u00e9 MKW sont des produits m\u00e9dicaux et certifi\u00e9s en cons\u00e9quence.<\/p>\n<p>Laissez-nous vous conseiller sur votre nouveau laser th\u00e9rapeutique et profitez de l&#8217;exp\u00e9rience que nous avons acquise depuis 1984 en tant qu&#8217;entreprise sp\u00e9cialis\u00e9e exclusivement dans les lasers th\u00e9rapeutiques.[\/vc_column_text][vc_empty_space][vc_column_text]<\/p>\n<p style=\"text-align: left;\"><a class=\"button angebot\" title=\"Angebot anfordern\" href=\"\/?page_id=32198\">Demander une offre<\/a><\/p>\n<p>[\/vc_column_text][\/vc_column_inner][\/vc_row_inner][\/vc_column][\/vc_row]<\/p>\n<\/div>","protected":false},"excerpt":{"rendered":"<p>Die neue Generation der Laserdusche. 21 Laserdioden bestrahlen mit h\u00f6chster Laserdichte eine Fl\u00e4che von 55 cm\u00b2. Mit Wechseladapter f\u00fcr schnelles und hygienisches Arbeiten.<\/p>\n","protected":false},"author":110,"featured_media":32566,"parent":32514,"menu_order":11,"comment_status":"closed","ping_status":"closed","template":"","meta":{"footnotes":"","_links_to":"","_links_to_target":""},"class_list":["post-32400","page","type-page","status-publish","has-post-thumbnail","hentry","description-off"],"_links":{"self":[{"href":"https:\/\/www.mkw-laser.de\/fr\/wp-json\/wp\/v2\/pages\/32400","targetHints":{"allow":["GET"]}}],"collection":[{"href":"https:\/\/www.mkw-laser.de\/fr\/wp-json\/wp\/v2\/pages"}],"about":[{"href":"https:\/\/www.mkw-laser.de\/fr\/wp-json\/wp\/v2\/types\/page"}],"author":[{"embeddable":true,"href":"https:\/\/www.mkw-laser.de\/fr\/wp-json\/wp\/v2\/users\/110"}],"replies":[{"embeddable":true,"href":"https:\/\/www.mkw-laser.de\/fr\/wp-json\/wp\/v2\/comments?post=32400"}],"version-history":[{"count":0,"href":"https:\/\/www.mkw-laser.de\/fr\/wp-json\/wp\/v2\/pages\/32400\/revisions"}],"up":[{"embeddable":true,"href":"https:\/\/www.mkw-laser.de\/fr\/wp-json\/wp\/v2\/pages\/32514"}],"wp:featuredmedia":[{"embeddable":true,"href":"https:\/\/www.mkw-laser.de\/fr\/wp-json\/wp\/v2\/media\/32566"}],"wp:attachment":[{"href":"https:\/\/www.mkw-laser.de\/fr\/wp-json\/wp\/v2\/media?parent=32400"}],"curies":[{"name":"wp","href":"https:\/\/api.w.org\/{rel}","templated":true}]}}