{"id":32410,"date":"2023-12-07T14:04:21","date_gmt":"2023-12-07T13:04:21","guid":{"rendered":"https:\/\/www.mkw-laser.de\/?page_id=32410"},"modified":"2023-12-13T13:11:57","modified_gmt":"2023-12-13T12:11:57","slug":"laser-de-surface","status":"publish","type":"page","link":"https:\/\/www.mkw-laser.de\/fr\/medecine-humaine\/laser-de-surface","title":{"rendered":"Laser de surface"},"content":{"rendered":"<div class=\"wpb-content-wrapper\"><p>[vc_row][vc_column][vc_empty_space height=&#8221;50px&#8221;][\/vc_column][vc_column][vc_row_inner css=&#8221;.vc_custom_1523533034292{margin-bottom: 0px !important;padding-bottom: 0px !important;}&#8221;][vc_column_inner width=&#8221;2\/3&#8243; css=&#8221;.vc_custom_1523445157664{padding-top: 5px !important;}&#8221;][vc_column_text el_class=&#8221;li-check&#8221;]<\/p>\n<div id=\"c1676\" class=\"csc-default\">\n<div class=\"csc-textpic csc-textpic-intext-right\">\n<div class=\"csc-textpic-text\">\n<h3>LASER DE SURFACE<\/h3>\n<p class=\"bodytext\">Les lasers de surface ou les douches laser sont utilis\u00e9s lorsqu&#8217;une th\u00e9rapie laser sur une grande surface est n\u00e9cessaire. Les douches laser MKW ont \u00e9t\u00e9 sp\u00e9cialement con\u00e7ues pour les applications sur de grandes surfaces :<\/p>\n<p>&nbsp;<\/p>\n<ul>\n<li>La nouvelle <a href=\"\/?page_id=32846\">douche laser PowerTwin XP5<\/a> offre tout ce qui est n\u00e9cessaire pour une th\u00e9rapie laser moderne. Haute densit\u00e9 de laser, adaptateurs interchangeables, programmes pr\u00e9install\u00e9s,<br \/>\ngrand \u00e9cran quadrichrome et, last but not least, une interface Bluetooth pour la communication sans fil avec le logiciel de traitement &#8220;MKW LASER PRAXIS&#8221;.<\/li>\n<li>La <a href=\"\/?page_id=32780\">douche laser PowerTwin 21<\/a> irradie une surface de 55 cm\u00b2 avec 21 diodes laser. Avec adaptateur interchangeable pour un travail rapide et hygi\u00e9nique.<\/li>\n<\/ul>\n<p>&nbsp;<\/p>\n<p class=\"bodytext\">Le <strong>laser de surface<\/strong> est utilis\u00e9 en m\u00e9decine compl\u00e9mentaire pour les blessures, les inflammations, les maladies de la peau, les modifications d\u00e9g\u00e9n\u00e9ratives de l&#8217;appareil locomoteur et les \u00e9tats douloureux. Il est pr\u00e9f\u00e9rable d&#8217;utiliser un laser de surface en contact direct avec la peau.<\/p>\n<\/div>\n<\/div>\n<\/div>\n<div id=\"c1677\" class=\"csc-default\">\n<div class=\"csc-textpic csc-textpic-intext-left\">\n<div class=\"csc-textpic-imagewrap\"><\/div>\n<\/div>\n<\/div>\n<p>[\/vc_column_text][\/vc_column_inner][vc_column_inner width=&#8221;1\/3&#8243; css=&#8221;.vc_custom_1530802349135{margin-left: 40px !important;}&#8221;][vc_single_image image=&#8221;16961&#8243; img_size=&#8221;medium&#8221; style=&#8221;vc_box_border&#8221; onclick=&#8221;zoom&#8221;][vc_single_image image=&#8221;15187&#8243; img_size=&#8221;medium&#8221; style=&#8221;vc_box_border&#8221; onclick=&#8221;zoom&#8221;][\/vc_column_inner][\/vc_row_inner][vc_empty_space height=&#8221;50px&#8221;][\/vc_column][vc_column][vc_row_inner css=&#8221;.vc_custom_1523533034292{margin-bottom: 0px !important;padding-bottom: 0px !important;}&#8221;][vc_column_inner width=&#8221;1\/4&#8243; css=&#8221;.vc_custom_1523445157664{padding-top: 5px !important;}&#8221;][vc_single_image image=&#8221;4072&#8243; img_size=&#8221;full&#8221; style=&#8221;vc_box_border&#8221; onclick=&#8221;zoom&#8221;][\/vc_column_inner][vc_column_inner width=&#8221;3\/4&#8243; css=&#8221;.vc_custom_1530802349135{margin-left: 40px !important;}&#8221;][vc_column_text el_class=&#8221;li-check&#8221;]<\/p>\n<h3>LASERS PLANS MODERNES<\/h3>\n<p class=\"bodytext\">Tous les lasers de surface MKW sont des appareils compacts l\u00e9gers et portables qui peuvent \u00eatre utilis\u00e9s de mani\u00e8re simple et flexible sur toutes les parties du corps, pratiquement sans perte d&#8217;\u00e9nergie. En outre, les douches laser MKW peuvent \u00e9galement \u00eatre fix\u00e9es \u00e0 l&#8217;aide d&#8217;un tr\u00e9pied.<\/p>\n<p class=\"bodytext\">Les lasers de surface MKW pr\u00e9f\u00e9r\u00e9s en m\u00e9decine v\u00e9t\u00e9rinaire disposent de pointes de peigne rapport\u00e9es avec des guides de lumi\u00e8re (<a href=\"\/?page_id=32378\" target=\"_blank\" rel=\"noopener\">peigne laser<\/a>) qui minimisent la perte de rayonnement (r\u00e9flexion et absorption) due aux poils et \u00e0 la fourrure dense.<\/p>\n<ul>\n<li>Vous pouvez commander un laser de surface moderne en diff\u00e9rentes tailles et avec diff\u00e9rents \u00e9quipements adapt\u00e9s \u00e0 votre domaine d&#8217;application directement chez MKW. Laissez-nous vous conseiller si vous \u00eates \u00e0 la recherche d&#8217;un laser de surface ou d&#8217;une <a href=\"\/?page_id=32384\" target=\"_blank\" rel=\"noopener\">douche laser<\/a> optimal(e) pour une application en m\u00e9decine humaine ou v\u00e9t\u00e9rinaire et profitez de notre exp\u00e9rience de pr\u00e8s de 30 ans :<\/li>\n<\/ul>\n<p>[\/vc_column_text][vc_empty_space][vc_column_text]<\/p>\n<p style=\"text-align: left;\"><a class=\"button angebot\" title=\"Angebot anfordern\" href=\"\/?page_id=32198\">Demander une offre<\/a><\/p>\n<p>[\/vc_column_text][\/vc_column_inner][\/vc_row_inner][\/vc_column][\/vc_row]<\/p>\n<\/div>","protected":false},"excerpt":{"rendered":"<p>Die neue Generation der Laserdusche. 21 Laserdioden bestrahlen mit h\u00f6chster Laserdichte eine Fl\u00e4che von 55 cm\u00b2. Mit Wechseladapter f\u00fcr schnelles und hygienisches Arbeiten.<\/p>\n","protected":false},"author":110,"featured_media":32566,"parent":32514,"menu_order":11,"comment_status":"closed","ping_status":"closed","template":"","meta":{"footnotes":"","_links_to":"","_links_to_target":""},"class_list":["post-32410","page","type-page","status-publish","has-post-thumbnail","hentry","description-off"],"_links":{"self":[{"href":"https:\/\/www.mkw-laser.de\/fr\/wp-json\/wp\/v2\/pages\/32410","targetHints":{"allow":["GET"]}}],"collection":[{"href":"https:\/\/www.mkw-laser.de\/fr\/wp-json\/wp\/v2\/pages"}],"about":[{"href":"https:\/\/www.mkw-laser.de\/fr\/wp-json\/wp\/v2\/types\/page"}],"author":[{"embeddable":true,"href":"https:\/\/www.mkw-laser.de\/fr\/wp-json\/wp\/v2\/users\/110"}],"replies":[{"embeddable":true,"href":"https:\/\/www.mkw-laser.de\/fr\/wp-json\/wp\/v2\/comments?post=32410"}],"version-history":[{"count":0,"href":"https:\/\/www.mkw-laser.de\/fr\/wp-json\/wp\/v2\/pages\/32410\/revisions"}],"up":[{"embeddable":true,"href":"https:\/\/www.mkw-laser.de\/fr\/wp-json\/wp\/v2\/pages\/32514"}],"wp:featuredmedia":[{"embeddable":true,"href":"https:\/\/www.mkw-laser.de\/fr\/wp-json\/wp\/v2\/media\/32566"}],"wp:attachment":[{"href":"https:\/\/www.mkw-laser.de\/fr\/wp-json\/wp\/v2\/media?parent=32410"}],"curies":[{"name":"wp","href":"https:\/\/api.w.org\/{rel}","templated":true}]}}