{"id":32416,"date":"2023-12-07T14:22:30","date_gmt":"2023-12-07T13:22:30","guid":{"rendered":"https:\/\/www.mkw-laser.de\/?page_id=32416"},"modified":"2024-04-03T11:23:17","modified_gmt":"2024-04-03T09:23:17","slug":"acupuncture-laser","status":"publish","type":"page","link":"https:\/\/www.mkw-laser.de\/fr\/medecine-humaine\/acupuncture-laser","title":{"rendered":"Acupuncture Laser"},"content":{"rendered":"<div class=\"wpb-content-wrapper\"><p>[vc_row][vc_column][vc_empty_space height=&#8221;50px&#8221;][\/vc_column][vc_column][vc_row_inner css=&#8221;.vc_custom_1523533034292{margin-bottom: 0px !important;padding-bottom: 0px !important;}&#8221;][vc_column_inner width=&#8221;2\/3&#8243; css=&#8221;.vc_custom_1523445157664{padding-top: 5px !important;}&#8221;][vc_column_text el_class=&#8221;li-check&#8221;]<\/p>\n<div id=\"c1676\" class=\"csc-default\">\n<div class=\"csc-textpic csc-textpic-intext-right\">\n<div class=\"csc-textpic-text\">\n<h3>ACUPUNCTURE LASER<\/h3>\n<p><strong>ACUPUNCTURE HIGH-TECH<\/strong><\/p>\n<p>La m\u00e9thode de gu\u00e9rison \u00e9prouv\u00e9e de l&#8217;acupuncture et les d\u00e9veloppements les plus modernes de la photom\u00e9decine se combinent dans l&#8217;acupuncture au laser pour former une forme de th\u00e9rapie qui a \u00e9tabli une nouvelle r\u00e9f\u00e9rence pionni\u00e8re dans la m\u00e9decine occidentale et extr\u00eame-orientale.<\/p>\n<p>Le laser MTC remplace les aiguilles d&#8217;acupuncture par des rayons laser \u00e0 basse \u00e9nergie ! Le principe de la m\u00e9decine traditionnelle chinoise et donc les points d&#8217;acupuncture restent les m\u00eames. La stimulation \u00e0 l&#8217;aide de rayons laser constitue toutefois une m\u00e9thode de traitement unique, car les modes d&#8217;action de l&#8217;acupuncture et de la photobiomodulation \u00e0 l&#8217;aide de lumi\u00e8re laser froide se combinent tr\u00e8s bien.<\/p>\n<p>L&#8217;acupuncture au laser au moyen de stylos laser &#8211; \u00e9galement appel\u00e9s lasers ponctuels &#8211; est utilis\u00e9e depuis de nombreuses ann\u00e9es dans la th\u00e9rapie au laser \u00e0 basse \u00e9nergie (th\u00e9rapie au laser de bas niveau ou LLLT) pour stimuler les points d&#8217;acupuncture. Une stimulation par la lumi\u00e8re laser entra\u00eene des r\u00e9actions physiologiques correspondantes comme dans les m\u00e9thodes de stimulation courantes de l&#8217;acupuncture \u00e0 l&#8217;aiguille, de l&#8217;\u00e9lectroacupuncture, de l&#8217;acupuncture magn\u00e9tique et de l&#8217;acupressure.<\/p>\n<\/div>\n<\/div>\n<\/div>\n<p>[\/vc_column_text][vc_column_text el_class=&#8221;li-check&#8221;]<\/p>\n<div id=\"c1676\" class=\"csc-default\">\n<div class=\"csc-textpic csc-textpic-intext-right\">\n<div class=\"csc-textpic-text\">\n<p><strong>AVANTAGES DE L&#8217;ACUPUNCTURE LASER<\/strong><\/p>\n<ul>\n<li>Proc\u00e9dure sans stimulation par piq\u00fbre<br \/>\nLa stimulation des points d&#8217;acupuncture \u00e0 l&#8217;aide d&#8217;aiguilles est g\u00eanante pour de nombreux patients. L&#8217;acupuncture au laser est notamment utilis\u00e9e de pr\u00e9f\u00e9rence chez les enfants, les patients anxieux ou encore les animaux.<\/li>\n<\/ul>\n<ul>\n<li>Il permet des acupunctures sp\u00e9ciales, impossibles \u00e0 r\u00e9aliser avec des aiguilles<br \/>\nLe laser d&#8217;acupuncture permet de r\u00e9aliser des traitements par acupuncture qui ne peuvent pas \u00eatre effectu\u00e9s avec des aiguilles ou qui ne peuvent l&#8217;\u00eatre que par une m\u00e9thode douloureuse pour le patient.<\/li>\n<\/ul>\n<ul>\n<li>Flexibilit\u00e9 des horaires de traitement<br \/>\nLes dur\u00e9es de traitement sont variables et adapt\u00e9es aux circonstances individuelles. Ils peuvent sans autre \u00eatre nettement raccourcis.<\/li>\n<\/ul>\n<ul>\n<li>Diagnostic pr\u00e9cis &#8211; en particulier pour l&#8217;acupuncture de l&#8217;oreille<br \/>\nLe test des points \u00e0 l&#8217;aide du laser d&#8217;acupuncture est pr\u00e9cis, clair et sans probl\u00e8me. Les points particuli\u00e8rement importants pour la th\u00e9rapie sur le pavillon de l&#8217;oreille peuvent \u00eatre imm\u00e9diatement localis\u00e9s.<\/li>\n<\/ul>\n<ul>\n<li>Laser th\u00e9rapeutique avec r\u00e9sonances<br \/>\nPour la th\u00e9rapie par r\u00e9sonance, un rythme (fr\u00e9quence ) est impos\u00e9 au rayonnement laser. La base de la th\u00e9rapie par r\u00e9sonance est l&#8217;hypoth\u00e8se selon laquelle les ph\u00e9nom\u00e8nes de r\u00e9sonance augmentent l&#8217;absorption des photons et renforcent encore les effets photobiostimulants de la th\u00e9rapie au laser de bas niveau. Pour cette forme de th\u00e9rapie, on utilise g\u00e9n\u00e9ralement le terme de th\u00e9rapie laser \u00e0 modulation de fr\u00e9quence. Les s\u00e9ries de fr\u00e9quences connues sont : Fr\u00e9quences Nogier, Bahr, Reininger.<\/li>\n<\/ul>\n<ul>\n<li>Acupuncture de l&#8217;oreille<br \/>\nD\u00e8s le d\u00e9but, le laser de bas niveau a non seulement accompagn\u00e9 la naissance de l&#8217;acupuncture auriculaire moderne, mais il en a \u00e9galement \u00e9t\u00e9 en partie \u00e0 l&#8217;origine. Paul Nogier, le fondateur de l'&#8221;auriculom\u00e9decine&#8221; occidentale (th\u00e9rapie du pavillon de l&#8217;oreille), utilisait d\u00e9j\u00e0 des stylos laser il y a plus de 40 ans. Parall\u00e8lement au d\u00e9veloppement de lasers ponctuels de plus en plus modernes, il a \u00e9galement pu pr\u00e9ciser de plus en plus ses constatations diagnostiques et th\u00e9rapeutiques.<\/li>\n<\/ul>\n<ul>\n<li>L&#8217;acupuncture au laser en combinaison avec d&#8217;autres m\u00e9thodes de m\u00e9decine compl\u00e9mentaire<br \/>\nLes effets de la <a href=\"\/?page_id=32366\" target=\"_blank\" rel=\"noopener\">th\u00e9rapie laser de bas niveau<\/a> se combinent bien avec les effets d&#8217;autres approches de la m\u00e9decine de r\u00e9gulation.<\/li>\n<\/ul>\n<\/div>\n<\/div>\n<\/div>\n<p>[\/vc_column_text][\/vc_column_inner][vc_column_inner width=&#8221;1\/3&#8243; css=&#8221;.vc_custom_1530802349135{margin-left: 40px !important;}&#8221;][vc_single_image image=&#8221;34852&#8243; img_size=&#8221;full&#8221; style=&#8221;vc_box_border&#8221; onclick=&#8221;zoom&#8221;][\/vc_column_inner][\/vc_row_inner][vc_empty_space height=&#8221;50px&#8221;][\/vc_column][vc_column][vc_row_inner css=&#8221;.vc_custom_1523533034292{margin-bottom: 0px !important;padding-bottom: 0px !important;}&#8221;][vc_column_inner width=&#8221;1\/4&#8243; css=&#8221;.vc_custom_1523445157664{padding-top: 5px !important;}&#8221;][vc_single_image image=&#8221;32805&#8243; img_size=&#8221;full&#8221; style=&#8221;vc_box_border&#8221; onclick=&#8221;zoom&#8221;][vc_single_image image=&#8221;34721&#8243; img_size=&#8221;full&#8221; style=&#8221;vc_box_border&#8221; onclick=&#8221;zoom&#8221;][\/vc_column_inner][vc_column_inner width=&#8221;3\/4&#8243; css=&#8221;.vc_custom_1530802349135{margin-left: 40px !important;}&#8221;][vc_column_text el_class=&#8221;li-check&#8221;]<\/p>\n<h5>ACUPUNCTURE LASER MODERNE DE HAUTE TECHNOLOGIE DE MKW-LASER<\/h5>\n<p class=\"bodytext\">Les lasers d&#8217;acupuncture MKW nouvellement d\u00e9velopp\u00e9s disposent d&#8217;un large \u00e9ventail de fonctions flexibles. La puissance du laser peut \u00eatre r\u00e9gl\u00e9e librement et des programmes de fr\u00e9quences &#8211; comme les fr\u00e9quences Nogier, Bahr et Reininger &#8211; sont pr\u00e9programm\u00e9s. Il est en outre possible d&#8217;installer d&#8217;autres fr\u00e9quences de r\u00e9sonance sp\u00e9ciales. Gr\u00e2ce \u00e0 un syst\u00e8me de recherche de points int\u00e9gr\u00e9, les points d&#8217;acupuncture peuvent \u00eatre localis\u00e9s facilement et en toute s\u00e9curit\u00e9.<\/p>\n<p class=\"bodytext\">L&#8217;entreprise MKW Therapiesysteme GmbH est sp\u00e9cialis\u00e9e depuis 1984 dans les syst\u00e8mes laser \u00e0 basse \u00e9nergie (lasers de bas niveau) et fabrique aussi bien des stylos laser (lasers ponctuels) pour l&#8217;acupuncture au laser et la stimulation de points douloureux et de points de d\u00e9clenchement ou de petites zones que des <a href=\"\/?page_id=32384\" target=\"_blank\" rel=\"noopener\">douches laser<\/a> (lasers de surface) pour le traitement de grandes zones.<\/p>\n<p>La soci\u00e9t\u00e9 MKW Therapiesysteme a d\u00e9pos\u00e9 un brevet pour le laser d&#8217;acupuncture LA-X avec syst\u00e8me de recherche de points int\u00e9gr\u00e9 et automatisme laser d\u00e8s 1999. Apr\u00e8s le lancement r\u00e9ussi du proc\u00e9d\u00e9 sur le march\u00e9 il y a plus d&#8217;une d\u00e9cennie, le stylo laser LA-X P200 a suivi en 2011, incarnant le dernier d\u00e9veloppement des lasers d&#8217;acupuncture high-tech de la soci\u00e9t\u00e9 MKW.<\/p>\n<p>MKW d\u00e9veloppe et produit des <a href=\"\/?page_id=32348\" target=\"_blank\" rel=\"noopener\">lasers d&#8217;acupuncture<\/a> pour l&#8217;acupuncture laser en m\u00e9decine humaine et v\u00e9t\u00e9rinaire avec des variantes d&#8217;\u00e9quipement diff\u00e9rentes et individuelles. Vous \u00eates int\u00e9ress\u00e9 par des appareils d&#8217;acupuncture laser modernes destin\u00e9s \u00e0 une utilisation th\u00e9rapeutique dans le cadre de la m\u00e9decine alternative ? N&#8217;h\u00e9sitez pas \u00e0 nous contacter. Nous nous ferons un plaisir de vous conseiller en d\u00e9tail et sans engagement sur les possibilit\u00e9s de la th\u00e9rapie laser de bas niveau avec les appareils laser innovants de MKW.[\/vc_column_text][vc_empty_space][vc_column_text]<\/p>\n<p style=\"text-align: left;\"><a class=\"button angebot\" title=\"Angebot anfordern\" href=\"\/?page_id=32198\">Demander une offre<\/a><\/p>\n<p>[\/vc_column_text][\/vc_column_inner][\/vc_row_inner][\/vc_column][\/vc_row][vc_row][vc_column][\/vc_column][\/vc_row]<\/p>\n<\/div>","protected":false},"excerpt":{"rendered":"<p>Die neue Generation der Laserdusche. 21 Laserdioden bestrahlen mit h\u00f6chster Laserdichte eine Fl\u00e4che von 55 cm\u00b2. Mit Wechseladapter f\u00fcr schnelles und hygienisches Arbeiten.<\/p>\n","protected":false},"author":110,"featured_media":32295,"parent":32514,"menu_order":11,"comment_status":"closed","ping_status":"closed","template":"","meta":{"footnotes":"","_links_to":"","_links_to_target":""},"class_list":["post-32416","page","type-page","status-publish","has-post-thumbnail","hentry","description-off"],"_links":{"self":[{"href":"https:\/\/www.mkw-laser.de\/fr\/wp-json\/wp\/v2\/pages\/32416","targetHints":{"allow":["GET"]}}],"collection":[{"href":"https:\/\/www.mkw-laser.de\/fr\/wp-json\/wp\/v2\/pages"}],"about":[{"href":"https:\/\/www.mkw-laser.de\/fr\/wp-json\/wp\/v2\/types\/page"}],"author":[{"embeddable":true,"href":"https:\/\/www.mkw-laser.de\/fr\/wp-json\/wp\/v2\/users\/110"}],"replies":[{"embeddable":true,"href":"https:\/\/www.mkw-laser.de\/fr\/wp-json\/wp\/v2\/comments?post=32416"}],"version-history":[{"count":0,"href":"https:\/\/www.mkw-laser.de\/fr\/wp-json\/wp\/v2\/pages\/32416\/revisions"}],"up":[{"embeddable":true,"href":"https:\/\/www.mkw-laser.de\/fr\/wp-json\/wp\/v2\/pages\/32514"}],"wp:featuredmedia":[{"embeddable":true,"href":"https:\/\/www.mkw-laser.de\/fr\/wp-json\/wp\/v2\/media\/32295"}],"wp:attachment":[{"href":"https:\/\/www.mkw-laser.de\/fr\/wp-json\/wp\/v2\/media?parent=32416"}],"curies":[{"name":"wp","href":"https:\/\/api.w.org\/{rel}","templated":true}]}}