{"id":32422,"date":"2023-12-07T14:51:12","date_gmt":"2023-12-07T13:51:12","guid":{"rendered":"https:\/\/www.mkw-laser.de\/?page_id=32422"},"modified":"2023-12-08T15:04:24","modified_gmt":"2023-12-08T14:04:24","slug":"therapie-de-champ-laser","status":"publish","type":"page","link":"https:\/\/www.mkw-laser.de\/fr\/therapie-de-champ-laser","title":{"rendered":"Th\u00e9rapie de champ laser"},"content":{"rendered":"<div class=\"wpb-content-wrapper\"><p>[vc_row][vc_column][vc_empty_space height=&#8221;50px&#8221;][\/vc_column][vc_column][vc_row_inner css=&#8221;.vc_custom_1523533034292{margin-bottom: 0px !important;padding-bottom: 0px !important;}&#8221;][vc_column_inner width=&#8221;2\/3&#8243; css=&#8221;.vc_custom_1523445157664{padding-top: 5px !important;}&#8221;][vc_column_text el_class=&#8221;li-check&#8221;]<\/p>\n<div id=\"c1676\" class=\"csc-default\">\n<div class=\"csc-textpic csc-textpic-intext-right\">\n<div class=\"csc-textpic-text\">\n<div class=\"csc-header csc-header-n1\">\n<h3 class=\"csc-firstHeader\">TH\u00c9RAPIE DE FR\u00c9QUENCE LASER \/ TH\u00c9RAPIE DE CHAMP LASER<\/h3>\n<\/div>\n<div class=\"csc-textpic csc-textpic-intext-right\">\n<div class=\"csc-textpic-imagewrap\"><\/div>\n<\/div>\n<p>&nbsp;<\/p>\n<p class=\"p1\"><b>Qu&#8217;est-ce que la th\u00e9rapie de fr\u00e9quence laser ?<\/b><\/p>\n<p class=\"p1\">Depuis que les lasers th\u00e9rapeutiques existent, ils sont \u00e9galement utilis\u00e9s pour transmettre des fr\u00e9quences de r\u00e9sonance. Pendant de nombreuses d\u00e9cennies, cette approche s&#8217;est limit\u00e9e \u00e0 l&#8217;auriculoth\u00e9rapie ponctuelle avec quelques fr\u00e9quences (p. ex. &#8220;fr\u00e9quences Nogier&#8221;). Aujourd&#8217;hui, les fr\u00e9quences laser sont utilis\u00e9es de mani\u00e8re universelle :<\/p>\n<ul>\n<li class=\"p1\">Les fr\u00e9quences laser sont transmises en surface et directement sur le corps (th\u00e9rapie laser assist\u00e9e par fr\u00e9quence) ainsi que de mani\u00e8re ponctuelle (acupuncture et auriculoth\u00e9rapie assist\u00e9es par fr\u00e9quence, etc.<\/li>\n<\/ul>\n<ul>\n<li>Les lasers \u00e0 modulation de fr\u00e9quence permettent une utilisation polyvalente de fr\u00e9quences anciennes et nouvelles d&#8217;origines et de contextes tr\u00e8s divers.<\/li>\n<\/ul>\n<p>Une transmission de fr\u00e9quence est obtenue par pulsation de la lumi\u00e8re laser<\/p>\n<\/div>\n<p>Par exemple, 10 Hz = 10 impulsions laser \/ seconde.<\/p>\n<p>Pour que les cellules de la peau puissent percevoir cette impulsion, il faut bien s\u00fbr s&#8217;assurer que la lumi\u00e8re laser atteigne les cellules de la peau avec une densit\u00e9 laser suffisante (condition de base d&#8217;une th\u00e9rapie au laser).<\/p>\n<p>&nbsp;<\/p>\n<div class=\"csc-textpic-text\">\n<p class=\"p1\"><strong>Th\u00e9rapie de fr\u00e9quence au laser &#8211; l&#8217;original<\/strong><\/p>\n<p class=\"p1\">La science et la m\u00e9decine compl\u00e9mentaire connaissent toutes deux des fr\u00e9quences th\u00e9rapeutiques efficaces. Aujourd&#8217;hui, on peut trouver sur Internet des listes de fr\u00e9quences avec des milliers d&#8217;entr\u00e9es.<\/p>\n<p class=\"p1\">Le COLLL (College f\u00fcr Photomedizin <a href=\"http:\/\/www.colll.org\"><span class=\"s1\">www.colll.org<\/span><\/a>) \u00e9tudie depuis plus de 20 ans l&#8217;effet des fr\u00e9quences avec le moyen de transmission de la lumi\u00e8re laser, est leader mondial dans ce domaine et a publi\u00e9 plusieurs ouvrages sp\u00e9cialis\u00e9s \u00e0 ce sujet.<\/p>\n<p class=\"p1\">Sa th\u00e9rapie de fr\u00e9quence par laser utilise des fr\u00e9quences universelles et sp\u00e9cifiques \u00e9prouv\u00e9es. Leurs profils d&#8217;action, leur origine et leur contexte sont document\u00e9s de mani\u00e8re transparente, de sorte que chaque th\u00e9rapeute de fr\u00e9quence devient autonome.<\/p>\n<p class=\"p1\">La th\u00e9rapie par fr\u00e9quence laser, tr\u00e8s efficace, est appr\u00e9ci\u00e9e depuis de nombreuses ann\u00e9es par les utilisateurs. Dans des milliers de cabinets de m\u00e9decine humaine et v\u00e9t\u00e9rinaire, cette m\u00e9thode de traitement est utilis\u00e9e avec grand succ\u00e8s.<\/p>\n<ul>\n<li class=\"p1\">La lumi\u00e8re laser est la forme id\u00e9ale de m\u00e9diation de la r\u00e9sonance.<\/li>\n<\/ul>\n<ul>\n<li class=\"p1\">Les profils d&#8217;action des principales fr\u00e9quences de r\u00e9sonance universelles, naturelles et sp\u00e9cifiques sont d\u00e9crits en d\u00e9tail.<\/li>\n<\/ul>\n<ul>\n<li class=\"p1\">Allgemeine und spezDes programmes g\u00e9n\u00e9raux et sp\u00e9cifiques du COLLL facilitent l&#8217;entr\u00e9e du th\u00e9rapeute dans le domaine fascinant de la th\u00e9rapie fr\u00e9quentielle.<\/li>\n<\/ul>\n<p class=\"p1\">Le COLLL propose r\u00e9guli\u00e8rement des cours et des formations en ligne sur la th\u00e9rapie fr\u00e9quentielle au laser.<\/p>\n<p>&nbsp;<\/p>\n<\/div>\n<p class=\"p1\"><b>Ce qui est essentiel<span class=\"Apple-converted-space\">\u00a0<\/span><\/b><\/p>\n<p class=\"p1\">Les fr\u00e9quences ne se d\u00e9placent pas dans le vide. Elles ont besoin d&#8217;un milieu porteur &#8211; dans notre cas, la lumi\u00e8re laser.<\/p>\n<p>Pour qu&#8217;une fr\u00e9quence puisse agir, elle doit parvenir \u00e0 l&#8217;endroit o\u00f9 elle doit produire une r\u00e9sonance. Les structures corporelles situ\u00e9es plus profond\u00e9ment dans le corps en font \u00e9galement partie. La condition de base pour une th\u00e9rapie au laser efficace est que la lumi\u00e8re laser soit absorb\u00e9e par les cellules de la peau. Moins il y a de couches interm\u00e9diaires (graisse, salet\u00e9, poils, fourrure, etc.) et plus le contact direct avec la peau est important, mieux c&#8217;est.<\/p>\n<p>En m\u00e9decine v\u00e9t\u00e9rinaire, on \u00e9vite les pertes de lumi\u00e8re \u00e0 l&#8217;aide d&#8217;un peigne laser. Ce n&#8217;est qu&#8217;ainsi qu&#8217;une th\u00e9rapie de fr\u00e9quence optimale est \u00e9galement garantie.<\/p>\n<\/div>\n<\/div>\n<p>[\/vc_column_text][\/vc_column_inner][vc_column_inner width=&#8221;1\/3&#8243; css=&#8221;.vc_custom_1530802349135{margin-left: 40px !important;}&#8221;][vc_empty_space height=&#8221;10px&#8221;][vc_single_image image=&#8221;21715&#8243; img_size=&#8221;full&#8221; style=&#8221;vc_box_border&#8221; onclick=&#8221;zoom&#8221;][vc_empty_space height=&#8221;15px&#8221;][vc_raw_html]JTNDZGl2JTIwc3R5bGUlM0QlMjJwYWRkaW5nJTNBNTMuMjMlMjUlMjAwJTIwMCUyMDAlM0Jwb3NpdGlvbiUzQXJlbGF0aXZlJTNCJTIyJTNFJTNDaWZyYW1lJTIwc3JjJTNEJTIyaHR0cHMlM0ElMkYlMkZwbGF5ZXIudmltZW8uY29tJTJGdmlkZW8lMkY4MjYxNzY0MDklM0ZoJTNEOTExY2Q5NmYzMCUyNmFtcCUzQmJhZGdlJTNEMCUyNmFtcCUzQmF1dG9wYXVzZSUzRDAlMjZhbXAlM0JxdWFsaXR5X3NlbGVjdG9yJTNEMSUyNmFtcCUzQnBsYXllcl9pZCUzRDAlMjZhbXAlM0JhcHBfaWQlM0Q1ODQ3OSUyMiUyMGZyYW1lYm9yZGVyJTNEJTIyMCUyMiUyMGFsbG93JTNEJTIyYXV0b3BsYXklM0IlMjBmdWxsc2NyZWVuJTNCJTIwcGljdHVyZS1pbi1waWN0dXJlJTIyJTIwc3R5bGUlM0QlMjJwb3NpdGlvbiUzQWFic29sdXRlJTNCdG9wJTNBMCUzQmxlZnQlM0EwJTNCd2lkdGglM0ExMDAlMjUlM0JoZWlnaHQlM0ExMDAlMjUlM0IlMjIlMjB0aXRsZSUzRCUyMkxhc2VyJTIwZnJlcXVlbmN5JTIwdGhlcmFweSUyMiUzRSUzQyUyRmlmcmFtZSUzRSUzQyUyRmRpdiUzRSUzQ3NjcmlwdCUyMHNyYyUzRCUyMmh0dHBzJTNBJTJGJTJGcGxheWVyLnZpbWVvLmNvbSUyRmFwaSUyRnBsYXllci5qcyUyMiUzRSUzQyUyRnNjcmlwdCUzRQ==[\/vc_raw_html][vc_empty_space height=&#8221;15px&#8221;][vc_single_image image=&#8221;16961&#8243; img_size=&#8221;full&#8221; style=&#8221;vc_box_border&#8221; onclick=&#8221;zoom&#8221;][vc_empty_space height=&#8221;15px&#8221;][vc_single_image image=&#8221;15187&#8243; img_size=&#8221;full&#8221; style=&#8221;vc_box_border&#8221; onclick=&#8221;zoom&#8221;][\/vc_column_inner][\/vc_row_inner][vc_empty_space height=&#8221;50px&#8221;][vc_row_inner][vc_column_inner width=&#8221;1\/2&#8243;][vc_column_text]<strong>Pourquoi un peigne laser est-il n\u00e9cessaire en m\u00e9decine v\u00e9t\u00e9rinaire<\/strong>[\/vc_column_text][\/vc_column_inner][vc_column_inner width=&#8221;1\/2&#8243;][vc_column_text]<strong>Litt\u00e9rature sp\u00e9cialis\u00e9e particuli\u00e8rement recommand\u00e9e<\/strong>[\/vc_column_text][\/vc_column_inner][\/vc_row_inner][vc_row_inner css=&#8221;.vc_custom_1523533034292{margin-bottom: 0px !important;padding-bottom: 0px !important;}&#8221;][vc_column_inner width=&#8221;1\/2&#8243;][vc_raw_html]JTNDZGl2JTIwc3R5bGUlM0QlMjJwYWRkaW5nJTNBNTYuMjUlMjUlMjAwJTIwMCUyMDAlM0Jwb3NpdGlvbiUzQXJlbGF0aXZlJTNCJTIyJTNFJTNDaWZyYW1lJTIwc3JjJTNEJTIyaHR0cHMlM0ElMkYlMkZwbGF5ZXIudmltZW8uY29tJTJGdmlkZW8lMkY4Mzc1NjYwNTElM0ZoJTNENjhjYjA1N2FhYyUyNmFtcCUzQmJhZGdlJTNEMCUyNmFtcCUzQmF1dG9wYXVzZSUzRDAlMjZhbXAlM0JxdWFsaXR5X3NlbGVjdG9yJTNEMSUyNmFtcCUzQnBsYXllcl9pZCUzRDAlMjZhbXAlM0JhcHBfaWQlM0Q1ODQ3OSUyMiUyMGZyYW1lYm9yZGVyJTNEJTIyMCUyMiUyMGFsbG93JTNEJTIyYXV0b3BsYXklM0IlMjBmdWxsc2NyZWVuJTNCJTIwcGljdHVyZS1pbi1waWN0dXJlJTIyJTIwc3R5bGUlM0QlMjJwb3NpdGlvbiUzQWFic29sdXRlJTNCdG9wJTNBMCUzQmxlZnQlM0EwJTNCd2lkdGglM0ExMDAlMjUlM0JoZWlnaHQlM0ExMDAlMjUlM0IlMjIlMjB0aXRsZSUzRCUyMkNvbWIlMjBBZGFwdGVyJTIwRmluYWwlMjIlM0UlM0MlMkZpZnJhbWUlM0UlM0MlMkZkaXYlM0UlM0NzY3JpcHQlMjBzcmMlM0QlMjJodHRwcyUzQSUyRiUyRnBsYXllci52aW1lby5jb20lMkZhcGklMkZwbGF5ZXIuanMlMjIlM0UlM0MlMkZzY3JpcHQlM0U=[\/vc_raw_html][\/vc_column_inner][vc_column_inner width=&#8221;1\/4&#8243; css=&#8221;.vc_custom_1523445157664{padding-top: 5px !important;}&#8221;][vc_single_image image=&#8221;26322&#8243; img_size=&#8221;full&#8221; style=&#8221;vc_box_border&#8221; onclick=&#8221;zoom&#8221;][vc_column_text el_class=&#8221;li-check&#8221;]<\/p>\n<div id=\"c1676\" class=\"csc-default\">\n<div class=\"csc-textpic csc-textpic-intext-right\">\n<div class=\"csc-textpic-text\"><\/div>\n<div class=\"csc-header csc-header-n1\"><\/div>\n<p class=\"p1\"><a href=\"\/?p=26331\" target=\"_blank\" rel=\"noopener\"><b>Description<\/b><\/a><\/p>\n<\/div>\n<\/div>\n<p>[\/vc_column_text][\/vc_column_inner][vc_column_inner width=&#8221;1\/4&#8243; css=&#8221;.vc_custom_1530802349135{margin-left: 40px !important;}&#8221;][vc_single_image image=&#8221;5441&#8243; img_size=&#8221;full&#8221; style=&#8221;vc_box_border&#8221; onclick=&#8221;zoom&#8221;][vc_column_text el_class=&#8221;li-check&#8221;]<\/p>\n<div id=\"c1676\" class=\"csc-default\">\n<div class=\"csc-textpic csc-textpic-intext-right\">\n<div class=\"csc-textpic-text\">\n<div class=\"csc-header csc-header-n1\"><\/div>\n<p class=\"p1\"><a href=\"\/?p=8044\" target=\"_blank\" rel=\"noopener\"><b>Description<\/b><\/a><\/p>\n<\/div>\n<\/div>\n<\/div>\n<p>[\/vc_column_text][\/vc_column_inner][\/vc_row_inner][\/vc_column][vc_column][vc_row_inner css=&#8221;.vc_custom_1523533034292{margin-bottom: 0px !important;padding-bottom: 0px !important;}&#8221;][vc_column_inner css=&#8221;.vc_custom_1530802349135{margin-left: 40px !important;}&#8221;][vc_empty_space][vc_column_text]<\/p>\n<p style=\"text-align: left;\"><a class=\"button angebot\" title=\"Angebot anfordern\" href=\"\/?page_id=32198\">Demander une offre<\/a><\/p>\n<p>[\/vc_column_text][\/vc_column_inner][\/vc_row_inner][\/vc_column][\/vc_row][vc_row][vc_column][vc_empty_space height=&#8221;50px&#8221;][\/vc_column][\/vc_row][vc_row][vc_column][\/vc_column][\/vc_row]<\/p>\n<\/div>","protected":false},"excerpt":{"rendered":"<p>Die neue Generation der Laserdusche. 21 Laserdioden bestrahlen mit h\u00f6chster Laserdichte eine Fl\u00e4che von 55 cm\u00b2. Mit Wechseladapter f\u00fcr schnelles und hygienisches Arbeiten.<\/p>\n","protected":false},"author":110,"featured_media":32295,"parent":0,"menu_order":11,"comment_status":"closed","ping_status":"closed","template":"","meta":{"footnotes":"","_links_to":"","_links_to_target":""},"class_list":["post-32422","page","type-page","status-publish","has-post-thumbnail","hentry","description-off"],"_links":{"self":[{"href":"https:\/\/www.mkw-laser.de\/fr\/wp-json\/wp\/v2\/pages\/32422","targetHints":{"allow":["GET"]}}],"collection":[{"href":"https:\/\/www.mkw-laser.de\/fr\/wp-json\/wp\/v2\/pages"}],"about":[{"href":"https:\/\/www.mkw-laser.de\/fr\/wp-json\/wp\/v2\/types\/page"}],"author":[{"embeddable":true,"href":"https:\/\/www.mkw-laser.de\/fr\/wp-json\/wp\/v2\/users\/110"}],"replies":[{"embeddable":true,"href":"https:\/\/www.mkw-laser.de\/fr\/wp-json\/wp\/v2\/comments?post=32422"}],"version-history":[{"count":0,"href":"https:\/\/www.mkw-laser.de\/fr\/wp-json\/wp\/v2\/pages\/32422\/revisions"}],"wp:featuredmedia":[{"embeddable":true,"href":"https:\/\/www.mkw-laser.de\/fr\/wp-json\/wp\/v2\/media\/32295"}],"wp:attachment":[{"href":"https:\/\/www.mkw-laser.de\/fr\/wp-json\/wp\/v2\/media?parent=32422"}],"curies":[{"name":"wp","href":"https:\/\/api.w.org\/{rel}","templated":true}]}}