{"id":32461,"date":"2023-12-08T11:59:14","date_gmt":"2023-12-08T10:59:14","guid":{"rendered":"https:\/\/www.mkw-laser.de\/?page_id=32461"},"modified":"2023-12-08T14:25:05","modified_gmt":"2023-12-08T13:25:05","slug":"lhistoire-de-mkw","status":"publish","type":"page","link":"https:\/\/www.mkw-laser.de\/fr\/lhistoire-de-mkw","title":{"rendered":"L&#8217;histoire de MKW"},"content":{"rendered":"<div class=\"wpb-content-wrapper\"><p>[vc_row][vc_column][vc_single_image image=&#8221;25742&#8243; img_size=&#8221;full&#8221; css=&#8221;.vc_custom_1691670188722{margin-top: 0px !important;margin-right: 0px !important;margin-bottom: 30px !important;margin-left: 0px !important;padding-top: 0px !important;padding-right: 0px !important;padding-left: 0px !important;}&#8221;][vc_column_text css=&#8221;.vc_custom_1702031848420{margin-bottom: 10px !important;padding-bottom: 0px !important;}&#8221;]<\/p>\n<h1 style=\"text-align: left;\">Comment tout a commenc\u00e9 &#8211; L&#8217;histoire de MKW<\/h1>\n<p>[\/vc_column_text][vc_empty_space height=&#8221;48px&#8221;][\/vc_column][\/vc_row][vc_row][vc_column width=&#8221;1\/3&#8243;][vc_single_image image=&#8221;32478&#8243; img_size=&#8221;full&#8221;][vc_column_text]Mathias Mink \/ Uwe Kirchenbauer (1984)[\/vc_column_text][\/vc_column][vc_column width=&#8221;1\/3&#8243;][vc_single_image image=&#8221;32479&#8243; img_size=&#8221;full&#8221;][vc_column_text]Uwe Kirchenbauer \/ Mathias Mink (2014)[\/vc_column_text][\/vc_column][vc_column width=&#8221;1\/3&#8243;][\/vc_column][\/vc_row][vc_row][vc_column][vc_empty_space height=&#8221;64px&#8221;][\/vc_column][\/vc_row][vc_row][vc_column width=&#8221;3\/4&#8243;][vc_column_text]<\/p>\n<h4><strong><span style=\"color: #017765;\">Les ann\u00e9es 1980<\/span><\/strong><\/h4>\n<p>En <strong>1984<\/strong>, la soci\u00e9t\u00e9 MKW a d&#8217;abord \u00e9t\u00e9 fond\u00e9e en tant que soci\u00e9t\u00e9 de distribution d&#8217;appareils m\u00e9dicaux et techniques GmbH par Mathias <span style=\"color: #017765;\"><b>M<\/b><\/span>ink, Uwe <b><span style=\"color: #017765;\">K<\/span><\/b>irchenbauer et Gerda <span style=\"color: #017765;\"><b>W<\/b><\/span>alker.<\/p>\n<p><strong>1984-1986<\/strong> Distribution d&#8217;appareils m\u00e9dicaux, notamment de l&#8217;appareil de th\u00e9rapie de la colonne vert\u00e9brale &#8220;Schwing-Extensor&#8221; en Allemagne.<\/p>\n<p>En <strong>1986<\/strong>, MKW d\u00e9couvre la <strong>th\u00e9rapie au laser<\/strong> gr\u00e2ce \u00e0 un client de l&#8217;extensor vibratoire et int\u00e8gre un produit laser \u00e0 son programme de distribution.<\/p>\n<p><strong>1987<\/strong> Sp\u00e9cialisation dans les syst\u00e8mes de th\u00e9rapie laser \u00e0 basse \u00e9nergie. Dans le cadre d&#8217;une commande, le <strong>premier syst\u00e8me laser MKW<\/strong> &#8211; \u00e0 l&#8217;\u00e9poque un simple laser ponctuel &#8211; est fabriqu\u00e9 et lanc\u00e9 avec succ\u00e8s. Extension du laser ponctuel par une fonction de recherche de points avec automatisme laser.<\/p>\n<p>En <strong>1988<\/strong>, MKW d\u00e9veloppe une <strong>douche laser<\/strong> pour le traitement de grandes surfaces. La fabrication en s\u00e9rie avec sa propre ligne de bo\u00eetiers a eu lieu \u00e0 partir de 1989.<\/p>\n<p>En <strong>1989<\/strong>, Mathias Mink et Uwe Kirchenbauer ont repris les parts de Gerda Walker.[\/vc_column_text][vc_empty_space height=&#8221;24px&#8221;][\/vc_column][vc_column width=&#8221;1\/4&#8243;][vc_single_image image=&#8221;32465&#8243; img_size=&#8221;full&#8221; alignment=&#8221;center&#8221;][vc_single_image image=&#8221;32463&#8243; img_size=&#8221;full&#8221; alignment=&#8221;center&#8221;][vc_single_image image=&#8221;32464&#8243; img_size=&#8221;full&#8221; alignment=&#8221;center&#8221;][\/vc_column][\/vc_row][vc_row][vc_column][vc_separator color=&#8221;custom&#8221; accent_color=&#8221;#00957e&#8221; css=&#8221;.vc_custom_1529568589535{margin-top: 60px !important;margin-bottom: 60px !important;}&#8221;][\/vc_column][\/vc_row][vc_row][vc_column width=&#8221;3\/4&#8243;][vc_column_text]<\/p>\n<h4><span style=\"color: #017765;\"><b>Les ann\u00e9es 1990\u00a0<\/b><\/span><\/h4>\n<p>En<strong> 1991,<\/strong> le <strong>peigne laser MKW<\/strong> est le premier mod\u00e8le d&#8217;utilit\u00e9 enregistr\u00e9 aupr\u00e8s de l&#8217;Office des brevets de Munich.<\/p>\n<p>En<strong> 1992,<\/strong> le syst\u00e8me de <strong>multi-acupuncture MKW<\/strong> a suivi, un syst\u00e8me unique au monde permettant de traiter simultan\u00e9ment plusieurs points d&#8217;acupuncture au laser.<\/p>\n<p>En <strong>1993<\/strong>, la premi\u00e8re filiale est cr\u00e9\u00e9e \u00e0 Hanovre.<\/p>\n<p>En <strong>1994<\/strong>, la fabrication a \u00e9t\u00e9 \u00e9tendue \u00e0 un deuxi\u00e8me site de production.<\/p>\n<p>En <strong>1998<\/strong>, MKW a d\u00e9velopp\u00e9 le <strong>syst\u00e8me laser LA-X fonctionnant sur batterie<\/strong>, avec fonction de recherche de points int\u00e9gr\u00e9e, automatisme laser, mesure num\u00e9rique de la conductance cutan\u00e9e et fibres optiques interchangeables, et a obtenu un mod\u00e8le d&#8217;utilit\u00e9 de l&#8217;Office des brevets de Munich. Le produit a \u00e9t\u00e9 lanc\u00e9 sur le march\u00e9 en 1999.<\/p>\n<p>En <strong>1999<\/strong> est paru le livre sp\u00e9cialis\u00e9 &#8220;Lasertherapie &#8211; Licht kann heilen&#8221; (La th\u00e9rapie au laser &#8211; la lumi\u00e8re peut gu\u00e9rir). Presque toutes les \u00e9tudes pr\u00e9sent\u00e9es dans ce livre ont \u00e9t\u00e9 r\u00e9alis\u00e9es avec le syst\u00e8me laser MKW.[\/vc_column_text][vc_empty_space height=&#8221;24px&#8221;][\/vc_column][vc_column width=&#8221;1\/4&#8243;][vc_single_image image=&#8221;32469&#8243; img_size=&#8221;full&#8221; alignment=&#8221;center&#8221;][vc_single_image image=&#8221;32468&#8243; img_size=&#8221;full&#8221; alignment=&#8221;center&#8221;][vc_single_image image=&#8221;32467&#8243; img_size=&#8221;full&#8221; alignment=&#8221;center&#8221;][\/vc_column][\/vc_row][vc_row][vc_column][vc_separator color=&#8221;custom&#8221; accent_color=&#8221;#00957e&#8221; css=&#8221;.vc_custom_1529568619854{margin-top: 60px !important;margin-bottom: 60px !important;}&#8221;][\/vc_column][\/vc_row][vc_row][vc_column width=&#8221;3\/4&#8243;][vc_column_text]<\/p>\n<h4><span style=\"color: #017765;\"><b>Les ann\u00e9es 2000\u00a0<\/b><\/span><\/h4>\n<p>En <strong>2001<\/strong>, MKW pr\u00e9sente la <strong>1\u00e8re douche laser\/peigne laser<\/strong> en version r\u00e9seau. D\u00e9veloppement de la station d&#8217;alimentation pour le <strong>syst\u00e8me LA-X<\/strong> et de la station d&#8217;accumulateurs pour la <strong>douche laser\/le peigne laser.<\/strong><\/p>\n<p>En <strong>2004<\/strong>, publication du livre sp\u00e9cialis\u00e9 &#8220;Lasertherapie und Laserpunktur &#8211; Behandlungspl\u00e4ne&#8221;. Tous les programmes de traitement pr\u00e9sent\u00e9s sont bas\u00e9s sur des applications avec les syst\u00e8mes laser MKW. Jusqu&#8217;\u00e0 pr\u00e9sent, trois \u00e9ditions ont \u00e9t\u00e9 imprim\u00e9es \u00e0 plus de 4000 exemplaires. Le livre a \u00e9t\u00e9 traduit en anglais et en espagnol.<\/p>\n<p><strong>2005<\/strong> MKW \u00e9largit son r\u00e9seau. Gr\u00e2ce \u00e0 un partenariat exclusif avec les sp\u00e9cialistes en logiciels de Livetec, la capacit\u00e9 de d\u00e9veloppement a \u00e9t\u00e9 consid\u00e9rablement augment\u00e9e. La fabrication de tous les produits MKW a eu lieu \u00e0 L\u00f6rrach. Les premiers produits laser ont \u00e9t\u00e9 fabriqu\u00e9s sur une base OEM.<\/p>\n<p>En <strong>2008<\/strong>, les livres sp\u00e9cialis\u00e9s &#8220;Lasertherapie und Laserpunktur bei Pferden&#8221; et &#8220;Lasertherapie und Laserpuntkur bei Hund und Katze&#8221; ont \u00e9t\u00e9 publi\u00e9s. Ces deux ouvrages sp\u00e9cialis\u00e9s existent \u00e9galement en version anglaise. Tous les programmes de traitement sont bas\u00e9s sur des applications avec les syst\u00e8mes laser MKW.<\/p>\n<p>En <strong>2009<\/strong>, MKW a pr\u00e9sent\u00e9 une nouveaut\u00e9 mondiale tr\u00e8s remarqu\u00e9e lors du plus grand salon m\u00e9dical du monde : <strong>La douche laser PowerTwin 21<\/strong>. Une douche laser avec 21 diodes laser qui peut \u00eatre transform\u00e9e en peigne laser en quelques secondes. Il est d\u00e9sormais possible de r\u00e9aliser des applications laser sur de grandes surfaces avec une haute densit\u00e9 de laser et de gagner du temps.[\/vc_column_text][vc_empty_space height=&#8221;24px&#8221;][\/vc_column][vc_column width=&#8221;1\/4&#8243;][vc_single_image image=&#8221;32470&#8243; img_size=&#8221;full&#8221; alignment=&#8221;center&#8221;][vc_single_image image=&#8221;32471&#8243; img_size=&#8221;full&#8221; alignment=&#8221;center&#8221;][vc_single_image image=&#8221;32472&#8243; img_size=&#8221;full&#8221; alignment=&#8221;center&#8221;][vc_single_image image=&#8221;32473&#8243; img_size=&#8221;full&#8221; alignment=&#8221;center&#8221;][\/vc_column][\/vc_row][vc_row][vc_column][vc_separator color=&#8221;custom&#8221; accent_color=&#8221;#00957e&#8221; css=&#8221;.vc_custom_1529568629776{margin-top: 60px !important;margin-bottom: 60px !important;}&#8221;][\/vc_column][\/vc_row][vc_row][vc_column width=&#8221;3\/4&#8243;][vc_column_text]<\/p>\n<h4><span style=\"color: #017765;\"><b>Les ann\u00e9es 2010\u00a0\u00a0<\/b><\/span><\/h4>\n<p><b>2011, <\/b>MKW a pr\u00e9sent\u00e9 la relance du <strong>laserpen LA-X<\/strong>. Apr\u00e8s le lancement r\u00e9ussi du proc\u00e9d\u00e9 utilisateur il y a plus d&#8217;une d\u00e9cennie, le <strong>Laserpen LA-X P200<\/strong> constitue d\u00e9sormais la r\u00e9f\u00e9rence technique ultime. MKW d\u00e9veloppe pour le compte de tiers les appareils laser LASERNEEDLE et LUCI. Ces deux appareils sont commercialis\u00e9s dans le monde entier.<\/p>\n<p>En <strong>2012<\/strong>, le livre sp\u00e9cialis\u00e9 &#8220;Praxisbuch Laserakupunktur&#8221; a \u00e9t\u00e9 publi\u00e9 en allemand et en anglais. Les programmes d&#8217;application pr\u00e9sent\u00e9s se rapportent en grande partie aux traitements effectu\u00e9s avec les syst\u00e8mes laser MKW.<\/p>\n<p>En <strong>2013<\/strong>, le premier appareil laser d\u00e9velopp\u00e9 par MKW a \u00e9t\u00e9 autoris\u00e9 aux \u00c9tats-Unis. D&#8217;autres appareils laser sont encore en cours d&#8217;homologation. En Chine, l&#8217;homologation est sur le point d&#8217;\u00eatre achev\u00e9e. MKW est d\u00e9sormais \u00e9galement repr\u00e9sent\u00e9e dans les pays arabes. Des contrats ont \u00e9t\u00e9 conclus avec deux grandes organisations commerciales.<\/p>\n<p><strong>2014<\/strong> MKW travaille en Allemagne avec plus de 10 repr\u00e9sentants commerciaux et exporte des <strong>syst\u00e8mes laser \u00e0 bas niveau dans<\/strong> le monde entier. Des \u00e9tudes et des rapports d&#8217;exp\u00e9rience d&#8217;instituts renomm\u00e9s ainsi que d&#8217;innombrables t\u00e9moignages attestent des r\u00e9sultats th\u00e9rapeutiques que l&#8217;on peut obtenir avec le <strong>syst\u00e8me laser MKW<\/strong>. Pr\u00e8s de 40 000 <strong>syst\u00e8mes laser MKW<\/strong> sont utilis\u00e9s dans le monde entier. Ainsi, apr\u00e8s 30 ans, MKW compte parmi les fournisseurs leaders dans le monde.<\/p>\n<p><strong>2015<\/strong> Avec la <strong>douche laser PowerTwin21+<\/strong> et le <strong>laserpen LA-X P500<\/strong>, MKW a pr\u00e9sent\u00e9 une \u00e9volution de ses mod\u00e8les laser \u00e0 succ\u00e8s. Dans le livre sp\u00e9cialis\u00e9 r\u00e9cemment paru &#8220;Low Level Laser Therapy &#8211; Basics and Practice of modern Photomedicine&#8221;, des th\u00e9rapies avec le syst\u00e8me laser MKW sont pr\u00e9sent\u00e9es. Le r\u00e9seau de distribution ne cesse de s&#8217;\u00e9tendre. Le <strong>syst\u00e8me laser MKW<\/strong> est d\u00e9sormais repr\u00e9sent\u00e9 en Cor\u00e9e et en Iran. L&#8217;autorisation au Canada est sur le point d&#8217;\u00eatre finalis\u00e9e.<\/p>\n<p><strong>2017<\/strong> MKW pr\u00e9sente le progiciel 6.0. Les <strong>bandes FI<\/strong> (frequency integrated bands), les <b>Sweeps<\/b> (Autorun) ainsi que les s\u00e9ries de fr\u00e9quences \u00e9tendues sont d\u00e9sormais automatiquement int\u00e9gr\u00e9s dans les appareils Douche laser PowerTwin21+ et Laserpen LA-X P500. Le nouveau logiciel s&#8217;oriente essentiellement sur les recherches du College for low level laser therapy &#8211; <a href=\"http:\/\/www.colll.org\/\" target=\"_blank\" rel=\"noopener noreferrer\">www.colll.org<\/a> et est document\u00e9 dans le livret de traitement &#8220;Pocket Guide Laserfrequenzen&#8221;. Le livret de traitement fait d\u00e8s \u00e0 pr\u00e9sent partie de la livraison.<\/p>\n<p><strong>2018<\/strong> le livre sp\u00e9cialis\u00e9 &#8220;Laser Feld Therapie&#8221; est publi\u00e9. Les auteurs Kreisel \/ Rosin \/ F\u00fcchtenbusch expliquent en d\u00e9tail le mode d&#8217;action de la th\u00e9rapie par champ laser. Presque toutes les formes de th\u00e9rapie pr\u00e9sent\u00e9es sont incluses dans les syst\u00e8mes laser PowerTwin21+ et LA-X P 500 de MKW. MKW expose au Congr\u00e8s mondial du laser \u00e0 Nice.<\/p>\n<p><strong>2019<\/strong> Le r\u00e9seau MKW continue de s&#8217;\u00e9tendre. De nouveaux partenaires de distribution exclusifs ont \u00e9t\u00e9 gagn\u00e9s avec les soci\u00e9t\u00e9s MVM, Turquie et Sarana, Indon\u00e9sie. MKW intensifie sa collaboration avec le College f\u00fcr Laser Photo Therapie ( <a href=\"http:\/\/www.colll.org\/\" target=\"_blank\" rel=\"noopener noreferrer\">www.colll.org<\/a>\u00a0) et organise r\u00e9guli\u00e8rement des webinaires sur le th\u00e8me du laser. En collaboration avec le COLLL, des cours en ligne sur la protection contre les rayons laser ainsi que des tutoriels de traitement sont propos\u00e9s. L&#8217;ouvrage sp\u00e9cialis\u00e9 &#8220;Laser-Phototherapie in der Zahnmedizin&#8221; est publi\u00e9 avec de nombreuses r\u00e9f\u00e9rences aux syst\u00e8mes laser MKW.[\/vc_column_text][vc_empty_space height=&#8221;24px&#8221;][\/vc_column][vc_column width=&#8221;1\/4&#8243;][vc_single_image image=&#8221;32475&#8243; img_size=&#8221;full&#8221; alignment=&#8221;center&#8221;][vc_single_image image=&#8221;32474&#8243; img_size=&#8221;full&#8221; alignment=&#8221;center&#8221;][vc_single_image image=&#8221;32476&#8243; img_size=&#8221;full&#8221; alignment=&#8221;center&#8221;][vc_single_image image=&#8221;32477&#8243; img_size=&#8221;full&#8221; alignment=&#8221;center&#8221;][vc_single_image image=&#8221;5441&#8243; img_size=&#8221;180&#8243; alignment=&#8221;center&#8221;][\/vc_column][\/vc_row][vc_row][vc_column][vc_separator color=&#8221;custom&#8221; accent_color=&#8221;#00957e&#8221; css=&#8221;.vc_custom_1529568629776{margin-top: 60px !important;margin-bottom: 60px !important;}&#8221;][\/vc_column][\/vc_row][vc_row][vc_column width=&#8221;3\/4&#8243;][vc_column_text]<\/p>\n<h4><span style=\"color: #017765;\"><b>Les ann\u00e9es 2020\u00a0\u00a0<\/b><\/span><\/h4>\n<p>En <strong>mars 2021<\/strong>, MKW pr\u00e9sente la <strong>douche laser PowerTwin XP5<\/strong> &#8211; une \u00e9volution logique du mod\u00e8le \u00e0 succ\u00e8s PowerTwin 21+. Un grand \u00e9cran couleur permet de r\u00e9gler facilement tous les param\u00e8tres. La puissance du laser, le mode de fonctionnement, le temps de th\u00e9rapie et la dose sont affich\u00e9s avec un contraste maximal. Le clou : une interface Bluetooth permet de travailler avec le logiciel <strong>&#8220;MKW LASER PRAXIS&#8221;<\/strong>. Ce logiciel a \u00e9t\u00e9 sp\u00e9cialement d\u00e9velopp\u00e9 pour les cabinets m\u00e9dicaux. Commande par \u00e9cran tactile tr\u00e8s simple via une tablette associ\u00e9e. Avec un gestionnaire de clients et de patients, une commande de th\u00e9rapie, une documentation de th\u00e9rapie, une base de donn\u00e9es de fr\u00e9quences \u00e9tendue avec la possibilit\u00e9 de cr\u00e9er ses propres fr\u00e9quences, des s\u00e9ries de fr\u00e9quences ainsi que des indications avec des programmes de th\u00e9rapie. Le traitement au laser n&#8217;a jamais \u00e9t\u00e9 aussi simple.[\/vc_column_text][vc_empty_space height=&#8221;24px&#8221;][\/vc_column][vc_column width=&#8221;1\/4&#8243;][vc_single_image image=&#8221;19762&#8243; img_size=&#8221;full&#8221; alignment=&#8221;center&#8221;][vc_single_image image=&#8221;19768&#8243; img_size=&#8221;full&#8221; alignment=&#8221;center&#8221;][\/vc_column][\/vc_row]<\/p>\n<\/div>","protected":false},"excerpt":{"rendered":"<p>Die neue Generation der Laserdusche. 21 Laserdioden bestrahlen mit h\u00f6chster Laserdichte eine Fl\u00e4che von 55 cm\u00b2. Mit Wechseladapter f\u00fcr schnelles und hygienisches Arbeiten.<\/p>\n","protected":false},"author":110,"featured_media":32295,"parent":0,"menu_order":20,"comment_status":"closed","ping_status":"closed","template":"","meta":{"footnotes":"","_links_to":"","_links_to_target":""},"class_list":["post-32461","page","type-page","status-publish","has-post-thumbnail","hentry","description-off"],"_links":{"self":[{"href":"https:\/\/www.mkw-laser.de\/fr\/wp-json\/wp\/v2\/pages\/32461","targetHints":{"allow":["GET"]}}],"collection":[{"href":"https:\/\/www.mkw-laser.de\/fr\/wp-json\/wp\/v2\/pages"}],"about":[{"href":"https:\/\/www.mkw-laser.de\/fr\/wp-json\/wp\/v2\/types\/page"}],"author":[{"embeddable":true,"href":"https:\/\/www.mkw-laser.de\/fr\/wp-json\/wp\/v2\/users\/110"}],"replies":[{"embeddable":true,"href":"https:\/\/www.mkw-laser.de\/fr\/wp-json\/wp\/v2\/comments?post=32461"}],"version-history":[{"count":0,"href":"https:\/\/www.mkw-laser.de\/fr\/wp-json\/wp\/v2\/pages\/32461\/revisions"}],"wp:featuredmedia":[{"embeddable":true,"href":"https:\/\/www.mkw-laser.de\/fr\/wp-json\/wp\/v2\/media\/32295"}],"wp:attachment":[{"href":"https:\/\/www.mkw-laser.de\/fr\/wp-json\/wp\/v2\/media?parent=32461"}],"curies":[{"name":"wp","href":"https:\/\/api.w.org\/{rel}","templated":true}]}}