{"id":32508,"date":"2023-12-08T14:09:53","date_gmt":"2023-12-08T13:09:53","guid":{"rendered":"https:\/\/www.mkw-laser.de\/?page_id=32508"},"modified":"2024-04-02T14:16:41","modified_gmt":"2024-04-02T12:16:41","slug":"produits","status":"publish","type":"page","link":"https:\/\/www.mkw-laser.de\/fr\/produits","title":{"rendered":"Produits"},"content":{"rendered":"<div class=\"wpb-content-wrapper\"><p>[vc_row][vc_column][vc_empty_space height=&#8221;24px&#8221;][vc_empty_space height=&#8221;50px&#8221;][vc_column_text css=&#8221;.vc_custom_1702040687102{margin-bottom: 10px !important;padding-bottom: 0px !important;}&#8221;]<\/p>\n<h1 style=\"text-align: center;\">Syst\u00e8mes laser pour la m\u00e9decine humaine et v\u00e9t\u00e9rinaire<\/h1>\n<p>[\/vc_column_text][vc_empty_space height=&#8221;24px&#8221;][\/vc_column][\/vc_row][vc_row][vc_column offset=&#8221;vc_hidden-xs&#8221;][vc_column_text]<\/p>\n<p style=\"text-align: center;\">Les syst\u00e8mes laser MKW sont utilis\u00e9s aussi bien en m\u00e9decine humaine qu&#8217;en m\u00e9decine v\u00e9t\u00e9rinaire.<br \/>\nDes produits laser adapt\u00e9s \u00e0 ces deux domaines d&#8217;application sont disponibles.<\/p>\n<p>[\/vc_column_text][vc_empty_space height=&#8221;30px&#8221;][\/vc_column][\/vc_row][vc_row type=&#8221;vc_default&#8221; css=&#8221;.vc_custom_1541607386026{background-image: url(https:\/\/www.mkw-laser.de\/wp-content\/uploads\/2018\/04\/Gruppe-173.png?id=1109) !important;}&#8221;][vc_column][vc_column_text]<\/p>\n<h2 style=\"text-align: center;\">Veuillez s\u00e9lectionner un produit<\/h2>\n<p>[\/vc_column_text][vc_empty_space height=&#8221;30px&#8221;][vc_row_inner][vc_column_inner width=&#8221;1\/2&#8243;]<div class=\"shortcode-banner fadeInUp animate-element\" style=\"min-height: 180px\"><div class=\"shortcode-banner-bg wf-table\" style=\"padding: 5px;min-height: 180px\"><div class=\"shortcode-banner-inside wf-table text-big\" style=\"background-color: rgb(0,149,126);background-color: #00957e;border: solid 5px transparent;outline: solid 0px;outline-color: #ffffff;height: 175px\"><div><h2 style=\"text-align: center;\"><span style=\"color: #ffffff;\">Douches laser \/ lasers de surface :<\/span><\/h2>\n<h4><\/h4>\n<h4><\/h4>\n<h4 style=\"text-align: center;\"><span style=\"color: #ffffff;\">Applications laser sur de grandes surfaces<\/span><br \/>\n<span style=\"color: #ffffff;\"><a style=\"color: #ffffff;\" href=\"\/?page_id=7452\"><span style=\"text-decoration: underline;\">M\u00e9decine humaine<\/span>\u00a0<\/a>\/\u00a0<span style=\"text-decoration: underline;\"><a style=\"color: #ffffff; text-decoration: underline;\" href=\"\/?page_id=7457\">M\u00e9decine v\u00e9t\u00e9rinaire<\/a><\/span><\/span><\/h4>\n<\/div><\/div><\/div><\/div>[\/vc_column_inner][vc_column_inner width=&#8221;1\/2&#8243;]<div class=\"shortcode-banner fadeInUp animate-element\" style=\"min-height: 180px\"><div class=\"shortcode-banner-bg wf-table\" style=\"padding: 5px;min-height: 180px\"><div class=\"shortcode-banner-inside wf-table text-big\" style=\"background-color: rgb(0,149,126);background-color: #00957e;border: solid 5px transparent;outline: solid 0px;outline-color: #ffffff;height: 175px\"><div><h2 style=\"text-align: center;\"><span style=\"color: #ffffff;\">Laserpen \/ laser ponctuel:<\/span><\/h2>\n<h4><\/h4>\n<h4><\/h4>\n<h4 style=\"text-align: center;\"><span style=\"color: #ffffff;\">Th\u00e9rapie laser ponctuelle cibl\u00e9e<\/span><br \/>\n<span style=\"color: #ffffff;\"><span style=\"text-decoration: underline;\"><a style=\"color: #ffffff; text-decoration: underline;\" href=\"\/?page_id=7466\">M\u00e9decine humaine<\/a><\/span> \/\u00a0<span style=\"text-decoration: underline;\"><a style=\"color: #ffffff; text-decoration: underline;\" href=\"\/?page_id=7474\">M\u00e9decine v\u00e9t\u00e9rinaire<\/a><\/span><\/span><\/h4>\n<\/div><\/div><\/div><\/div>[\/vc_column_inner][\/vc_row_inner][vc_empty_space height=&#8221;50px&#8221;][vc_empty_space height=&#8221;50px&#8221;][vc_empty_space height=&#8221;50px&#8221;][\/vc_column][\/vc_row]<\/p>\n<\/div>","protected":false},"excerpt":{"rendered":"<p>[vc_row][vc_column][vc_empty_space height=&#8221;24px&#8221;][vc_empty_space height=&#8221;50px&#8221;][vc_column_text css=&#8221;.vc_custom_1702040687102{margin-bottom: 10px !important;padding-bottom: 0px !important;}&#8221;] Syst\u00e8mes laser pour la m\u00e9decine humaine et v\u00e9t\u00e9rinaire [\/vc_column_text][vc_empty_space height=&#8221;24px&#8221;][\/vc_column][\/vc_row][vc_row][vc_column offset=&#8221;vc_hidden-xs&#8221;][vc_column_text] Les syst\u00e8mes laser MKW sont utilis\u00e9s aussi bien en m\u00e9decine humaine qu&#8217;en m\u00e9decine v\u00e9t\u00e9rinaire. Des produits laser adapt\u00e9s \u00e0 ces deux domaines d&#8217;application sont disponibles. [\/vc_column_text][vc_empty_space height=&#8221;30px&#8221;][\/vc_column][\/vc_row][vc_row type=&#8221;vc_default&#8221; css=&#8221;.vc_custom_1541607386026{background-image: url(https:\/\/www.mkw-laser.de\/wp-content\/uploads\/2018\/04\/Gruppe-173.png?id=1109) !important;}&#8221;][vc_column][vc_column_text] Veuillez s\u00e9lectionner un produit [\/vc_column_text][vc_empty_space&hellip;<\/p>\n","protected":false},"author":110,"featured_media":32566,"parent":0,"menu_order":20,"comment_status":"closed","ping_status":"closed","template":"","meta":{"footnotes":"","_links_to":"","_links_to_target":""},"class_list":["post-32508","page","type-page","status-publish","has-post-thumbnail","hentry","description-off"],"_links":{"self":[{"href":"https:\/\/www.mkw-laser.de\/fr\/wp-json\/wp\/v2\/pages\/32508","targetHints":{"allow":["GET"]}}],"collection":[{"href":"https:\/\/www.mkw-laser.de\/fr\/wp-json\/wp\/v2\/pages"}],"about":[{"href":"https:\/\/www.mkw-laser.de\/fr\/wp-json\/wp\/v2\/types\/page"}],"author":[{"embeddable":true,"href":"https:\/\/www.mkw-laser.de\/fr\/wp-json\/wp\/v2\/users\/110"}],"replies":[{"embeddable":true,"href":"https:\/\/www.mkw-laser.de\/fr\/wp-json\/wp\/v2\/comments?post=32508"}],"version-history":[{"count":0,"href":"https:\/\/www.mkw-laser.de\/fr\/wp-json\/wp\/v2\/pages\/32508\/revisions"}],"wp:featuredmedia":[{"embeddable":true,"href":"https:\/\/www.mkw-laser.de\/fr\/wp-json\/wp\/v2\/media\/32566"}],"wp:attachment":[{"href":"https:\/\/www.mkw-laser.de\/fr\/wp-json\/wp\/v2\/media?parent=32508"}],"curies":[{"name":"wp","href":"https:\/\/api.w.org\/{rel}","templated":true}]}}