{"id":32685,"date":"2023-12-11T10:44:55","date_gmt":"2023-12-11T09:44:55","guid":{"rendered":"https:\/\/www.mkw-laser.de\/?page_id=32685"},"modified":"2024-04-03T10:08:33","modified_gmt":"2024-04-03T08:08:33","slug":"douches-laser-medecine-humaine","status":"publish","type":"page","link":"https:\/\/www.mkw-laser.de\/fr\/douches-laser-medecine-humaine","title":{"rendered":"Douches laser M\u00e9decine humaine"},"content":{"rendered":"<div class=\"wpb-content-wrapper\"><p>[vc_row][vc_column][vc_single_image image=&#8221;32505&#8243; img_size=&#8221;full&#8221; css=&#8221;.vc_custom_1702287340904{margin-top: 0px !important;margin-right: 0px !important;margin-bottom: 30px !important;margin-left: 0px !important;padding-top: 0px !important;padding-right: 0px !important;padding-left: 0px !important;}&#8221;][vc_column_text css=&#8221;.vc_custom_1702287369998{margin-bottom: 10px !important;padding-bottom: 0px !important;}&#8221;]<\/p>\n<h1 style=\"text-align: center;\">Douches laser pour la m\u00e9decine humaine<\/h1>\n<p>[\/vc_column_text][vc_row_inner][vc_column_inner offset=&#8221;vc_hidden-xs&#8221;][vc_column_text]<\/p>\n<div id=\"c2119\" class=\"csc-default\">\n<p class=\"bodytext\" style=\"text-align: center;\">Depuis 1984, MKW est consid\u00e9r\u00e9 comme le sp\u00e9cialiste des syst\u00e8mes laser \u00e0 basse \u00e9nergie (Low-Level-Laser).<br \/>\nDiff\u00e9rents syst\u00e8mes laser sont disponibles en fonction de la sp\u00e9cialit\u00e9 et du domaine d\u2019application.<br \/>\nUne grande partie des innovations en mati\u00e8re de syst\u00e8mes laser \u00e0 basse \u00e9nergie sont venues (et viennent) de la maison MKW.<\/p>\n<p class=\"bodytext\" style=\"text-align: center;\">L\u2019\u00e9quipe MKW d\u00e9veloppe \u00e9galement des syst\u00e8mes laser et des technologies pour la\u00a0<strong>th\u00e9rapie laser \u00e0 bas niveau<\/strong>\u00a0pour le compte de tiers (produits OEM).<\/p>\n<\/div>\n<p>[\/vc_column_text][\/vc_column_inner][\/vc_row_inner][\/vc_column][\/vc_row][vc_row][vc_column offset=&#8221;vc_hidden-xs&#8221;][vc_empty_space][\/vc_column][\/vc_row][vc_row][vc_column width=&#8221;1\/2&#8243; offset=&#8221;vc_hidden-xs&#8221;][vc_single_image image=&#8221;34498&#8243; img_size=&#8221;full&#8221; onclick=&#8221;custom_link&#8221; link=&#8221;https:\/\/www.mkw-laser.de\/fr\/medecine-humaine\/douche-laser-powertwin21-xp5\/&#8221;][vc_empty_space height=&#8221;10px&#8221;][vc_column_text]La nouvelle douche laser PowerTwin21 XP5 offre tout ce qui est n\u00e9cessaire pour une th\u00e9rapie laser moderne.<br \/>\nHaute densit\u00e9 de laser, adaptateur interchangeable, programmes pr\u00e9install\u00e9s et grand \u00e9cran 4 couleurs.<\/p>\n<p><a href=\"\/?page_id=16941\">En savoir plus &gt;<\/a>[\/vc_column_text][vc_empty_space height=&#8221;50px&#8221;][\/vc_column][vc_column width=&#8221;1\/2&#8243; offset=&#8221;vc_hidden-xs&#8221;][vc_single_image image=&#8221;34550&#8243; img_size=&#8221;full&#8221; onclick=&#8221;custom_link&#8221; link=&#8221;https:\/\/www.mkw-laser.de\/es\/medicina-humana\/ducha-laser-powertwin-21\/&#8221;][vc_empty_space height=&#8221;10px&#8221;][vc_column_text]La nouvelle g\u00e9n\u00e9ration de douche laser. 21 diodes laser irradient une surface de 55 cm\u00b2 avec une densit\u00e9 laser maximale. Avec adaptateur interchangeable pour un travail rapide et hygi\u00e9nique.<\/p>\n<p><a href=\"\/?page_id=3737\">En savoir plus &gt;<\/a>[\/vc_column_text][vc_empty_space height=&#8221;50px&#8221;][\/vc_column][\/vc_row][vc_row][vc_column width=&#8221;1\/2&#8243; offset=&#8221;vc_hidden-lg vc_hidden-md vc_hidden-sm&#8221;][vc_empty_space height=&#8221;20px&#8221;][vc_single_image image=&#8221;34498&#8243; img_size=&#8221;full&#8221; onclick=&#8221;custom_link&#8221; link=&#8221;https:\/\/www.mkw-laser.de\/fr\/medecine-humaine\/douche-laser-powertwin21-xp5\/&#8221;][vc_column_text]<a href=\"\/?page_id=16941\">En savoir plus &gt;<\/a>[\/vc_column_text][\/vc_column][vc_column width=&#8221;1\/2&#8243; offset=&#8221;vc_hidden-lg vc_hidden-md vc_hidden-sm&#8221;][vc_single_image image=&#8221;34550&#8243; img_size=&#8221;full&#8221; onclick=&#8221;custom_link&#8221; link=&#8221;https:\/\/www.mkw-laser.de\/es\/medicina-humana\/ducha-laser-powertwin-21\/&#8221;][vc_column_text]<a href=\"\/?page_id=3737\">En savoir plus &gt;<\/a>[\/vc_column_text][\/vc_column][\/vc_row][vc_row][vc_column offset=&#8221;vc_hidden-xs&#8221;][vc_empty_space height=&#8221;50px&#8221;][\/vc_column][\/vc_row][vc_row][vc_column width=&#8221;1\/3&#8243;][\/vc_column][vc_column width=&#8221;1\/3&#8243;][vc_column_text]<\/p>\n<p style=\"text-align: center;\"><a class=\"button angebot\" title=\"Angebot anfordern\" href=\"\/?page_id=32198\">OFFRE PHARE DU MOIS<\/a><\/p>\n<p>[\/vc_column_text][\/vc_column][vc_column width=&#8221;1\/3&#8243;][\/vc_column][\/vc_row]<\/p>\n<\/div>","protected":false},"excerpt":{"rendered":"<p>Die neue Generation der Laserdusche. 21 Laserdioden bestrahlen mit h\u00f6chster Laserdichte eine Fl\u00e4che von 55 cm\u00b2. Mit Wechseladapter f\u00fcr schnelles und hygienisches Arbeiten.<\/p>\n","protected":false},"author":110,"featured_media":32295,"parent":0,"menu_order":10,"comment_status":"closed","ping_status":"closed","template":"","meta":{"footnotes":"","_links_to":"","_links_to_target":""},"class_list":["post-32685","page","type-page","status-publish","has-post-thumbnail","hentry","description-off"],"_links":{"self":[{"href":"https:\/\/www.mkw-laser.de\/fr\/wp-json\/wp\/v2\/pages\/32685","targetHints":{"allow":["GET"]}}],"collection":[{"href":"https:\/\/www.mkw-laser.de\/fr\/wp-json\/wp\/v2\/pages"}],"about":[{"href":"https:\/\/www.mkw-laser.de\/fr\/wp-json\/wp\/v2\/types\/page"}],"author":[{"embeddable":true,"href":"https:\/\/www.mkw-laser.de\/fr\/wp-json\/wp\/v2\/users\/110"}],"replies":[{"embeddable":true,"href":"https:\/\/www.mkw-laser.de\/fr\/wp-json\/wp\/v2\/comments?post=32685"}],"version-history":[{"count":0,"href":"https:\/\/www.mkw-laser.de\/fr\/wp-json\/wp\/v2\/pages\/32685\/revisions"}],"wp:featuredmedia":[{"embeddable":true,"href":"https:\/\/www.mkw-laser.de\/fr\/wp-json\/wp\/v2\/media\/32295"}],"wp:attachment":[{"href":"https:\/\/www.mkw-laser.de\/fr\/wp-json\/wp\/v2\/media?parent=32685"}],"curies":[{"name":"wp","href":"https:\/\/api.w.org\/{rel}","templated":true}]}}