{"id":32689,"date":"2023-12-11T10:56:40","date_gmt":"2023-12-11T09:56:40","guid":{"rendered":"https:\/\/www.mkw-laser.de\/?page_id=32689"},"modified":"2024-04-03T10:34:50","modified_gmt":"2024-04-03T08:34:50","slug":"douches-laser-veterinaires","status":"publish","type":"page","link":"https:\/\/www.mkw-laser.de\/fr\/douches-laser-veterinaires","title":{"rendered":"Douches laser v\u00e9t\u00e9rinaires"},"content":{"rendered":"<div class=\"wpb-content-wrapper\"><p>[vc_row][vc_column][vc_single_image image=&#8221;32638&#8243; img_size=&#8221;full&#8221; css=&#8221;.vc_custom_1702288231209{margin-top: 0px !important;margin-right: 0px !important;margin-bottom: 30px !important;margin-left: 0px !important;padding-top: 0px !important;padding-right: 0px !important;padding-left: 0px !important;}&#8221;][vc_column_text css=&#8221;.vc_custom_1702288202946{margin-bottom: 10px !important;padding-bottom: 0px !important;}&#8221;]<\/p>\n<h1 style=\"text-align: center;\">Douches laser pour la m\u00e9decine v\u00e9t\u00e9rinaire<\/h1>\n<p>[\/vc_column_text][vc_row_inner][vc_column_inner offset=&#8221;vc_hidden-xs&#8221;][vc_column_text]<\/p>\n<p style=\"text-align: center;\">Depuis 1984, MKW est consid\u00e9r\u00e9 comme le sp\u00e9cialiste des syst\u00e8mes laser \u00e0 basse \u00e9nergie (lasers de bas niveau). D\u00e8s 1991, MKW a fait \u0153uvre de pionnier dans le domaine de la m\u00e9decine v\u00e9t\u00e9rinaire en pr\u00e9sentant le premier peigne laser au monde pour le traitement de grandes surfaces d&#8217;animaux \u00e0 fourrure. Cette m\u00e9thode de traitement a \u00e9t\u00e9 perfectionn\u00e9e en permanence et trouve son apog\u00e9e absolue dans la douche laser <strong>PowerTwin 21<\/strong>. Une douche laser qui peut \u00eatre transform\u00e9e en peigne laser en quelques secondes. Le <strong>LaserPen LA-X<\/strong> est disponible pour les petites surfaces et pour le traitement ponctuel cibl\u00e9 &#8211; notamment pour le traitement des points de d\u00e9clenchement et d&#8217;acupuncture. L&#8217;\u00e9quipe MKW d\u00e9veloppe \u00e9galement des syst\u00e8mes laser et des technologies pour la <strong>th\u00e9rapie laser de bas niveau<\/strong> pour le compte de tiers (produits OEM).<\/p>\n<p>[\/vc_column_text][\/vc_column_inner][\/vc_row_inner][\/vc_column][\/vc_row][vc_row][vc_column][vc_empty_space][\/vc_column][\/vc_row][vc_row][vc_column width=&#8221;1\/2&#8243; offset=&#8221;vc_hidden-xs&#8221;][vc_single_image image=&#8221;34510&#8243; img_size=&#8221;full&#8221; onclick=&#8221;custom_link&#8221; link=&#8221;https:\/\/www.mkw-laser.de\/fr\/medecine-veterinaire\/laserdusche-powertwin-xp5\/&#8221;][vc_empty_space height=&#8221;10px&#8221;][vc_column_text]La nouvelle douche laser PowerTwin XP5 offre tout ce qui est n\u00e9cessaire pour une th\u00e9rapie laser moderne. Haute densit\u00e9 de laser, adaptateurs interchangeables, programmes pr\u00e9install\u00e9s, grand \u00e9cran quadrichrome et, last but not least, une interface Bluetooth pour une communication sans fil avec le logiciel de traitement &#8220;MKW LASER PRAXIS&#8221;<\/p>\n<p><a href=\"\/?page_id=14308\">En savoir plus &gt;<\/a>[\/vc_column_text][vc_empty_space height=&#8221;50px&#8221;][\/vc_column][vc_column width=&#8221;1\/2&#8243; offset=&#8221;vc_hidden-xs&#8221;][vc_single_image image=&#8221;34521&#8243; img_size=&#8221;full&#8221; onclick=&#8221;custom_link&#8221; link=&#8221;https:\/\/www.mkw-laser.de\/fr\/medecine-humaine\/douche-laser-powertwin-21\/&#8221;][vc_empty_space height=&#8221;10px&#8221;][vc_column_text]La douche laser PowerTwin21 irradie une surface de 55 cm\u00b2 avec 21 diodes laser. Avec adaptateur interchangeable pour un travail rapide et hygi\u00e9nique.<\/p>\n<p><a href=\"\/?page_id=3810\">En savoir plus &gt;<\/a>[\/vc_column_text][vc_empty_space height=&#8221;50px&#8221;][\/vc_column][\/vc_row][vc_row][vc_column width=&#8221;1\/2&#8243; offset=&#8221;vc_hidden-lg vc_hidden-md vc_hidden-sm&#8221;][vc_single_image image=&#8221;34510&#8243; img_size=&#8221;full&#8221; onclick=&#8221;custom_link&#8221; link=&#8221;https:\/\/www.mkw-laser.de\/fr\/medecine-veterinaire\/laserdusche-powertwin-xp5\/&#8221;][vc_column_text]<a href=\"\/?page_id=14308\">En savoir plus &gt;<\/a>[\/vc_column_text][\/vc_column][vc_column width=&#8221;1\/2&#8243; offset=&#8221;vc_hidden-lg vc_hidden-md vc_hidden-sm&#8221;][vc_single_image image=&#8221;34521&#8243; img_size=&#8221;full&#8221; onclick=&#8221;custom_link&#8221; link=&#8221;https:\/\/www.mkw-laser.de\/fr\/medecine-humaine\/douche-laser-powertwin-21\/&#8221;][vc_column_text]<a href=\"\/?page_id=3810\">En savoir plus &gt;<\/a>[\/vc_column_text][\/vc_column][\/vc_row][vc_row][vc_column width=&#8221;1\/3&#8243;][\/vc_column][vc_column width=&#8221;1\/3&#8243;][vc_column_text]<\/p>\n<p style=\"text-align: center;\"><a class=\"button angebot\" title=\"Angebot anfordern\" href=\"\/?page_id=32198\">OFFRE PHARE DU MOIS<\/a><\/p>\n<p>[\/vc_column_text][\/vc_column][vc_column width=&#8221;1\/3&#8243;][\/vc_column][\/vc_row]<\/p>\n<\/div>","protected":false},"excerpt":{"rendered":"<p>Die neue Generation der Laserdusche. 21 Laserdioden bestrahlen mit h\u00f6chster Laserdichte eine Fl\u00e4che von 55 cm\u00b2. Mit Wechseladapter f\u00fcr schnelles und hygienisches Arbeiten.<\/p>\n","protected":false},"author":110,"featured_media":0,"parent":0,"menu_order":12,"comment_status":"closed","ping_status":"closed","template":"","meta":{"footnotes":"","_links_to":"","_links_to_target":""},"class_list":["post-32689","page","type-page","status-publish","hentry","description-off"],"_links":{"self":[{"href":"https:\/\/www.mkw-laser.de\/fr\/wp-json\/wp\/v2\/pages\/32689","targetHints":{"allow":["GET"]}}],"collection":[{"href":"https:\/\/www.mkw-laser.de\/fr\/wp-json\/wp\/v2\/pages"}],"about":[{"href":"https:\/\/www.mkw-laser.de\/fr\/wp-json\/wp\/v2\/types\/page"}],"author":[{"embeddable":true,"href":"https:\/\/www.mkw-laser.de\/fr\/wp-json\/wp\/v2\/users\/110"}],"replies":[{"embeddable":true,"href":"https:\/\/www.mkw-laser.de\/fr\/wp-json\/wp\/v2\/comments?post=32689"}],"version-history":[{"count":0,"href":"https:\/\/www.mkw-laser.de\/fr\/wp-json\/wp\/v2\/pages\/32689\/revisions"}],"wp:attachment":[{"href":"https:\/\/www.mkw-laser.de\/fr\/wp-json\/wp\/v2\/media?parent=32689"}],"curies":[{"name":"wp","href":"https:\/\/api.w.org\/{rel}","templated":true}]}}