{"id":32698,"date":"2023-12-11T11:40:20","date_gmt":"2023-12-11T10:40:20","guid":{"rendered":"https:\/\/www.mkw-laser.de\/?page_id=32698"},"modified":"2025-12-19T12:17:53","modified_gmt":"2025-12-19T11:17:53","slug":"douche-laser-powertwin21-xp5-2","status":"publish","type":"page","link":"https:\/\/www.mkw-laser.de\/fr\/medecine-humaine\/douche-laser-powertwin21-xp5-2","title":{"rendered":"Douche laser PowerTwin21 XP5"},"content":{"rendered":"<div class=\"wpb-content-wrapper\"><p>[vc_row][vc_column][vc_single_image image=&#8221;32702&#8243; img_size=&#8221;full&#8221; css=&#8221;.vc_custom_1766131676821{margin-top: 0px !important;margin-right: 0px !important;margin-bottom: 30px !important;margin-left: 0px !important;padding-top: 0px !important;padding-right: 0px !important;padding-left: 0px !important;}&#8221;][vc_empty_space height=&#8221;25px&#8221;][vc_column_text css=&#8221;&#8221;]<\/p>\n<h2 style=\"text-align: left;\">Vers l&#8217;avenir de la th\u00e9rapie au laser avec la douche laser PowerTwin XP5<\/h2>\n<p>[\/vc_column_text][\/vc_column][\/vc_row][vc_row][vc_column offset=&#8221;vc_hidden-xs&#8221;][vc_column_text css=&#8221;&#8221;]Depuis plus d&#8217;une d\u00e9cennie, MKW pose des jalons dans le domaine de la m\u00e9decine humaine avec la douche laser PowerTwin21. Des milliers de cabinets m\u00e9dicaux utilisent aujourd&#8217;hui ce syst\u00e8me de th\u00e9rapie pour les indications les plus diverses.<\/p>\n<p>La technologie de traitement a \u00e9t\u00e9 perfectionn\u00e9e en permanence et trouve son apog\u00e9e ultime dans la douche laser PowerTwin XP5. Outre la technique sophistiqu\u00e9e avec des bandes FI et des balayages int\u00e9gr\u00e9s dans l&#8217;autorun et un design ergonomique, le PowerTwin XP5 s\u00e9duit surtout par son interface Bluetooth pour le dialogue avec le logiciel LASER PRAXIS de MKW. Il n&#8217;y a pas plus de laser.[\/vc_column_text][vc_empty_space height=&#8221;50px&#8221;][\/vc_column][\/vc_row][vc_row][vc_column width=&#8221;1\/2&#8243;]<div class=\"shortcode-banner\" style=\"min-height: 316px\"><div class=\"shortcode-banner-bg wf-table\" style=\"padding: 0px;min-height: 316px\"><div class=\"shortcode-banner-inside wf-table text-big\" style=\"background-color: rgb(0,149,126);background-color: #00957e;border: solid 0px transparent;outline: solid 0px;outline-color: #ffffff;height: 316px\"><div><h2 style=\"text-align: center;\"><span style=\"color: #ffffff;\">Avantages pour votre cabinet<br \/>\net les b\u00e9n\u00e9fices pour vous<\/span><\/h2>\n<h4><\/h4>\n<h4><\/h4>\n<h4 style=\"text-align: center;\"><span style=\"color: #ffffff;\">Courts-m\u00e9trages en anglais sur<\/span><\/h4>\n<h4 style=\"text-align: center;\"><span style=\"color: #ffffff;\"><a href=\"https:\/\/vimeo.com\/919079784\/f16147afe1?share=copy\" target=\"_blank\" rel=\"noopener\"><span style=\"text-decoration: underline;\">Traitement\/Technique<\/span><\/a><\/span><\/h4>\n<h4 style=\"text-align: center;\"><span style=\"color: #ffffff;\"><span style=\"text-decoration: underline;\"><a href=\"https:\/\/vimeo.com\/919081052\/2cc699f4fb?share=copy\" target=\"_blank\" rel=\"noopener\">\u00c9conomie\/R\u00e9f\u00e9rences<\/a><\/span><\/span><\/h4>\n<\/div><\/div><\/div><\/div>[\/vc_column][vc_column width=&#8221;1\/2&#8243;][\/vc_column][\/vc_row][vc_row][vc_column][vc_empty_space height=&#8221;50px&#8221;][\/vc_column][\/vc_row][vc_row][vc_column width=&#8221;1\/2&#8243;][vc_column_text]<\/p>\n<h4 class=\"bodytext\">ADAPTATEUR INTERCHANGEABLE<\/h4>\n<p>Avec le PowerTwin21 XP5, il est possible d&#8217;utiliser diff\u00e9rents adaptateurs en fonction du domaine d&#8217;application.<br \/>\nLe changement peut s&#8217;effectuer en quelques secondes.[\/vc_column_text][vc_empty_space height=&#8221;20px&#8221;][\/vc_column][vc_column width=&#8221;1\/4&#8243; offset=&#8221;vc_hidden-xs&#8221;][vc_single_image image=&#8221;32538&#8243; img_size=&#8221;full&#8221;][vc_empty_space height=&#8221;10px&#8221;][\/vc_column][vc_column width=&#8221;1\/4&#8243;][vc_single_image image=&#8221;16979&#8243; img_size=&#8221;full&#8221;][vc_empty_space height=&#8221;50px&#8221;][\/vc_column][\/vc_row][vc_row][vc_column width=&#8221;1\/2&#8243;][vc_column_text]<\/p>\n<h4 class=\"bodytext\">DENSIT\u00c9 LASER MAXIMALE<\/h4>\n<p class=\"bodytext\">21 diodes laser puissantes irradient de mani\u00e8re presque homog\u00e8ne une surface de 55 cm\u00b2 avec une densit\u00e9 laser maximale. Longueur d&#8217;onde de 808 nm pour une profondeur de p\u00e9n\u00e9tration et une stimulation optimales. Un tr\u00e9pied optionnel est disponible pour des dur\u00e9es de traitement plus longues.<\/p>\n<p>[\/vc_column_text][vc_empty_space height=&#8221;20px&#8221;][\/vc_column][vc_column width=&#8221;1\/4&#8243;][vc_single_image image=&#8221;15200&#8243; img_size=&#8221;full&#8221;][vc_empty_space height=&#8221;10px&#8221;][\/vc_column][vc_column width=&#8221;1\/4&#8243; offset=&#8221;vc_hidden-xs&#8221;][vc_single_image image=&#8221;29114&#8243; img_size=&#8221;full&#8221;][vc_empty_space height=&#8221;50px&#8221;][\/vc_column][\/vc_row][vc_row][vc_column width=&#8221;1\/2&#8243;][vc_column_text]<\/p>\n<h4 class=\"bodytext\">GRAND \u00c9CRAN COULEUR &#8211; DESIGN INNOVATIF<\/h4>\n<p>Le design du bo\u00eetier permet une manipulation ergonomique et simple. Grand \u00e9cran couleur \u00e0 fort contraste pour l&#8217;affichage et la repr\u00e9sentation des param\u00e8tres &#8211; puissance du laser, mode de fonctionnement et dur\u00e9e du traitement. Calculateur automatique de temps\/dose.[\/vc_column_text][vc_empty_space height=&#8221;20px&#8221;][\/vc_column][vc_column width=&#8221;1\/4&#8243;][vc_single_image image=&#8221;32848&#8243; img_size=&#8221;full&#8221;][vc_empty_space height=&#8221;10px&#8221;][\/vc_column][vc_column width=&#8221;1\/4&#8243; offset=&#8221;vc_hidden-xs&#8221;][vc_single_image image=&#8221;32849&#8243; img_size=&#8221;full&#8221;][vc_empty_space height=&#8221;50px&#8221;][\/vc_column][\/vc_row][vc_row][vc_column width=&#8221;1\/2&#8243;][vc_column_text css=&#8221;&#8221;]<\/p>\n<h4 class=\"bodytext\">TOUT EN UN<\/h4>\n<p class=\"bodytext\">3 modes d&#8217;action du laser dans un seul appareil :<br \/>\nTh\u00e9rapie de surface au laser<a href=\"\/?page_id=32410\" target=\"_blank\" rel=\"noopener\">Laser de surface<\/a> \u2013\u00a0 Puncture au laser \u2013 Th\u00e9rapie de fr\u00e9quence au laser<br \/>\nDiff\u00e9rents adaptateurs interchangeables permettent diff\u00e9rentes applications de la th\u00e9rapie au laser.<\/p>\n<p class=\"bodytext\">Les param\u00e8tres (puissance, fr\u00e9quence, temps de th\u00e9rapie\/dose) peuvent \u00eatre r\u00e9gl\u00e9s directement sur l&#8217;appareil (utilisation d&#8217;une seule main).<\/p>\n<p>&nbsp;<\/p>\n<p>&nbsp;<\/p>\n<div>\n<h4>LOGICIEL DE PR\u00c9CISION<\/h4>\n<p class=\"bodytext\">Param\u00e8tres et programmes de traitement r\u00e9glables individuellement.<br \/>\n9 s\u00e9ries de fr\u00e9quences, 16 bandes FI ainsi que 5 sweeps pr\u00e9programm\u00e9s.<br \/>\n<a href=\"\/?page_id=32712\">FI-Autorun<\/a> pour un confort d&#8217;utilisation optimal. Guide de poche des fr\u00e9quences laser inclus &#8211; livre de traitement avec plus de 100 exemples d&#8217;indications.<\/p>\n<\/div>\n<p>[\/vc_column_text][\/vc_column][vc_column width=&#8221;1\/2&#8243;][vc_raw_html css=&#8221;.vc_custom_1702292284015{margin-top: -30px !important;}&#8221;]JTNDZGl2JTIwc3R5bGUlM0QlMjJwYWRkaW5nJTNBNTMuMjMlMjUlMjAwJTIwMCUyMDAlM0Jwb3NpdGlvbiUzQXJlbGF0aXZlJTNCJTIyJTNFJTNDaWZyYW1lJTIwc3JjJTNEJTIyaHR0cHMlM0ElMkYlMkZwbGF5ZXIudmltZW8uY29tJTJGdmlkZW8lMkY4MjYxNzY0MDklM0ZoJTNEOTExY2Q5NmYzMCUyNmFtcCUzQmJhZGdlJTNEMCUyNmFtcCUzQmF1dG9wYXVzZSUzRDAlMjZhbXAlM0JwbGF5ZXJfaWQlM0QwJTI2YW1wJTNCYXBwX2lkJTNENTg0NzklMjIlMjBmcmFtZWJvcmRlciUzRCUyMjAlMjIlMjBhbGxvdyUzRCUyMmF1dG9wbGF5JTNCJTIwZnVsbHNjcmVlbiUzQiUyMHBpY3R1cmUtaW4tcGljdHVyZSUyMiUyMGFsbG93ZnVsbHNjcmVlbiUyMHN0eWxlJTNEJTIycG9zaXRpb24lM0FhYnNvbHV0ZSUzQnRvcCUzQTAlM0JsZWZ0JTNBMCUzQndpZHRoJTNBMTAwJTI1JTNCaGVpZ2h0JTNBMTAwJTI1JTNCJTIyJTIwdGl0bGUlM0QlMjJMYXNlciUyMGZyZXF1ZW5jeSUyMHRoZXJhcHklMjIlM0UlM0MlMkZpZnJhbWUlM0UlM0MlMkZkaXYlM0UlM0NzY3JpcHQlMjBzcmMlM0QlMjJodHRwcyUzQSUyRiUyRnBsYXllci52aW1lby5jb20lMkZhcGklMkZwbGF5ZXIuanMlMjIlM0UlM0MlMkZzY3JpcHQlM0U=[\/vc_raw_html][\/vc_column][\/vc_row][vc_row][vc_column width=&#8221;1\/2&#8243; offset=&#8221;vc_hidden-xs&#8221;][vc_raw_html]JTNDaWZyYW1lJTIwc3JjJTNEJTIyaHR0cHMlM0ElMkYlMkZwbGF5ZXIudmltZW8uY29tJTJGdmlkZW8lMkYzNzU0MTc1NDYlM0ZhdXRvcGxheSUzRDElMjZsb29wJTNEMSUyNmF1dG9wYXVzZSUzRDAlMjIlM0ZkbnQlM0QxJTIyJTIwd2lkdGglM0QlMjI2NDAlMjIlMjBoZWlnaHQlM0QlMjIzNjAlMjIlMjBmcmFtZWJvcmRlciUzRCUyMjAlMjIlMjBhbGxvdyUzRCUyMmF1dG9wbGF5JTNCJTIwZnVsbHNjcmVlbiUyMiUyMGFsbG93ZnVsbHNjcmVlbiUzRSUzQyUyRmlmcmFtZSUzRQ==[\/vc_raw_html][vc_column_text css=&#8221;.vc_custom_1621338638333{margin-top: -40px !important;}&#8221;][\/vc_column_text][\/vc_column][vc_column width=&#8221;1\/2&#8243;][\/vc_column][\/vc_row][vc_row][vc_column offset=&#8221;vc_hidden-xs&#8221;][vc_empty_space][vc_separator color=&#8221;custom&#8221; css=&#8221;.vc_custom_1523533006806{margin-top: 50px !important;margin-bottom: 60px !important;padding-top: 0px !important;padding-bottom: 0px !important;}&#8221; accent_color=&#8221;rgba(0,149,126,0.5)&#8221;][vc_empty_space][\/vc_column][\/vc_row][vc_row][vc_column width=&#8221;1\/3&#8243; offset=&#8221;vc_hidden-xs&#8221;][vc_single_image image=&#8221;34720&#8243; img_size=&#8221;full&#8221; style=&#8221;vc_box_border&#8221; onclick=&#8221;zoom&#8221; css=&#8221;.vc_custom_1621335572780{margin-top: 5px !important;}&#8221;][vc_media_grid element_width=&#8221;3&#8243; gap=&#8221;15&#8243; grid_id=&#8221;vc_gid:1766142994270-6577f1ae-142a-5&#8243; include=&#8221;35108,35112,34136,32295,34280&#8243;][\/vc_column][vc_column width=&#8221;2\/3&#8243;]<div class=\"standard-arrow bullet-top\"><h3>Douche laser PowerTwin21 XP5<\/h3>\n<p>Id\u00e9al pour les applications sp\u00e9ciales<\/p>\n<p>&nbsp;<\/p>\n<ul>\n<li>21 diodes laser puissantes<\/li>\n<\/ul>\n<ul>\n<li>Densit\u00e9 de laser la plus \u00e9lev\u00e9e sur une surface de traitement de 55 cm\u00b2<\/li>\n<li>Param\u00e8tres laser r\u00e9glables individuellement (puissance, programme, temps de th\u00e9rapie\/dose)<br \/>\nLes param\u00e8tres peuvent \u00eatre r\u00e9gl\u00e9s directement sur l&#8217;appareil (utilisation d&#8217;une seule main)<\/li>\n<li>9 s\u00e9ries de fr\u00e9quences (entre autres Nogier, Bahr, Reininger) pr\u00e9programm\u00e9es<\/li>\n<li>16 <a href=\"\/?page_id=32712\" target=\"_blank\" rel=\"noopener\">bandes FI<\/a> et 5 balayages en autorun<\/li>\n<li>Livret Traitement par fr\u00e9quences laser inclus avec de nombreuses propositions de th\u00e9rapie<\/li>\n<li>Grand \u00e9cran quadrichrome<\/li>\n<li>Libre choix des fr\u00e9quences &#8211; 20 emplacements de m\u00e9moire suppl\u00e9mentaires<\/li>\n<li>Adaptateurs interchangeables pour diff\u00e9rentes applications<\/li>\n<li>Changement d&#8217;\u00e9quipement par simple clic<\/li>\n<li>en option : tr\u00e9pied avec pince de table<\/li>\n<\/ul>\n<\/div>[\/vc_column][\/vc_row][vc_row][vc_column offset=&#8221;vc_hidden-xs&#8221;][vc_empty_space][\/vc_column][\/vc_row][vc_row][vc_column][vc_separator color=&#8221;custom&#8221; css=&#8221;.vc_custom_1523533006806{margin-top: 50px !important;margin-bottom: 60px !important;padding-top: 0px !important;padding-bottom: 0px !important;}&#8221; accent_color=&#8221;rgba(0,149,126,0.5)&#8221;][vc_column_text]<\/p>\n<h2 style=\"text-align: left;\"><\/h2>\n<p>[\/vc_column_text][\/vc_column][\/vc_row][vc_row][vc_column width=&#8221;7\/12&#8243;][vc_column_text]<\/p>\n<h4 class=\"bodytext\">La douche laser PowerTwin21 XP5 avec une puissance totale de diodes de 2.100 mW (21 diodes laser x 100 mW)<\/h4>\n<p class=\"bodytext\">La plus haute densit\u00e9 de laser sur une surface de traitement de 55 cm\u00b2. Le temps de traitement peut ainsi \u00eatre consid\u00e9rablement r\u00e9duit, la lumi\u00e8re laser peut p\u00e9n\u00e9trer profond\u00e9ment dans le tissu \u00e0 traiter !<\/p>\n<p class=\"bodytext\">Traitement efficace gr\u00e2ce \u00e0 l&#8217;adaptateur interchangeable.<\/p>\n<p class=\"bodytext\">Livret &#8220;Traiter avec les fr\u00e9quences laser&#8221; inclus avec de nombreuses propositions de traitement.<\/p>\n<p>[\/vc_column_text][vc_single_image image=&#8221;32542&#8243; img_size=&#8221;full&#8221; alignment=&#8221;center&#8221; style=&#8221;vc_box_border&#8221; css=&#8221;.vc_custom_1702298322463{margin-top: -20px !important;margin-right: 0px !important;margin-bottom: 30px !important;margin-left: 0px !important;padding-top: 0px !important;padding-right: 0px !important;padding-left: 0px !important;}&#8221;][\/vc_column][vc_column width=&#8221;5\/12&#8243; offset=&#8221;vc_hidden-xs&#8221;][vc_single_image image=&#8221;17005&#8243; img_size=&#8221;full&#8221; css=&#8221;.vc_custom_1621407710738{margin-top: 10px !important;}&#8221;][\/vc_column][\/vc_row][vc_row][vc_column][vc_empty_space][vc_column_text css=&#8221;.vc_custom_1702295829203{border-top-width: 3px !important;border-right-width: 3px !important;border-bottom-width: 3px !important;border-left-width: 3px !important;padding-top: 8px !important;padding-right: 8px !important;padding-bottom: 8px !important;padding-left: 8px !important;border-left-color: rgba(0,149,126,0.5) !important;border-left-style: solid !important;border-right-color: rgba(0,149,126,0.5) !important;border-right-style: solid !important;border-top-color: rgba(0,149,126,0.5) !important;border-top-style: solid !important;border-bottom-color: rgba(0,149,126,0.5) !important;border-bottom-style: solid !important;border-radius: 3px !important;}&#8221;]<\/p>\n<h2 style=\"text-align: left;\">LE CLOU<\/h2>\n<p>Un simple clic suffit pour transformer la <a href=\"\/?page_id=32384\" target=\"_blank\" rel=\"noopener\">douche laser<\/a> en quelques secondes. Diff\u00e9rents adaptateurs sont disponibles pour les diff\u00e9rentes applications (adaptateur de peigne, adaptateur d&#8217;articulation, adaptateur de point).[\/vc_column_text][vc_empty_space][\/vc_column][\/vc_row][vc_row][vc_column][vc_tta_accordion color=&#8221;green&#8221; c_icon=&#8221;chevron&#8221; active_section=&#8221;-1&#8243; collapsible_all=&#8221;true&#8221;][vc_tta_section title=&#8221;Id\u00e9al pour les applications sp\u00e9ciales&#8221; tab_id=&#8221;1550499450912-6c499d88-ac05&#8243;][vc_column_text css=&#8221;&#8221;]Pour les applications sp\u00e9ciales, la <strong>douche laser PowerTwin21 XP5<\/strong> peut \u00eatre r\u00e9gl\u00e9e individuellement. La dose de traitement, le mode de fonctionnement ainsi que la dur\u00e9e du traitement et la dose sont affich\u00e9s sur l&#8217;\u00e9cran couleur. Outre le mode de fonctionnement CW (ondes continues) et le spectre multifr\u00e9quences \u00e9prouv\u00e9, 9 programmes de fr\u00e9quences suppl\u00e9mentaires (comme les fr\u00e9quences Nogier, Bahr, Solfeggio et Reininger) ainsi que 16 bandes FI et 5 sweeps (proc\u00e9dure Autorun) sont pr\u00e9r\u00e9gl\u00e9s. D&#8217;autres fr\u00e9quences peuvent \u00eatre choisies librement et programm\u00e9es dans 20 emplacements de m\u00e9moire.<\/p>\n<p>Un livret (guide de poche) avec des exemples d&#8217;indications est fourni.<\/p>\n<p>&nbsp;<\/p>\n<h4>Deux versions de la douche laser PowerTwin sont disponibles :<\/h4>\n<p>\u2013 \u00a0 \u00a0 PowerTwin21 XP5 Puissance totale des diodes 2.100 mW (21 x 100 mW)<br \/>\n\u2013 \u00a0 \u00a0 <a href=\"\/?page_id=32780\">PowerTwin 21<\/a> Puissance totale de la diode 1.050 mW (21 x 50 mW)[\/vc_column_text][\/vc_tta_section][\/vc_tta_accordion][vc_tta_accordion color=&#8221;green&#8221; c_icon=&#8221;chevron&#8221; active_section=&#8221;-1&#8243; collapsible_all=&#8221;true&#8221;][vc_tta_section title=&#8221;Description de l&#8217;appareil&#8221; tab_id=&#8221;1612529514685-b8955bf2-78ff&#8221;]<div class=\"standard-arrow bullet-top\"><h4>Douche laser PowerTwin21 XP5<\/h4>\n<ul>\n<li>21 diodes laser irradient une surface de 55 cm\u00b2 avec une densit\u00e9 laser maximale<\/li>\n<li>Puissance totale des diodes 2.100 mW (21 x 100 mW) &#8211; 808 nm<\/li>\n<li>Mobilit\u00e9 illimit\u00e9e gr\u00e2ce au raccordement direct au r\u00e9seau (100 V &#8211; 240 V ~)<\/li>\n<li>Param\u00e8tres laser r\u00e9glables : puissance laser, mode de fonctionnement, dur\u00e9e et dose de traitement<\/li>\n<li>Adaptateur interchangeable &#8211; transformable par simple clic<\/li>\n<li>CW, multifr\u00e9quence, Alpha, Nogier, Bahr, Reininger, Solfeggio, fr\u00e9quences sp\u00e9ciales, bandes FI et balayages (Autorun)<\/li>\n<li>Libre choix des fr\u00e9quences<\/li>\n<li>Facile \u00e0 utiliser<\/li>\n<li>Param\u00e8tres laser r\u00e9glables<\/li>\n<li>Grand \u00e9cran quadrichrome<\/li>\n<\/ul>\n<\/div>[\/vc_tta_section][\/vc_tta_accordion][vc_tta_accordion color=&#8221;green&#8221; c_icon=&#8221;chevron&#8221; active_section=&#8221;-1&#8243; collapsible_all=&#8221;true&#8221;][vc_tta_section title=&#8221;Fiche produit&#8221; tab_id=&#8221;1621412369162-232e8ff3-9e97&#8243;][vc_column_text css=&#8221;&#8221;]<a class=\"wplightbox\" href=\"http:\/\/www.mkw-laser.de\/wp-content\/uploads\/2025\/12\/Flyer-Powertwin-XP5_Human_FR_4_mit-Abbinder_web.pdf\" target=\"_blank\" rel=\"noopener\" data-width=\"1200\" data-height=\"1200\">Voir la fiche produit<\/a>[\/vc_column_text][\/vc_tta_section][\/vc_tta_accordion][\/vc_column][\/vc_row][vc_row][vc_column][vc_empty_space height=&#8221;64px&#8221;][\/vc_column][\/vc_row][vc_row][vc_column width=&#8221;1\/4&#8243;][\/vc_column][vc_column width=&#8221;1\/2&#8243;][vc_column_text]<\/p>\n<p style=\"text-align: center;\"><a class=\"button angebot\" title=\"Request a quote here\" href=\"\/?page_id=32198\">Demander une offre<\/a><\/p>\n<p>[\/vc_column_text][\/vc_column][vc_column width=&#8221;1\/4&#8243;][\/vc_column][\/vc_row]<\/p>\n<\/div>","protected":false},"excerpt":{"rendered":"<p>Die neue Generation der Laserdusche. 21 Laserdioden bestrahlen mit h\u00f6chster Laserdichte eine Fl\u00e4che von 55 cm\u00b2. Mit Wechseladapter f\u00fcr schnelles und hygienisches Arbeiten.<\/p>\n","protected":false},"author":110,"featured_media":34720,"parent":32514,"menu_order":13,"comment_status":"closed","ping_status":"closed","template":"","meta":{"footnotes":"","_links_to":"","_links_to_target":""},"class_list":["post-32698","page","type-page","status-publish","has-post-thumbnail","hentry","description-off"],"_links":{"self":[{"href":"https:\/\/www.mkw-laser.de\/fr\/wp-json\/wp\/v2\/pages\/32698","targetHints":{"allow":["GET"]}}],"collection":[{"href":"https:\/\/www.mkw-laser.de\/fr\/wp-json\/wp\/v2\/pages"}],"about":[{"href":"https:\/\/www.mkw-laser.de\/fr\/wp-json\/wp\/v2\/types\/page"}],"author":[{"embeddable":true,"href":"https:\/\/www.mkw-laser.de\/fr\/wp-json\/wp\/v2\/users\/110"}],"replies":[{"embeddable":true,"href":"https:\/\/www.mkw-laser.de\/fr\/wp-json\/wp\/v2\/comments?post=32698"}],"version-history":[{"count":10,"href":"https:\/\/www.mkw-laser.de\/fr\/wp-json\/wp\/v2\/pages\/32698\/revisions"}],"predecessor-version":[{"id":46197,"href":"https:\/\/www.mkw-laser.de\/fr\/wp-json\/wp\/v2\/pages\/32698\/revisions\/46197"}],"up":[{"embeddable":true,"href":"https:\/\/www.mkw-laser.de\/fr\/wp-json\/wp\/v2\/pages\/32514"}],"wp:featuredmedia":[{"embeddable":true,"href":"https:\/\/www.mkw-laser.de\/fr\/wp-json\/wp\/v2\/media\/34720"}],"wp:attachment":[{"href":"https:\/\/www.mkw-laser.de\/fr\/wp-json\/wp\/v2\/media?parent=32698"}],"curies":[{"name":"wp","href":"https:\/\/api.w.org\/{rel}","templated":true}]}}