{"id":32712,"date":"2023-12-11T12:07:19","date_gmt":"2023-12-11T11:07:19","guid":{"rendered":"https:\/\/www.mkw-laser.de\/?page_id=32712"},"modified":"2024-08-27T13:23:34","modified_gmt":"2024-08-27T11:23:34","slug":"bandes-fi","status":"publish","type":"page","link":"https:\/\/www.mkw-laser.de\/fr\/medecine-humaine\/bandes-fi","title":{"rendered":"Bandes FI"},"content":{"rendered":"<div class=\"wpb-content-wrapper\"><p>[vc_row][vc_column][vc_empty_space height=&#8221;50px&#8221;][\/vc_column][vc_column][vc_row_inner css=&#8221;.vc_custom_1523533034292{margin-bottom: 0px !important;padding-bottom: 0px !important;}&#8221;][vc_column_inner width=&#8221;2\/3&#8243; css=&#8221;.vc_custom_1523445157664{padding-top: 5px !important;}&#8221;][vc_column_text el_class=&#8221;li-check&#8221;]<\/p>\n<h3 class=\"csc-firstHeader\">BANDES FI (INT\u00c9GR\u00c9ES EN FR\u00c9QUENCE)<\/h3>\n<p class=\"bodytext\">Dans la th\u00e9rapie au laser, une \u00e9mission puls\u00e9e de lumi\u00e8re laser est recommand\u00e9e pour le traitement de certaines indications. On parle dans ce contexte de th\u00e9rapie par fr\u00e9quence laser ou de th\u00e9rapie par champ laser. Les s\u00e9ries de fr\u00e9quences connues sont : NOGIER, BAHR, REININGER, RIFE et SOLFEGGIO. Les s\u00e9ries de fr\u00e9quences sont document\u00e9es sur Internet et dans la litt\u00e9rature sp\u00e9cialis\u00e9e.<\/p>\n<p class=\"bodytext\">Ainsi, diff\u00e9rentes fr\u00e9quences sont recommand\u00e9es pour certaines indications. Pour la th\u00e9rapie de la douleur, par exemple : 36,5 Hz \/ 4.672 Hz (NOGIER E \/ NOGIER E&#8217;) &#8211; 599,5 Hz (BAHR 1) &#8211; 3894 Hz (REININGER) &#8211; 5000 Hz (RIFE) &#8211; 174 Hz (SOLFEGGIO).<br \/>\nSi l&#8217;on veut traiter avec toutes les &#8220;fr\u00e9quences de la douleur&#8221;, il faut les r\u00e9gler ou les programmer les unes apr\u00e8s les autres. Cela est parfois compliqu\u00e9 et prend du temps et comporte des risques d&#8217;erreur suite \u00e0 une mauvaise saisie. En outre, la th\u00e9rapie au laser est toujours interrompue pendant la dur\u00e9e du r\u00e9glage suivant.<\/p>\n<p>[\/vc_column_text][\/vc_column_inner][vc_column_inner width=&#8221;1\/3&#8243; css=&#8221;.vc_custom_1530802349135{margin-left: 40px !important;}&#8221;][vc_single_image image=&#8221;17005&#8243; img_size=&#8221;medium&#8221; onclick=&#8221;zoom&#8221; css=&#8221;.vc_custom_1724394108647{margin-top: 20px !important;}&#8221;][\/vc_column_inner][\/vc_row_inner][vc_row_inner css=&#8221;.vc_custom_1523533034292{margin-bottom: 0px !important;padding-bottom: 0px !important;}&#8221;][vc_column_inner width=&#8221;1\/2&#8243; css=&#8221;.vc_custom_1523445157664{padding-top: 5px !important;}&#8221;][vc_raw_html]JTNDZGl2JTIwc3R5bGUlM0QlMjJwYWRkaW5nJTNBNTMuMjMlMjUlMjAwJTIwMCUyMDAlM0Jwb3NpdGlvbiUzQXJlbGF0aXZlJTNCJTIyJTNFJTNDaWZyYW1lJTIwc3JjJTNEJTIyaHR0cHMlM0ElMkYlMkZwbGF5ZXIudmltZW8uY29tJTJGdmlkZW8lMkY4MjYxNzY0MDklM0ZoJTNEOTExY2Q5NmYzMCUyNmFtcCUzQmJhZGdlJTNEMCUyNmFtcCUzQmF1dG9wYXVzZSUzRDAlMjZhbXAlM0JwbGF5ZXJfaWQlM0QwJTI2YW1wJTNCYXBwX2lkJTNENTg0NzklMjIlMjBmcmFtZWJvcmRlciUzRCUyMjAlMjIlMjBhbGxvdyUzRCUyMmF1dG9wbGF5JTNCJTIwZnVsbHNjcmVlbiUzQiUyMHBpY3R1cmUtaW4tcGljdHVyZSUyMiUyMGFsbG93ZnVsbHNjcmVlbiUyMHN0eWxlJTNEJTIycG9zaXRpb24lM0FhYnNvbHV0ZSUzQnRvcCUzQTAlM0JsZWZ0JTNBMCUzQndpZHRoJTNBMTAwJTI1JTNCaGVpZ2h0JTNBMTAwJTI1JTNCJTIyJTIwdGl0bGUlM0QlMjJMYXNlciUyMGZyZXF1ZW5jeSUyMHRoZXJhcHklMjIlM0UlM0MlMkZpZnJhbWUlM0UlM0MlMkZkaXYlM0UlM0NzY3JpcHQlMjBzcmMlM0QlMjJodHRwcyUzQSUyRiUyRnBsYXllci52aW1lby5jb20lMkZhcGklMkZwbGF5ZXIuanMlMjIlM0UlM0MlMkZzY3JpcHQlM0U=[\/vc_raw_html][vc_column_text css=&#8221;.vc_custom_1724393998226{margin-top: -15px !important;}&#8221;]Th\u00e9rapie de fr\u00e9quence laser[\/vc_column_text][\/vc_column_inner][vc_column_inner width=&#8221;1\/2&#8243; css=&#8221;.vc_custom_1530802349135{margin-left: 40px !important;}&#8221;][vc_raw_html css=&#8221;&#8221;]JTNDZGl2JTIwc3R5bGUlM0QlMjJwYWRkaW5nJTNBNTYuMjUlMjUlMjAwJTIwMCUyMDAlM0Jwb3NpdGlvbiUzQXJlbGF0aXZlJTNCJTIyJTNFJTNDaWZyYW1lJTIwc3JjJTNEJTIyaHR0cHMlM0ElMkYlMkZwbGF5ZXIudmltZW8uY29tJTJGdmlkZW8lMkYxMDAzMTUxNTAyJTNGaCUzRGZhYjhjZTVhN2UlMjZhbXAlM0JiYWRnZSUzRDAlMjZhbXAlM0JhdXRvcGF1c2UlM0QwJTI2YW1wJTNCcGxheWVyX2lkJTNEMCUyNmFtcCUzQmFwcF9pZCUzRDU4NDc5JTIyJTIwZnJhbWVib3JkZXIlM0QlMjIwJTIyJTIwYWxsb3clM0QlMjJhdXRvcGxheSUzQiUyMGZ1bGxzY3JlZW4lM0IlMjBwaWN0dXJlLWluLXBpY3R1cmUlM0IlMjBjbGlwYm9hcmQtd3JpdGUlMjIlMjBzdHlsZSUzRCUyMnBvc2l0aW9uJTNBYWJzb2x1dGUlM0J0b3AlM0EwJTNCbGVmdCUzQTAlM0J3aWR0aCUzQTEwMCUyNSUzQmhlaWdodCUzQTEwMCUyNSUzQiUyMiUyMHRpdGxlJTNEJTIyRkklMjBCYSVDQyU4OG5kZXIlMjIlM0UlM0MlMkZpZnJhbWUlM0UlM0MlMkZkaXYlM0UlM0NzY3JpcHQlMjBzcmMlM0QlMjJodHRwcyUzQSUyRiUyRnBsYXllci52aW1lby5jb20lMkZhcGklMkZwbGF5ZXIuanMlMjIlM0UlM0MlMkZzY3JpcHQlM0U=[\/vc_raw_html][vc_column_text css=&#8221;.vc_custom_1724394011923{margin-top: -15px !important;}&#8221;]Les bandes FI (uniquement disponible en allemand)[\/vc_column_text][\/vc_column_inner][\/vc_row_inner][vc_empty_space height=&#8221;50&#8243;][vc_row_inner css=&#8221;.vc_custom_1523533034292{margin-bottom: 0px !important;padding-bottom: 0px !important;}&#8221;][vc_column_inner width=&#8221;1\/4&#8243; css=&#8221;.vc_custom_1523445157664{padding-top: 5px !important;}&#8221;][vc_single_image image=&#8221;34720&#8243; img_size=&#8221;full&#8221; style=&#8221;vc_box_border&#8221; onclick=&#8221;zoom&#8221;][vc_single_image image=&#8221;34721&#8243; img_size=&#8221;full&#8221; style=&#8221;vc_box_border&#8221; onclick=&#8221;zoom&#8221;][\/vc_column_inner][vc_column_inner width=&#8221;3\/4&#8243; css=&#8221;.vc_custom_1530802349135{margin-left: 40px !important;}&#8221;][vc_column_text el_class=&#8221;li-check&#8221;]Dans une bande FI, les fr\u00e9quences laser recommand\u00e9es sont pr\u00e9r\u00e9gl\u00e9es et se d\u00e9roulent automatiquement (AUTORUN &#8211; changement toutes les 15 secondes). Le programme se r\u00e9p\u00e8te jusqu&#8217;\u00e0 ce que la dur\u00e9e de th\u00e9rapie \/ dose r\u00e9gl\u00e9e soit \u00e9coul\u00e9e. La fr\u00e9quence respective est toujours affich\u00e9e \u00e0 l&#8217;\u00e9cran.<\/p>\n<p>La s\u00e9lection d&#8217;une s\u00e9rie de fr\u00e9quences est simple et ne n\u00e9cessite que quelques secondes. La s\u00e9lection des s\u00e9ries de fr\u00e9quences a \u00e9t\u00e9 effectu\u00e9e par le &#8220;College for Low Level Laser Therapy&#8221; (www.COLLL.org) et a \u00e9t\u00e9 test\u00e9e intensivement par l&#8217;\u00e9quipe de recherche COLLL pendant plusieurs mois. L&#8217;extension du logiciel pour la s\u00e9rie de mod\u00e8les PowerTwin a fait l&#8217;objet d&#8217;une demande de mod\u00e8le d&#8217;utilit\u00e9 aupr\u00e8s de l&#8217;Office allemand des brevets.<\/p>\n<p class=\"bodytext\"><b>Les bandes de fr\u00e9quences suivantes sont disponibles :<br \/>\nR\u00e9g\u00e9n\u00e9ration, Douleur, Interf\u00e9rence, Traumatisme, Centre int\u00e9rieur, D\u00e9toxication, Infection, Os, Nerf, Transcr\u00e2ne, Psych\u00e9\/V\u00e9g\u00e9tatif, Lymphe, Points de d\u00e9clenchement.<br \/>\n<\/b><\/p>\n<p><b>Maintenant nouveau avec les traitements de base Vagus, Stem Cells, Laser Blood<\/b><\/p>\n<p class=\"bodytext\"><strong>Une description d\u00e9taill\u00e9e des bandes de fr\u00e9quences (livret) avec des suggestions d&#8217;indications fait partie int\u00e9grante du logiciel.<\/strong><\/p>\n<p>[\/vc_column_text][vc_empty_space height=&#8221;32&#8243;][vc_column_text]<\/p>\n<p style=\"text-align: left;\"><a class=\"button angebot\" title=\"Angebot anfordern\" href=\"\/?page_id=32198\">Demander une offre<\/a><\/p>\n<p>[\/vc_column_text][\/vc_column_inner][\/vc_row_inner][\/vc_column][vc_column][\/vc_column][\/vc_row]<\/p>\n<\/div>","protected":false},"excerpt":{"rendered":"<p>Die neue Generation der Laserdusche. 21 Laserdioden bestrahlen mit h\u00f6chster Laserdichte eine Fl\u00e4che von 55 cm\u00b2. Mit Wechseladapter f\u00fcr schnelles und hygienisches Arbeiten.<\/p>\n","protected":false},"author":110,"featured_media":34720,"parent":32514,"menu_order":11,"comment_status":"closed","ping_status":"closed","template":"","meta":{"footnotes":"","_links_to":"","_links_to_target":""},"class_list":["post-32712","page","type-page","status-publish","has-post-thumbnail","hentry","description-off"],"_links":{"self":[{"href":"https:\/\/www.mkw-laser.de\/fr\/wp-json\/wp\/v2\/pages\/32712","targetHints":{"allow":["GET"]}}],"collection":[{"href":"https:\/\/www.mkw-laser.de\/fr\/wp-json\/wp\/v2\/pages"}],"about":[{"href":"https:\/\/www.mkw-laser.de\/fr\/wp-json\/wp\/v2\/types\/page"}],"author":[{"embeddable":true,"href":"https:\/\/www.mkw-laser.de\/fr\/wp-json\/wp\/v2\/users\/110"}],"replies":[{"embeddable":true,"href":"https:\/\/www.mkw-laser.de\/fr\/wp-json\/wp\/v2\/comments?post=32712"}],"version-history":[{"count":0,"href":"https:\/\/www.mkw-laser.de\/fr\/wp-json\/wp\/v2\/pages\/32712\/revisions"}],"up":[{"embeddable":true,"href":"https:\/\/www.mkw-laser.de\/fr\/wp-json\/wp\/v2\/pages\/32514"}],"wp:featuredmedia":[{"embeddable":true,"href":"https:\/\/www.mkw-laser.de\/fr\/wp-json\/wp\/v2\/media\/34720"}],"wp:attachment":[{"href":"https:\/\/www.mkw-laser.de\/fr\/wp-json\/wp\/v2\/media?parent=32712"}],"curies":[{"name":"wp","href":"https:\/\/api.w.org\/{rel}","templated":true}]}}